{"id":12945,"date":"2023-09-01T13:20:51","date_gmt":"2023-09-01T11:20:51","guid":{"rendered":"https:\/\/www.konferenztechnik.de\/?page_id=12945"},"modified":"2023-09-01T13:20:52","modified_gmt":"2023-09-01T11:20:52","slug":"comprar-sennheiser-tourguide-2020-d","status":"publish","type":"page","link":"https:\/\/konferenztechnik.de\/es\/comprar-sennheiser-tourguide-2020-d\/","title":{"rendered":"Comprar Sennheiser Tourguide 2020 D"},"content":{"rendered":"<h1>Comprar Sennheiser Tourguide 2020 D \u2013 Sistema de gu\u00eda tur\u00edstico digital<\/h1>\n<h2>Sennheiser Tourguide 2020 D<\/h2>\n<div class=\"call-action-slider-img\">\n<img fetchpriority=\"high\" decoding=\"async\" width=\"850\" height=\"388\" src=\"https:\/\/konferenztechnik.de\/wp-content\/uploads\/2018\/01\/sennheiser-tourguide-kaufen-set.jpg\" alt=\"Comprar Sennheiser Tourguide Set\" class=\"alignnone size-full wp-image-12216\" title=\"\" srcset=\"https:\/\/konferenztechnik.de\/wp-content\/uploads\/2018\/01\/sennheiser-tourguide-kaufen-set.jpg 850w, https:\/\/konferenztechnik.de\/wp-content\/uploads\/2018\/01\/sennheiser-tourguide-kaufen-set-300x137.jpg 300w, https:\/\/konferenztechnik.de\/wp-content\/uploads\/2018\/01\/sennheiser-tourguide-kaufen-set-768x351.jpg 768w\" sizes=\"(max-width: 850px) 100vw, 850px\" \/><br \/>\n<button class=\"bbtn popmake-12226\">Solicitar un presupuesto &#x9B;<\/button><\/div>\n<p>El sistema digital de gu\u00eda tur\u00edstica Sennheiser 2020-D combina facilidad de uso con funciones profesionales: El sistema de gu\u00eda tur\u00edstico de Sennheiser puede utilizarse f\u00e1cilmente para visitas guiadas, conferencias o como aud\u00edfono. Los receptores de mentonera HDE-2020 combinan auriculares y receptor en un solo dispositivo. Los receptores se encienden autom\u00e1ticamente al pon\u00e9rselos y vuelven a apagarse cuando se utilizan durante periodos prolongados.<\/p>\n<p>[clear]<\/p>\n<div id=\"newscontainer\">\n<div class=\"newskasten\">\nReceptor de gu\u00eda tur\u00edstico<br \/>\n<img decoding=\"async\" width=\"580\" height=\"450\" src=\"https:\/\/konferenztechnik.de\/wp-content\/uploads\/2013\/12\/Sennheiser_tourguide-2020-kopfbuegelempfaenger.jpg\" alt=\"\" class=\"alignleft size-full wp-image-4195\" title=\"\" srcset=\"https:\/\/konferenztechnik.de\/wp-content\/uploads\/2013\/12\/Sennheiser_tourguide-2020-kopfbuegelempfaenger.jpg 580w, https:\/\/konferenztechnik.de\/wp-content\/uploads\/2013\/12\/Sennheiser_tourguide-2020-kopfbuegelempfaenger-300x233.jpg 300w\" sizes=\"(max-width: 580px) 100vw, 580px\" \/><\/div>\n<div class=\"newskasten newskastenfixodd\">\nReceptor de gu\u00eda tur\u00edstico<br \/>\n<img decoding=\"async\" width=\"580\" height=\"450\" src=\"https:\/\/konferenztechnik.de\/wp-content\/uploads\/2013\/12\/Sennheiser_tourguide-2020-kopfbuegelempfaenger.jpg\" alt=\"\" class=\"alignleft size-full wp-image-4195\" title=\"\" srcset=\"https:\/\/konferenztechnik.de\/wp-content\/uploads\/2013\/12\/Sennheiser_tourguide-2020-kopfbuegelempfaenger.jpg 580w, https:\/\/konferenztechnik.de\/wp-content\/uploads\/2013\/12\/Sennheiser_tourguide-2020-kopfbuegelempfaenger-300x233.jpg 300w\" sizes=\"(max-width: 580px) 100vw, 580px\" \/><\/div>\n<div class=\"newskasten newskastenfixodd\">\nReceptor de gu\u00eda tur\u00edstico<br \/>\n<img decoding=\"async\" width=\"580\" height=\"450\" src=\"https:\/\/konferenztechnik.de\/wp-content\/uploads\/2013\/12\/Sennheiser_tourguide-2020-kopfbuegelempfaenger.jpg\" alt=\"\" class=\"alignleft size-full wp-image-4195\" title=\"\" srcset=\"https:\/\/konferenztechnik.de\/wp-content\/uploads\/2013\/12\/Sennheiser_tourguide-2020-kopfbuegelempfaenger.jpg 580w, https:\/\/konferenztechnik.de\/wp-content\/uploads\/2013\/12\/Sennheiser_tourguide-2020-kopfbuegelempfaenger-300x233.jpg 300w\" sizes=\"(max-width: 580px) 100vw, 580px\" \/><\/div>\n<\/div>","protected":false},"excerpt":{"rendered":"<p>Comprar Sennheiser Tourguide 2020 D \u2013 Sistema digital de gu\u00eda tur\u00edstica Sennheiser Tourguide 2020 D Solicitar presupuesto &#x9B; El sistema digital de gu\u00eda tur\u00edstica Sennheiser 2020-D combina facilidad de uso con funciones profesionales: El sistema de gu\u00eda tur\u00edstica de Sennheiser se puede utilizar de forma sencilla para visitas guiadas, conferencias o como apoyo auditivo. Los receptores de mentonera HDE-2020 combinan auriculares y receptor en un solo aparato. Los receptores se encienden solos cuando [...]<\/p>","protected":false},"author":1,"featured_media":45482,"parent":0,"menu_order":0,"comment_status":"closed","ping_status":"closed","template":"","meta":{"_acf_changed":false,"footnotes":""},"class_list":["post-12945","page","type-page","status-publish","has-post-thumbnail","hentry"],"acf":[],"_links":{"self":[{"href":"https:\/\/konferenztechnik.de\/es\/wp-json\/wp\/v2\/pages\/12945","targetHints":{"allow":["GET"]}}],"collection":[{"href":"https:\/\/konferenztechnik.de\/es\/wp-json\/wp\/v2\/pages"}],"about":[{"href":"https:\/\/konferenztechnik.de\/es\/wp-json\/wp\/v2\/types\/page"}],"author":[{"embeddable":true,"href":"https:\/\/konferenztechnik.de\/es\/wp-json\/wp\/v2\/users\/1"}],"replies":[{"embeddable":true,"href":"https:\/\/konferenztechnik.de\/es\/wp-json\/wp\/v2\/comments?post=12945"}],"version-history":[{"count":0,"href":"https:\/\/konferenztechnik.de\/es\/wp-json\/wp\/v2\/pages\/12945\/revisions"}],"wp:featuredmedia":[{"embeddable":true,"href":"https:\/\/konferenztechnik.de\/es\/wp-json\/wp\/v2\/media\/45482"}],"wp:attachment":[{"href":"https:\/\/konferenztechnik.de\/es\/wp-json\/wp\/v2\/media?parent=12945"}],"curies":[{"name":"wp","href":"https:\/\/api.w.org\/{rel}","templated":true}]}}