{"id":13037,"date":"2018-05-02T18:50:17","date_gmt":"2018-05-02T17:50:17","guid":{"rendered":"https:\/\/www.konferenztechnik.de\/?page_id=13037"},"modified":"2023-09-01T13:16:24","modified_gmt":"2023-09-01T11:16:24","slug":"comprar-sennheiser-tourguide","status":"publish","type":"page","link":"https:\/\/konferenztechnik.de\/es\/comprar-sennheiser-tourguide\/","title":{"rendered":"Comprar Sennheiser Tourguide"},"content":{"rendered":"<h1>Comprar Sennheiser Tourguide 2020 D<\/h1>\n<div class=\"call-action-slider-img\">\n<img decoding=\"async\" src=\"https:\/\/konferenztechnik.de\/wp-content\/uploads\/2018\/05\/EK-2020-D-II-kaufen.jpg\" alt=\"Comprar Sennheiser Tourguide en PCS Konferenztechnik\" class=\"alignnone size-full wp-image-12201\" title=\"\"><br \/>\n<button class=\"bbtn popmake-12226\">Solicitar un presupuesto &#x9B;<\/button><\/div>\n<h2>Receptor EK 2020-D-II<\/h2>\n<p>[spacer size=\"10\u2033]<\/p>\n<p>El receptor de bolsillo, muy robusto y vers\u00e1til, es<br \/>\nIdeal para visitas guiadas, conferencias y asistencia auditiva: s\u00f3lo tiene que elegir los auriculares adecuados<br \/>\no bucle de inducci\u00f3n para el uso de aud\u00edfonos con bobina T, \u00a1listo! Transmisi\u00f3n digital de se\u00f1ales para<br \/>\nLa calidad de audio y el concepto de manejo intuitivo son \u00fanicos. Volumen, calidad de recepci\u00f3n, estado de la bater\u00eda y canal de recepci\u00f3n.<br \/>\nse leen en una pantalla LCD retroiluminada. Un clip integrado permite llevarlo en la camisa, el cintur\u00f3n o el cord\u00f3n.<\/p>\n<p>4: La pantalla OLED retroiluminada ofrece informaci\u00f3n sobre el canal de recepci\u00f3n, el volumen, el estado de la bater\u00eda y la calidad de la recepci\u00f3n.<\/p>\n<p>2: Botones de selecci\u00f3n de canal<\/p>\n<p>3: Control de volumen<\/p>\n<p>Una funci\u00f3n de apagado autom\u00e1tico (cuando el transmisor est\u00e1 apagado o<br \/>\nAl quitarse los auriculares) se ahorra bater\u00eda (autonom\u00eda de hasta 16 horas). El alcance de recepci\u00f3n en exteriores es de unos 100 metros,<br \/>\nunos 50 metros en locales cerrados.<\/p>\n<hr style=\"background-color:#999999; margin-bottom:30px;\">\n<div class=\"call-action-slider-img\">\n<img decoding=\"async\" src=\"https:\/\/konferenztechnik.de\/wp-content\/uploads\/2018\/05\/HDE-2020-D-II-kaufen.jpg\" alt=\"Comprar mentonera Sennheiser en PCS Konferenztechnik\" class=\"alignnone size-full wp-image-12201\" title=\"\"><\/p>\n<\/div>\n<h2>Receptor HDE 2020-D-II<\/h2>\n<p>[spacer size=\"10\u2033]<\/p>\n<p>Los auriculares con mentonera, c\u00f3modos de llevar para los oyentes, pesan<br \/>\ns\u00f3lo 70 g. Es un receptor y unos auriculares en uno, sin cables enredados. Para que los oyentes no lleven m\u00e1s de lo que realmente necesitan.<br \/>\nLa potente bater\u00eda del terminal proporciona hasta 8 horas de funcionamiento, por lo que incluso es posible recorrer la ciudad durante todo un d\u00eda.<br \/>\nun centro cultural o una gran empresa. El auricular se enciende autom\u00e1ticamente al pon\u00e9rselo y quit\u00e1rselo<br \/>\ny apagado. As\u00ed se ahorra bater\u00eda.<\/p>\n<p>El alcance de recepci\u00f3n del receptor de mentonera es de unos 100 metros en exteriores y de unos 100 metros en interiores.<br \/>\nhabitaciones a unos 50 metros.<\/p>\n<hr style=\"background-color:#999999; margin-bottom:30px;\">\n<div class=\"call-action-slider-img\">\n<img decoding=\"async\" src=\"https:\/\/konferenztechnik.de\/wp-content\/uploads\/2018\/05\/SK-2020-D-kaufen.jpg\" alt=\"Comprar transmisor de bolsillo Tourguide de Sennheiser\" class=\"alignnone size-full wp-image-12201\" title=\"\"><\/p>\n<\/div>\n<h2>Transmisor de bolsillo SK 2020-D<\/h2>\n<p>[spacer size=\"10\u2033]<\/p>\n<p>La combinaci\u00f3n de transmisor de petaca y micr\u00f3fono de diadema (HS 2-ew) le ofrece la m\u00e1xima libertad de movimientos durante la gira.<br \/>\nPuedes explicar tranquilamente un objeto o hacer una demostraci\u00f3n con las dos manos.<br \/>\nTambi\u00e9n puede utilizar la entrada de l\u00ednea del transmisor para reproducir fuentes de audio externas \u2013 mientras sigue hablando o<br \/>\nsilenciar el micr\u00f3fono. El transmisor se maneja de forma muy intuitiva, la pantalla retroiluminada le informa sobre el<br \/>\najuste de canal, el estado de la bater\u00eda y el nivel de la entrada de micr\u00f3fono y de l\u00ednea. El transmisor es robusto<br \/>\ncon su carcasa met\u00e1lica.<\/p>\n<hr style=\"background-color:#999999; margin-bottom:30px;\">\n<div class=\"call-action-slider-img\">\n<img decoding=\"async\" src=\"https:\/\/konferenztechnik.de\/wp-content\/uploads\/2018\/05\/SKM-2020-D-kaufen.jpg\" alt=\"Comprar transmisor de mano Sennheiser Tourguide\" class=\"alignnone size-full wp-image-12201\" title=\"\"><\/p>\n<\/div>\n<h2>Emisor port\u00e1til SKM 2020-D<\/h2>\n<p>[spacer size=\"10\u2033]<\/p>\n<p>El micr\u00f3fono de mano SKM 2020-D amortigua los ruidos de fondo no deseados. Su transmisor, muy robusto, es f\u00e1cil y c\u00f3modo de manejar. La pantalla retroiluminada muestra el canal de transmisi\u00f3n y<br \/>\nVisualizaci\u00f3n del estado de la bater\u00eda. La bater\u00eda recargable permite realizar recorridos de hasta 8 horas.<\/p>\n<p>1: Interruptor de encendido\/apagado<\/p>\n<p>2: Tapa giratoria y extra\u00edble (para proteger los elementos operativos)<\/p>\n<p>3: Compartimento de las pilas<\/p>\n<hr style=\"background-color:#999999; margin-bottom:30px;\">\n<div class=\"call-action-slider-img\">\n<img decoding=\"async\" src=\"https:\/\/konferenztechnik.de\/wp-content\/uploads\/2018\/05\/EZL-2020-20-L-kaufen.jpg\" alt=\"Comprar accesorios Sennheiser Tourguide\" class=\"alignnone size-full wp-image-12201\" title=\"\"><\/p>\n<\/div>\n<h2>Malet\u00edn de carga EZL 2020-20-L<\/h2>\n<p>[spacer size=\"10\u2033]<\/p>\n<p>caso de carga, que puede utilizarse como<br \/>\nespacio de almacenamiento para todo su equipo, as\u00ed como una estaci\u00f3n de carga para microtel\u00e9fonos y transmisores. 20 ranuras de carga para el<br \/>\nPara ello, dispone de un receptor con correa para la barbilla y dos ranuras de carga para el transmisor y una bater\u00eda de repuesto.<br \/>\nEl bot\u00f3n verde \"Copiar\" ahorra mucho trabajo: basta con ajustar un microtel\u00e9fono al canal de recepci\u00f3n deseado y pulsar el bot\u00f3n,<br \/>\ny todos los receptores utilizados se ajustan autom\u00e1ticamente a la misma frecuencia y a un volumen medio.<\/p>\n<hr style=\"background-color:#999999; margin-bottom:30px;\">\n<div class=\"call-action-slider-img\">\n<img decoding=\"async\" src=\"https:\/\/konferenztechnik.de\/wp-content\/uploads\/2018\/05\/EK2020-Mikro.jpg\" alt=\"Sistema de gu\u00eda Sennheiser Tourguide con auriculares\" class=\"alignnone size-full wp-image-12201\" title=\"\"><\/p>\n<\/div>\n<div class=\"call-action-slider-img\">\n<img decoding=\"async\" src=\"https:\/\/konferenztechnik.de\/wp-content\/uploads\/2018\/05\/sennheiser-personenfuehrung-tourguide.jpg\" alt=\"Mentonera con sistema de gu\u00eda personal Tourguide de Sennheiser\" class=\"alignnone size-full wp-image-12201\" title=\"\"><br \/>\n<button class=\"bbtn popmake-12226\">Solicitar un presupuesto &#x9B;<\/button><\/div>\n<div style=\"background-color:#f2f2f2; width:100%; display:block; margin-bottom:40px;\">\n<div style=\"text-align:center; width:100%; padding:left:10px; padding-top:18px;\"><img decoding=\"async\" src=\"https:\/\/konferenztechnik.de\/wp-content\/uploads\/2018\/05\/bewerten-happy.png\" alt=\"\" width=\"142\" height=\"42\" class=\"aligncenter size-full wp-image-13128\" title=\"\"><\/div>\n<div style=\"text-align:left; padding:10px;\">\u00a1Le queda como un guante! Aproveche nuestro asesoramiento. Estaremos encantados de colaborar con usted para determinar qu\u00e9 sistema de gu\u00edas satisface sus necesidades y en qu\u00e9 entorno.<\/div>\n<\/div>\n<div class=\"callouthoch\">\n[callout add_button=\"no\" button_text=\"M\u00e1s informaci\u00f3n\" button_url=\"#\" button_color=\"#a62055\u2033]<br \/>\nPuede ponerse directamente en contacto con nosotros por tel\u00e9fono:<br \/>\n[v_icon color=\"#a62055\u2033 size=\"20px\" target=\"_blank\" name=\"moon-phone-2\u2033] +49 211 737798 20<br \/>\n[\/callout]<\/div>\n<div class=\"callouthoch\">\n[callout add_button=\"no\" button_text=\"M\u00e1s informaci\u00f3n\" button_url=\"#\" button_color=\"#a62055\u2033]<br \/>\nEnv\u00ede sus preguntas por correo electr\u00f3nico a<br \/>\n[v_icon color=\"#a62055\u2033 size=\"20px\" target=\"_blank\" name=\"luna-envoltura-2\u2033] <a href=\"mailto:vertrieb@konferenztechnik.de\" onclick=\"ga('send', 'event', 'Email-Klick', 'F\u00fchrungsanlagen kaufen  Vertrieb');\"> vertrieb@konferenztechnik.de<\/a><br \/>\n[\/callout]<\/div>\n<p>[spacer size=\"10\u2033]<\/p>\n<div class=\"weiterlinks\" style=\"background-color:#ffffff;\">\n<h1>Otros enlaces<\/h1>\n<p>[list icon=\"luna-flecha-derecha-2\u2033 color=\"#a62055\u2033]<a title=\"Soporte para eventos multiling\u00fces\" href=\"\/es\/comprar-sistema-de-orientacion-personal\/\">P\u00e1gina general de los sistemas de gu\u00eda de pasajeros<\/a>[\/list]<br \/>\n[list icon=\"luna-flecha-derecha-2\u2033 color=\"#a62055\u2033]<a title=\"Soporte para eventos multiling\u00fces\" href=\"\/es\/sistema-de-comunicacion-beyerdynamic-unite\/\">Pronto disponible: Sistema de gu\u00eda Beyerdynamic Unite<\/a>[\/list]<br \/>\n[list icon=\"luna-flecha-derecha-2\u2033 color=\"#a62055\u2033]<a title=\"Soporte para eventos multiling\u00fces\" href=\"\/es\/comprar-tecnologia-para-conferencias\/\">Venta de tecnolog\u00eda para conferencias<\/a>[\/list]<br \/>\n[list icon=\"luna-flecha-derecha-2\u2033 color=\"#a62055\u2033]<a title=\"Referencias\" href=\"\/es\/instalacion-e-integracion-de-tecnologia-de-conferencias-y-sistemas-multimedia\/\">Instalaci\u00f3n de tecnolog\u00eda para conferencias y medios de comunicaci\u00f3n<\/a>[\/list]<br \/>\n[list icon=\"luna-flecha-derecha-2\u2033 color=\"#a62055\u2033]<a title=\"Formaci\u00f3n y servicios para int\u00e9rpretes\" href=\"\/es\/cursos-de-formacion-y-servicios-para-interpretes\/\">Formaci\u00f3n y servicios para int\u00e9rpretes<\/a>[\/list]<br \/>\n[list icon=\"luna-flecha-derecha-2\u2033 color=\"#a62055\u2033]<a title=\"10 buenas razones para el PCS\" href=\"\/es\/quienes-somos\/10-buenas-razones-para-pcs\/\">10 buenas razones para el PCS<\/a>[\/list]<br \/>\n[list icon=\"luna-flecha-derecha-2\u2033 color=\"#a62055\u2033]<a title=\"PCS: Todos los servicios de un vistazo\" href=\"\/es\/servicios-2\/\">PCS: Todos los servicios de un vistazo<\/a>[\/list]<\/ul>\n<\/div>\n<\/div>\n<p>[spacer size=\"20\u2033]<\/p>","protected":false},"excerpt":{"rendered":"<p>Sennheiser Tourguide 2020 D kaufen Angebot anfordern &#x9B; Empf\u00e4nger EK 2020-D-II [spacer size=&#8220;10&#8243;] Der sehr robuste, vielseitige Bodypack-Empf\u00e4nger ist ideal f\u00fcr den Einsatz in den Bereichen Personenf\u00fchrungen, Konferenzen und H\u00f6runterst\u00fctzung: Einfach passenden Kopfh\u00f6rer oder Induktionsschlinge f\u00fcr den Einsatz von H\u00f6rger\u00e4ten mit T-Spule w\u00e4hlen, fertig! Die digitale Signal\u00fcbertragung f\u00fcr hohe Audioqualit\u00e4t und das intuitive Bedienkonzept sind [&hellip;]<\/p>","protected":false},"author":1,"featured_media":45482,"parent":0,"menu_order":0,"comment_status":"closed","ping_status":"closed","template":"","meta":{"_acf_changed":false,"footnotes":""},"class_list":["post-13037","page","type-page","status-publish","has-post-thumbnail","hentry"],"acf":[],"_links":{"self":[{"href":"https:\/\/konferenztechnik.de\/es\/wp-json\/wp\/v2\/pages\/13037","targetHints":{"allow":["GET"]}}],"collection":[{"href":"https:\/\/konferenztechnik.de\/es\/wp-json\/wp\/v2\/pages"}],"about":[{"href":"https:\/\/konferenztechnik.de\/es\/wp-json\/wp\/v2\/types\/page"}],"author":[{"embeddable":true,"href":"https:\/\/konferenztechnik.de\/es\/wp-json\/wp\/v2\/users\/1"}],"replies":[{"embeddable":true,"href":"https:\/\/konferenztechnik.de\/es\/wp-json\/wp\/v2\/comments?post=13037"}],"version-history":[{"count":0,"href":"https:\/\/konferenztechnik.de\/es\/wp-json\/wp\/v2\/pages\/13037\/revisions"}],"wp:featuredmedia":[{"embeddable":true,"href":"https:\/\/konferenztechnik.de\/es\/wp-json\/wp\/v2\/media\/45482"}],"wp:attachment":[{"href":"https:\/\/konferenztechnik.de\/es\/wp-json\/wp\/v2\/media?parent=13037"}],"curies":[{"name":"wp","href":"https:\/\/api.w.org\/{rel}","templated":true}]}}