{"id":13239,"date":"2018-07-02T13:54:06","date_gmt":"2018-07-02T12:54:06","guid":{"rendered":"https:\/\/www.konferenztechnik.de\/?page_id=13239"},"modified":"2018-07-02T13:54:06","modified_gmt":"2018-07-02T12:54:06","slug":"comprar-cabinas-de-interpretacion","status":"publish","type":"page","link":"https:\/\/konferenztechnik.de\/es\/comprar-cabinas-de-interpretacion\/","title":{"rendered":"Comprar cabinas de interpretaci\u00f3n"},"content":{"rendered":"<h1>Comprar cabinas de interpretaci\u00f3n en PCS<\/h1>\n<div class=\"call-action-slider-img\">\n<img decoding=\"async\" src=\"https:\/\/konferenztechnik.de\/wp-content\/uploads\/2018\/07\/Dolmetscherkabinen-kaufen-Audipack-Silent-9600-1-2.jpg\" alt=\"Comprar cabinas de interpretaci\u00f3n Audipack Silent 9600\" class=\"alignleft size-full wp-image-13406\" title=\"\"><br \/>\n<button class=\"bbtn popmake-13384\">Solicitar un presupuesto &#x9B;<\/button>\n<\/div>\n<p>En PCS puede comprar cabinas de interpretaci\u00f3n de distintos tama\u00f1os y dise\u00f1os. Las cabinas tienen los mejores valores de aislamiento ac\u00fastico. Se pueden montar y desmontar r\u00e1pidamente gracias a un sencillo sistema de conexi\u00f3n. Nuestras cabinas de interpretaci\u00f3n pueden utilizarse tanto en un lugar fijo como en movimiento.<\/p>\n<h2>Nuestras cabinas de interpretaci\u00f3n ofrecen lo siguiente<\/h2>\n<p>[list icon=\"moon-checkmark\" colour=\"#a62055\u2033]Certificado conforme a la norma ISO 4043:2016[\/list]<br \/>\n[list icon=\"moon-checkmark\" colour=\"#a62055\u2033]Alto aislamiento ac\u00fastico[\/list]<br \/>\n[list icon=\"moon-checkmark\" colour=\"#a62055\u2033]Potente sistema de ventilaci\u00f3n[\/list]<br \/>\n[list icon=\"moon-checkmark\" colour=\"#a62055\u2033]F\u00e1cil montaje y desmontaje[\/list]<br \/>\n[list icon=\"moon-checkmark\" colour=\"#a62055\u2033]Gran ventana de visualizaci\u00f3n[\/list]<\/p>\n<p>[spacer size=\"20\u2033]<\/p>\n<p>[column size=\"1-4\u2033 last=\"1\u2033]<\/p>\n<p><figure id=\"attachment_9210\" aria-describedby=\"caption-attachment-9210\" style=\"width: 536px\" class=\"wp-caption alignleft\"><img decoding=\"async\" src=\"https:\/\/konferenztechnik.de\/wp-content\/uploads\/2018\/07\/Audipack-Silent-Serie-akustische-Daemmung-1.jpg\" alt=\"Aislamiento ac\u00fastico Audipack serie Silent\" class=\"alignleft size-full wp-image-13431\" width=\"548\" title=\"\"><figcaption id=\"caption-attachment-9210\" class=\"wp-caption-text\">Alto aislamiento ac\u00fastico<\/figcaption><\/figure><br \/>\n[\/columna]<\/p>\n<p>[column size=\"1-4\u2033 last=\"1\u2033]<br \/>\n<figure id=\"attachment_9211\" aria-describedby=\"caption-attachment-9211\" style=\"width: 548px\" class=\"wp-caption alignleft\"><img fetchpriority=\"high\" decoding=\"async\" width=\"500\" height=\"500\" src=\"https:\/\/konferenztechnik.de\/wp-content\/uploads\/2018\/07\/Audipack-Silent-Serie-Transportcase.jpg\" alt=\"Estuche de transporte Audipack Silent Series\" class=\"alignleft size-full wp-image-13435\" title=\"\" srcset=\"https:\/\/konferenztechnik.de\/wp-content\/uploads\/2018\/07\/Audipack-Silent-Serie-Transportcase.jpg 500w, https:\/\/konferenztechnik.de\/wp-content\/uploads\/2018\/07\/Audipack-Silent-Serie-Transportcase-300x300.jpg 300w, https:\/\/konferenztechnik.de\/wp-content\/uploads\/2018\/07\/Audipack-Silent-Serie-Transportcase-150x150.jpg 150w\" sizes=\"(max-width: 500px) 100vw, 500px\" \/><figcaption id=\"caption-attachment-9211\" class=\"wp-caption-text\">Selecci\u00f3n de maletas de transporte<\/figcaption><\/figure><br \/>\n[\/columna]<\/p>\n<p>[column size=\"1-4\u2033 last=\"1\u2033]<br \/>\n<figure id=\"attachment_9212\" aria-describedby=\"caption-attachment-9212\" style=\"width: 548px\" class=\"wp-caption alignleft\"><img decoding=\"async\" src=\"https:\/\/konferenztechnik.de\/wp-content\/uploads\/2018\/07\/Audipack-Silent-Serie-LED-Deckenlicht2.jpg\" alt=\"Plaf\u00f3n LED Audipack Silent Series2\" width=\"500\" height=\"500\" class=\"alignleft size-full wp-image-13445\" title=\"\" srcset=\"https:\/\/konferenztechnik.de\/wp-content\/uploads\/2018\/07\/Audipack-Silent-Serie-LED-Deckenlicht2.jpg 500w, https:\/\/konferenztechnik.de\/wp-content\/uploads\/2018\/07\/Audipack-Silent-Serie-LED-Deckenlicht2-300x300.jpg 300w, https:\/\/konferenztechnik.de\/wp-content\/uploads\/2018\/07\/Audipack-Silent-Serie-LED-Deckenlicht2-150x150.jpg 150w\" sizes=\"(max-width: 500px) 100vw, 500px\" \/><figcaption id=\"caption-attachment-9212\" class=\"wp-caption-text\">Plaf\u00f3n LED<\/figcaption><\/figure><br \/>\n[\/columna]<\/p>\n<p>[column size=\"1-4\u2033 last=\"1\u2033]<br \/>\n<figure id=\"attachment_9213\" aria-describedby=\"caption-attachment-9213\" style=\"width: 548px\" class=\"wp-caption alignleft\"><img decoding=\"async\" width=\"500\" height=\"500\" src=\"https:\/\/konferenztechnik.de\/wp-content\/uploads\/2018\/07\/Audipack-Silent-Serie-Erweiterungsset.jpg\" alt=\"Juego de expansi\u00f3n Audipack Silent Series\" class=\"alignleft size-full wp-image-13439\" title=\"\" srcset=\"https:\/\/konferenztechnik.de\/wp-content\/uploads\/2018\/07\/Audipack-Silent-Serie-Erweiterungsset.jpg 500w, https:\/\/konferenztechnik.de\/wp-content\/uploads\/2018\/07\/Audipack-Silent-Serie-Erweiterungsset-300x300.jpg 300w, https:\/\/konferenztechnik.de\/wp-content\/uploads\/2018\/07\/Audipack-Silent-Serie-Erweiterungsset-150x150.jpg 150w\" sizes=\"(max-width: 500px) 100vw, 500px\" \/><figcaption id=\"caption-attachment-9213\" class=\"wp-caption-text\">Juegos de extensi\u00f3n disponibles<\/figcaption><\/figure><br \/>\n[\/columna]<\/p>\n<p>[column size=\"1-4\u2033 last=\"1\u2033]<br \/>\n<figure id=\"attachment_9214\" aria-describedby=\"caption-attachment-9214\" style=\"width: 403px\" class=\"wp-caption alignleft\"><img loading=\"lazy\" decoding=\"async\" src=\"https:\/\/konferenztechnik.de\/wp-content\/uploads\/2018\/07\/Audipack-CO2-Messgeraet-luftqualitaet.jpg\" alt=\"Audipack-CO2-aparato de medici\u00f3n-calidad del aire\" width=\"500\" height=\"500\" class=\"alignleft size-full wp-image-13437\" title=\"\" srcset=\"https:\/\/konferenztechnik.de\/wp-content\/uploads\/2018\/07\/Audipack-CO2-Messgeraet-luftqualitaet.jpg 500w, https:\/\/konferenztechnik.de\/wp-content\/uploads\/2018\/07\/Audipack-CO2-Messgeraet-luftqualitaet-300x300.jpg 300w, https:\/\/konferenztechnik.de\/wp-content\/uploads\/2018\/07\/Audipack-CO2-Messgeraet-luftqualitaet-150x150.jpg 150w\" sizes=\"(max-width: 500px) 100vw, 500px\" \/><figcaption id=\"caption-attachment-9214\" class=\"wp-caption-text\">Medidor de CO2<\/figcaption><\/figure><br \/>\n[\/columna]<\/p>\n<p>[column size=\"1-4\u2033 last=\"1\u2033]<br \/>\n<figure id=\"attachment_9215\" aria-describedby=\"caption-attachment-9215\" style=\"width: 548px\" class=\"wp-caption alignleft\"><img loading=\"lazy\" decoding=\"async\" width=\"500\" height=\"500\" src=\"https:\/\/konferenztechnik.de\/wp-content\/uploads\/2018\/07\/Audipack-Silent-Serie-Transportwagen.jpg\" alt=\"Carros de transporte Audipack Silent Series\" class=\"alignleft size-full wp-image-13441\" title=\"\" srcset=\"https:\/\/konferenztechnik.de\/wp-content\/uploads\/2018\/07\/Audipack-Silent-Serie-Transportwagen.jpg 500w, https:\/\/konferenztechnik.de\/wp-content\/uploads\/2018\/07\/Audipack-Silent-Serie-Transportwagen-300x300.jpg 300w, https:\/\/konferenztechnik.de\/wp-content\/uploads\/2018\/07\/Audipack-Silent-Serie-Transportwagen-150x150.jpg 150w\" sizes=\"(max-width: 500px) 100vw, 500px\" \/><figcaption id=\"caption-attachment-9215\" class=\"wp-caption-text\">Carro de transporte<\/figcaption><\/figure><br \/>\n[\/columna]<\/p>\n<p>[spacer size=\"20\u2033]<\/p>\n<h2>Especificaciones de las cabinas de interpretaci\u00f3n Audipack Silent<\/h2>\n<p><\/p>\n<div class=\"newskasten\">\n<p>\n[v_icon color=\"#a62055\u2033 size=\"18px\" target=\"_blank\" name=\"moon-bookmark-3\u2033]<strong> Certificaci\u00f3n ISO<\/strong><br \/>\nLas cabinas de interpretaci\u00f3n de Audipack est\u00e1n certificadas conforme a la norma ISO 4043\/2016.\n<\/p>\n<p>\n[v_icon color=\"#a62055\u2033 size=\"18px\" target=\"_blank\" name=\"equilibrio-lunar\"]<strong> Peso<\/strong><br \/>\n210 kg\n<\/p>\n<p>\n[v_icon color=\"#a62055\u2033 size=\"18px\" target=\"_blank\" name=\"luna-volumen-muta-5\u2033]<strong> Aislamiento ac\u00fastico<\/strong><br \/>\n24 dB\n<\/p>\n<p>\n[v_icon color=\"#a62055\u2033 size=\"18px\" target=\"_blank\" name=\"gobernantes-lunares\"]<strong> Dimensiones interiores<\/strong><br \/>\n160 cm x 160 cm x 200 cm (ancho\/alto)\n<\/p>\n<p>\n[v_icon color=\"#a62055\u2033 size=\"18px\" target=\"_blank\" name=\"gobernantes-lunares\"]<strong> Dimensiones exteriores<\/strong><br \/>\n168 cm x 168 cm x aprox. 220 cm (con ventilaci\u00f3n, W\/D\/H)<br \/>\n(Mantenga un espacio de 0,5 m a la izquierda, derecha o detr\u00e1s para la puerta y el paso)\n<\/p>\n<\/div>\n<p>PCS s\u00f3lo ofrece cabinas de la serie Audipack Silent. Las cabinas de interpretaci\u00f3n Audipack se han establecido como el est\u00e1ndar internacional y se utilizan a diario en innumerables conferencias de alto nivel desde Bruselas hasta Berl\u00edn. En combinaci\u00f3n con la moderna tecnolog\u00eda de interpretaci\u00f3n simult\u00e1nea, las cabinas de interpretaci\u00f3n Audipack son la mejor opci\u00f3n cuando se necesitan int\u00e9rpretes simult\u00e1neos en conferencias y congresos internacionales.<\/p>\n<h2>Productos a medida<\/h2>\n<div class=\"call-action-slider-img\">\n<img decoding=\"async\" src=\"https:\/\/konferenztechnik.de\/wp-content\/uploads\/2018\/07\/Sonderanfertigungen-Dolmetscherkabinen-Audipack-1.jpg\" alt=\"Cabinas de int\u00e9rprete personalizadas Audipack\" class=\"alignleft size-full wp-image-13409\" title=\"\"><br \/>\n<button class=\"bbtn popmake-13384\">Productos personalizados &#x9B;<\/button><\/div>\n<p><p>El color est\u00e1ndar de las cabinas de int\u00e9rprete Audipack es un gris claro, que corresponde aproximadamente al RAL 7042. No obstante, las cabinas tambi\u00e9n pueden suministrarse en muchos otros colores y colores especiales. Cons\u00faltenos sobre las distintas opciones y plazos de entrega.<br \/>\n<\/p>\n<h3>Gama de colores de la cabina de interpretaci\u00f3n Audipack Silent<\/h3>\n<figure id=\"attachment_13489\" aria-describedby=\"caption-attachment-13489\" style=\"width: 1200px\" class=\"wp-caption alignleft\"><img decoding=\"async\" src=\"https:\/\/www.konferenztechnik.de\/bilder\/farben-dolmetschkabinen.svg\" alt=\"Mesa de color Cabinas de int\u00e9rprete Audipack\" class=\"size-full wp-image-13489\" title=\"\"><figcaption id=\"caption-attachment-13489\" class=\"wp-caption-text\">Mesa de color Cabinas de int\u00e9rprete Audipack<\/figcaption><\/figure>\n<h2>Norma ISO para cabinas de interpretaci\u00f3n (4043:2016)<\/h2>\n<p>Nuestras cabinas de interpretaci\u00f3n cumplen la \u00faltima norma ISO sobre cabinas de interpretaci\u00f3n m\u00f3viles. En muchas instituciones e instalaciones, ahora es obligatorio que las cabinas de interpretaci\u00f3n cumplan las normas ISO prescritas. Las normas regulan las propiedades ac\u00fasticas de las cabinas en t\u00e9rminos de aislamiento ac\u00fastico profesional, as\u00ed como el equipamiento t\u00e9cnico y el confort que deben ofrecer las cabinas de interpretaci\u00f3n.<br \/>\nLa nueva norma va dirigida a fabricantes de cabinas de interpretaci\u00f3n, empresas de alquiler de equipos de interpretaci\u00f3n, organizadores de eventos y agencias de eventos.\n<\/p>\n<p>[spacer size=\"20\u2033]<\/p>\n<h2>Otros enlaces a la norma ISO<\/h2>\n<p>&#x9B; <a href=\"https:\/\/www.professional-system.de\/basics\/iso-normen-fuer-dolmetscherkabinen\/\" target=\"_blank\" rel=\"noopener\">Art\u00edculo sobre la nueva norma en Sistemas Profesionales<\/a><br \/>\n&#x9B; <a href=\"https:\/\/www.beuth.de\/de\/norm\/din-en-iso-4043\/259413493\" target=\"_blank\" rel=\"noopener\">La norma DIN puede descargarse de Beuth-Verlag<\/a><\/p>\n<h2>Cabinas de interpretaci\u00f3n Audipack Silent 9600 y Audipack Silent 9700<\/h2>\n<figure id=\"attachment_10328\" aria-describedby=\"caption-attachment-10328\" style=\"width: 1200px\" class=\"wp-caption alignleft\"><img decoding=\"async\" src=\"https:\/\/www.konferenztechnik.de\/bilder\/grundriss-dolmetscherkabine-audipack.svg\" alt=\"Plano de la cabina de int\u00e9rprete Audipack\" class=\"size-full wp-image-10328\" title=\"\"><figcaption id=\"caption-attachment-10328\" class=\"wp-caption-text\">A la izquierda: Cabina est\u00e1ndar para dos int\u00e9rpretes<br \/>Derecha: Cabina ampliada para 3 int\u00e9rpretes (Audipack Silent Serie 9600)<\/figcaption><\/figure>\n<p>[clear]<br \/>\n[spacer size=\"20\u2033]<br \/>\n[column size=\"1-4\u2033 last=\"1\u2033]<\/p>\n<h2>Audipack Silent 9600<\/h2>\n<p><a href=\"https:\/\/konferenztechnik.de\/es\/comprar-audipack-silent-9600\/\" target=\"self\" rel=\"noopener\"><img decoding=\"async\" src=\"https:\/\/konferenztechnik.de\/wp-content\/uploads\/2018\/06\/audipack-silent-9600-1.jpg\" alt=\"Cabina de interpretaci\u00f3n Audipack Silent 9600\" class=\"alignleft size-full wp-image-13567\" title=\"\"><\/a><br \/>\n[list icon=\"moon-checkmark\" colour=\"#a62055\u2033]Certificado seg\u00fan la norma ISO 4043:2016[\/list]<br \/>\n[list icon=\"moon-checkmark\" colour=\"#a62055\u2033]Gran ventana de visualizaci\u00f3n[\/list]<br \/>\n[list icon=\"moon-checkmark\" colour=\"#a62055\u2033]Alto aislamiento ac\u00fastico[\/list]<br \/>\n[list icon=\"moon-checkmark\" colour=\"#a62055\u2033]Potente sistema de ventilaci\u00f3n[\/list]<br \/>\n[list icon=\"moon-checkmark\" colour=\"#a62055\u2033]Montaje y desmontaje r\u00e1pidos[\/list]<br \/>\n[spacer size=\"20\u2033]<br \/>\n[button link=\"https:\/\/www.konferenztechnik.de\/audipack-silent-9600-kaufen\/\" target=\"self\" colour=\"#a62055\u2033 text=\"light\"]M\u00e1s informaci\u00f3n[\/button]<br \/>\n[\/columna]<br \/>\n[column size=\"1-4\u2033 last=\"1\u2033]<\/p>\n<h2>Audipack Silent 9700<\/h2>\n<p><a href=\"https:\/\/konferenztechnik.de\/es\/comprar-audipack-silent-9700\/\" target=\"self\" rel=\"noopener\"><img decoding=\"async\" src=\"https:\/\/konferenztechnik.de\/wp-content\/uploads\/2018\/07\/audipack-silent-9700-dolmetscherkabine-1.jpg\" alt=\"Cabina de interpretaci\u00f3n Aaudipack Silent 9700\" class=\"alignleft size-full wp-image-13520\" title=\"\"><\/a><br \/>\n[list icon=\"moon-checkmark\" colour=\"#a62055\u2033]Certificado seg\u00fan la norma ISO 4043:2016[\/list]<br \/>\n[list icon=\"moon-checkmark\" colour=\"#a62055\u2033]Especialmente f\u00e1cil de desmontar[\/list]<br \/>\n[list icon=\"moon-checkmark\" colour=\"#a62055\u2033]Menor peso de las piezas individuales[\/list]<br \/>\n[list icon=\"moon-checkmark\" colour=\"#a62055\u2033]Alto aislamiento ac\u00fastico[\/list]<br \/>\n[list icon=\"moon-checkmark\" colour=\"#a62055\u2033]Montaje y desmontaje r\u00e1pidos[\/list]<br \/>\n[spacer size=\"20\u2033]<br \/>\n[button link=\"https:\/\/www.konferenztechnik.de\/audipack-silent-9700-kaufen\/\" target=\"self\" colour=\"#a62055\u2033 text=\"light\"]M\u00e1s informaci\u00f3n[\/button]<br \/>\n[\/columna]<\/p>\n<p>[spacer size=\"30\u2033]<\/p>\n<p>[callout add_button=\"no\" button_text=\"M\u00e1s informaci\u00f3n\" button_url=\"#\" button_color=\"#a62055\u2033]<\/p>\n<h2>Nuevos n\u00fameros de modelo en Audipack<\/h2>\n<p>[spacer size=\"10\u2033]<\/p>\n<p>Ya est\u00e1n disponibles los nuevos modelos de la serie de cabinas de interpretaci\u00f3n Audipack Silent.<br \/>\nPara ello, Audipack ha introducido nuevos n\u00fameros de modelo:<\/p>\n<p>El Audipack Silent 9300 se convertir\u00e1 en el nuevo ISO<br \/>\n<br \/>&#x9B; <a href=\"https:\/\/konferenztechnik.de\/es\/comprar-audipack-silent-9600\/\">Audipack Silent 9600<\/a><\/p>\n<p>El Audipack Silent 9500 se convertir\u00e1 en el nuevo est\u00e1ndar para<br \/>\n<br \/>&#x9B; <a href=\"https:\/\/konferenztechnik.de\/es\/comprar-audipack-silent-9700\/\">Audipack Silent 9700<\/a><\/p>\n<p>Los modelos 9300 y 9500 dejar\u00e1n de estar disponibles en el futuro.<\/p>\n<p>[\/callout]<\/p>\n<div class=\"newskasten\">\n<h2>Descargas: Folleto, instrucciones de montaje, informaci\u00f3n<\/h2>\n<p><a href=\"https:\/\/konferenztechnik.de\/wp-content\/uploads\/2018\/07\/Audipack-Silent-Serie-Broschuere-1.pdf-1.pdf\" target=\"_blank\" rel=\"noopener\">[v_icon color=\"#A61F54\u2033 size=\"18px\" target=\"_blank\" name=\"moon-file-pdf\"] Descarga en PDF: Folleto de la serie Audipack Silent en PDF<\/a><br \/>\n<a href=\"https:\/\/konferenztechnik.de\/wp-content\/uploads\/2017\/05\/Audipack-Silent-Serie-Dolmetschkabine-Aufbauanleitung.pdf\" target=\"_blank\" rel=\"noopener\">[v_icon color=\"#A61F54\u2033 size=\"18px\" target=\"_blank\" name=\"moon-file-pdf\"] Descarga en PDF: Instrucciones de montaje de la serie Audipack Silent<\/a>\n<\/div>\n<div class=\"call-action-slider-img\">\n<img decoding=\"async\" src=\"https:\/\/konferenztechnik.de\/wp-content\/uploads\/2018\/07\/Dolmetscherkabinen-kaufen-sofort-ab-Lager-lieferbar-1.jpg\" alt=\"Comprar cabinas de int\u00e9rprete inmediatamente disponibles en stock\" class=\"alignleft size-full wp-image-13391\" title=\"\"><br \/>\n<button class=\"bbtn popmake-13384\">Solicitar un presupuesto &#x9B;<\/button>\n<\/div>\n<div class=\"callouthoch\">\n[callout add_button=\"no\" button_text=\"M\u00e1s informaci\u00f3n\" button_url=\"#\" button_color=\"#a62055\u2033]<br \/>\nPuede ponerse directamente en contacto con nosotros por tel\u00e9fono:<br \/>\n[v_icon color=\"#a62055\u2033 size=\"20px\" target=\"_blank\" name=\"moon-phone-2\u2033] +49 211 737798 20<br \/>\n[\/callout]\n<\/div>\n<div class=\"callouthoch\">\n[callout add_button=\"no\" button_text=\"M\u00e1s informaci\u00f3n\" button_url=\"#\" button_color=\"#a62055\u2033]<br \/>\nEnv\u00ede sus preguntas por correo electr\u00f3nico a<br \/>\n[v_icon color=\"#a62055\u2033 size=\"20px\" target=\"_blank\" name=\"luna-envoltura-2\u2033] <a href=\"mailto:vertrieb@konferenztechnik.de\" onclick=\"ga('send', 'event', 'Email-Klick', 'Dolmetscherkabinen kaufen Vertrieb');\"> vertrieb@konferenztechnik.de<\/a><br \/>\n[\/callout]\n<\/div>","protected":false},"excerpt":{"rendered":"<p>Dolmetscherkabinen kaufen bei PCS Angebot anfordern &#x9B; Bei PCS k\u00f6nnen Sie Dolmetscherkabinen in verschiedenen Gr\u00f6\u00dfen und Ausf\u00fchrungen kaufen. Die Kabinen haben beste Werte bei der Schalld\u00e4mmung. Sie k\u00f6nnen je nach Platzbedarf und Anforderung flexibel zusammengestellt werden und sind durch ein einfaches Stecksystem schnell auf- und abgebaut. Unsere Dolmetscherkabinen sind sowohl an einem festen Standort als [&hellip;]<\/p>","protected":false},"author":1,"featured_media":45482,"parent":0,"menu_order":0,"comment_status":"closed","ping_status":"closed","template":"page-right-sidebar.php","meta":{"_acf_changed":false,"footnotes":""},"class_list":["post-13239","page","type-page","status-publish","has-post-thumbnail","hentry"],"acf":[],"_links":{"self":[{"href":"https:\/\/konferenztechnik.de\/es\/wp-json\/wp\/v2\/pages\/13239","targetHints":{"allow":["GET"]}}],"collection":[{"href":"https:\/\/konferenztechnik.de\/es\/wp-json\/wp\/v2\/pages"}],"about":[{"href":"https:\/\/konferenztechnik.de\/es\/wp-json\/wp\/v2\/types\/page"}],"author":[{"embeddable":true,"href":"https:\/\/konferenztechnik.de\/es\/wp-json\/wp\/v2\/users\/1"}],"replies":[{"embeddable":true,"href":"https:\/\/konferenztechnik.de\/es\/wp-json\/wp\/v2\/comments?post=13239"}],"version-history":[{"count":0,"href":"https:\/\/konferenztechnik.de\/es\/wp-json\/wp\/v2\/pages\/13239\/revisions"}],"wp:featuredmedia":[{"embeddable":true,"href":"https:\/\/konferenztechnik.de\/es\/wp-json\/wp\/v2\/media\/45482"}],"wp:attachment":[{"href":"https:\/\/konferenztechnik.de\/es\/wp-json\/wp\/v2\/media?parent=13239"}],"curies":[{"name":"wp","href":"https:\/\/api.w.org\/{rel}","templated":true}]}}