{"id":13714,"date":"2018-09-26T13:51:05","date_gmt":"2018-09-26T12:51:05","guid":{"rendered":"https:\/\/www.konferenztechnik.de\/?page_id=13714"},"modified":"2023-08-29T14:26:21","modified_gmt":"2023-08-29T12:26:21","slug":"alquiler-de-equipos-de-interpretacion-alemania","status":"publish","type":"page","link":"https:\/\/konferenztechnik.de\/es\/alquiler-de-equipos-de-interpretacion-alemania\/","title":{"rendered":"Alquiler de equipos de interpretaci\u00f3n en Alemania"},"content":{"rendered":"<h1>Alquiler de equipos de interpretaci\u00f3n Alemania \u2013 Interpration and Conference Hire<\/h1>\n<div class=\"call-action-slider-img\">\n<img decoding=\"async\" src=\"https:\/\/konferenztechnik.de\/wp-content\/uploads\/2018\/09\/interpreting-hire-germany.jpg\" alt=\"Alquiler de equipos de interpretaci\u00f3n en Alemania\" class=\"alignleft size-full wp-image-9278\" title=\"\"><br \/>\n<button class=\"btn popmake-13980\">\u00a1Respuesta r\u00e1pida!<br \/>\nSolicitar un presupuesto &#x9B;<\/button><\/div>\n<p>Alquilamos, entregamos y montamos equipos de interpretaci\u00f3n. Si busca soluciones de comunicaci\u00f3n multiling\u00fce de alta calidad para su evento, independientemente de su tama\u00f1o o ubicaci\u00f3n, le proporcionaremos equipos de interpretaci\u00f3n que se lo garantizar\u00e1n.<\/p>\n<p>[spacer size=\"10\u2033]<\/p>\n<h2>Equipos de interpretaci\u00f3n disponibles<\/h2>\n<div id=\"newscontainer\">\n<div class=\"newskasten\">\n<img fetchpriority=\"high\" decoding=\"async\" width=\"424\" height=\"283\" src=\"https:\/\/konferenztechnik.de\/wp-content\/uploads\/2018\/07\/dolmetscherkabine-mieten.jpg\" alt=\"Alquiler de cabinas de int\u00e9rprete\" class=\"alignleft size-full wp-image-13585\" title=\"\" srcset=\"https:\/\/konferenztechnik.de\/wp-content\/uploads\/2018\/07\/dolmetscherkabine-mieten.jpg 424w, https:\/\/konferenztechnik.de\/wp-content\/uploads\/2018\/07\/dolmetscherkabine-mieten-300x200.jpg 300w\" sizes=\"(max-width: 424px) 100vw, 424px\" \/><br \/>\n[clear]<br \/>\nCabina de int\u00e9rprete[spacer size=\"6\u2033]<br \/>\n[list icon=\"moon-checkmark\" colour=\"#a62055\u2033]Ventilaci\u00f3n[\/list]<br \/>\n[list icon=\"moon-checkmark\" colour=\"#a62055\u2033]Insonorizaci\u00f3n[\/list]<br \/>\n[list icon=\"moon-checkmark\" colour=\"#a62055\u2033]Normas ISO[\/list]<\/div>\n<div class=\"newskasten\">\n<img decoding=\"async\" width=\"424\" height=\"283\" src=\"https:\/\/konferenztechnik.de\/wp-content\/uploads\/2018\/07\/konferenzempfaenger-mieten.jpg\" alt=\"alquiler de receptores de conferencia\" class=\"alignleft size-full wp-image-13589\" title=\"\" srcset=\"https:\/\/konferenztechnik.de\/wp-content\/uploads\/2018\/07\/konferenzempfaenger-mieten.jpg 424w, https:\/\/konferenztechnik.de\/wp-content\/uploads\/2018\/07\/konferenzempfaenger-mieten-300x200.jpg 300w\" sizes=\"(max-width: 424px) 100vw, 424px\" \/><br \/>\nSistemas de transmisi\u00f3n[spacer size=\"6\u2033]<br \/>\n[list icon=\"moon-checkmark\" colour=\"#a62055\u2033]Transmisi\u00f3n por infrarrojos[\/list]<br \/>\n[list icon=\"moon-checkmark\" colour=\"#a62055\u2033]Transmisi\u00f3n de radio[\/list]<br \/>\n[list icon=\"moon-checkmark\" colour=\"#a62055\u2033]Nulticanal[\/list]<\/div>\n<div class=\"newskasten\">\n<img decoding=\"async\" src=\"https:\/\/konferenztechnik.de\/wp-content\/uploads\/2018\/07\/fuehrungsanlage-mieten-1.jpg\" alt=\"alquiler de sistemas de gu\u00eda tur\u00edstico\" class=\"alignleft size-full wp-image-13587\" title=\"\"><\/p>\n<p>Auriculares para delegados[spacer size=\"6\u2033]<br \/>\n[list icon=\"moon-checkmark\" colour=\"#a62055\u2033]Beyerdynamic[\/list]<br \/>\n[list icon=\"moon-checkmark\" colour=\"#a62055\u2033]Sennheiser[\/list]<br \/>\n[list icon=\"moon-checkmark\" colour=\"#a62055\u2033]Gran stock[\/list]<\/p>\n<\/div>\n<div class=\"newskasten\">\n<img decoding=\"async\" src=\"https:\/\/konferenztechnik.de\/wp-content\/uploads\/2018\/09\/conference-microphones.jpg\" alt=\"alquiler de equipos audiovisuales\" class=\"alignleft size-full wp-image-13591\" title=\"\"><br \/>\nMicr\u00f3fonos de conferencia[spacer size=\"6\u2033]<br \/>\n[list icon=\"moon-checkmark\" colour=\"#a62055\u2033]inal\u00e1mbrico[\/list]<br \/>\n[list icon=\"moon-checkmark\" colour=\"#a62055\u2033]wired[\/list]<br \/>\n[list icon=\"moon-checkmark\" colour=\"#a62055\u2033]digital y a prueba de errores[\/list]<\/div>\n<div class=\"newskasten\">\n<img decoding=\"async\" src=\"https:\/\/konferenztechnik.de\/wp-content\/uploads\/2018\/09\/conference-equipment.jpg\" alt=\"alquiler de equipos para conferencias\" class=\"alignleft size-full wp-image-13591\" title=\"\"><\/a><br \/>\nEquipo de conferencias[spacer size=\"6\u2033]<br \/>\n[list icon=\"moon-checkmark\" colour=\"#a62055\u2033]beamer[\/list]<br \/>\n[list icon=\"moon-checkmark\" colour=\"#a62055\u2033]pantallas[\/list]<br \/>\n[list icon=\"moon-checkmark\" colour=\"#a62055\u2033]votar...[\/list]<\/div>\n<div class=\"newskasten\"><a href=\"https:\/\/konferenztechnik.de\/es\/alquiler-de-equipos-para-conferencias\/\"><br \/>\n<img decoding=\"async\" width=\"424\" height=\"283\" src=\"https:\/\/konferenztechnik.de\/wp-content\/uploads\/2018\/07\/audio-video-technik-mieten.jpg\" alt=\"servicios de equipos audiovisuales\" class=\"alignleft size-full wp-image-13591\" title=\"\" srcset=\"https:\/\/konferenztechnik.de\/wp-content\/uploads\/2018\/07\/audio-video-technik-mieten.jpg 424w, https:\/\/konferenztechnik.de\/wp-content\/uploads\/2018\/07\/audio-video-technik-mieten-300x200.jpg 300w\" sizes=\"(max-width: 424px) 100vw, 424px\" \/><\/a><br \/>\nMano de obra[spacer size=\"6\u2033]<br \/>\n[list icon=\"moon-checkmark\" colour=\"#a62055\u2033]entrega[\/list]<br \/>\n[list icon=\"moon-checkmark\" colour=\"#a62055\u2033]set-up[\/list]<br \/>\n[list icon=\"moon-checkmark\" colour=\"#a62055\u2033]ingenieros t\u00e9cnicos[\/list]<\/div>\n<\/div>\n<h2>Equipos de interpretaci\u00f3n, sistemas de debate, tecnolog\u00eda para conferencias y medios de comunicaci\u00f3n en Alemania:<\/p>\n<p>PCS lleva apoyando conferencias y reuniones desde 1995.<\/h2>\n<p>Puede elegir entre dos tipos b\u00e1sicos de equipos de interpretaci\u00f3n en funci\u00f3n de sus necesidades: sistemas inal\u00e1mbricos como la transmisi\u00f3n por infrarrojos y radio con cabinas de int\u00e9rprete para grupos de 50 a varios miles de personas, o para peque\u00f1as delegaciones que asisten a ponencias dentro de una conferencia m\u00e1s grande. A los participantes se les entregan peque\u00f1os receptores con auriculares para que escuchen el idioma que les corresponde. En caso de debate, pueden hablar a trav\u00e9s de micr\u00f3fonos con cable en el escenario o de micr\u00f3fonos inal\u00e1mbricos que pueden repartirse por el auditorio.<\/p>\n<p>Los equipos de conferencia e interpretaci\u00f3n con unidades de debate y cabinas de int\u00e9rprete son perfectos para las t\u00edpicas mesas redondas. Los participantes pueden hacerse o\u00edr mediante unidades de micr\u00f3fono de conferencia en las mesas en las que est\u00e9n sentados. Hasta dos participantes pueden conectar simult\u00e1neamente sus auriculares a la estaci\u00f3n para escuchar su traducci\u00f3n individual. Esto requiere, por supuesto, que los participantes se sienten en mesas y que se asignen 1-2 participantes a cada unidad.<\/p>\n<p>[callout add_button=\"no\" button_text=\"M\u00e1s informaci\u00f3n\" button_url=\"#\" button_color=\"#a62055\u2033]<\/p>\n<p>Somos flexibles y podemos responder r\u00e1pidamente a sus peticiones \u2013 gracias a nuestra red de empresas en toda Alemania.<\/p>\n<p><\/a><br \/>\n[\/callout]<\/p>\n<p><img src=\"https:\/\/konferenztechnik.de\/wp-content\/uploads\/2016\/10\/events-berlin.jpg\"><br \/>\n<img src=\"https:\/\/konferenztechnik.de\/wp-content\/uploads\/2016\/10\/konferenzservice-berlin.jpg\"><\/p>\n<div class=\"call-action-slider-img\" style=\"padding-top:13px;\">\n<img loading=\"lazy\" decoding=\"async\" width=\"1200\" height=\"450\" src=\"https:\/\/konferenztechnik.de\/wp-content\/uploads\/2016\/10\/specherkabinen-events.jpg\" alt=\"alquiler de cabinas de traducci\u00f3n\" class=\"alignleft size-full wp-image-8490\" title=\"\" srcset=\"https:\/\/konferenztechnik.de\/wp-content\/uploads\/2016\/10\/specherkabinen-events.jpg 1200w, https:\/\/konferenztechnik.de\/wp-content\/uploads\/2016\/10\/specherkabinen-events-300x113.jpg 300w, https:\/\/konferenztechnik.de\/wp-content\/uploads\/2016\/10\/specherkabinen-events-1024x384.jpg 1024w, https:\/\/konferenztechnik.de\/wp-content\/uploads\/2016\/10\/specherkabinen-events-768x288.jpg 768w\" sizes=\"(max-width: 1200px) 100vw, 1200px\" \/><br \/>\n<button class=\"btn popmake-13980\">Solicitar<br \/>\nun presupuesto &#x9B;<\/button><\/div>\n<h2>P\u00f3ngase en contacto con<\/h2>\n<p>[column size=\"1-4\u2033 last=\"1\u2033]<\/p>\n<div class=\"box1-4\">\n<div class=\"box-head\">Norte y Oeste<\/div>\n<p><img loading=\"lazy\" decoding=\"async\" width=\"800\" height=\"533\" src=\"https:\/\/konferenztechnik.de\/wp-content\/uploads\/2013\/09\/monika_van_den_boogaard_pcs-gmbh.jpg\" alt=\"Monika van den Boogaard PCS GmbH Alemania\" class=\"alignleft size-full wp-image-2312\" title=\"\" srcset=\"https:\/\/konferenztechnik.de\/wp-content\/uploads\/2013\/09\/monika_van_den_boogaard_pcs-gmbh.jpg 800w, https:\/\/konferenztechnik.de\/wp-content\/uploads\/2013\/09\/monika_van_den_boogaard_pcs-gmbh-300x200.jpg 300w, https:\/\/konferenztechnik.de\/wp-content\/uploads\/2013\/09\/monika_van_den_boogaard_pcs-gmbh-768x512.jpg 768w\" sizes=\"(max-width: 800px) 100vw, 800px\" \/><br \/>\nMonika van den Boogaard<br \/>\nAlquiler de apoyo a proyectos<br \/>\nTel\u00e9fono +49 211 737798 10<br \/>\n<span class=\"volleansicht\"><a href=\"mailto:vandenboogaard@konferenztechnik.de\" onclick=\"ga('send', 'event', 'Email-Klick', 'Kontakt Boogaard');\">correo electr\u00f3nico <\/a><br \/>\n<\/span><br \/>\n<span class=\"mobileansicht\"><a href=\"mailto:vandenboogaard@konferenztechnik.de\" onclick=\"ga('send', 'event', 'Email-Klick', 'Kontakt Boogaard');\">correo electr\u00f3nico <\/a><br \/>\n<\/span><\/div>\n<p>[\/columna]<br \/>\n[column size=\"1-4\u2033 last=\"1\u2033]<\/p>\n<div class=\"box1-4\">\n<div class=\"box-head\">Este<\/div>\n<p><img loading=\"lazy\" decoding=\"async\" width=\"2316\" height=\"1543\" src=\"https:\/\/konferenztechnik.de\/wp-content\/uploads\/2017\/05\/sebastian-meyer-pcs-gmbh.jpg\" alt=\"Sebastian Meyer PCS GmbH Alemania - Disposici\u00f3n\" class=\"alignleft size-full wp-image-10048\" title=\"\" srcset=\"https:\/\/konferenztechnik.de\/wp-content\/uploads\/2017\/05\/sebastian-meyer-pcs-gmbh.jpg 2316w, https:\/\/konferenztechnik.de\/wp-content\/uploads\/2017\/05\/sebastian-meyer-pcs-gmbh-300x200.jpg 300w, https:\/\/konferenztechnik.de\/wp-content\/uploads\/2017\/05\/sebastian-meyer-pcs-gmbh-1024x682.jpg 1024w, https:\/\/konferenztechnik.de\/wp-content\/uploads\/2017\/05\/sebastian-meyer-pcs-gmbh-768x512.jpg 768w, https:\/\/konferenztechnik.de\/wp-content\/uploads\/2017\/05\/sebastian-meyer-pcs-gmbh-1536x1023.jpg 1536w, https:\/\/konferenztechnik.de\/wp-content\/uploads\/2017\/05\/sebastian-meyer-pcs-gmbh-2048x1364.jpg 2048w\" sizes=\"(max-width: 2316px) 100vw, 2316px\" \/><br \/>\nSebastian Meyer<br \/>\nAlquiler de apoyo a proyectos<br \/>\nTel\u00e9fono +49 30 6959690 15<br \/>\n<span class=\"volleansicht\"><a href=\"mailto:meyer@konferenztechnik.de\" onclick=\"ga('send', 'event', 'Email-Klick', 'Kontakt Meyer');\">correo electr\u00f3nico <\/a><br \/>\n<\/span><br \/>\n<span class=\"mobileansicht\"><a href=\"mailto:meyer@konferenztechnik.de\" onclick=\"ga('send', 'event', 'Email-Klick', 'Kontakt Meyer');\">correo electr\u00f3nico <\/a><br \/>\n<\/span><\/div>\n<p>[\/columna]<\/p>\n<p>[column size=\"1-4\u2033 last=\"1\u2033]<br \/>\n[\/columna]<\/p>\n<p>[column size=\"1-4\u2033 last=\"1\u2033]<\/p>\n<div class=\"box1-4\">\n<div class=\"box-head\">Sur<\/div>\n<p><img loading=\"lazy\" decoding=\"async\" width=\"800\" height=\"533\" src=\"https:\/\/konferenztechnik.de\/wp-content\/uploads\/2013\/09\/sebastian_gegusch_pcs-gmbh.jpg\" alt=\"Sebastian Gegusch - PCS GmbH Alemania - Planificaci\u00f3n de proyectos\" class=\"alignleft size-full wp-image-3153\" title=\"\" srcset=\"https:\/\/konferenztechnik.de\/wp-content\/uploads\/2013\/09\/sebastian_gegusch_pcs-gmbh.jpg 800w, https:\/\/konferenztechnik.de\/wp-content\/uploads\/2013\/09\/sebastian_gegusch_pcs-gmbh-300x200.jpg 300w, https:\/\/konferenztechnik.de\/wp-content\/uploads\/2013\/09\/sebastian_gegusch_pcs-gmbh-768x512.jpg 768w\" sizes=\"(max-width: 800px) 100vw, 800px\" \/>Sebastian Gegusch<br \/>\nGesti\u00f3n de proyectos<br \/>\nTel\u00e9fono +49 89 21553290<br \/>\n<span class=\"volleansicht\"><a href=\"mailto:gegusch@konferenztechnik.de\" onclick=\"ga('send', 'event', 'Email-Klick', 'Kontakt Gegusch');\">correo electr\u00f3nico <\/a><br \/>\n<\/span> <span class=\"mobileansicht\"><a href=\"mailto:gegusch@konferenztechnik.de\" onclick=\"ga('send', 'event', 'Email-Klick', 'Kontakt Gegusch');\">correo electr\u00f3nico <\/a><br \/>\n<\/span><\/div>\n<p>[\/columna]<\/p>\n<p>[column size=\"1-4\u2033 last=\"1\u2033]<\/p>\n<p>[\/columna]<\/p>","protected":false},"excerpt":{"rendered":"<p>Interpreting Equipment Rental Germany \u2013 Interpration and Conference Hire Quick response! Request a quote &#x9B; We provide interpreting equipment hire, delivery and set-up. If you are looking for high-grade multilingual communication solutions for your event, regardless of its size or location, we will provide interpreting equipment which will ensure just that. [spacer size=&#8220;10&#8243;] Available Interpreting [&hellip;]<\/p>","protected":false},"author":1,"featured_media":45482,"parent":0,"menu_order":0,"comment_status":"closed","ping_status":"closed","template":"","meta":{"_acf_changed":false,"footnotes":""},"class_list":["post-13714","page","type-page","status-publish","has-post-thumbnail","hentry"],"acf":[],"_links":{"self":[{"href":"https:\/\/konferenztechnik.de\/es\/wp-json\/wp\/v2\/pages\/13714","targetHints":{"allow":["GET"]}}],"collection":[{"href":"https:\/\/konferenztechnik.de\/es\/wp-json\/wp\/v2\/pages"}],"about":[{"href":"https:\/\/konferenztechnik.de\/es\/wp-json\/wp\/v2\/types\/page"}],"author":[{"embeddable":true,"href":"https:\/\/konferenztechnik.de\/es\/wp-json\/wp\/v2\/users\/1"}],"replies":[{"embeddable":true,"href":"https:\/\/konferenztechnik.de\/es\/wp-json\/wp\/v2\/comments?post=13714"}],"version-history":[{"count":0,"href":"https:\/\/konferenztechnik.de\/es\/wp-json\/wp\/v2\/pages\/13714\/revisions"}],"wp:featuredmedia":[{"embeddable":true,"href":"https:\/\/konferenztechnik.de\/es\/wp-json\/wp\/v2\/media\/45482"}],"wp:attachment":[{"href":"https:\/\/konferenztechnik.de\/es\/wp-json\/wp\/v2\/media?parent=13714"}],"curies":[{"name":"wp","href":"https:\/\/api.w.org\/{rel}","templated":true}]}}