{"id":1562,"date":"2013-08-30T15:08:02","date_gmt":"2013-08-30T13:08:02","guid":{"rendered":"https:\/\/konferenztechnik.de\/?page_id=1562"},"modified":"2013-08-30T15:08:02","modified_gmt":"2013-08-30T13:08:02","slug":"lista-de-referencias-evento","status":"publish","type":"page","link":"https:\/\/konferenztechnik.de\/es\/quienes-somos\/lista-de-referencias-evento\/","title":{"rendered":"Lista de referencia del acontecimiento"},"content":{"rendered":"<h1>Lista de referencia del acontecimiento<\/h1>\n<ul>\n<li>ABB LTD.<\/li>\n<li>Abbott GmbH &amp; Co. KG<\/li>\n<li>Grupo W\u00fcrth<\/li>\n<li>Grupo BMW<\/li>\n<li>Asociaci\u00f3n Alemana de Editores y Libreros<\/li>\n<li>Bosch Rexroth AG<\/li>\n<li>Embajada de EE.UU.<\/li>\n<li>BP Oil Marketing<\/li>\n<li>BPW \u2013 Bergische Achsen<\/li>\n<li>Brahms AG<\/li>\n<li>B. Braun Melsungen AG<\/li>\n<li>Asociaci\u00f3n Federal de Int\u00e9rpretes y Traductores (BD\u00dc)<\/li>\n<li>Tribunal Constitucional Federal<\/li>\n<li>Daimler AG<\/li>\n<li>Deichmann<\/li>\n<li>DFB \u2013 Asociaci\u00f3n Alemana de F\u00fatbol e.V.<\/li>\n<li>Fundaci\u00f3n Dieter Schwarz, organizaci\u00f3n sin \u00e1nimo de lucro<\/li>\n<li>FIFA \u2013 F\u00e9d\u00e9ration Internationale de Football Association<\/li>\n<li>Fundaci\u00f3n Fritz Thyssen<\/li>\n<li>Fujifilm<\/li>\n<li>DMG Mori Seiki AG<\/li>\n<li>Drees &amp; Sommer AG<\/li>\n<li>Ecolab Alemania GmbH<\/li>\n<li>Ford Werke AG<\/li>\n<li>Universidad Libre de Berl\u00edn<\/li>\n<li>EASA \u2013 Agencia Europea de Seguridad A\u00e9rea<\/li>\n<li>GETRAG International GmbH<\/li>\n<li>C\u00e1mara de Artesan\u00eda de D\u00fcsseldorf<\/li>\n<li>HeidelbergCement AG<\/li>\n<li>Henry Schein Dental Germany GmbH<\/li>\n<li>Universidad de Ciencias Aplicadas de Niederrhein<\/li>\n<li>Hochtief AG<\/li>\n<li>ICG \u2013 Congreso de Innovaci\u00f3n GmbH<\/li>\n<li>IHK D\u00fcsseldorf<\/li>\n<li>Kl\u00f6ckner AG<\/li>\n<li>KPMG<\/li>\n<li>Parlamento regional de Renania del Norte-Westfalia<\/li>\n<li>Lidl Dienstleistung GmbH &amp; Co. KG<\/li>\n<li>LKA D\u00fcsseldorf<\/li>\n<li>LR Health &amp; Beauty Systems GmbH<\/li>\n<li>Lufthansa Cargo AG<\/li>\n<li>Memorial y Centro Conmemorativo de Ravensbr\u00fcck<\/li>\n<li>Metro AG<\/li>\n<li>Nachi Europe GmbH<\/li>\n<li>REWE Zentral AG<\/li>\n<li>Rheinzink GmbH &amp; Co KG<\/li>\n<li>Sachtleben Chemie GmbH<\/li>\n<li>Banco Santander<\/li>\n<li>SCC EVENTS GmbH<\/li>\n<li>Sony Europa<\/li>\n<li>Fluido Sterling<\/li>\n<li>Targobank<\/li>\n<li>Telef\u00f3nica Deutschland Holding AG<\/li>\n<li>TEREX<\/li>\n<li>ThyssenKrupp AG<\/li>\n<li>Unilever Deutschland Holding GmbH<\/li>\n<li>Universidad de Heidelberg<\/li>\n<li>Vaillant GmbH<\/li>\n<li>Asociaci\u00f3n Alemana de Cementeras<\/li>\n<li>VISTEON Alemania GmbH<\/li>\n<li>WINGAS GmbH<\/li>\n<\/ul>","protected":false},"excerpt":{"rendered":"<p>Referenzliste Event ABB AG Abbott GmbH &#038; Co. KG W\u00fcrth Group BMW Group B\u00f6rsenverein des deutschen Buchhandels e.V. Bosch Rexroth AG Botschaft der USA BP Oil Marketing BPW \u2013 Bergische Achsen Brahms AG B. Braun Melsungen AG Bundesverband der Dolmetscher und \u00dcbersetzer e.V. (BD\u00dc) Bundesverfassungsgericht Daimler AG Deichmann DFB \u2013 Deutscher Fu\u00dfball-Bund e.V. Dieter Schwarz [&hellip;]<\/p>","protected":false},"author":1,"featured_media":45482,"parent":12,"menu_order":186,"comment_status":"closed","ping_status":"open","template":"page-right-sidebar.php","meta":{"_acf_changed":false,"footnotes":""},"class_list":["post-1562","page","type-page","status-publish","has-post-thumbnail","hentry"],"acf":[],"_links":{"self":[{"href":"https:\/\/konferenztechnik.de\/es\/wp-json\/wp\/v2\/pages\/1562","targetHints":{"allow":["GET"]}}],"collection":[{"href":"https:\/\/konferenztechnik.de\/es\/wp-json\/wp\/v2\/pages"}],"about":[{"href":"https:\/\/konferenztechnik.de\/es\/wp-json\/wp\/v2\/types\/page"}],"author":[{"embeddable":true,"href":"https:\/\/konferenztechnik.de\/es\/wp-json\/wp\/v2\/users\/1"}],"replies":[{"embeddable":true,"href":"https:\/\/konferenztechnik.de\/es\/wp-json\/wp\/v2\/comments?post=1562"}],"version-history":[{"count":0,"href":"https:\/\/konferenztechnik.de\/es\/wp-json\/wp\/v2\/pages\/1562\/revisions"}],"up":[{"embeddable":true,"href":"https:\/\/konferenztechnik.de\/es\/wp-json\/wp\/v2\/pages\/12"}],"wp:featuredmedia":[{"embeddable":true,"href":"https:\/\/konferenztechnik.de\/es\/wp-json\/wp\/v2\/media\/45482"}],"wp:attachment":[{"href":"https:\/\/konferenztechnik.de\/es\/wp-json\/wp\/v2\/media?parent=1562"}],"curies":[{"name":"wp","href":"https:\/\/api.w.org\/{rel}","templated":true}]}}