{"id":15768,"date":"2020-03-03T15:58:42","date_gmt":"2020-03-03T14:58:42","guid":{"rendered":"https:\/\/www.konferenztechnik.de\/?page_id=15768"},"modified":"2023-07-05T10:55:57","modified_gmt":"2023-07-05T08:55:57","slug":"videoconferencia-2","status":"publish","type":"page","link":"https:\/\/konferenztechnik.de\/es\/videoconferencia-2\/","title":{"rendered":"Videoconferencia"},"content":{"rendered":"<h1>Alquiler de videoconferencias \u2013 Conferencias virtuales en todo el mundo<\/h1>\n<h2>Comunicaci\u00f3n r\u00e1pida y flexible en todo el mundo. Empleados en red, reuniones y conferencias virtuales.<\/h2>\n<div class=\"call-action-slider-img\"><img decoding=\"async\" class=\"alignleft size-full wp-image-15812\" src=\"https:\/\/konferenztechnik.de\/wp-content\/uploads\/2020\/03\/videokonferenz-technik-mieten-1.jpg\" alt=\"Alquile tecnolog\u00eda de videoconferencia de PCS\" title=\"\"><br \/>\n<button class=\"btn btn-nopic popmake-14167\">Solicitar ahora \u203a<\/button><\/div>\n<p>Somos proveedores de tecnolog\u00eda para su videoconferencia. Contrate con PCS Konferenztechnik el sistema adecuado para su videoconferencia. Elija la configuraci\u00f3n seg\u00fan sus necesidades y el tama\u00f1o de su reuni\u00f3n\/conferencia.<\/p>\n<p>Ofrecemos soluciones personalizadas tanto para peque\u00f1as reuniones como para juntas directivas con mayores exigencias de seguridad, comodidad y funcionalidad. Dependiendo de la situaci\u00f3n, todas las reuniones pueden celebrarse tambi\u00e9n de forma puramente virtual. Todos los participantes se conectan a trav\u00e9s de un cliente desde su puesto de trabajo. Esto tambi\u00e9n funciona desde su oficina en casa.<\/p>\n<p>Podemos conectar int\u00e9rpretes simult\u00e1neos de hasta 10 idiomas en directo a trav\u00e9s de nuestros HUBs de interpretaci\u00f3n. Todos los participantes hablan en su lengua materna y pueden seleccionar el canal de interpretaci\u00f3n adecuado.<\/p>\n<h2><strong>Estas opciones son est\u00e1ndar con PCS<\/strong><\/h2>\n<p>Reuniones virtuales en todo el mundo<br \/>\nEspectadores ilimitados v\u00eda streaming<br \/>\nInt\u00e9rpretes de hasta 32 idiomas simult\u00e1neamente<br \/>\n300 participantes activos (ponentes, presentadores)<\/p>\n<p>9 centros de interpretaci\u00f3n a distancia, centros temporales en todo el pa\u00eds<br \/>\nApoyo de t\u00e9cnicos y moderadores<br \/>\nProtecci\u00f3n por contrase\u00f1a y transmisi\u00f3n encriptada<\/p>\n<p>Para soluciones personalizadas con m\u00e1s participantes, idiomas u otros requisitos, p\u00f3ngase en contacto con nosotros. Encontraremos una soluci\u00f3n.<\/p>\n<h2><b>Alquilar una videoconferencia: Ejemplos de aplicaci\u00f3n y opciones t\u00e9cnicas<\/b><\/h2>\n<p>Las videoconferencias siempre son planificadas individualmente por nosotros, la tecnolog\u00eda suele ser montada y desmontada por nuestros t\u00e9cnicos y, en caso necesario, recibimos asistencia.<\/p>\n<div class=\"bundle-container\">\n<div class=\"bundle-box\"><span class=\"no-hint\">Espont\u00e1neo, flexible<\/span><\/p>\n<div class=\"bundle-box-head\"><span class=\"bundle-title\">Videoconferencia<\/span><\/div>\n<div class=\"bundle-box-body\">\n<p class=\"text-kleiner\">Esta configuraci\u00f3n es adecuada para peque\u00f1as reuniones de hasta 8 personas. Incluye una posici\u00f3n de c\u00e1mara fija, un micr\u00f3fono de sala para todos los participantes, un altavoz de mesa y una pantalla.<\/p>\n<\/div>\n<p>Mostrar<br \/>\nC\u00e1mara (plano largo)<br \/>\nMicr\u00f3fono de mesa<br \/>\nAltavoz de mesa<\/p>\n<p><span class=\"bundle-space popmake-14167\">Solicitar informaci\u00f3n<\/span><\/p>\n<\/div>\n<div class=\"bundle-box\"><span class=\"no-hint\">Casi siempre adecuado<\/span><\/p>\n<div class=\"bundle-box-head\"><span class=\"bundle-title\">Videoconferencia est\u00e1ndar<\/span><\/div>\n<div class=\"bundle-box-body\">\n<p class=\"text-kleiner\">La configuraci\u00f3n est\u00e1ndar de videoconferencia se recomienda para reuniones de hasta 15 personas. Las posiciones de c\u00e1mara ajustables individualmente mejoran la visi\u00f3n de los participantes.<\/p>\n<\/div>\n<p>Mostrar<br \/>\nC\u00e1mara con posiciones individuales m\u00e1s plano largo<br \/>\nMicr\u00f3fono de mesa<br \/>\nAltavoz de mesa<\/p>\n<p><span class=\"bundle-space popmake-14167\">Solicitar informaci\u00f3n<\/span><\/p>\n<\/div>\n<div class=\"bundle-box\"><span class=\"hint\">Nuestra recomendaci\u00f3n<\/span><\/p>\n<div class=\"bundle-box-head\">\n<p><span class=\"bundle-title\">Videoconferencia extra<\/span><\/p>\n<\/div>\n<div class=\"bundle-box-body\">\n<p class=\"text-kleiner\">Reuni\u00f3n del presidente, reuni\u00f3n del consejo de supervisi\u00f3n u otras reuniones importantes: micr\u00f3fonos y altavoces individuales para cada participante y posicionamiento autom\u00e1tico de la c\u00e1mara cuando se activa el micr\u00f3fono.<\/p>\n<\/div>\n<p>Mostrar<br \/>\nC\u00e1mara con posiciones autom\u00e1ticas en el altavoz<br \/>\nMicr\u00f3fono de mesa individual para cada participante<br \/>\nAltavoz integrado en el micr\u00f3fono de sobremesa<\/p>\n<p><span class=\"bundle-space popmake-14167\">Solicitar informaci\u00f3n<\/span><\/p>\n<\/div>\n<\/div>\n<p>Reserve funciones opcionales seg\u00fan sus necesidades o cree su propio sistema:<\/p>\n<div id=\"newscontainer\">\n<div class=\"newskasten\">\n<h3>Funci\u00f3n de interpretaci\u00f3n<\/h3>\n<p>Sistema de interpretaci\u00f3n integrado<br \/>\n<a href=\"https:\/\/konferenztechnik.de\/es\/interpretacion-a-distancia-2\/\">Interpretaci\u00f3n a distancia<\/a><br \/>\nTransmisi\u00f3n a la red en caso necesario<br \/>\n<a href=\"https:\/\/konferenztechnik.de\/es\/alquiler-de-cabinas-de-interpretacion\/\">Cabinas de interpretaci\u00f3n<\/a><\/p>\n<\/div>\n<div class=\"newskasten\">\n<h3>Audio y v\u00eddeo<\/h3>\n<p><a href=\"https:\/\/konferenztechnik.de\/es\/lexico\/sistemas-de-sonido\/\">Sistema de sonido<\/a><br \/>\nGrabaci\u00f3n de audio y v\u00eddeo<br \/>\nProyectores, pantallas<\/p>\n<\/div>\n<div class=\"newskasten\">\n<h3>Streaming<\/h3>\n<p>Streaming de audio y v\u00eddeo<br \/>\nInicio de sesi\u00f3n personalizado<br \/>\nAccesible en todo el mundo<\/p>\n<\/div>\n<\/div>\n<h2>Videoconferencia con c\u00e1mara DOME<\/h2>\n<p>Conectamos el sistema de videoconferencia a una c\u00e1mara DOME. \u00c9sta se mueve con un motor y enfoca autom\u00e1ticamente al orador cuando se activa su micr\u00f3fono. Tras el discurso, la c\u00e1mara DOME vuelve a su posici\u00f3n original y muestra un plano largo, es decir, toda la sala de reuniones. Este sistema es adecuado tanto para peque\u00f1as como para grandes reuniones y conferencias.<\/p>\n<p><img decoding=\"async\" class=\"alignleft size-full wp-image-15822\" src=\"https:\/\/konferenztechnik.de\/wp-content\/uploads\/2020\/03\/Videokonferenz-mit-DOME-Kamera-1.jpg\" alt=\"Videoconferencia con c\u00e1maras y micr\u00f3fonos DOME\" title=\"\"><\/p>\n<h2>Diferentes tipos de micr\u00f3fonos y refuerzo sonoro<\/h2>\n<p>Dependiendo del tama\u00f1o de la reuni\u00f3n o conferencia, existen diferentes configuraciones para la tecnolog\u00eda de audio. Para reuniones peque\u00f1as, recomendamos un micr\u00f3fono de sala que se coloca en el centro de la mesa. Este micr\u00f3fono recoge las intervenciones de todos los participantes por igual. El altavoz integrado se utiliza para el sistema de sonido. Tambi\u00e9n se pueden instalar altavoces adicionales para cubrir una zona m\u00e1s amplia. Si hay varios participantes, tambi\u00e9n se pueden instalar varios micr\u00f3fonos de sala.<\/p>\n<p><img fetchpriority=\"high\" decoding=\"async\" width=\"640\" height=\"383\" class=\"alignleft size-full wp-image-15832\" src=\"https:\/\/konferenztechnik.de\/wp-content\/uploads\/2020\/03\/videokonferenz-lautsprecher-mieten.jpg\" alt=\"Alquiler de altavoces para videoconferencias\" title=\"\" srcset=\"https:\/\/konferenztechnik.de\/wp-content\/uploads\/2020\/03\/videokonferenz-lautsprecher-mieten.jpg 640w, https:\/\/konferenztechnik.de\/wp-content\/uploads\/2020\/03\/videokonferenz-lautsprecher-mieten-300x180.jpg 300w\" sizes=\"(max-width: 640px) 100vw, 640px\" \/><\/p>\n<p>Los micr\u00f3fonos de mesa son los m\u00e1s adecuados para grupos grandes. Cada participante tiene su propio micr\u00f3fono, que puede activar y desactivar con un bot\u00f3n. Tambi\u00e9n es posible que dos participantes compartan micr\u00f3fono. Esto ahorra espacio y costes. El uso de unidades de micr\u00f3fono de mesa aumenta la calidad del sonido de los discursos. Adem\u00e1s, se suprimen mejor los ruidos de fondo.<\/p>\n<p><img decoding=\"async\" width=\"640\" height=\"383\" class=\"alignleft size-full wp-image-15836\" src=\"https:\/\/konferenztechnik.de\/wp-content\/uploads\/2020\/03\/videokonferenz-mikrofone-mieten.jpg\" alt=\"Alquiler de micr\u00f3fonos para videoconferencias\" title=\"\" srcset=\"https:\/\/konferenztechnik.de\/wp-content\/uploads\/2020\/03\/videokonferenz-mikrofone-mieten.jpg 640w, https:\/\/konferenztechnik.de\/wp-content\/uploads\/2020\/03\/videokonferenz-mikrofone-mieten-300x180.jpg 300w\" sizes=\"(max-width: 640px) 100vw, 640px\" \/><\/p>\n<h2>Videoconferencias e int\u00e9rpretes<\/h2>\n<p>Nuestros sistemas de conferencia ofrecen la posibilidad de integrar int\u00e9rpretes simult\u00e1neos directamente en la videoconferencia. Los participantes pueden escuchar la traducci\u00f3n directamente en sus micr\u00f3fonos de mesa, a trav\u00e9s de receptores de conferencia (con auriculares) o por megafon\u00eda (para interpretaci\u00f3n consecutiva). Los int\u00e9rpretes trabajan desde una cabina de interpretaci\u00f3n directamente in situ o mediante interpretaci\u00f3n a distancia, es decir, conectados a trav\u00e9s de Internet.<\/p>\n<p><img decoding=\"async\" width=\"531\" height=\"383\" class=\"alignleft size-full wp-image-15841\" src=\"https:\/\/konferenztechnik.de\/wp-content\/uploads\/2020\/03\/videokonferenz-dolmetscher.jpg\" alt=\"Videoconferencia con int\u00e9rpretes\" title=\"\" srcset=\"https:\/\/konferenztechnik.de\/wp-content\/uploads\/2020\/03\/videokonferenz-dolmetscher.jpg 531w, https:\/\/konferenztechnik.de\/wp-content\/uploads\/2020\/03\/videokonferenz-dolmetscher-300x216.jpg 300w\" sizes=\"(max-width: 531px) 100vw, 531px\" \/><\/p>\n<h2>Videoconferencia \u2013 \u00a1Tenga en cuenta!<\/h2>\n<p>Para el funcionamiento de los sistemas es imprescindible disponer de una conexi\u00f3n a Internet de banda ancha y que su departamento inform\u00e1tico apruebe\/configure la l\u00ednea para nuestro sistema. Estaremos encantados de asesorarle y aclarar todas sus dudas por adelantado.<\/p>","protected":false},"excerpt":{"rendered":"<p>Videokonferenz mieten &#8211; Virtuelle Konferenzen weltweit Schnelle und flexible Kommunikation weltweit. Mitarbeiter vernetzen, virtuelle Meetings und Konferenzen Jetzt anfragen \u203a Wir sind Anbieter f\u00fcr Technik f\u00fcr Ihre Videokonferenz. Mieten Sie bei PCS Konferenztechnik das passende System f\u00fcr Ihre Videokonferenz. Suchen Sie sich das Setup ganz nach Ihren Vorstellungen und der Gr\u00f6\u00dfe Ihres Meetings\/Ihrer Konferenz aus. [&hellip;]<\/p>","protected":false},"author":1,"featured_media":45482,"parent":0,"menu_order":0,"comment_status":"closed","ping_status":"closed","template":"","meta":{"_acf_changed":false,"footnotes":""},"class_list":["post-15768","page","type-page","status-publish","has-post-thumbnail","hentry"],"acf":[],"_links":{"self":[{"href":"https:\/\/konferenztechnik.de\/es\/wp-json\/wp\/v2\/pages\/15768","targetHints":{"allow":["GET"]}}],"collection":[{"href":"https:\/\/konferenztechnik.de\/es\/wp-json\/wp\/v2\/pages"}],"about":[{"href":"https:\/\/konferenztechnik.de\/es\/wp-json\/wp\/v2\/types\/page"}],"author":[{"embeddable":true,"href":"https:\/\/konferenztechnik.de\/es\/wp-json\/wp\/v2\/users\/1"}],"replies":[{"embeddable":true,"href":"https:\/\/konferenztechnik.de\/es\/wp-json\/wp\/v2\/comments?post=15768"}],"version-history":[{"count":0,"href":"https:\/\/konferenztechnik.de\/es\/wp-json\/wp\/v2\/pages\/15768\/revisions"}],"wp:featuredmedia":[{"embeddable":true,"href":"https:\/\/konferenztechnik.de\/es\/wp-json\/wp\/v2\/media\/45482"}],"wp:attachment":[{"href":"https:\/\/konferenztechnik.de\/es\/wp-json\/wp\/v2\/media?parent=15768"}],"curies":[{"name":"wp","href":"https:\/\/api.w.org\/{rel}","templated":true}]}}