{"id":15875,"date":"2020-03-04T15:27:31","date_gmt":"2020-03-04T14:27:31","guid":{"rendered":"https:\/\/www.konferenztechnik.de\/?page_id=15875"},"modified":"2020-03-04T15:27:31","modified_gmt":"2020-03-04T14:27:31","slug":"alquiler-tecnologia-streaming","status":"publish","type":"page","link":"https:\/\/konferenztechnik.de\/es\/alquiler-tecnologia-streaming\/","title":{"rendered":"Alquiler de tecnolog\u00eda de streaming"},"content":{"rendered":"<h1>Contratar tecnolog\u00eda de streaming \u2013 Streaming de eventos, conferencias y reuniones<\/h1>\n<h2>Conecte a empleados, clientes, departamentos y sucursales de la empresa en todo el mundo y refuerce la comunicaci\u00f3n mediante streaming<\/h2>\n<div class=\"call-action-slider-img\">\n<img fetchpriority=\"high\" decoding=\"async\" width=\"940\" height=\"411\" src=\"https:\/\/konferenztechnik.de\/wp-content\/uploads\/2013\/09\/b061.jpg\" alt=\"Alquiler de tecnolog\u00eda de streaming\" class=\"alignleft size-full wp-image-3201\" title=\"\" srcset=\"https:\/\/konferenztechnik.de\/wp-content\/uploads\/2013\/09\/b061.jpg 940w, https:\/\/konferenztechnik.de\/wp-content\/uploads\/2013\/09\/b061-300x131.jpg 300w, https:\/\/konferenztechnik.de\/wp-content\/uploads\/2013\/09\/b061-768x336.jpg 768w\" sizes=\"(max-width: 940px) 100vw, 940px\" \/><br \/>\n<button class=\"btn btn-nopic popmake-14167\">Pida presupuesto ahora &#x9B;<\/button>\n<\/div>\n<p>Contrate la tecnolog\u00eda de streaming de PCS: retransmitimos su evento en l\u00ednea: retransmita conferencias, reuniones y eventos en directo por Internet y p\u00f3ngalos a disposici\u00f3n para su visualizaci\u00f3n posterior. Permita que participantes internacionales, empleados de otras sucursales o incluso un p\u00fablico m\u00e1s amplio participen f\u00e1cilmente en sus eventos.<\/p>\n<h2><strong>Transmisi\u00f3n de audio<\/strong><\/h2>\n<div class=\"call-action-slider-img\">\n<img decoding=\"async\" src=\"https:\/\/konferenztechnik.de\/wp-content\/uploads\/2013\/06\/06-ueber-uns-technikerplatz.jpg\" alt=\"T\u00e9cnicos trabajando.\" width=\"940\" height=\"420\" class=\"size-full wp-image-233\" title=\"\" srcset=\"https:\/\/konferenztechnik.de\/wp-content\/uploads\/2013\/06\/06-ueber-uns-technikerplatz.jpg 940w, https:\/\/konferenztechnik.de\/wp-content\/uploads\/2013\/06\/06-ueber-uns-technikerplatz-300x134.jpg 300w, https:\/\/konferenztechnik.de\/wp-content\/uploads\/2013\/06\/06-ueber-uns-technikerplatz-768x343.jpg 768w\" sizes=\"(max-width: 940px) 100vw, 940px\" \/><br \/>\n<button class=\"btn btn-nopic popmake-14167\">Consulte precios ahora &#x9B;<\/button>\n<\/div>\n<p>Ofrezca a su p\u00fablico un flujo de audio. Podr\u00e1n seguir su evento en directo o con retraso.<\/p>\n<h2><strong>Transmisi\u00f3n de v\u00eddeo<\/strong><\/h2>\n<div class=\"call-action-slider-img\">\n<img decoding=\"async\" src=\"https:\/\/konferenztechnik.de\/wp-content\/uploads\/2013\/09\/b02.jpg\" alt=\"Contrate la tecnolog\u00eda de streaming de PCS\" width=\"940\" height=\"411\" class=\"alignleft size-full wp-image-3151\" title=\"\" srcset=\"https:\/\/konferenztechnik.de\/wp-content\/uploads\/2013\/09\/b02.jpg 940w, https:\/\/konferenztechnik.de\/wp-content\/uploads\/2013\/09\/b02-300x131.jpg 300w, https:\/\/konferenztechnik.de\/wp-content\/uploads\/2013\/09\/b02-768x336.jpg 768w\" sizes=\"(max-width: 940px) 100vw, 940px\" \/><br \/>\n<button class=\"btn btn-nopic popmake-14167\">Solicite un presupuesto ahora &#x9B;<\/button>\n<\/div>\n<p>Adem\u00e1s del sonido, tambi\u00e9n se transmite la imagen. Es posible realizar transmisiones sencillas con unas pocas posiciones de c\u00e1mara, as\u00ed como producciones elaboradas con sus propios directores de imagen, c\u00e1maras y mezcladores de v\u00eddeo. Si busca m\u00e1s informaci\u00f3n sobre videoconferencias, puede encontrarla aqu\u00ed: <a href=\"https:\/\/konferenztechnik.de\/es\/videoconferencia-2\/\">Alquiler de tecnolog\u00eda de videoconferencia<\/a>.<\/p>\n<h2><strong>Interpretaci\u00f3n a distancia<\/strong><\/h2>\n<div class=\"call-action-slider-img\">\n<img loading=\"lazy\" decoding=\"async\" src=\"https:\/\/konferenztechnik.de\/wp-content\/uploads\/2013\/06\/11-simultanevent-konferenztechnik.jpg\" alt=\"Supervisi\u00f3n de actos simult\u00e1neos, conferencias y funciones.\" width=\"940\" height=\"420\" class=\"size-full wp-image-266\" title=\"\" srcset=\"https:\/\/konferenztechnik.de\/wp-content\/uploads\/2013\/06\/11-simultanevent-konferenztechnik.jpg 940w, https:\/\/konferenztechnik.de\/wp-content\/uploads\/2013\/06\/11-simultanevent-konferenztechnik-300x134.jpg 300w, https:\/\/konferenztechnik.de\/wp-content\/uploads\/2013\/06\/11-simultanevent-konferenztechnik-768x343.jpg 768w\" sizes=\"(max-width: 940px) 100vw, 940px\" \/><br \/>\n<button class=\"btn btn-nopic popmake-14167\">Pida presupuesto ahora &#x9B;<\/button>\n<\/div>\n<p>Ofrecemos interpretaci\u00f3n a distancia desde todas las sucursales de PCS del pa\u00eds. Utilice nuestros HUBs centralizados de interpretaci\u00f3n a distancia si es necesario.<\/p>\n<p>Con la interpretaci\u00f3n a distancia (RSI), los int\u00e9rpretes trabajan independientemente del lugar del evento. Su lugar de trabajo puede estar en una sala vecina, en otra parte del edificio o incluso en un lugar completamente distinto. Es lo que se conoce como interpretaci\u00f3n a distancia. Convertimos digitalmente las se\u00f1ales de audio y v\u00eddeo necesarias, las transmitimos a cualquier lugar a trav\u00e9s de la red del edificio o de Internet y las volvemos a enviar. Lo ideal es hacerlo desde los llamados estudios de interpretaci\u00f3n (centros de interpretaci\u00f3n).<\/p>\n<p><a href=\"https:\/\/konferenztechnik.de\/es\/interpretacion-a-distancia-2\/\">M\u00e1s informaci\u00f3n<\/a><\/p>\n<h2><strong>Estudio a distancia \/ HUB de interpretaci\u00f3n a distancia<\/strong><\/h2>\n<p>Ahora ofrecemos estudios de interpretaci\u00f3n en todas las sucursales de PCS. Utilice nuestros HUBs remotos en Berl\u00edn, M\u00fanich o D\u00fcsseldorf para que su evento sea interpretado simult\u00e1neamente en todo el pa\u00eds o en todo el mundo. Tambi\u00e9n podemos instalar nuestros HUB temporales en su barrio o en la mejor ubicaci\u00f3n para los int\u00e9rpretes.<\/p>\n<p><a href=\"https:\/\/konferenztechnik.de\/es\/interpretacion-a-distancia-2\/\">M\u00e1s informaci\u00f3n<\/a><\/p>\n<p>Si desea utilizar la interpretaci\u00f3n a distancia, debe haber una estaci\u00f3n de trabajo para los int\u00e9rpretes que sea independiente del lugar de la reuni\u00f3n. Puede instalarse en una sala contigua, en otra parte del edificio o en el exterior. Si es necesario, podemos instalar un centro de interpretaci\u00f3n externo, m\u00f3vil y temporal \u2013, tambi\u00e9n conocido como \"estudio de interpretaci\u00f3n\". Este estudio se adaptar\u00e1 en tama\u00f1o y alcance seg\u00fan las necesidades.<\/p>\n<p>Es importante que el lugar de trabajo de los int\u00e9rpretes cumpla las normas de calidad exigidas para la interpretaci\u00f3n simult\u00e1nea. Las palabras clave son: Ac\u00fastica de la sala, calidad de los flujos de audio y v\u00eddeo y tecnolog\u00eda de interpretaci\u00f3n. Estos est\u00e1ndares est\u00e1n regulados en las normas ISO, que utilizamos como gu\u00eda a la hora de configurar el lugar de trabajo. Si tiene ideas m\u00e1s concretas, tambi\u00e9n podemos montar los HUB\/estudios seg\u00fan sus deseos.<\/p>\n<h2><strong>Conferencia telef\u00f3nica<\/strong><\/h2>\n<div class=\"call-action-slider-img\">\n<img loading=\"lazy\" decoding=\"async\" width=\"1024\" height=\"385\" src=\"https:\/\/konferenztechnik.de\/wp-content\/uploads\/2017\/02\/sennheiserteamconnectwireless-1024x385.jpg\" alt=\"\" class=\"alignleft size-large wp-image-9113\" title=\"\" srcset=\"https:\/\/konferenztechnik.de\/wp-content\/uploads\/2017\/02\/sennheiserteamconnectwireless-1024x385.jpg 1024w, https:\/\/konferenztechnik.de\/wp-content\/uploads\/2017\/02\/sennheiserteamconnectwireless-300x113.jpg 300w, https:\/\/konferenztechnik.de\/wp-content\/uploads\/2017\/02\/sennheiserteamconnectwireless-768x288.jpg 768w, https:\/\/konferenztechnik.de\/wp-content\/uploads\/2017\/02\/sennheiserteamconnectwireless.jpg 1201w\" sizes=\"(max-width: 1024px) 100vw, 1024px\" \/><br \/>\n<button class=\"btn btn-nopic popmake-14167\">Solicite un presupuesto ahora &#x9B;<\/button>\n<\/div>\n<p>En una conferencia telef\u00f3nica, la se\u00f1al de audio se transmite tambi\u00e9n por Internet y se pone as\u00ed a disposici\u00f3n de la estaci\u00f3n remota, o bien la transmisi\u00f3n tiene lugar a trav\u00e9s de la l\u00ednea telef\u00f3nica. Trabajamos con h\u00edbridos telef\u00f3nicos digitales (o anal\u00f3gicos, si es necesario) de alto rendimiento u otros sistemas basados en Internet.<\/p>\n<p>[spacer size=\"20\u2033]<br \/>\n[clear]<\/p>\n<div class=\"boxcontainer\">\n<div class=\"box1-4\">\n<div class=\"box-head\">Streaming y RSI<\/div>\n<p><img loading=\"lazy\" decoding=\"async\" width=\"800\" height=\"533\" src=\"https:\/\/konferenztechnik.de\/wp-content\/uploads\/2013\/09\/christian_becker_pcs-gmbh.jpg\" alt=\"christian_becker_pcs-gmbh\" class=\"alignleft size-full wp-image-2293\" title=\"\" srcset=\"https:\/\/konferenztechnik.de\/wp-content\/uploads\/2013\/09\/christian_becker_pcs-gmbh.jpg 800w, https:\/\/konferenztechnik.de\/wp-content\/uploads\/2013\/09\/christian_becker_pcs-gmbh-300x200.jpg 300w, https:\/\/konferenztechnik.de\/wp-content\/uploads\/2013\/09\/christian_becker_pcs-gmbh-768x512.jpg 768w\" sizes=\"(max-width: 800px) 100vw, 800px\" \/><br \/>\nChristian Becker<br \/>\nJefe de Alquileres<br \/>\nTel\u00e9fono +49 211 737798 17<br \/>\n<span class=\"volleansicht\">correo electr\u00f3nico <a href=\"mailto:becker@konferenztechnik.de\" onclick=\"ga('send', 'event', 'Email-Klick', 'Kontakt Becker');\">escriba a<\/a><br \/><\/span><br \/>\n<span class=\"mobileansicht\">correo electr\u00f3nico <a href=\"mailto:becker@konferenztechnik.de\" onclick=\"ga('send', 'event', 'Email-Klick', 'Kontakt Becker');\">escriba a<\/a><br \/><\/span>\n<\/div>\n<\/div>","protected":false},"excerpt":{"rendered":"<p>Alquile tecnolog\u00eda de streaming \u2013 Retransmisi\u00f3n de eventos, conferencias y reuniones Conecte en red a empleados, clientes, departamentos y sucursales de empresas de todo el mundo y refuerce la comunicaci\u00f3n mediante streaming Obtenga una oferta ahora &#x9B; Alquile tecnolog\u00eda de streaming a PCS: Retransmitimos su evento en l\u00ednea: retransmita conferencias, reuniones y eventos en directo por Internet y p\u00f3ngalos a disposici\u00f3n para su posterior visualizaci\u00f3n. Permita que [...]<\/p>","protected":false},"author":1,"featured_media":45482,"parent":0,"menu_order":0,"comment_status":"closed","ping_status":"closed","template":"page-right-sidebar.php","meta":{"_acf_changed":false,"footnotes":""},"class_list":["post-15875","page","type-page","status-publish","has-post-thumbnail","hentry"],"acf":[],"_links":{"self":[{"href":"https:\/\/konferenztechnik.de\/es\/wp-json\/wp\/v2\/pages\/15875","targetHints":{"allow":["GET"]}}],"collection":[{"href":"https:\/\/konferenztechnik.de\/es\/wp-json\/wp\/v2\/pages"}],"about":[{"href":"https:\/\/konferenztechnik.de\/es\/wp-json\/wp\/v2\/types\/page"}],"author":[{"embeddable":true,"href":"https:\/\/konferenztechnik.de\/es\/wp-json\/wp\/v2\/users\/1"}],"replies":[{"embeddable":true,"href":"https:\/\/konferenztechnik.de\/es\/wp-json\/wp\/v2\/comments?post=15875"}],"version-history":[{"count":0,"href":"https:\/\/konferenztechnik.de\/es\/wp-json\/wp\/v2\/pages\/15875\/revisions"}],"wp:featuredmedia":[{"embeddable":true,"href":"https:\/\/konferenztechnik.de\/es\/wp-json\/wp\/v2\/media\/45482"}],"wp:attachment":[{"href":"https:\/\/konferenztechnik.de\/es\/wp-json\/wp\/v2\/media?parent=15875"}],"curies":[{"name":"wp","href":"https:\/\/api.w.org\/{rel}","templated":true}]}}