{"id":16088,"date":"2020-04-27T10:27:54","date_gmt":"2020-04-27T09:27:54","guid":{"rendered":"https:\/\/www.konferenztechnik.de\/?page_id=16088"},"modified":"2020-04-27T10:27:54","modified_gmt":"2020-04-27T09:27:54","slug":"interprete-hub-duesseldorf","status":"publish","type":"page","link":"https:\/\/konferenztechnik.de\/es\/interprete-hub-duesseldorf\/","title":{"rendered":"Centro de interpretaci\u00f3n de D\u00fcsseldorf"},"content":{"rendered":"<h1>Interpreting Hub D\u00fcsseldorf: centro de interpretaci\u00f3n a distancia para la zona metropolitana de D\u00fcsseldorf, Colonia, Essen y Wuppertal.<\/h1>\n<div class=\"call-action-slider-img\">\n<img fetchpriority=\"high\" decoding=\"async\" src=\"https:\/\/konferenztechnik.de\/wp-content\/uploads\/2021\/08\/mobile-streamingstudios-bildregie-v2.jpg\" alt=\"mobile-streamingstudios-image-direction-v2\" width=\"835\" height=\"420\" class=\"alignleft size-full wp-image-18282\" title=\"\" srcset=\"https:\/\/konferenztechnik.de\/wp-content\/uploads\/2021\/08\/mobile-streamingstudios-bildregie-v2.jpg 835w, https:\/\/konferenztechnik.de\/wp-content\/uploads\/2021\/08\/mobile-streamingstudios-bildregie-v2-300x151.jpg 300w, https:\/\/konferenztechnik.de\/wp-content\/uploads\/2021\/08\/mobile-streamingstudios-bildregie-v2-768x386.jpg 768w\" sizes=\"(max-width: 835px) 100vw, 835px\" \/><br \/>\n<button class=\"btn btn-nopic popmake-9638\">Pida presupuesto ahora &#x9B;<\/button>\n<\/div>\n<p>Nuestros estudios de interpretaci\u00f3n en D\u00fcsseldorf ofrecen un lugar de trabajo profesional para los int\u00e9rpretes. Est\u00e1n equipados con tecnolog\u00eda de interpretaci\u00f3n profesional reconocida por los int\u00e9rpretes. La insonorizaci\u00f3n, la tecnolog\u00eda de audio y v\u00eddeo y las posibilidades de comunicaci\u00f3n se basan tanto en las normas ISO para interpretaci\u00f3n a distancia como en las especificaciones para interpretaci\u00f3n simult\u00e1nea a distancia de las asociaciones de int\u00e9rpretes.<br \/>\nOfrecemos anchos de banda de Internet estables y a prueba de fallos, transmisiones protegidas por contrase\u00f1a y encriptadas y una excelente calidad de audio y v\u00eddeo para sus eventos profesionales.<\/p>\n<p>[spacer size=\"10\u2033]<br \/>\n[column size=\"1-4\u2033 last=\"1\u2033]<br \/>\n[list icon=\"moon-checkmark\" colour=\"#a62055\u2033]10 idiomas simult\u00e1neamente[\/list]<br \/>\n[list icon=\"moon-checkmark\" colour=\"#a62055\u2033]Apoyo de t\u00e9cnicos y moderadores[\/list]<br \/>\n[list icon=\"moon-checkmark\" colour=\"#a62055\u2033]Espectadores ilimitados a trav\u00e9s de stream[\/list]<br \/>\n[\/columna]<br \/>\n[column size=\"1-4\u2033 last=\"1\u2033]<br \/>\n[list icon=\"moon-checkmark\" colour=\"#a62055\u2033]Reuniones virtuales en todo el mundo[\/list]<br \/>\n[list icon=\"moon-checkmark\" colour=\"#a62055\u2033]Protecci\u00f3n por contrase\u00f1a y transmisi\u00f3n cifrada[\/list]<br \/>\n[list icon=\"moon-checkmark\" colour=\"#a62055\u2033]Mejor calidad de audio y v\u00eddeo[\/list]<br \/>\n[\/columna]<br \/>\n[spacer size=\"30\u2033]<\/p>\n<p>Ofrecemos asistencia t\u00e9cnica in situ y a distancia \u2013 a todos los participantes en la reuni\u00f3n. Nuestros moderadores\/coordinadores t\u00e9cnicos ayudan a garantizar el buen funcionamiento t\u00e9cnico de la conferencia y est\u00e1n a mano para responder a las preguntas del presidente de la reuni\u00f3n y de los participantes. Tambi\u00e9n hay t\u00e9cnicos in situ en todo momento con contacto visual con los int\u00e9rpretes, que ayudan con preguntas y problemas y encuentran soluciones r\u00e1pidamente.<\/p>\n<p>Ofrecemos nuestros concentradores junto con un sistema de videoconferencia profesional con una amplia gama de funciones pr\u00e1cticas. Enviamos a la sede de su empresa o a sus participantes en l\u00ednea<\/p>\n<h2><strong>Interpreting Hub D\u00fcsseldorf: C\u00f3mo llegar y ubicaci\u00f3n del estudio de interpretaci\u00f3n PCS<\/strong><\/h2>\n<p>Encontrar\u00e1 el PCS Interpreting Hub directamente en nuestra sucursal de D\u00fcsseldorf. Hay plazas de aparcamiento gratuitas en las instalaciones, y ofrecemos servicio de catering e internet gratuito.<\/p>\n<p>Nos encontrar\u00e1 en Reisholzer Werftstra\u00dfe 42 en 40589 D\u00fcsseldorf\n<\/p>\n<p><iframe class=\"maps-full\" src=\"https:\/\/www.google.com\/maps\/embed?pb=!1m18!1m12!1m3!1d2501.758503047735!2d6.835735115877984!3d51.16824147958075!2m3!1f0!2f0!3f0!3m2!1i1024!2i768!4f13.1!3m3!1m2!1s0x47b8cb5e271b419f%3A0x40d95e282c05fe95!2sReisholzer%20Werftstra%C3%9Fe%2042%2C%2040589%20D%C3%BCsseldorf!5e0!3m2!1sde!2sde!4v1643030857700!5m2!1sde!2sde\" style=\"border:0;\" allowfullscreen=\"\" loading=\"lazy\"><\/iframe><\/p>\n<p>[spacer size=\"15\u2033]<\/p>\n<h2><strong>M\u00e1s estudios de interpretaci\u00f3n PCS en todo el pa\u00eds<\/strong><\/h2>\n<p>[spacer size=\"20\u2033]<br \/>\n[column size=\"1-4\u2033 last=\"1\u2033]<\/p>\n<p>PCS ofrece centros de interpretaci\u00f3n en todas las localidades de Alemania. Las sedes son Berl\u00edn, M\u00fanich y D\u00fcsseldorf. Tambi\u00e9n es posible instalar hubs m\u00f3viles directamente en sus inmediaciones o en los locales de su empresa\/organizaci\u00f3n \u2013 para alquilarlos y, por supuesto, comprarlos. P\u00f3ngase en contacto con nosotros.<\/p>\n<p>[\/columna]<\/p>\n<p>[column size=\"1-4\u2033 last=\"1\u2033]<br \/>\n<img decoding=\"async\" src=\"https:\/\/konferenztechnik.de\/wp-content\/uploads\/2021\/09\/PCS-Remote-Hubs-Dolmetsch-Hubs-Dolmetsch-Studios-bundesweit.jpg\" alt=\"PCS-Remote-Hubs-Interpreting-Hubs-Interpreting-Studios-nationwide\" width=\"777\" height=\"1024\" class=\"alignleft size-full wp-image-18392\" title=\"\" srcset=\"https:\/\/konferenztechnik.de\/wp-content\/uploads\/2021\/09\/PCS-Remote-Hubs-Dolmetsch-Hubs-Dolmetsch-Studios-bundesweit.jpg 777w, https:\/\/konferenztechnik.de\/wp-content\/uploads\/2021\/09\/PCS-Remote-Hubs-Dolmetsch-Hubs-Dolmetsch-Studios-bundesweit-228x300.jpg 228w, https:\/\/konferenztechnik.de\/wp-content\/uploads\/2021\/09\/PCS-Remote-Hubs-Dolmetsch-Hubs-Dolmetsch-Studios-bundesweit-768x1012.jpg 768w\" sizes=\"(max-width: 777px) 100vw, 777px\" \/><br \/>\n[\/columna]<\/p>\n<h2><strong>\u00bfQu\u00e9 es la interpretaci\u00f3n a distancia?<\/strong><\/h2>\n<p>Una reuni\u00f3n, acto o conferencia se transmite a los int\u00e9rpretes a trav\u00e9s de una red. \u00c9stos interpretan el acto en directo y simult\u00e1neamente. Los diferentes idiomas se retransmiten a la conferencia. Los participantes en el acto pueden seleccionar y escuchar el idioma que deseen.<br \/>\nTodo funciona en tiempo real, en todo el mundo. Puede escucharlo con receptores de conferencia especiales, a trav\u00e9s de una aplicaci\u00f3n en su tel\u00e9fono m\u00f3vil, port\u00e1til u ordenador, tel\u00e9fono fijo o mediante la integraci\u00f3n en su software de videoconferencia.<br \/>\nEncontrar\u00e1 m\u00e1s informaci\u00f3n en nuestro sitio web en &#x9B; <a href=\"https:\/\/konferenztechnik.de\/es\/interpretacion-a-distancia-2\/\">Interpretaci\u00f3n a distancia<\/a><\/p>","protected":false},"excerpt":{"rendered":"<p>Dolmetscher Hub D\u00fcsseldorf: Remote Interpreting Hub f\u00fcr den Gro\u00dfraum D\u00fcsseldorf, K\u00f6ln, Essen und Wuppertal Jetzt Angebot einholen &#x9B; Unsere Dolmetsch Studios D\u00fcsseldorf bieten einen professionellen Arbeitsplatz f\u00fcr Dolmetscherinnen und Dolmetscher. Sie sind mit professioneller und bei Dolmetscher:innen bekannter Dolmetschtechnik ausgestattet. Schallisolierung, Audio- und Videotechnik und die Kommunikationsm\u00f6glichkeiten orientieren sich sowohl an den ISO-Normen f\u00fcr das [&hellip;]<\/p>","protected":false},"author":1,"featured_media":45482,"parent":0,"menu_order":0,"comment_status":"closed","ping_status":"closed","template":"page-right-sidebar.php","meta":{"_acf_changed":false,"footnotes":""},"class_list":["post-16088","page","type-page","status-publish","has-post-thumbnail","hentry"],"acf":[],"_links":{"self":[{"href":"https:\/\/konferenztechnik.de\/es\/wp-json\/wp\/v2\/pages\/16088","targetHints":{"allow":["GET"]}}],"collection":[{"href":"https:\/\/konferenztechnik.de\/es\/wp-json\/wp\/v2\/pages"}],"about":[{"href":"https:\/\/konferenztechnik.de\/es\/wp-json\/wp\/v2\/types\/page"}],"author":[{"embeddable":true,"href":"https:\/\/konferenztechnik.de\/es\/wp-json\/wp\/v2\/users\/1"}],"replies":[{"embeddable":true,"href":"https:\/\/konferenztechnik.de\/es\/wp-json\/wp\/v2\/comments?post=16088"}],"version-history":[{"count":0,"href":"https:\/\/konferenztechnik.de\/es\/wp-json\/wp\/v2\/pages\/16088\/revisions"}],"wp:featuredmedia":[{"embeddable":true,"href":"https:\/\/konferenztechnik.de\/es\/wp-json\/wp\/v2\/media\/45482"}],"wp:attachment":[{"href":"https:\/\/konferenztechnik.de\/es\/wp-json\/wp\/v2\/media?parent=16088"}],"curies":[{"name":"wp","href":"https:\/\/api.w.org\/{rel}","templated":true}]}}