{"id":1810,"date":"2013-09-05T11:28:54","date_gmt":"2013-09-05T09:28:54","guid":{"rendered":"https:\/\/konferenztechnik.de\/?page_id=1810"},"modified":"2013-09-05T11:28:54","modified_gmt":"2013-09-05T09:28:54","slug":"sistemas-tuning-sistemas-ted-antiguos","status":"publish","type":"page","link":"https:\/\/konferenztechnik.de\/es\/alquiler-de-equipos-para-conferencias\/sistemas-tuning-sistemas-ted-antiguos\/","title":{"rendered":"Sistemas de votaci\u00f3n, sistemas TED"},"content":{"rendered":"<h1>Sistemas de votaci\u00f3n, sistemas TED<\/h1>\n<figure id=\"attachment_4099\" aria-describedby=\"caption-attachment-4099\" style=\"width: 288px\" class=\"wp-caption alignright\"><a href=\"https:\/\/konferenztechnik.de\/wp-content\/uploads\/2013\/12\/abstimmanlagen2.jpg\"><img fetchpriority=\"high\" decoding=\"async\" src=\"https:\/\/konferenztechnik.de\/wp-content\/uploads\/2013\/12\/abstimmanlagen2.jpg\" alt=\"TED y sistemas de votaci\u00f3n de PCS\" width=\"288\" height=\"198\" class=\"size-full wp-image-4099\" title=\"\"><\/a><figcaption id=\"caption-attachment-4099\" class=\"wp-caption-text\">El sistema de votaci\u00f3n PCS... interacci\u00f3n entre el altavoz y el pleno.<\/figcaption><\/figure>\n<p>La elecci\u00f3n correcta para encuestas de opini\u00f3n, cuestionarios y reuniones de accionistas.<\/p>\n<p>Nuestro sistema determina r\u00e1pidamente las opiniones y la experiencia de los participantes y hace que los resultados sean visibles para todos en la sesi\u00f3n plenaria.<br \/>\nCada participante puede expresar su opini\u00f3n con el<br \/>\nComparar y clasificar los resultados globales.<\/p>\n<p>El uso de este sistema de votaci\u00f3n interactiva genera una mayor atenci\u00f3n entre los participantes y les da la sensaci\u00f3n de que pueden opinar sobre lo que ocurre sin tener que presentarse. As\u00ed, el voto es an\u00f3nimo.<\/p>\n<p>El grado de informaci\u00f3n aumenta cuanto m\u00e1s activamente se implican los participantes en los temas.<\/p>\n<p>[spacer size=\"20\u2033]<br \/>\n<figure id=\"attachment_4114\" aria-describedby=\"caption-attachment-4114\" style=\"width: 650px\" class=\"wp-caption alignleft\"><a href=\"https:\/\/konferenztechnik.de\/wp-content\/uploads\/2013\/12\/abstimmeinheiten-bei-pcs.jpg\"><img decoding=\"async\" src=\"https:\/\/konferenztechnik.de\/wp-content\/uploads\/2013\/12\/abstimmeinheiten-bei-pcs.jpg\" alt=\"Puede votar utilizando un transpondedor o directamente a trav\u00e9s del interfono de sobremesa.\" width=\"650\" height=\"200\" class=\"size-full wp-image-4114\" title=\"\" srcset=\"https:\/\/konferenztechnik.de\/wp-content\/uploads\/2013\/12\/abstimmeinheiten-bei-pcs.jpg 650w, https:\/\/konferenztechnik.de\/wp-content\/uploads\/2013\/12\/abstimmeinheiten-bei-pcs-300x92.jpg 300w\" sizes=\"(max-width: 650px) 100vw, 650px\" \/><\/a><figcaption id=\"caption-attachment-4114\" class=\"wp-caption-text\">Puede votar utilizando un transpondedor o directamente a trav\u00e9s del interfono de sobremesa.<\/figcaption><\/figure><br \/>\n[spacer size=\"20\u2033]<\/p>\n<h1>\u00bfC\u00f3mo funciona el sistema de ajuste PCS? <\/h1>\n<h2>La cuesti\u00f3n<\/h2>\n<p>Todos los participantes recibir\u00e1n una unidad de votaci\u00f3n inal\u00e1mbrica al comienzo del simposio. Los ponentes formular\u00e1n al auditorio preguntas con un m\u00e1ximo de 10 respuestas posibles. Las preguntas pueden presentarse mediante proyecci\u00f3n de datos utilizando un PC y un proyector.<\/p>\n<h2>La votaci\u00f3n<\/h2>\n<p>Una vez que el orador ha moderado la pregunta, pide al pleno que vote. En la pantalla aparece una cuenta atr\u00e1s en grandes n\u00fameros. Se ha establecido un tiempo de votaci\u00f3n de 10 segundos. Dentro de este tiempo, los participantes pueden tomar una decisi\u00f3n y pulsar el bot\u00f3n correspondiente.<\/p>\n<h2>El resultado<\/h2>\n<p><img decoding=\"async\" src=\"https:\/\/konferenztechnik.de\/wp-content\/uploads\/2013\/12\/voting-bei-pcs-televic.jpg\" alt=\"Software de gesti\u00f3n del voto Televic\" width=\"600\" height=\"400\" class=\"alignleft size-full wp-image-4105\" title=\"\" srcset=\"https:\/\/konferenztechnik.de\/wp-content\/uploads\/2013\/12\/voting-bei-pcs-televic.jpg 600w, https:\/\/konferenztechnik.de\/wp-content\/uploads\/2013\/12\/voting-bei-pcs-televic-300x200.jpg 300w\" sizes=\"(max-width: 600px) 100vw, 600px\" \/><\/p>\n<p>En cuanto termina la cuenta atr\u00e1s, el ordenador calcula los votos emitidos y presenta el resultado en la pantalla en cuesti\u00f3n de segundos, por ejemplo, en forma de gr\u00e1fico de barras de colores.<\/p>\n<h1>Servicios del sistema de sintonizaci\u00f3n PCS de un vistazo<\/h1>\n<ul>\n<li>Pr\u00e1cticas unidades de ajuste inal\u00e1mbricas<\/li>\n<li>Teclado num\u00e9rico con hasta 10 opciones de selecci\u00f3n y tecla de correcci\u00f3n<\/li>\n<li>En la versi\u00f3n est\u00e1ndar se pueden utilizar simult\u00e1neamente m\u00e1s de 3.500 unidades de sintonizaci\u00f3n<\/li>\n<li>En una edici\u00f3n especial, pueden utilizarse simult\u00e1neamente hasta 18.000 unidades de votaci\u00f3n<\/li>\n<li>Votaci\u00f3n abierta o secreta<\/li>\n<li>Encuesta de opini\u00f3n, concurso o junta de accionistas<\/li>\n<li>Posibilidad de votaci\u00f3n en grupo<\/li>\n<li>Si lo desea, puede asignar un nombre a cada dispositivo de ajuste<\/li>\n<li>Tambi\u00e9n es posible ponderar los votos de cada dispositivo<\/li>\n<li>Conexi\u00f3n a PC con software TED variable con conexi\u00f3n a proyecci\u00f3n de datos<\/li>\n<li>Presentaci\u00f3n de los resultados en forma de gr\u00e1fico de barras, columnas o sectores<\/li>\n<li>Visualizaci\u00f3n de los resultados de la consulta en cifras absolutas o porcentuales<\/li>\n<li>Opciones de dise\u00f1o gratuitas para cada p\u00e1gina<\/li>\n<li>Importar logotipos y otras im\u00e1genes de programas gr\u00e1ficos<\/li>\n<li>Exportaci\u00f3n de los resultados a programas de hojas de c\u00e1lculo para su evaluaci\u00f3n<\/li>\n<\/ul>","protected":false},"excerpt":{"rendered":"<p>Sistemas de votaci\u00f3n, sistemas TED La elecci\u00f3n correcta para encuestas de opini\u00f3n, concursos y juntas de accionistas. Nuestro sistema determina r\u00e1pidamente las opiniones y la experiencia de los participantes y hace que los resultados sean visibles para todos en la sesi\u00f3n plenaria. Cada participante puede comparar y clasificar su propia opini\u00f3n con los resultados globales. El uso de este sistema de votaci\u00f3n interactivo genera una mayor concienciaci\u00f3n entre los participantes y [...]<\/p>","protected":false},"author":1,"featured_media":45482,"parent":3618,"menu_order":158,"comment_status":"closed","ping_status":"open","template":"page-right-sidebar.php","meta":{"_acf_changed":false,"footnotes":""},"class_list":["post-1810","page","type-page","status-publish","has-post-thumbnail","hentry"],"acf":[],"_links":{"self":[{"href":"https:\/\/konferenztechnik.de\/es\/wp-json\/wp\/v2\/pages\/1810","targetHints":{"allow":["GET"]}}],"collection":[{"href":"https:\/\/konferenztechnik.de\/es\/wp-json\/wp\/v2\/pages"}],"about":[{"href":"https:\/\/konferenztechnik.de\/es\/wp-json\/wp\/v2\/types\/page"}],"author":[{"embeddable":true,"href":"https:\/\/konferenztechnik.de\/es\/wp-json\/wp\/v2\/users\/1"}],"replies":[{"embeddable":true,"href":"https:\/\/konferenztechnik.de\/es\/wp-json\/wp\/v2\/comments?post=1810"}],"version-history":[{"count":0,"href":"https:\/\/konferenztechnik.de\/es\/wp-json\/wp\/v2\/pages\/1810\/revisions"}],"up":[{"embeddable":true,"href":"https:\/\/konferenztechnik.de\/es\/wp-json\/wp\/v2\/pages\/3618"}],"wp:featuredmedia":[{"embeddable":true,"href":"https:\/\/konferenztechnik.de\/es\/wp-json\/wp\/v2\/media\/45482"}],"wp:attachment":[{"href":"https:\/\/konferenztechnik.de\/es\/wp-json\/wp\/v2\/media?parent=1810"}],"curies":[{"name":"wp","href":"https:\/\/api.w.org\/{rel}","templated":true}]}}