{"id":18772,"date":"2022-01-13T13:17:51","date_gmt":"2022-01-13T12:17:51","guid":{"rendered":"https:\/\/www.konferenztechnik.de\/?page_id=18772"},"modified":"2023-07-05T14:29:08","modified_gmt":"2023-07-05T12:29:08","slug":"estudios-de-interpretacion-berlin","status":"publish","type":"page","link":"https:\/\/konferenztechnik.de\/es\/estudios-de-interpretacion-berlin\/","title":{"rendered":"Estudios de interpretaci\u00f3n Berl\u00edn"},"content":{"rendered":"<h1 class=\"pcs-color\"><b>PCS Interpreting Studios Berl\u00edn K\u00f6penicker Stra\u00dfe 154<\/b><\/h1>\n<p><iframe class=\"maps-full\" style=\"border: 0;\" src=\"https:\/\/www.google.com\/maps\/embed?pb=!1m18!1m12!1m3!1d2428.532610250432!2d13.427603016006886!3d52.505699645041084!2m3!1f0!2f0!3f0!3m2!1i1024!2i768!4f13.1!3m3!1m2!1s0x47a84e37d9891a73%3A0xee3a2da62f925ce!2sK%C3%B6penicker%20Str.%20154%2C%2010997%20Berlin!5e0!3m2!1sde!2sde!4v1641994730437!5m2!1sde!2sde\" allowfullscreen=\"allowfullscreen\"><\/iframe><\/p>\n<p>En nuestra nueva sede se est\u00e1n construyendo estudios de interpretaci\u00f3n modernos, c\u00e9ntricos, profesionales y c\u00f3modos. Con m\u00e1s de 50 puestos de trabajo, se trata del mayor centro de interpretaci\u00f3n simult\u00e1nea de Alemania: streaming conforme a GDPR para conferencias, eventos, estudios de retransmisi\u00f3n, reuniones y videoconferencias.<\/p>\n<p>Nuestros servicios in situ: Asistencia individual de t\u00e9cnicos, coordinaci\u00f3n de eventos, catering, estudio con pantalla verde, espacios de coworking, sala de estar.<\/p>\n<p><img decoding=\"async\" class=\"alignleft size-full wp-image-18760\" src=\"https:\/\/konferenztechnik.de\/wp-content\/uploads\/2022\/01\/koep-1.jpg\" alt=\"Bujes Dolmetsch - PCS GmbH K\u00f6penicker Stra\u00dfe 154\" title=\"\"><\/p>\n<div class=\"small-text\">\n<h2 class=\"pcs-color\">Direcci\u00f3n<\/h2>\n<p>K\u00f6penicker Stra\u00dfe 154<br \/>\nCasa J<br \/>\n10997 Berl\u00edn<br \/>\nTel. <a href=\"\/es\/tel&quot;+49306959690\/\"><b>+49 30 6959690 0<\/b><\/a><br \/>\n<span class=\"volleansicht\">correo electr\u00f3nico: <a href=\"mailto:berlin@konferenztechnik.de\">berlin@konferenztechnik.de<\/a><\/span><br \/>\n<span class=\"mobileansicht\">correo electr\u00f3nico: <a href=\"mailto:berlin@konferenztechnik.de\">escriba a<\/a><\/span><\/p>\n<h2 class=\"pcs-color\">Ac\u00e9rquese a<\/h2>\n<p>La mejor forma de llegar es desde las estaciones de Ostbahnhof (S-Bahn, ferrocarril regional), U Heinrich-Heine-Stra\u00dfe (U-Bahn) o Bethaniendamm (autob\u00fas).<\/p>\n<p><b>Desde Ostbahnhof<\/b><\/p>\n<ul>\n<li>Se encuentra a 900 metros a pie, unos 10 minutos.<\/li>\n<li>Tome el autob\u00fas 140 en direcci\u00f3n U Mehringdamm una parada hasta Bethaniendamm.<\/li>\n<li>Tome el autob\u00fas 147 en direcci\u00f3n U Leopoldplatz una parada hasta Bethaniendamm.<\/li>\n<li>Tambi\u00e9n puede utilizar taxis, Uber, Freenow, e-scooters o bicicletas compartidas.<\/li>\n<\/ul>\n<p><b>Desde la estaci\u00f3n de metro Heinrich Heine Stra\u00dfe (U8)<\/b><\/p>\n<ul>\n<li>Se trata de un paseo de 1.000 metros, unos 12 minutos.<\/li>\n<li>Tome el autob\u00fas 265 en direcci\u00f3n S Sch\u00f6neweide tres paradas hasta Bethaniendamm.<\/li>\n<li>Tome el autob\u00fas 147 en direcci\u00f3n S Ostbahnhof y haga tres paradas hasta Bethaniendamm.<\/li>\n<li>Tambi\u00e9n puede utilizar taxis, Uber, Freenow, e-scooters o bicicletas compartidas.<\/li>\n<\/ul>\n<p>En nuestro patio hay seis plazas de aparcamiento gratuitas. Si est\u00e1n llenas, puede aparcar gratuitamente en los espacios p\u00fablicos de los alrededores.<\/p>\n<p>En el animado patio interior hay candados para bicicletas.<\/p>\n<ul>\n<li>Tome el tren expreso regional RE7 directamente desde la Terminal 1-2 hasta Ostbahnhof. Desde Ostbahnhof puede llegar a nosotros como se describe m\u00e1s arriba.<\/li>\n<li>Tome el tren expr\u00e9s del aeropuerto FEX directamente desde la Terminal 1-2 hasta Ostkreuz y, a continuaci\u00f3n, tome el S-Bahn (S 41, S3, S5, S7, RE1) una parada hasta Ostbahnhof. Desde Ostbahnhof puede llegar a nuestra oficina como se describe m\u00e1s arriba.<\/li>\n<\/ul>\n<\/div>","protected":false},"excerpt":{"rendered":"<p>PCS Dolmetschstudios Berlin K\u00f6penicker Stra\u00dfe 154 An unserem neuen Standort entstehen aktuell moderne Dolmetschstudios, zentral gelegen, professionell und komfortabel. Mit \u00fcber 50 Arbeitspl\u00e4tzen ist dies der gr\u00f6\u00dfte Dolmetsch-Hub f\u00fcr Simultandolmetschen in Deutschland: DSGVO-konformes Streaming zu Konferenzen, Events, Broadcaststudios, Tagungen und Videokonferenzen. Unser Service vor Ort: Individuelle Betreuung durch Techniker:innen, Eventkoordination, Catering, Greenscreenstudio, Coworking-Spaces, Lounge. Adresse [&hellip;]<\/p>","protected":false},"author":1,"featured_media":45482,"parent":0,"menu_order":0,"comment_status":"closed","ping_status":"closed","template":"","meta":{"_acf_changed":false,"footnotes":""},"class_list":["post-18772","page","type-page","status-publish","has-post-thumbnail","hentry"],"acf":[],"_links":{"self":[{"href":"https:\/\/konferenztechnik.de\/es\/wp-json\/wp\/v2\/pages\/18772","targetHints":{"allow":["GET"]}}],"collection":[{"href":"https:\/\/konferenztechnik.de\/es\/wp-json\/wp\/v2\/pages"}],"about":[{"href":"https:\/\/konferenztechnik.de\/es\/wp-json\/wp\/v2\/types\/page"}],"author":[{"embeddable":true,"href":"https:\/\/konferenztechnik.de\/es\/wp-json\/wp\/v2\/users\/1"}],"replies":[{"embeddable":true,"href":"https:\/\/konferenztechnik.de\/es\/wp-json\/wp\/v2\/comments?post=18772"}],"version-history":[{"count":0,"href":"https:\/\/konferenztechnik.de\/es\/wp-json\/wp\/v2\/pages\/18772\/revisions"}],"wp:featuredmedia":[{"embeddable":true,"href":"https:\/\/konferenztechnik.de\/es\/wp-json\/wp\/v2\/media\/45482"}],"wp:attachment":[{"href":"https:\/\/konferenztechnik.de\/es\/wp-json\/wp\/v2\/media?parent=18772"}],"curies":[{"name":"wp","href":"https:\/\/api.w.org\/{rel}","templated":true}]}}