{"id":189,"date":"2013-06-28T11:30:55","date_gmt":"2013-06-28T09:30:55","guid":{"rendered":"https:\/\/pcs-miete.de\/?page_id=189"},"modified":"2023-09-01T14:06:42","modified_gmt":"2023-09-01T12:06:42","slug":"mantenimiento-y-reparacion","status":"publish","type":"page","link":"https:\/\/konferenztechnik.de\/es\/mantenimiento-y-reparacion\/","title":{"rendered":"Productos a medida, mantenimiento y reparaciones"},"content":{"rendered":"<h1>Productos a medida, mantenimiento y reparaciones<\/h1>\n<p>[rev_slider productos personalizados]<br \/>\n[spacer size=\"20\u2033]<\/p>\n<p>Nuestro personal cualificado y nuestro taller bien equipado est\u00e1n a su disposici\u00f3n para ofrecerle asistencia posventa, mantenimiento y reparaciones.<\/p>\n<p>Tambi\u00e9n creamos soluciones personalizadas para instalaciones y ventas. Ofrecemos soluciones multimedia personalizadas de alta calidad, adaptadas a sus ideas, especificaciones visuales y directrices de dise\u00f1o corporativo, planificadas por nuestros ingenieros y ejecutadas por expertos.<\/p>\n<p>[column size=\"1-4\u2033 last=\"1\u2033]<br \/>\n<a href=\"https:\/\/konferenztechnik.de\/wp-content\/uploads\/2013\/08\/sonderanfertigung01.jpg\"><img fetchpriority=\"high\" decoding=\"async\" src=\"https:\/\/konferenztechnik.de\/wp-content\/uploads\/2013\/08\/sonderanfertigung01.jpg\" alt=\"personalizado01\" width=\"470\" height=\"400\" class=\"alignnone size-full wp-image-1610\" title=\"\" srcset=\"https:\/\/konferenztechnik.de\/wp-content\/uploads\/2013\/08\/sonderanfertigung01.jpg 470w, https:\/\/konferenztechnik.de\/wp-content\/uploads\/2013\/08\/sonderanfertigung01-300x255.jpg 300w\" sizes=\"(max-width: 470px) 100vw, 470px\" \/><\/a><br \/>\n[\/columna]<\/p>\n<p>[column size=\"1-4\u2033 last=\"1\u2033]<br \/>\n<a href=\"https:\/\/konferenztechnik.de\/wp-content\/uploads\/2013\/08\/sonderanfertigung02.jpg\"><img decoding=\"async\" src=\"https:\/\/konferenztechnik.de\/wp-content\/uploads\/2013\/08\/sonderanfertigung02.jpg\" alt=\"personalizado02\" width=\"470\" height=\"400\" class=\"alignnone size-full wp-image-1611\" title=\"\" srcset=\"https:\/\/konferenztechnik.de\/wp-content\/uploads\/2013\/08\/sonderanfertigung02.jpg 470w, https:\/\/konferenztechnik.de\/wp-content\/uploads\/2013\/08\/sonderanfertigung02-300x255.jpg 300w\" sizes=\"(max-width: 470px) 100vw, 470px\" \/><\/a><br \/>\n[\/columna]<\/p>\n<p>[column size=\"1-4\u2033 last=\"1\u2033]<br \/>\n<a href=\"https:\/\/konferenztechnik.de\/wp-content\/uploads\/2013\/08\/sonderanfertigung03.jpg\"><img decoding=\"async\" src=\"https:\/\/konferenztechnik.de\/wp-content\/uploads\/2013\/08\/sonderanfertigung03.jpg\" alt=\"personalizado03\" width=\"470\" height=\"400\" class=\"alignnone size-full wp-image-1612\" title=\"\" srcset=\"https:\/\/konferenztechnik.de\/wp-content\/uploads\/2013\/08\/sonderanfertigung03.jpg 470w, https:\/\/konferenztechnik.de\/wp-content\/uploads\/2013\/08\/sonderanfertigung03-300x255.jpg 300w\" sizes=\"(max-width: 470px) 100vw, 470px\" \/><\/a><br \/>\n[\/columna]<\/p>\n<p>[column size=\"1-4\u2033 last=\"1\u2033]<br \/>\n<a href=\"https:\/\/konferenztechnik.de\/wp-content\/uploads\/2013\/08\/sonderanfertigung04.jpg\"><img loading=\"lazy\" decoding=\"async\" src=\"https:\/\/konferenztechnik.de\/wp-content\/uploads\/2013\/08\/sonderanfertigung04.jpg\" alt=\"personalizado04\" width=\"470\" height=\"400\" class=\"alignnone size-full wp-image-1613\" title=\"\" srcset=\"https:\/\/konferenztechnik.de\/wp-content\/uploads\/2013\/08\/sonderanfertigung04.jpg 470w, https:\/\/konferenztechnik.de\/wp-content\/uploads\/2013\/08\/sonderanfertigung04-300x255.jpg 300w\" sizes=\"(max-width: 470px) 100vw, 470px\" \/><\/a><br \/>\n[\/columna]<\/p>\n<p>\u00bfNecesita una arandela para su sistema de conferencias de 1950 o un micr\u00f3fono del color de su empresa? Hable con nuestro departamento de personalizaci\u00f3n y reparaci\u00f3n. Incluso las peticiones m\u00e1s inusuales son nuestro trabajo diario.<\/p>\n<p>[spacer size=\"30\u2033]<\/p>\n<h1>Persona de contacto<\/h1>\n<p>[spacer size=\"20\u2033]<br \/>\n[column size=\"1-4\u2033 last=\"1\u2033]<br \/>\n[tabs style=\"2\u2033]<br \/>\n[tab title=\"Accesorios para conferencias, elevadores de v\u00eddeo, mantenimiento y reparaci\u00f3n\"]<br \/>\n<img decoding=\"async\" src=\"https:\/\/konferenztechnik.de\/wp-content\/uploads\/2013\/09\/sebastian_spree_pcs-gmbh2.jpg\" alt=\"Sebastian Spree\" class=\"alignleft size-full wp-image-2315\" title=\"\"><\/p>\n<p>Sebastian Spree<br \/>\nConsultor de proyectos<br \/>\nTel\u00e9fono +49 211 737798 24<br \/>\ncorreo electr\u00f3nico <a href=\"mailto:spree@konferenztechnik.de\">spree@konferenztechnik.de<\/a><br \/>\nC\u00f3digo QR <a href=\"https:\/\/konferenztechnik.de\/wp-content\/uploads\/2013\/09\/sebastian_spree_qrcode.png\">&#x9B; mostrar<\/a><\/p>\n<p>[\/tab]<br \/>\n[\/tabs]<br \/>\n[\/columna]<br \/>\n[column size=\"1-4\u2033 last=\"1\u2033]<\/p>\n<div class=\"weiterlinks2\">\n[tabs style=\"2\u2033]<br \/>\n[tab title=\"Otros enlaces\"]<\/p>\n<ul>\n<li>&#x9B; <a href=\"\/es\/quienes-somos\/lista-de-referencias-instalacion\/\" title=\"Referencias\">Referencias Instalaci\u00f3n e integraci\u00f3n<\/a><\/li>\n<li>&#x9B; <a href=\"\/es\/quienes-somos\/10-buenas-razones-para-pcs\/\" title=\"10 buenas razones para el PCS\">10 buenas razones para el PCS<\/a><\/li>\n<li>\u203a <a title=\"Distribuci\u00f3n de tecnolog\u00eda de conferencias y medios de comunicaci\u00f3n\" href=\"\/es\/servicios-2\/conferencia-de-ventas-y-tecnologia-de-medios\/\">Distribuci\u00f3n de tecnolog\u00eda de conferencias y medios de comunicaci\u00f3n<\/a><\/li>\n<\/ul>\n<\/div>\n<p>[\/tab]<br \/>\n[\/tabs]<br \/>\n[\/columna]<br \/>\n[spacer size=\"30\u2033]<\/p>","protected":false},"excerpt":{"rendered":"<p>Fabricaciones especiales, mantenimiento y reparaciones [rev_slider sonderanfertigungen] [spacer size=\u201c20\u2033] En el servicio posventa, nuestro personal cualificado y un taller perfectamente equipado est\u00e1n a su disposici\u00f3n para el mantenimiento y las reparaciones. Aqu\u00ed tambi\u00e9n se crean soluciones especiales para instalaciones y distribuci\u00f3n. Ofrecemos soluciones multimedia personalizadas y de alta calidad, adaptadas a sus ideas, especificaciones visuales y directrices de dise\u00f1o corporativo, planificadas por nuestros ingenieros e implementadas por expertos. [\u2026]<\/p>","protected":false},"author":1,"featured_media":45482,"parent":0,"menu_order":245,"comment_status":"closed","ping_status":"open","template":"","meta":{"_acf_changed":false,"footnotes":""},"class_list":["post-189","page","type-page","status-publish","has-post-thumbnail","hentry"],"acf":[],"_links":{"self":[{"href":"https:\/\/konferenztechnik.de\/es\/wp-json\/wp\/v2\/pages\/189","targetHints":{"allow":["GET"]}}],"collection":[{"href":"https:\/\/konferenztechnik.de\/es\/wp-json\/wp\/v2\/pages"}],"about":[{"href":"https:\/\/konferenztechnik.de\/es\/wp-json\/wp\/v2\/types\/page"}],"author":[{"embeddable":true,"href":"https:\/\/konferenztechnik.de\/es\/wp-json\/wp\/v2\/users\/1"}],"replies":[{"embeddable":true,"href":"https:\/\/konferenztechnik.de\/es\/wp-json\/wp\/v2\/comments?post=189"}],"version-history":[{"count":0,"href":"https:\/\/konferenztechnik.de\/es\/wp-json\/wp\/v2\/pages\/189\/revisions"}],"wp:featuredmedia":[{"embeddable":true,"href":"https:\/\/konferenztechnik.de\/es\/wp-json\/wp\/v2\/media\/45482"}],"wp:attachment":[{"href":"https:\/\/konferenztechnik.de\/es\/wp-json\/wp\/v2\/media?parent=189"}],"curies":[{"name":"wp","href":"https:\/\/api.w.org\/{rel}","templated":true}]}}