{"id":1899,"date":"2013-09-06T11:43:05","date_gmt":"2013-09-06T09:43:05","guid":{"rendered":"https:\/\/konferenztechnik.de\/?page_id=1899"},"modified":"2013-09-06T11:43:05","modified_gmt":"2013-09-06T09:43:05","slug":"sistemas-de-guiado-sennheiser","status":"publish","type":"page","link":"https:\/\/konferenztechnik.de\/es\/distribucion-de-tecnologia-de-conferencia-y-av-media\/sistemas-de-guiado-sennheiser\/","title":{"rendered":"Sistemas de guiado Sennheiser"},"content":{"rendered":"<h1>Sistemas de gu\u00eda y sistemas de gu\u00eda tur\u00edstica de Sennheiser<\/h1>\n<p>Un sistema TourGuide de Sennheiser es el medio ideal para visitas a f\u00e1bricas y a ciudades en cuanto el grupo a guiar supera un determinado n\u00famero de personas y en cuanto el ruido ambiente \u2013 como en las instalaciones de producci\u00f3n \u2013 es tan elevado que ya no es posible comunicarse sin una ayuda de este tipo.<\/p>\n<p>A continuaci\u00f3n se detallan las caracter\u00edsticas de este sistema TourGuide:<\/p>\n<ul>\n<li>6 canales en la gama de frecuencias europea sin licencia: 863-865 MHz<\/li>\n<li>Tecnolog\u00eda de transmisi\u00f3n digital por radio<\/li>\n<li>Manejo y funcionamiento muy sencillos<\/li>\n<li>Robusta carcasa del transmisor port\u00e1til de eficacia probada<\/li>\n<li>Ideal en entornos ruidosos<\/li>\n<li>Pantalla retroiluminada con indicador<\/li>\n<li>Ajuste sencillo de los canales<\/li>\n<li>Visualizaci\u00f3n del estado de la bater\u00eda<\/li>\n<\/ul>\n<p>[spacer size=\"20\u2033]<br \/>\n[tabs style=\"1\u2033]<br \/>\n[tab title=\"Art\u00edculo\"]<\/p>\n<h2>Receptor de mentonera HDE 2020-D<\/h2>\n<p>[column size=\"2-5\u2033 last=\"0\u2033]<\/p>\n<p><a href=\"https:\/\/konferenztechnik.de\/wp-content\/uploads\/2013\/09\/TourGuide_Empfaenger_HDE2020-D_gross.jpg\"><img fetchpriority=\"high\" decoding=\"async\" width=\"410\" height=\"497\" src=\"https:\/\/konferenztechnik.de\/wp-content\/uploads\/2013\/09\/TourGuide_Empfaenger_HDE2020-D_gross.jpg\" alt=\"Receptor TourGuide HDE2020-D de Sennheiser\" class=\"alignnone size-full wp-image-1905\" title=\"\" srcset=\"https:\/\/konferenztechnik.de\/wp-content\/uploads\/2013\/09\/TourGuide_Empfaenger_HDE2020-D_gross.jpg 410w, https:\/\/konferenztechnik.de\/wp-content\/uploads\/2013\/09\/TourGuide_Empfaenger_HDE2020-D_gross-247x300.jpg 247w\" sizes=\"(max-width: 410px) 100vw, 410px\" \/><\/a><\/p>\n<p>[\/columna]<br \/>\n[column size=\"3-5\u2033 last=\"1\u2033]<br \/>\nEl HDE 2020-D es un c\u00f3modo auricular del sistema TourGuide 2020-D de Sennheiser. Es un receptor y auricular en un \u2013 sin molestos cables. La bater\u00eda recargable de los auriculares proporciona hasta 8 horas de funcionamiento para las t\u00edpicas visitas a f\u00e1bricas y a ciudades. Una pantalla LCD integrada proporciona informaci\u00f3n sobre el volumen, la calidad de recepci\u00f3n, el estado de la bater\u00eda y el canal de recepci\u00f3n seleccionado.<br \/>\n[\/columna]<br \/>\n[\/tab]<br \/>\n[\/tabs]<\/p>\n<p>[spacer size=\"20\u2033]<br \/>\n[tabs style=\"1\u2033]<br \/>\n[tab title=\"Art\u00edculo\"]<\/p>\n<h2>Receptor de bolsillo EK 2020-D<\/h2>\n<p>[column size=\"2-5\u2033 last=\"0\u2033]<\/p>\n<p><a href=\"https:\/\/konferenztechnik.de\/wp-content\/uploads\/2013\/09\/sennheiser-tourguide-EK_2020-D_gross.jpg\"><img decoding=\"async\" width=\"275\" height=\"413\" src=\"https:\/\/konferenztechnik.de\/wp-content\/uploads\/2013\/09\/sennheiser-tourguide-EK_2020-D_gross.jpg\" alt=\"Sennheiser Tourguide EK2020-D\" class=\"alignnone size-full wp-image-1907\" title=\"\" srcset=\"https:\/\/konferenztechnik.de\/wp-content\/uploads\/2013\/09\/sennheiser-tourguide-EK_2020-D_gross.jpg 275w, https:\/\/konferenztechnik.de\/wp-content\/uploads\/2013\/09\/sennheiser-tourguide-EK_2020-D_gross-200x300.jpg 200w\" sizes=\"(max-width: 275px) 100vw, 275px\" \/><\/a><br \/>\n[\/columna]<br \/>\n[column size=\"3-5\u2033 last=\"1\u2033]<br \/>\nEl EK 2020-D es un receptor de bolsillo que puede utilizarse con auriculares individuales o con un bucle de inducci\u00f3n. Es ideal para utilizarlo con aud\u00edfonos, como gu\u00eda personal o en conferencias. El receptor puede utilizarse en combinaci\u00f3n con aud\u00edfonos con bobina inductiva.<br \/>\n[\/columna]<br \/>\n[\/tab]<br \/>\n[tab title=\"Ficha t\u00e9cnica\"]<\/p>\n<h2>Receptor de bolsillo EK 2020-D<\/h2>\n<p>El alcance de recepci\u00f3n del EK 2020-D es de unos 50 metros en exteriores y unos 100 metros en interiores. El volumen, la calidad de recepci\u00f3n, el estado de la bater\u00eda y el canal de recepci\u00f3n se pueden leer en una pantalla LCD. Tambi\u00e9n puede utilizarse en funcionamiento mixto con los receptores de mentonera HDE 2020-D sin problemas.<\/p>\n<ul>\n<li>Libre elecci\u00f3n de auriculares o uso del bucle de inducci\u00f3n<\/li>\n<li>16 horas de bater\u00eda<\/li>\n<li>Transmisi\u00f3n digital de se\u00f1ales HF<\/li>\n<li>Pantalla LCD retroiluminada<\/li>\n<li>Posibilidad de funcionamiento mixto con el receptor de mentonera HDE 2020-D<\/li>\n<\/ul>\n<p>[\/tab]<br \/>\n[\/tabs]<br \/>\n[spacer size=\"20\u2033]<br \/>\n[tabs style=\"1\u2033]<br \/>\n[tab title=\"Art\u00edculo\"]<\/p>\n<h2>Emisor port\u00e1til SKM 2020-D<\/h2>\n<p>[column size=\"2-5\u2033 last=\"0\u2033]<\/p>\n<p><a href=\"https:\/\/konferenztechnik.de\/wp-content\/uploads\/2013\/09\/TourGuide_Handsender_SKM2020-D_gross.jpg\"><img decoding=\"async\" width=\"527\" height=\"198\" src=\"https:\/\/konferenztechnik.de\/wp-content\/uploads\/2013\/09\/TourGuide_Handsender_SKM2020-D_gross.jpg\" alt=\"Emisor de mano TourGuide SKM2020-D\" class=\"alignnone size-full wp-image-1909\" title=\"\" srcset=\"https:\/\/konferenztechnik.de\/wp-content\/uploads\/2013\/09\/TourGuide_Handsender_SKM2020-D_gross.jpg 527w, https:\/\/konferenztechnik.de\/wp-content\/uploads\/2013\/09\/TourGuide_Handsender_SKM2020-D_gross-300x113.jpg 300w\" sizes=\"(max-width: 527px) 100vw, 527px\" \/><\/a><br \/>\n[\/columna]<br \/>\n[column size=\"3-5\u2033 last=\"1\u2033]<\/p>\n<p>El transmisor port\u00e1til SKM 2020-D para el sistema TourGuide ofrece un alcance de hasta 100 metros en exteriores y de unos 50 metros en interiores.<\/p>\n<p>El transmisor es f\u00e1cil y c\u00f3modo de manejar. La pantalla retroiluminada muestra el canal de transmisi\u00f3n y el estado de la bater\u00eda. La bater\u00eda recargable permite realizar rondas de hasta 8 horas. Al final de cada recorrido, se puede recargar r\u00e1pidamente en el estuche de carga EZL 2020-20L. <\/p>\n<p>[\/columna]<br \/>\n[\/tab]<br \/>\n[\/tabs]<br \/>\n[spacer size=\"20\u2033]<br \/>\n[tabs style=\"1\u2033]<br \/>\n[tab title=\"Art\u00edculo\"]<\/p>\n<h2>Transmisor de bolsillo SK 2020-D<\/h2>\n<p>[column size=\"2-5\u2033 last=\"0\u2033]<\/p>\n<p><a href=\"https:\/\/konferenztechnik.de\/wp-content\/uploads\/2013\/09\/TourGuide_Taschensender_SK2020-D_gross.jpg\"><img loading=\"lazy\" decoding=\"async\" width=\"280\" height=\"420\" src=\"https:\/\/konferenztechnik.de\/wp-content\/uploads\/2013\/09\/TourGuide_Taschensender_SK2020-D_gross.jpg\" alt=\"Transmisor de bolsillo TourGuide SK2020-D de Sennheiser\" class=\"alignnone size-full wp-image-1911\" title=\"\" srcset=\"https:\/\/konferenztechnik.de\/wp-content\/uploads\/2013\/09\/TourGuide_Taschensender_SK2020-D_gross.jpg 280w, https:\/\/konferenztechnik.de\/wp-content\/uploads\/2013\/09\/TourGuide_Taschensender_SK2020-D_gross-200x300.jpg 200w\" sizes=\"(max-width: 280px) 100vw, 280px\" \/><\/a><br \/>\n[\/columna]<br \/>\n[column size=\"3-5\u2033 last=\"1\u2033]<\/p>\n<p>El transmisor de petaca SK 2020-D TourGuide, en combinaci\u00f3n con un micr\u00f3fono de diadema o un micr\u00f3fono de solapa, le ofrece la m\u00e1xima libertad de movimiento durante la visita. Podr\u00e1 explicar un objeto o hacer una demostraci\u00f3n con ambas manos a su antojo.<\/p>\n<p>Tambi\u00e9n puedes utilizar la entrada de l\u00ednea del transmisor para grabar fuentes de audio externas mientras sigues hablando o silencias el micr\u00f3fono. El manejo del transmisor es muy intuitivo y la pantalla retroiluminada le informa sobre el ajuste del canal, el estado de la bater\u00eda y el volumen de la entrada de micr\u00f3fono y la entrada de l\u00ednea. Con su carcasa met\u00e1lica, el transmisor tambi\u00e9n es muy robusto.<\/p>\n<p>[\/columna]<br \/>\n[\/tab]<br \/>\n[\/tabs]<br \/>\n[spacer size=\"20\u2033]<\/p>\n<p>[tabs style=\"1\u2033]<br \/>\n[tab title=\"Art\u00edculo\"]<\/p>\n<h2> Micr\u00f3fono de diadema HS 2<\/h2>\n<p>[column size=\"2-5\u2033 last=\"0\u2033]<\/p>\n<p><a href=\"https:\/\/konferenztechnik.de\/wp-content\/uploads\/2013\/09\/Kopfbuegelmikrofon_HS2_gross.jpg\"><img loading=\"lazy\" decoding=\"async\" width=\"544\" height=\"413\" src=\"https:\/\/konferenztechnik.de\/wp-content\/uploads\/2013\/09\/Kopfbuegelmikrofon_HS2_gross.jpg\" alt=\"Micr\u00f3fono de diadema Sennheiser HS2\" class=\"alignnone size-full wp-image-1913\" title=\"\" srcset=\"https:\/\/konferenztechnik.de\/wp-content\/uploads\/2013\/09\/Kopfbuegelmikrofon_HS2_gross.jpg 544w, https:\/\/konferenztechnik.de\/wp-content\/uploads\/2013\/09\/Kopfbuegelmikrofon_HS2_gross-300x228.jpg 300w\" sizes=\"(max-width: 544px) 100vw, 544px\" \/><\/a><br \/>\n[\/columna]<br \/>\n[column size=\"3-5\u2033 last=\"1\u2033]<\/p>\n<p>El HS 2 es un micr\u00f3fono de diadema con cable de carga de acero y enchufe especial. El micr\u00f3fono de condensador omnidireccional satisface las m\u00e1s altas exigencias en cuanto a calidad de sonido y robustez. Es adecuado para la transmisi\u00f3n vocal y de voz en todos los \u00e1mbitos de la tecnolog\u00eda de transmisi\u00f3n y es un complemento ideal para el transmisor de bolsillo SK 2020-D antes mencionado.<\/p>\n<p>[\/columna]<br \/>\n[\/tab]<br \/>\n[\/tabs]<br \/>\n[spacer size=\"20\u2033]<br \/>\n[tabs style=\"1\u2033]<br \/>\n[tab title=\"Art\u00edculo\"]<\/p>\n<h2>Maleta de transporte y carga EZL 2020-D<\/h2>\n<p>[column size=\"2-5\u2033 last=\"0\u2033]<\/p>\n<p><a href=\"https:\/\/konferenztechnik.de\/wp-content\/uploads\/2013\/09\/TourGuide_Ladekoffer_EZL2020-20L_gross.jpg\"><img loading=\"lazy\" decoding=\"async\" width=\"410\" height=\"454\" src=\"https:\/\/konferenztechnik.de\/wp-content\/uploads\/2013\/09\/TourGuide_Ladekoffer_EZL2020-20L_gross.jpg\" alt=\"Malet\u00edn de carga Sennheiser TourGuide_EZL2020-20L\" class=\"alignnone size-full wp-image-1915\" title=\"\" srcset=\"https:\/\/konferenztechnik.de\/wp-content\/uploads\/2013\/09\/TourGuide_Ladekoffer_EZL2020-20L_gross.jpg 410w, https:\/\/konferenztechnik.de\/wp-content\/uploads\/2013\/09\/TourGuide_Ladekoffer_EZL2020-20L_gross-271x300.jpg 271w\" sizes=\"(max-width: 410px) 100vw, 410px\" \/><\/a><br \/>\n[\/columna]<br \/>\n[column size=\"3-5\u2033 last=\"1\u2033]<\/p>\n<p>El pr\u00e1ctico malet\u00edn de carga EZL 2020-20L sirve tanto de lugar de almacenamiento para todo el equipo como de estaci\u00f3n de carga para el microtel\u00e9fono y el transmisor. Dispone de 20 ranuras de carga para los auriculares de mentonera y dos ranuras de carga para el transmisor y su bater\u00eda. El bot\u00f3n verde \"Copiar\" ahorra mucho trabajo: basta con ajustar un receptor al canal de recepci\u00f3n deseado, pulsar el bot\u00f3n y todos los receptores utilizados se ajustan autom\u00e1ticamente a la misma frecuencia y a un volumen medio. <\/p>\n<p>[\/columna]<br \/>\n[\/tab]<br \/>\n[\/tabs]<br \/>\n[spacer size=\"20\u2033]<\/p>","protected":false},"excerpt":{"rendered":"<p>F\u00fchrungsanlagen und Tourguide Systeme der Firma Sennheiser Eine Sennheiser-TourGuide-Anlage ist das ideale Medium f\u00fcr Werksf\u00fchrungen und Stadtbesichtigungen, sobald die zu f\u00fchrende Gruppe eine bestimmte Personenzahl \u00fcberschritten hat und sobald die Umgebungsger\u00e4usche &#8211; wie in Produktionsst\u00e4tten &#8211; so hoch sind, dass man sich ohne ein solches Hilfmittel nicht mehr verst\u00e4ndigen kann. Hier die Merkmale dieser TourGuide-Anlage [&hellip;]<\/p>","protected":false},"author":1,"featured_media":45482,"parent":3614,"menu_order":153,"comment_status":"closed","ping_status":"open","template":"page-right-sidebar.php","meta":{"_acf_changed":false,"footnotes":""},"class_list":["post-1899","page","type-page","status-publish","has-post-thumbnail","hentry"],"acf":[],"_links":{"self":[{"href":"https:\/\/konferenztechnik.de\/es\/wp-json\/wp\/v2\/pages\/1899","targetHints":{"allow":["GET"]}}],"collection":[{"href":"https:\/\/konferenztechnik.de\/es\/wp-json\/wp\/v2\/pages"}],"about":[{"href":"https:\/\/konferenztechnik.de\/es\/wp-json\/wp\/v2\/types\/page"}],"author":[{"embeddable":true,"href":"https:\/\/konferenztechnik.de\/es\/wp-json\/wp\/v2\/users\/1"}],"replies":[{"embeddable":true,"href":"https:\/\/konferenztechnik.de\/es\/wp-json\/wp\/v2\/comments?post=1899"}],"version-history":[{"count":0,"href":"https:\/\/konferenztechnik.de\/es\/wp-json\/wp\/v2\/pages\/1899\/revisions"}],"up":[{"embeddable":true,"href":"https:\/\/konferenztechnik.de\/es\/wp-json\/wp\/v2\/pages\/3614"}],"wp:featuredmedia":[{"embeddable":true,"href":"https:\/\/konferenztechnik.de\/es\/wp-json\/wp\/v2\/media\/45482"}],"wp:attachment":[{"href":"https:\/\/konferenztechnik.de\/es\/wp-json\/wp\/v2\/media?parent=1899"}],"curies":[{"name":"wp","href":"https:\/\/api.w.org\/{rel}","templated":true}]}}