{"id":19277,"date":"2022-05-17T13:18:25","date_gmt":"2022-05-17T12:18:25","guid":{"rendered":"https:\/\/www.konferenztechnik.de\/?page_id=19277"},"modified":"2023-03-21T13:53:55","modified_gmt":"2023-03-21T12:53:55","slug":"empresa","status":"publish","type":"page","link":"https:\/\/konferenztechnik.de\/es\/empresa\/","title":{"rendered":"La empresa"},"content":{"rendered":"<div data-elementor-type=\"wp-page\" data-elementor-id=\"19277\" class=\"elementor elementor-19277\" data-elementor-post-type=\"page\">\n\t\t\t\t<div data-particle_enable=\"false\" data-particle-mobile-disabled=\"false\" class=\"elementor-element elementor-element-8793025 e-flex e-con-boxed e-con e-parent\" data-id=\"8793025\" data-element_type=\"container\">\n\t\t\t\t\t<div class=\"e-con-inner\">\n\t\t\t\t<div class=\"elementor-element elementor-element-928499c elementor-widget elementor-widget-image\" data-id=\"928499c\" data-element_type=\"widget\" data-widget_type=\"image.default\">\n\t\t\t\t<div class=\"elementor-widget-container\">\n\t\t\t\t\t\t\t\t\t\t\t\t\t\t\t<img fetchpriority=\"high\" decoding=\"async\" width=\"2048\" height=\"1366\" src=\"https:\/\/konferenztechnik.de\/wp-content\/uploads\/2021\/10\/Azubis-Berlin-2021-1-2048x1366.jpg\" class=\"attachment-2048x2048 size-2048x2048 wp-image-18623\" alt=\"Aprendices-Berl\u00edn-2021 PCS GmbH\" srcset=\"https:\/\/konferenztechnik.de\/wp-content\/uploads\/2021\/10\/Azubis-Berlin-2021-1-2048x1366.jpg 2048w, https:\/\/konferenztechnik.de\/wp-content\/uploads\/2021\/10\/Azubis-Berlin-2021-1-300x200.jpg 300w, https:\/\/konferenztechnik.de\/wp-content\/uploads\/2021\/10\/Azubis-Berlin-2021-1-1024x683.jpg 1024w, https:\/\/konferenztechnik.de\/wp-content\/uploads\/2021\/10\/Azubis-Berlin-2021-1-768x512.jpg 768w, https:\/\/konferenztechnik.de\/wp-content\/uploads\/2021\/10\/Azubis-Berlin-2021-1-1536x1024.jpg 1536w\" sizes=\"(max-width: 2048px) 100vw, 2048px\" title=\"\">\t\t\t\t\t\t\t\t\t\t\t\t\t\t\t<\/div>\n\t\t\t\t<\/div>\n\t\t<div data-particle_enable=\"false\" data-particle-mobile-disabled=\"false\" class=\"elementor-element elementor-element-a2fe12c e-flex e-con-boxed e-con e-parent\" data-id=\"a2fe12c\" data-element_type=\"container\">\n\t\t\t\t\t<div class=\"e-con-inner\">\n\t\t\t\t<div class=\"elementor-element elementor-element-465f71c elementor-widget elementor-widget-text-editor\" data-id=\"465f71c\" data-element_type=\"widget\" data-widget_type=\"text-editor.default\">\n\t\t\t\t<div class=\"elementor-widget-container\">\n\t\t\t\t\t\t\t\t\t<p>Comunicaci\u00f3n y creaci\u00f3n de redes multiling\u00fces y sin barreras en actos y conferencias. Ese es nuestro objetivo.\u00a0<\/p>\t\t\t\t\t\t\t\t<\/div>\n\t\t\t\t<\/div>\n\t\t\t\t<div class=\"elementor-element elementor-element-8ea4121 elementor-widget elementor-widget-spacer\" data-id=\"8ea4121\" data-element_type=\"widget\" data-widget_type=\"spacer.default\">\n\t\t\t\t<div class=\"elementor-widget-container\">\n\t\t\t\t\t\t\t<div class=\"elementor-spacer\">\n\t\t\t<div class=\"elementor-spacer-inner\"><\/div>\n\t\t<\/div>\n\t\t\t\t\t\t<\/div>\n\t\t\t\t<\/div>\n\t\t<div data-particle_enable=\"false\" data-particle-mobile-disabled=\"false\" class=\"elementor-element elementor-element-231264b e-flex e-con-boxed e-con e-parent\" data-id=\"231264b\" data-element_type=\"container\">\n\t\t\t\t\t<div class=\"e-con-inner\">\n\t\t\t\t<div class=\"elementor-element elementor-element-2897c63 action-button elementor-widget elementor-widget-button\" data-id=\"2897c63\" data-element_type=\"widget\" data-widget_type=\"button.default\">\n\t\t\t\t<div class=\"elementor-widget-container\">\n\t\t\t\t\t\t\t\t\t<div class=\"elementor-button-wrapper\">\n\t\t\t\t\t<a class=\"elementor-button elementor-button-link elementor-size-sm\" href=\"\/es\/puestos-de-trabajo\/\">\n\t\t\t\t\t\t<span class=\"elementor-button-content-wrapper\">\n\t\t\t\t\t\t\t\t\t<span class=\"elementor-button-text\">Empleo y formaci\u00f3n<\/span>\n\t\t\t\t\t<\/span>\n\t\t\t\t\t<\/a>\n\t\t\t\t<\/div>\n\t\t\t\t\t\t\t\t<\/div>\n\t\t\t\t<\/div>\n\t\t\t\t<div class=\"elementor-element elementor-element-bc572a5 action-button elementor-widget elementor-widget-button\" data-id=\"bc572a5\" data-element_type=\"widget\" data-widget_type=\"button.default\">\n\t\t\t\t<div class=\"elementor-widget-container\">\n\t\t\t\t\t\t\t\t\t<div class=\"elementor-button-wrapper\">\n\t\t\t\t\t<a class=\"elementor-button elementor-button-link elementor-size-sm\" href=\"#\">\n\t\t\t\t\t\t<span class=\"elementor-button-content-wrapper\">\n\t\t\t\t\t\t\t\t\t<span class=\"elementor-button-text\">Proyectos s\u00f3lidos<\/span>\n\t\t\t\t\t<\/span>\n\t\t\t\t\t<\/a>\n\t\t\t\t<\/div>\n\t\t\t\t\t\t\t\t<\/div>\n\t\t\t\t<\/div>\n\t\t\t\t<div class=\"elementor-element elementor-element-7ea7de4 action-button elementor-widget elementor-widget-button\" data-id=\"7ea7de4\" data-element_type=\"widget\" data-widget_type=\"button.default\">\n\t\t\t\t<div class=\"elementor-widget-container\">\n\t\t\t\t\t\t\t\t\t<div class=\"elementor-button-wrapper\">\n\t\t\t\t\t<a class=\"elementor-button elementor-button-link elementor-size-sm\" href=\"#\">\n\t\t\t\t\t\t<span class=\"elementor-button-content-wrapper\">\n\t\t\t\t\t\t\t\t\t<span class=\"elementor-button-text\">Traducci\u00f3n en directo<\/span>\n\t\t\t\t\t<\/span>\n\t\t\t\t\t<\/a>\n\t\t\t\t<\/div>\n\t\t\t\t\t\t\t\t<\/div>\n\t\t\t\t<\/div>\n\t\t\t\t<div class=\"elementor-element elementor-element-f1e94d2 action-button elementor-mobile-align-center elementor-widget elementor-widget-button\" data-id=\"f1e94d2\" data-element_type=\"widget\" data-widget_type=\"button.default\">\n\t\t\t\t<div class=\"elementor-widget-container\">\n\t\t\t\t\t\t\t\t\t<div class=\"elementor-button-wrapper\">\n\t\t\t\t\t<a class=\"elementor-button elementor-button-link elementor-size-sm\" href=\"#\">\n\t\t\t\t\t\t<span class=\"elementor-button-content-wrapper\">\n\t\t\t\t\t\t\t\t\t<span class=\"elementor-button-text\">Instalaci\u00f3n de tecnolog\u00eda multimedia moderna<\/span>\n\t\t\t\t\t<\/span>\n\t\t\t\t\t<\/a>\n\t\t\t\t<\/div>\n\t\t\t\t\t\t\t\t<\/div>\n\t\t\t\t<\/div>\n\t\t\t\t<div class=\"elementor-element elementor-element-ba67725 action-button elementor-widget elementor-widget-button\" data-id=\"ba67725\" data-element_type=\"widget\" data-widget_type=\"button.default\">\n\t\t\t\t<div class=\"elementor-widget-container\">\n\t\t\t\t\t\t\t\t\t<div class=\"elementor-button-wrapper\">\n\t\t\t\t\t<a class=\"elementor-button elementor-button-link elementor-size-sm\" href=\"#\">\n\t\t\t\t\t\t<span class=\"elementor-button-content-wrapper\">\n\t\t\t\t\t\t\t\t\t<span class=\"elementor-button-text\">Gran equipo<\/span>\n\t\t\t\t\t<\/span>\n\t\t\t\t\t<\/a>\n\t\t\t\t<\/div>\n\t\t\t\t\t\t\t\t<\/div>\n\t\t\t\t<\/div>\n\t\t\t\t\t<\/div>\n\t\t\t\t<\/div>\n\t\t<div data-particle_enable=\"false\" data-particle-mobile-disabled=\"false\" class=\"elementor-element elementor-element-c8e4b60 e-con-full e-flex e-con e-parent\" data-id=\"c8e4b60\" data-element_type=\"container\">\n\t\t\t\t<div class=\"elementor-element elementor-element-57e3500 elementor-widget elementor-widget-heading\" data-id=\"57e3500\" data-element_type=\"widget\" data-widget_type=\"heading.default\">\n\t\t\t\t<div class=\"elementor-widget-container\">\n\t\t\t\t\t<h2 class=\"elementor-heading-title elementor-size-default\">Breve retrato<\/h2>\t\t\t\t<\/div>\n\t\t\t\t<\/div>\n\t\t\t\t<div class=\"elementor-element elementor-element-26b6215 elementor-widget elementor-widget-text-editor\" data-id=\"26b6215\" data-element_type=\"widget\" data-widget_type=\"text-editor.default\">\n\t\t\t\t<div class=\"elementor-widget-container\">\n\t\t\t\t\t\t\t\t\t<p>PCS organiza conferencias y reuniones en todo el mundo desde 1995. Somos su contacto para el alquiler, la compra y la asistencia de equipos de interpretaci\u00f3n, tecnolog\u00eda de conferencias y medios de comunicaci\u00f3n.<\/p><p><span style=\"font-family: var( --e-global-typography-text-font-family ), Sans-serif; font-size: var( --e-global-typography-text-font-size ); font-weight: var( --e-global-typography-text-font-weight ); text-align: var(--text-align);\">Nos hemos dedicado de todo coraz\u00f3n al ambiente especial de los congresos y desde entonces apoyamos a nuestros clientes con todo nuestro empe\u00f1o y nuestros muchos a\u00f1os de experiencia.\u00a0<\/span><\/p><p>\u00a0<\/p>\t\t\t\t\t\t\t\t<\/div>\n\t\t\t\t<\/div>\n\t\t\t\t<\/div>\n\t\t\t\t<div class=\"elementor-element elementor-element-aa3fe30 elementor-widget elementor-widget-heading\" data-id=\"aa3fe30\" data-element_type=\"widget\" data-widget_type=\"heading.default\">\n\t\t\t\t<div class=\"elementor-widget-container\">\n\t\t\t\t\t<h2 class=\"elementor-heading-title elementor-size-default\">Certificados<\/h2>\t\t\t\t<\/div>\n\t\t\t\t<\/div>\n\t\t<div data-particle_enable=\"false\" data-particle-mobile-disabled=\"false\" class=\"elementor-element elementor-element-ac90c9c e-con-full e-flex e-con e-parent\" data-id=\"ac90c9c\" data-element_type=\"container\">\n\t\t\t\t<div class=\"elementor-element elementor-element-ade848a elementor-widget-widescreen__width-initial elementor-widget elementor-widget-image\" data-id=\"ade848a\" data-element_type=\"widget\" data-widget_type=\"image.default\">\n\t\t\t\t<div class=\"elementor-widget-container\">\n\t\t\t\t\t\t\t\t\t\t\t\t\t\t\t<img decoding=\"async\" width=\"800\" height=\"288\" src=\"https:\/\/konferenztechnik.de\/wp-content\/uploads\/2023\/02\/SUSTAINABLE_MEETINGS_BERLIN_Logo_RGB_High_Performer-scaled-1-1024x368.jpg\" class=\"attachment-large size-large wp-image-20390\" alt=\"PCS es una empresa de alto rendimiento de SUSTAINABLE MEETINGS_BERLIN\" srcset=\"https:\/\/konferenztechnik.de\/wp-content\/uploads\/2023\/02\/SUSTAINABLE_MEETINGS_BERLIN_Logo_RGB_High_Performer-scaled-1-1024x368.jpg 1024w, https:\/\/konferenztechnik.de\/wp-content\/uploads\/2023\/02\/SUSTAINABLE_MEETINGS_BERLIN_Logo_RGB_High_Performer-scaled-1-300x108.jpg 300w, https:\/\/konferenztechnik.de\/wp-content\/uploads\/2023\/02\/SUSTAINABLE_MEETINGS_BERLIN_Logo_RGB_High_Performer-scaled-1-768x276.jpg 768w, https:\/\/konferenztechnik.de\/wp-content\/uploads\/2023\/02\/SUSTAINABLE_MEETINGS_BERLIN_Logo_RGB_High_Performer-scaled-1-1536x553.jpg 1536w, https:\/\/konferenztechnik.de\/wp-content\/uploads\/2023\/02\/SUSTAINABLE_MEETINGS_BERLIN_Logo_RGB_High_Performer-scaled-1-2048x737.jpg 2048w\" sizes=\"(max-width: 800px) 100vw, 800px\" title=\"\">\t\t\t\t\t\t\t\t\t\t\t\t\t\t\t<\/div>\n\t\t\t\t<\/div>\n\t\t\t\t<div class=\"elementor-element elementor-element-8ef42db elementor-widget elementor-widget-text-editor\" data-id=\"8ef42db\" data-element_type=\"widget\" data-widget_type=\"text-editor.default\">\n\t\t\t\t<div class=\"elementor-widget-container\">\n\t\t\t\t\t\t\t\t\t<p>Estamos certificados como empresa sostenible y Socio de Reuniones Sostenibles.<\/p>\t\t\t\t\t\t\t\t<\/div>\n\t\t\t\t<\/div>\n\t\t\t\t<\/div>\n\t\t<div data-particle_enable=\"false\" data-particle-mobile-disabled=\"false\" class=\"elementor-element elementor-element-0cd7c8e e-con-full e-flex e-con e-parent\" data-id=\"0cd7c8e\" data-element_type=\"container\">\n\t\t\t\t<div class=\"elementor-element elementor-element-752c986 elementor-widget-widescreen__width-initial elementor-widget elementor-widget-image\" data-id=\"752c986\" data-element_type=\"widget\" data-widget_type=\"image.default\">\n\t\t\t\t<div class=\"elementor-widget-container\">\n\t\t\t\t\t\t\t\t\t\t\t\t\t\t\t<img decoding=\"async\" width=\"698\" height=\"628\" src=\"https:\/\/konferenztechnik.de\/wp-content\/uploads\/2022\/08\/DPVT-Zertifizierung-Logo.png\" class=\"attachment-large size-large wp-image-19787\" alt=\"\" srcset=\"https:\/\/konferenztechnik.de\/wp-content\/uploads\/2022\/08\/DPVT-Zertifizierung-Logo.png 698w, https:\/\/konferenztechnik.de\/wp-content\/uploads\/2022\/08\/DPVT-Zertifizierung-Logo-300x270.png 300w\" sizes=\"(max-width: 698px) 100vw, 698px\" title=\"\">\t\t\t\t\t\t\t\t\t\t\t\t\t\t\t<\/div>\n\t\t\t\t<\/div>\n\t\t\t\t<div class=\"elementor-element elementor-element-026a2ad elementor-widget elementor-widget-text-editor\" data-id=\"026a2ad\" data-element_type=\"widget\" data-widget_type=\"text-editor.default\">\n\t\t\t\t<div class=\"elementor-widget-container\">\n\t\t\t\t\t\t\t\t\t<p>PCS Professional Conference Systems GmbH est\u00e1 certificada como proveedor de servicios de tecnolog\u00eda para eventos por el Centro Alem\u00e1n de Pruebas de Tecnolog\u00eda para Eventos (DPVT) y actualmente se encuentra en fase de recertificaci\u00f3n.<\/p>\t\t\t\t\t\t\t\t<\/div>\n\t\t\t\t<\/div>\n\t\t\t\t<\/div>\n\t\t\t\t<div class=\"elementor-element elementor-element-f567348 elementor-widget elementor-widget-spacer\" data-id=\"f567348\" data-element_type=\"widget\" data-widget_type=\"spacer.default\">\n\t\t\t\t<div class=\"elementor-widget-container\">\n\t\t\t\t\t\t\t<div class=\"elementor-spacer\">\n\t\t\t<div class=\"elementor-spacer-inner\"><\/div>\n\t\t<\/div>\n\t\t\t\t\t\t<\/div>\n\t\t\t\t<\/div>\n\t\t<div data-particle_enable=\"false\" data-particle-mobile-disabled=\"false\" class=\"elementor-element elementor-element-cc393d9 e-flex e-con-boxed e-con e-parent\" data-id=\"cc393d9\" data-element_type=\"container\">\n\t\t\t\t\t<div class=\"e-con-inner\">\n\t\t\t\t<div class=\"elementor-element elementor-element-e999247 elementor-widget elementor-widget-heading\" data-id=\"e999247\" data-element_type=\"widget\" data-widget_type=\"heading.default\">\n\t\t\t\t<div class=\"elementor-widget-container\">\n\t\t\t\t\t<h2 class=\"elementor-heading-title elementor-size-default\">Estructura de la empresa<\/h2>\t\t\t\t<\/div>\n\t\t\t\t<\/div>\n\t\t<div data-particle_enable=\"false\" data-particle-mobile-disabled=\"false\" class=\"elementor-element elementor-element-b497e11 e-flex e-con-boxed e-con e-parent\" data-id=\"b497e11\" data-element_type=\"container\">\n\t\t\t\t\t<div class=\"e-con-inner\">\n\t\t<div data-particle_enable=\"false\" data-particle-mobile-disabled=\"false\" class=\"elementor-element elementor-element-4ea4709 e-con-full e-flex e-con e-parent\" data-id=\"4ea4709\" data-element_type=\"container\">\n\t\t\t\t<div class=\"elementor-element elementor-element-96c422c elementor-widget__width-inherit elementor-widget-widescreen__width-initial elementor-widget elementor-widget-text-editor\" data-id=\"96c422c\" data-element_type=\"widget\" data-widget_type=\"text-editor.default\">\n\t\t\t\t<div class=\"elementor-widget-container\">\n\t\t\t\t\t\t\t\t\t<p><strong>Forma jur\u00eddica<\/strong><br \/>GmbH (sociedad de responsabilidad limitada)<\/p><p><strong>Propietario<\/strong><br \/>Dirk Neumann<br \/>J\u00f6rg Peschka<\/p>\t\t\t\t\t\t\t\t<\/div>\n\t\t\t\t<\/div>\n\t\t\t\t<\/div>\n\t\t<div data-particle_enable=\"false\" data-particle-mobile-disabled=\"false\" class=\"elementor-element elementor-element-14df4cf e-con-full e-flex e-con e-parent\" data-id=\"14df4cf\" data-element_type=\"container\">\n\t\t\t\t<div class=\"elementor-element elementor-element-387dcd8 elementor-widget-widescreen__width-initial elementor-widget elementor-widget-text-editor\" data-id=\"387dcd8\" data-element_type=\"widget\" data-widget_type=\"text-editor.default\">\n\t\t\t\t<div class=\"elementor-widget-container\">\n\t\t\t\t\t\t\t\t\t<p><strong>Gesti\u00f3n<\/strong><br \/>Dirk Neumann<br \/>J\u00f6rg Peschka<br \/>Gunnar Hermenau<br \/>Thorsten Gei\u00dfler<\/p>\t\t\t\t\t\t\t\t<\/div>\n\t\t\t\t<\/div>\n\t\t\t\t<\/div>\n\t\t\t\t\t<\/div>\n\t\t\t\t<\/div>\n\t\t\t\t<div class=\"elementor-element elementor-element-9b15e95 elementor-widget elementor-widget-heading\" data-id=\"9b15e95\" data-element_type=\"widget\" data-widget_type=\"heading.default\">\n\t\t\t\t<div class=\"elementor-widget-container\">\n\t\t\t\t\t<h2 class=\"elementor-heading-title elementor-size-default\">Afiliaciones, asociaciones, organizaciones<\/h2>\t\t\t\t<\/div>\n\t\t\t\t<\/div>\n\t\t<div data-particle_enable=\"false\" data-particle-mobile-disabled=\"false\" class=\"elementor-element elementor-element-a86739a e-flex e-con-boxed e-con e-parent\" data-id=\"a86739a\" data-element_type=\"container\">\n\t\t\t\t\t<div class=\"e-con-inner\">\n\t\t<div data-particle_enable=\"false\" data-particle-mobile-disabled=\"false\" class=\"elementor-element elementor-element-f6fa46c e-con-full e-flex e-con e-parent\" data-id=\"f6fa46c\" data-element_type=\"container\">\n\t\t\t\t<div class=\"elementor-element elementor-element-18f65c8 elementor-widget__width-inherit elementor-widget elementor-widget-text-editor\" data-id=\"18f65c8\" data-element_type=\"widget\" data-widget_type=\"text-editor.default\">\n\t\t\t\t<div class=\"elementor-widget-container\">\n\t\t\t\t\t\t\t\t\t<p>Somos miembros de las siguientes asociaciones, organizaciones y federaciones<\/p><ul><li>IHK Berl\u00edn, IHK D\u00fcsseldorf, IHK M\u00fanich<\/li><li>VPLT \u2013 Asociaci\u00f3n para la Tecnolog\u00eda de Medios y Eventos e.V.<\/li><li>DPVT \u2013 Centro alem\u00e1n de pruebas de tecnolog\u00eda de eventos<\/li><li>ISDV e.V. \u2013 Grupo de inter\u00e9s de los proveedores de servicios independientes del sector de los eventos<\/li><li>100PRO \u2013 La iniciativa de formaci\u00f3n de la industria de eventos<\/li><li>BVMW \u2013 Bundesverband mittelst\u00e4ndische Wirtschaft, Unternehmerverband Deutschlands e.V. (Asociaci\u00f3n Alemana de la Peque\u00f1a y Mediana Empresa)<\/li><li>VBG \u2013 Asociaci\u00f3n administrativa de seguros de responsabilidad civil patronal<\/li><\/ul>\t\t\t\t\t\t\t\t<\/div>\n\t\t\t\t<\/div>\n\t\t\t\t<\/div>\n\t\t\t\t\t<\/div>\n\t\t\t\t<\/div>\n\t\t\t\t\t<\/div>\n\t\t\t\t<\/div>\n\t\t<div data-particle_enable=\"false\" data-particle-mobile-disabled=\"false\" class=\"elementor-element elementor-element-488544c e-flex e-con-boxed e-con e-parent\" data-id=\"488544c\" data-element_type=\"container\">\n\t\t\t\t\t<div class=\"e-con-inner\">\n\t\t<div data-particle_enable=\"false\" data-particle-mobile-disabled=\"false\" class=\"elementor-element elementor-element-a5757ff e-con-full e-flex e-con e-parent\" data-id=\"a5757ff\" data-element_type=\"container\">\n\t\t\t\t<div class=\"elementor-element elementor-element-6868876 elementor-widget elementor-widget-image\" data-id=\"6868876\" data-element_type=\"widget\" data-widget_type=\"image.default\">\n\t\t\t\t<div class=\"elementor-widget-container\">\n\t\t\t\t\t\t\t\t\t\t\t\t\t\t\t<img loading=\"lazy\" decoding=\"async\" width=\"1200\" height=\"752\" src=\"https:\/\/konferenztechnik.de\/wp-content\/uploads\/2018\/01\/poster-pcs.png\" class=\"attachment-full size-full wp-image-12163\" alt=\"\" srcset=\"https:\/\/konferenztechnik.de\/wp-content\/uploads\/2018\/01\/poster-pcs.png 1200w, https:\/\/konferenztechnik.de\/wp-content\/uploads\/2018\/01\/poster-pcs-300x188.png 300w, https:\/\/konferenztechnik.de\/wp-content\/uploads\/2018\/01\/poster-pcs-1024x642.png 1024w, https:\/\/konferenztechnik.de\/wp-content\/uploads\/2018\/01\/poster-pcs-768x481.png 768w\" sizes=\"(max-width: 1200px) 100vw, 1200px\" title=\"\">\t\t\t\t\t\t\t\t\t\t\t\t\t\t\t<\/div>\n\t\t\t\t<\/div>\n\t\t\t\t<\/div>\n\t\t\t\t\t<\/div>\n\t\t\t\t<\/div>\n\t\t\t\t\t<\/div>\n\t\t\t\t<\/div>\n\t\t\t\t\t<\/div>\n\t\t\t\t<\/div>\n\t\t\t\t<\/div>","protected":false},"excerpt":{"rendered":"<p>Barrierefreie, mehrsprachige Kommunikation und Vernetzung bei Veranstaltungen und Konferenzen. Das ist unser Ziel.\u00a0 Jobs und Ausbildung Starke Projekte Live \u00dcbersetzung Moderne Medientechnik installieren Tolles Team Kurzportrait PCS betreut seit 1995 Konferenzen und Tagungen in aller Welt. Wir sind Ansprechpartner f\u00fcr die Miete, den Kauf und die Betreuung von Dolmetscheranlagen, Konferenz- und Medientechnik. Wir haben uns [&hellip;]<\/p>","protected":false},"author":1,"featured_media":45482,"parent":0,"menu_order":0,"comment_status":"closed","ping_status":"closed","template":"","meta":{"_acf_changed":false,"footnotes":""},"class_list":["post-19277","page","type-page","status-publish","has-post-thumbnail","hentry"],"acf":[],"_links":{"self":[{"href":"https:\/\/konferenztechnik.de\/es\/wp-json\/wp\/v2\/pages\/19277","targetHints":{"allow":["GET"]}}],"collection":[{"href":"https:\/\/konferenztechnik.de\/es\/wp-json\/wp\/v2\/pages"}],"about":[{"href":"https:\/\/konferenztechnik.de\/es\/wp-json\/wp\/v2\/types\/page"}],"author":[{"embeddable":true,"href":"https:\/\/konferenztechnik.de\/es\/wp-json\/wp\/v2\/users\/1"}],"replies":[{"embeddable":true,"href":"https:\/\/konferenztechnik.de\/es\/wp-json\/wp\/v2\/comments?post=19277"}],"version-history":[{"count":0,"href":"https:\/\/konferenztechnik.de\/es\/wp-json\/wp\/v2\/pages\/19277\/revisions"}],"wp:featuredmedia":[{"embeddable":true,"href":"https:\/\/konferenztechnik.de\/es\/wp-json\/wp\/v2\/media\/45482"}],"wp:attachment":[{"href":"https:\/\/konferenztechnik.de\/es\/wp-json\/wp\/v2\/media?parent=19277"}],"curies":[{"name":"wp","href":"https:\/\/api.w.org\/{rel}","templated":true}]}}