{"id":20395,"date":"2023-02-21T17:09:53","date_gmt":"2023-02-21T16:09:53","guid":{"rendered":"https:\/\/www.konferenztechnik.de\/?page_id=20395"},"modified":"2023-09-01T11:30:45","modified_gmt":"2023-09-01T09:30:45","slug":"conferencias-con-equipos-ms","status":"publish","type":"page","link":"https:\/\/konferenztechnik.de\/es\/conferencias-con-equipos-ms\/","title":{"rendered":"Conferencias con MS Teams"},"content":{"rendered":"<div data-elementor-type=\"wp-page\" data-elementor-id=\"20395\" class=\"elementor elementor-20395\" data-elementor-post-type=\"page\">\n\t\t\t\t\t\t<section data-particle_enable=\"false\" data-particle-mobile-disabled=\"false\" class=\"elementor-section elementor-top-section elementor-element elementor-element-61c1ffcb elementor-section-boxed elementor-section-height-default elementor-section-height-default\" data-id=\"61c1ffcb\" data-element_type=\"section\">\n\t\t\t\t\t\t<div class=\"elementor-container elementor-column-gap-default\">\n\t\t\t\t\t<div class=\"elementor-column elementor-col-100 elementor-top-column elementor-element elementor-element-6d181681\" data-id=\"6d181681\" data-element_type=\"column\">\n\t\t\t<div class=\"elementor-widget-wrap elementor-element-populated\">\n\t\t\t\t\t\t<div class=\"elementor-element elementor-element-6da05206 elementor-widget elementor-widget-text-editor\" data-id=\"6da05206\" data-element_type=\"widget\" data-widget_type=\"text-editor.default\">\n\t\t\t\t<div class=\"elementor-widget-container\">\n\t\t\t\t\t\t\t\t\t<h1>Conferencias profesionales con Microsoft Teams<\/h1>\n<img fetchpriority=\"high\" decoding=\"async\" src=\"https:\/\/konferenztechnik.de\/wp-content\/uploads\/2023\/02\/konferenzen-mit-msteams.jpg\" alt=\"\" width=\"1300\" height=\"490\" class=\"aligncenter size-full wp-image-20396\" title=\"\" srcset=\"https:\/\/konferenztechnik.de\/wp-content\/uploads\/2023\/02\/konferenzen-mit-msteams.jpg 1300w, https:\/\/konferenztechnik.de\/wp-content\/uploads\/2023\/02\/konferenzen-mit-msteams-300x113.jpg 300w, https:\/\/konferenztechnik.de\/wp-content\/uploads\/2023\/02\/konferenzen-mit-msteams-1024x386.jpg 1024w, https:\/\/konferenztechnik.de\/wp-content\/uploads\/2023\/02\/konferenzen-mit-msteams-768x289.jpg 768w\" sizes=\"(max-width: 1300px) 100vw, 1300px\" \/>\n\n[spacer size=\"20\u2033]\n<div class=\"newcolumn\">\n<h2><b>MS Teams ahora tambi\u00e9n multiling\u00fce y con la funci\u00f3n \"interpretaci\u00f3n simult\u00e1nea<\/b><\/h2>\nDurante mucho tiempo, Microsoft Teams (MS Teams) estuvo por detr\u00e1s de Zoom en lo que se refiere a formatos digitales e h\u00edbridos. Sin embargo, nuestros t\u00e9cnicos nos informaban regularmente de c\u00f3mo MS Teams se estaba poniendo al d\u00eda: la interfaz de usuario se mejoraba constantemente y el motor de audio, en particular, era cada vez mejor. En t\u00e9rminos de calidad de voz, Zoom y MS Teams est\u00e1n actualmente a la par.\nA principios de a\u00f1o, Microsoft anunci\u00f3 que tambi\u00e9n integrar\u00eda la interpretaci\u00f3n profesional en Teams y ha cumplido su palabra. Microsoft ofrece la opci\u00f3n de integrar int\u00e9rpretes profesionales. Ahora se pueden a\u00f1adir y seleccionar personas como int\u00e9rpretes en Teams. La funci\u00f3n se llama \"interpretaci\u00f3n de idiomas\" en Microsoft.\n[spacer size=\"5\u2033]\n[list icon=\"moon-arrow-right-2\u2033 colour=\"#a62055\u2033]<a title=\"Utilizar la interpretaci\u00f3n ling\u00fc\u00edstica en una reuni\u00f3n de equipo\" href=\"https:\/\/support.microsoft.com\/de-de\/office\/verwenden-der-sprachinterpretation-in-einer-teams-besprechung-b9fdde0f-1896-48ba-8540-efc99f5f4b2e\" target=\"_blank\" rel=\"noopener\">Utilizar la interpretaci\u00f3n ling\u00fc\u00edstica en una reuni\u00f3n de equipo<\/a>[\/list]\n\n[spacer size=\"30\u2033]\n<h2><b>PCS \u2013 konferenztechnik.de ofrece asistencia profesional para conferencias con Microsoft Teams<\/b><\/h2>\nNuestros profesionales de formatos digitales est\u00e1n recibiendo formaci\u00f3n adicional para convertirse en administradores certificados de Teams. La organizaci\u00f3n de eventos profesionales con MS Teams ofrece m\u00e1s escollos y obst\u00e1culos. Sobre todo las grandes empresas han integrado Teams de forma centralizada en sus sistemas inform\u00e1ticos corporativos y han definido sus propias medidas de seguridad, autorizaciones y restricciones. Los participantes ajenos a la empresa y al dominio gestionado reciben de repente la noticia de que no pueden iniciar sesi\u00f3n...\n<h2><b>MS Teams y la protecci\u00f3n y seguridad de los datos<\/b><\/h2>\nSi le preguntas a Microsoft por la seguridad de los datos, suena as\u00ed: \"\u00bfEst\u00e1n seguras mis conversaciones y mis datos?\". \"S\u00ed, porque Microsoft Teams es una parte integral de Office 365, por lo que ofrece las mismas caracter\u00edsticas de protecci\u00f3n de datos y cumplimiento que los usuarios ya conocen de Office 365. Los datos se cifran durante la transmisi\u00f3n y el almacenamiento. Los archivos se almacenan en SharePoint y se protegen mediante el cifrado de SharePoint. Las notas se almacenan en OneNote y se protegen mediante el cifrado de OneNote.\" Sin embargo, los expertos alemanes y europeos en protecci\u00f3n de datos est\u00e1n indignados por la forma en que Microsoft maneja los datos de los usuarios. Al mismo tiempo, cuando nuestros clientes utilizan MS Teams, la cuesti\u00f3n de la seguridad de los datos suele estar aclarada y aceptada por el departamento de TI de la empresa. Sin embargo, para muchos de nuestros clientes, el uso de servicios como Google y Microsoft no est\u00e1 permitido. En este caso, recomendamos nuestra soluci\u00f3n con Zoom en nuestros propios servidores o incluso soluciones completamente independientes como las de Televic.\n<h2><b>MS Teams en sus propios servidores \/ on-premise<\/b><\/h2>\n\u00bfEs posible utilizar Microsoft Teams tambi\u00e9n en mis propios servidores? No, Microsoft Teams est\u00e1 dise\u00f1ado para la colaboraci\u00f3n con SharePoint Online y Azure Active Directory. Aunque es posible utilizar algunas funciones en un entorno h\u00edbrido, la gama completa de funciones de Microsoft Teams no est\u00e1 disponible en una instalaci\u00f3n local. No hay instalaciones de servidor para Microsoft Teams, como puede estar familiarizado con Skype for Business. Microsoft Teams es una soluci\u00f3n puramente en la nube.\n<h2><b>Nuevo Microsoft Teams a partir del 1 de marzoTP2T MS Teams 2.0<\/b><\/h2>\nMicrosoft habla de una mejora importante, sobre todo en t\u00e9rminos de rendimiento. La calidad de voz y el motor de voz que hay detr\u00e1s ya nos han impresionado. Esperamos mejoras sobre todo en las im\u00e1genes de v\u00eddeo. Sin embargo, tambi\u00e9n se ha anunciado que se simplificar\u00e1 el uso de \"cuentas m\u00faltiples\". Cualquiera que utilice Teams en diferentes organizaciones sabe lo engorroso y propenso a errores que es esto. Los anuncios realizados por los ingenieros de Teams en The Verge suenan como un gran salto adelante. Entre l\u00edneas, sin embargo, tambi\u00e9n leemos mucho sobre Microsoft 11, el navegador Edge y los ordenadores PC. Tenemos mucha curiosidad por ver c\u00f3mo funcionar\u00e1 el nuevo Teams en dispositivos Apple o sistemas Linux. Os mantendremos informados aqu\u00ed.\n\n[spacer size=\"30\u2033]\n[list icon=\"moon-arrow-right-2\u2033 color=\"#a62055\u2033]<a href=\"https:\/\/www.theverge.com\/2023\/2\/20\/23607037\/microsoft-teams-performance-improvements-less-cpu-memory\" rel=\"noopener\" target=\"_blank\">The Verge \u2013 Microsoft Teams recibir\u00e1 grandes mejoras de rendimiento el mes que viene<\/a>[\/list]\n[spacer size=\"5\u2033]\n[list icon=\"luna-flecha-derecha-2\u2033 color=\"#a62055\u2033]<a href=\"https:\/\/www.drwindows.de\/news\/microsoft-teams-2-0-neue-version-mit-massiv-besserer-performance-startet-im-maerz\" rel=\"noopener\" target=\"_blank\">Dr Windows \u2013 Microsoft Teams 2.0<\/a>[\/list]\n[spacer size=\"30\u2033]\n<h2><b>\u00bfDesea ejecutar formatos digitales e h\u00edbridos profesionales en directo con MS Teams? Podemos ayudarle: <\/b><\/h2>\n<\/div>\n[spacer size=\"30\u2033]\n<div class=\"box1-4 medium-size-txt\" style=\"margin-bottom: 0!important\">\n<h2><b><span class=\"pcs-color medium-size-txt\">Su equipo de servicio<\/span><\/b><\/h2>\n[spacer size=\"5\u2033]\n[column size=\"1-2\u2033 last=\"0\u2033]\n\nNuestro departamento especializado estar\u00e1 encantado de ayudarle a resolver sus dudas, asesorarle sobre los productos, facilitarle un presupuesto personalizado o la planificaci\u00f3n de un proyecto individual.\n\n<img decoding=\"async\" src=\"https:\/\/konferenztechnik.de\/wp-content\/uploads\/2021\/08\/Monika-van-den-Boogaard-PCS-GmbH-konferenztechnik-small.jpg\" alt=\"Monika van den Boogaard - PCS GmbH - Consultor\u00eda de proyectos\" width=\"150\" height=\"150\" class=\"alignleft size-full wp-image-18125\" title=\"\">\n<img decoding=\"async\" src=\"https:\/\/konferenztechnik.de\/wp-content\/uploads\/2021\/08\/Sebastian-Meyer-PCS-GmbH-konferenztechnik-small.jpg\" alt=\"Sebastian Meyer - PCS GmbH - Consultor de proyectos\" width=\"150\" height=\"150\" class=\"alignleft size-full wp-image-18120\" title=\"\">\n<img loading=\"lazy\" decoding=\"async\" src=\"https:\/\/konferenztechnik.de\/wp-content\/uploads\/2021\/06\/sebastian-gegusch-pcs-gmbh.jpg\" alt=\"Sebastian Gegusch - PCS GmbH - Planificaci\u00f3n de proyectos\" width=\"150\" height=\"150\" class=\"alignleft size-full wp-image-17774\" title=\"\">\n[spacer size=\"5\u2033]\n<span class=\"medium-size-txt\">\nLl\u00e1menos.\n<a href=\"tel:08007274624\"><b>0800 727 46 24<\/b><\/a><\/span>\n\nEnv\u00edenos un correo electr\u00f3nico a\n<span class=\"volleansicht\"><a href=\"mailto:info@konferenztechnik.de\" onclick=\"ga('send', 'event', 'Email-Klick', 'Kontakt Vermietung');\">info@konferenztechnik.de<\/a>\n<\/span>\n<span class=\"mobileansicht\"><a href=\"mailto:info@konferenztechnik.de\" onclick=\"ga('send', 'event', 'Email-Klick', 'Kontakt Vermietung');\">escriba a<\/a>\n<\/span>\n\nChatee con nosotros o utilice nuestro servicio de devoluci\u00f3n de llamada\n\n[\/column]\n[column size=\"1-2\u2033 last=\"1\u2033]\n<h2>Organizar una devoluci\u00f3n de llamada<\/h2>\n[contact-form-7 id=\"17963\u2033 title=\"Concertar una devoluci\u00f3n de llamada\"]\n[\/columna]\n\n<\/div>\t\t\t\t\t\t\t\t<\/div>\n\t\t\t\t<\/div>\n\t\t\t\t\t<\/div>\n\t\t<\/div>\n\t\t\t\t\t<\/div>\n\t\t<\/section>\n\t\t\t\t<\/div>","protected":false},"excerpt":{"rendered":"<p>Professionelle Konferenzen mit Microsoft Teams [spacer size=&#8220;20&#8243;] MS Teams jetzt auch mehrsprachig und mit der Funktion &#8222;Simultandolmetschen&#8220; Microsoft Teams (MS Teams) spielte bei uns lange die zweite Geige hinter Zoom bei den digitalen und hybriden Formaten. Unsere Techniker*innen berichteten regelm\u00e4\u00dfig, wie MS Teams jedoch aufholte: die Benutzeroberfl\u00e4che wurde stetig verbessert und vor allem die Audio-Engine [&hellip;]<\/p>","protected":false},"author":1,"featured_media":45482,"parent":0,"menu_order":0,"comment_status":"closed","ping_status":"closed","template":"elementor_theme","meta":{"_acf_changed":false,"footnotes":""},"class_list":["post-20395","page","type-page","status-publish","has-post-thumbnail","hentry"],"acf":[],"_links":{"self":[{"href":"https:\/\/konferenztechnik.de\/es\/wp-json\/wp\/v2\/pages\/20395","targetHints":{"allow":["GET"]}}],"collection":[{"href":"https:\/\/konferenztechnik.de\/es\/wp-json\/wp\/v2\/pages"}],"about":[{"href":"https:\/\/konferenztechnik.de\/es\/wp-json\/wp\/v2\/types\/page"}],"author":[{"embeddable":true,"href":"https:\/\/konferenztechnik.de\/es\/wp-json\/wp\/v2\/users\/1"}],"replies":[{"embeddable":true,"href":"https:\/\/konferenztechnik.de\/es\/wp-json\/wp\/v2\/comments?post=20395"}],"version-history":[{"count":0,"href":"https:\/\/konferenztechnik.de\/es\/wp-json\/wp\/v2\/pages\/20395\/revisions"}],"wp:featuredmedia":[{"embeddable":true,"href":"https:\/\/konferenztechnik.de\/es\/wp-json\/wp\/v2\/media\/45482"}],"wp:attachment":[{"href":"https:\/\/konferenztechnik.de\/es\/wp-json\/wp\/v2\/media?parent=20395"}],"curies":[{"name":"wp","href":"https:\/\/api.w.org\/{rel}","templated":true}]}}