{"id":2266,"date":"2013-09-20T13:40:58","date_gmt":"2013-09-20T11:40:58","guid":{"rendered":"https:\/\/konferenztechnik.de\/?page_id=2266"},"modified":"2023-07-05T14:14:58","modified_gmt":"2023-07-05T12:14:58","slug":"sistema-de-sonido","status":"publish","type":"page","link":"https:\/\/konferenztechnik.de\/es\/distribucion-de-tecnologia-de-conferencia-y-av-media\/tecnologia-de-audio-microfonos-refuerzo-sonoro-sala-de-control-y-reproduccion\/sistema-de-sonido\/","title":{"rendered":"Sistema de sonido"},"content":{"rendered":"<h1>Altavoz<\/h1>\n<p>La colocaci\u00f3n profesional de los altavoces en una sala de conferencias es crucial para una \u00f3ptima inteligibilidad de la voz. Los arquitectos y los planificadores audiovisuales deben intercambiar los par\u00e1metros necesarios en una fase temprana y trabajar codo con codo.<\/p>\n<h4>Altavoz Kling &amp; Freitag CA 106<\/h4>\n<p><a href=\"https:\/\/konferenztechnik.de\/wp-content\/uploads\/2013\/09\/Kling_Freitag_Lautsprecher_CA_gross.jpg\"><img fetchpriority=\"high\" decoding=\"async\" width=\"400\" height=\"256\" class=\"alignleft size-full wp-image-2378\" src=\"https:\/\/konferenztechnik.de\/wp-content\/uploads\/2013\/09\/Kling_Freitag_Lautsprecher_CA_gross.jpg\" alt=\"Altavoz Kling &amp; Freitag CA 106 \" title=\"\" srcset=\"https:\/\/konferenztechnik.de\/wp-content\/uploads\/2013\/09\/Kling_Freitag_Lautsprecher_CA_gross.jpg 400w, https:\/\/konferenztechnik.de\/wp-content\/uploads\/2013\/09\/Kling_Freitag_Lautsprecher_CA_gross-300x192.jpg 300w\" sizes=\"(max-width: 400px) 100vw, 400px\" \/><\/a><\/p>\n<p>Este sistema ultracompacto de alto rendimiento para distancias de escucha cortas y medias puede utilizarse universalmente y se considera el est\u00e1ndar del sector. Adem\u00e1s de funcionar con amplificadores convencionales, tambi\u00e9n es posible hacerlo a trav\u00e9s de controladores de sistema digitales. Tambi\u00e9n est\u00e1 disponible una versi\u00f3n resistente a la intemperie.<\/p>\n<h4>Sistema de audio inal\u00e1mbrico LSP 500 Pro de Sennheiser<\/h4>\n<ul>\n<li>Control mediante aplicaci\u00f3n<\/li>\n<li>Ahorra tiempo y dinero<\/li>\n<li>Sin cables Montaje extremadamente r\u00e1pido<\/li>\n<li>Hasta 70 % menos de tiempo de preparaci\u00f3n<\/li>\n<li>ahorra hasta un 70 % de los costes en accesorios (amplificador, mesa de mezclas, cables)<\/li>\n<li>hasta 40 % menores costes de transporte<\/li>\n<\/ul>\n<p>M\u00e1s informaci\u00f3n<\/p>\n<ul>\n<li>Dimensiones (ancho x alto x fondo): 290 x 550 x 320 mm (11,42\u2033 x 21,65\u2033 x 12,60\u2033)<\/li>\n<li>Dise\u00f1o ac\u00fastico: sistema de 2 v\u00edas, cerrado<\/li>\n<li>Gama de frecuencias: 65 Hz a 18 kHz (-10 dB)<\/li>\n<li>Potencia de salida: 55 W de potencia continua, 120 W de potencia de pico<\/li>\n<li>Ecualizador: semiparam\u00e9trico, 3 bandas<\/li>\n<li>Entrada MIC: XLR-3F\/\u00bc\" (6,3 mm), toma combo jack, alimentaci\u00f3n phantom conmutable 48 V<\/li>\n<li>Entrada AUX IN: toma est\u00e9reo RCA<\/li>\n<li>Salida LINE OUT: Conector est\u00e9reo RCA<\/li>\n<li>Entrada LINK IN: XLR-3F<\/li>\n<li>Salida LINK OUT: XLR-3M<\/li>\n<li>Puerto USB: USB 2.0<\/li>\n<li>Formatos de archivo USB: Reproducci\u00f3n: mp3, wav, aac, flac Grabaci\u00f3n: wav<\/li>\n<li>Interfaz Bluetooth: A2DP con aptX<\/li>\n<li>Interfaz WLAN: IEEE 802.11b\/g<\/li>\n<li>Cifrado: WPA2<\/li>\n<li>Tensi\u00f3n de red\/frecuencia de red: 100\u2013240 V ~, 50\u201360 Hz<\/li>\n<li>Bater\u00edas: 2 x Sennheiser LBA 500, bater\u00eda de iones de litio 14,4 V\/4,4 Ah<\/li>\n<li>Duraci\u00f3n de uso: aprox. 6 horas (idioma)<\/li>\n<li>Tiempo de carga: aprox. 5 horas para dos pilas<\/li>\n<\/ul>\n<p>M\u00e1s informaci\u00f3n<\/p>\n<h4>Sistemas VRX Line Array de altavoces JBL<\/h4>\n<p><a href=\"https:\/\/konferenztechnik.de\/wp-content\/uploads\/2013\/09\/JBL_Lautsprecher_Line-Array_VRX-Systeme_gross.jpg\"><img decoding=\"async\" width=\"300\" height=\"300\" class=\"alignleft size-full wp-image-2377\" src=\"https:\/\/konferenztechnik.de\/wp-content\/uploads\/2013\/09\/JBL_Lautsprecher_Line-Array_VRX-Systeme_gross.jpg\" alt=\"Sistemas VRX Line Array de altavoces JBL\" title=\"\" srcset=\"https:\/\/konferenztechnik.de\/wp-content\/uploads\/2013\/09\/JBL_Lautsprecher_Line-Array_VRX-Systeme_gross.jpg 300w, https:\/\/konferenztechnik.de\/wp-content\/uploads\/2013\/09\/JBL_Lautsprecher_Line-Array_VRX-Systeme_gross-150x150.jpg 150w\" sizes=\"(max-width: 300px) 100vw, 300px\" \/><\/a><\/p>\n<p>Los arrays lineales son muy adecuados para reforzar el sonido en salas grandes si no puede o no quiere distribuir varios altavoces en la sala. JBL ofrece un sistema de altavoces bueno y f\u00e1cil de instalar para este fin.<\/p>\n<h4>Serie DI de Tannoy<\/h4>\n<p><a href=\"https:\/\/konferenztechnik.de\/wp-content\/uploads\/2013\/09\/Tannoy_Di8-3q-top_gross.jpg\"><img decoding=\"async\" width=\"400\" height=\"600\" class=\"alignleft size-full wp-image-2376\" src=\"https:\/\/konferenztechnik.de\/wp-content\/uploads\/2013\/09\/Tannoy_Di8-3q-top_gross.jpg\" alt=\"Serie DI de Tannoy\" title=\"\" srcset=\"https:\/\/konferenztechnik.de\/wp-content\/uploads\/2013\/09\/Tannoy_Di8-3q-top_gross.jpg 400w, https:\/\/konferenztechnik.de\/wp-content\/uploads\/2013\/09\/Tannoy_Di8-3q-top_gross-200x300.jpg 200w\" sizes=\"(max-width: 400px) 100vw, 400px\" \/><\/a><\/p>\n<p>La serie Di del fabricante brit\u00e1nico de altavoces Tannoy est\u00e1 dise\u00f1ada para una amplia gama de aplicaciones de instalaci\u00f3n. Gracias a su alta calidad de sonido, los altavoces son adecuados para toda la gama de sistemas de refuerzo de sonido, como refuerzo de sonido principal o de fondo, refuerzo de voz o m\u00fasica. Su construcci\u00f3n robusta y ligera facilita su instalaci\u00f3n. Adem\u00e1s de esta l\u00ednea de productos, Tannoy tiene en su programa altavoces para casi todas las aplicaciones posibles. Adem\u00e1s de los cl\u00e1sicos altavoces de superficie, hay altavoces de techo, altavoces empotrados en pared, etc. Existe una versi\u00f3n de estos altavoces para su conexi\u00f3n a sistemas de sonido de 100 V ya existentes.<\/p>\n<h4>Altavoz QSC HPRiGroup<\/h4>\n<p><a href=\"https:\/\/konferenztechnik.de\/wp-content\/uploads\/2013\/09\/Lautsprecher_QSC_HPRiGroup_gross.jpg\"><img loading=\"lazy\" decoding=\"async\" width=\"450\" height=\"285\" class=\"alignleft size-full wp-image-2379\" src=\"https:\/\/konferenztechnik.de\/wp-content\/uploads\/2013\/09\/Lautsprecher_QSC_HPRiGroup_gross.jpg\" alt=\"Altavoz QSC HPRiGroup \" title=\"\" srcset=\"https:\/\/konferenztechnik.de\/wp-content\/uploads\/2013\/09\/Lautsprecher_QSC_HPRiGroup_gross.jpg 450w, https:\/\/konferenztechnik.de\/wp-content\/uploads\/2013\/09\/Lautsprecher_QSC_HPRiGroup_gross-300x190.jpg 300w\" sizes=\"(max-width: 450px) 100vw, 450px\" \/><\/a><\/p>\n<p>La serie HPR ofrece a los usuarios la potencia, la tecnolog\u00eda y la legendaria fiabilidad de los amplificadores de potencia QSC, combinadas con la facilidad y comodidad de manejo que caracterizan a los sistemas de altavoces activos. No importa si s\u00f3lo desea amplificar voces, reproducir m\u00fasica o transmitir otras se\u00f1ales ac\u00fasticas.<\/p>\n<h2>Altavoz QSC HPRiGroup<\/h2>\n<ul>\n<li>Sistemas de altavoces activos con tecnolog\u00eda de amplificaci\u00f3n QSC<\/li>\n<li>Alta potencia de amplificaci\u00f3n continua: subwoofer de 700 vatios y altavoces de rango completo de hasta 600 vatios<\/li>\n<li>Carcasa robusta de contrachapado de abedul de 13 capas<\/li>\n<li>Robusta rejilla frontal apta para la carretera<\/li>\n<li>Soporte integrado de 35 mm (subwoofer y modelos de 2 v\u00edas)<\/li>\n<li>Puntos de volado M10 en los modelos HPR122i, HPR152i y HPR153i<\/li>\n<\/ul>\n<h1>Altavoz de l\u00ednea<\/h1>\n<p>En salas ac\u00fasticamente exigentes, se pueden conseguir excelentes resultados con los altavoces line array, ya que generan un campo sonoro de radiaci\u00f3n estrecha.<br \/>\nB\u00e1sicamente, estos altavoces pueden dividirse en sistemas pasivos y activos. Los sistemas pasivos requieren un amplificador independiente con procesamiento de se\u00f1al. En cambio, los sistemas activos ya disponen de un amplificador integrado y un sistema de procesamiento de se\u00f1ales mediante procesadores digitales de se\u00f1ales (DSP). En muchos sistemas activos, los \u00e1ngulos de dispersi\u00f3n vertical pueden controlarse digitalmente para iluminar con precisi\u00f3n una o varias zonas de escucha \u2013, como en un teatro, el p\u00fablico y la grada. En este caso, se habla de beam steering, en el que la relaci\u00f3n de dispersi\u00f3n se ajusta mediante un software de PC.<\/p>\n<ul>\n<li>Elevado \u00e1ngulo de dispersi\u00f3n, que da lugar a un campo sonoro uniforme<\/li>\n<li>\u00d3ptimo en combinaci\u00f3n con micr\u00f3fonos, insensible a la retroalimentaci\u00f3n<\/li>\n<li>Posibilidad de integraci\u00f3n invisible en cart\u00f3n yeso, madera u otras superficies<\/li>\n<li>Posibilidad de hasta 100 dB SPL<\/li>\n<li>Profundidad de montaje reducida, m\u00e1x. 40 mm<\/li>\n<li>Versiones de 100 V disponibles<\/li>\n<\/ul>\n<h4>RCF L2406-T<\/h4>\n<p><a href=\"https:\/\/konferenztechnik.de\/wp-content\/uploads\/2013\/09\/Zeilenlautsprecher_RCF_L2406T.jpg\"><img loading=\"lazy\" decoding=\"async\" width=\"388\" height=\"650\" class=\"alignleft size-full wp-image-2387\" src=\"https:\/\/konferenztechnik.de\/wp-content\/uploads\/2013\/09\/Zeilenlautsprecher_RCF_L2406T.jpg\" alt=\"RCF L2406-T \" title=\"\" srcset=\"https:\/\/konferenztechnik.de\/wp-content\/uploads\/2013\/09\/Zeilenlautsprecher_RCF_L2406T.jpg 388w, https:\/\/konferenztechnik.de\/wp-content\/uploads\/2013\/09\/Zeilenlautsprecher_RCF_L2406T-179x300.jpg 179w\" sizes=\"(max-width: 388px) 100vw, 388px\" \/><\/a><\/p>\n<p>El L2406-T de RCF es un ejemplo de altavoz pasivo de fuente de l\u00ednea. El altavoz se caracteriza por las siguientes caracter\u00edsticas:<\/p>\n<ul>\n<li>6 x 5\" LF, 4 x 1\" HF<\/li>\n<li>Capacidad de carga de 200 vatios<\/li>\n<li>Dispersi\u00f3n horizontal de 150\u00b0, vertical de 30<\/li>\n<li>Gama de frecuencias 110 Hz \u2013 20 Hz<\/li>\n<li>Carcasa a prueba de bolas<\/li>\n<\/ul>\n<h4>Serie QFlex de Tannoy<\/h4>\n<p><a href=\"https:\/\/konferenztechnik.de\/wp-content\/uploads\/2013\/09\/Tannoy-QFlex24.jpg\"><img loading=\"lazy\" decoding=\"async\" width=\"600\" height=\"600\" class=\"alignleft size-full wp-image-2388\" src=\"https:\/\/konferenztechnik.de\/wp-content\/uploads\/2013\/09\/Tannoy-QFlex24.jpg\" alt=\"Serie QFlex de Tannoy \" title=\"\" srcset=\"https:\/\/konferenztechnik.de\/wp-content\/uploads\/2013\/09\/Tannoy-QFlex24.jpg 600w, https:\/\/konferenztechnik.de\/wp-content\/uploads\/2013\/09\/Tannoy-QFlex24-300x300.jpg 300w, https:\/\/konferenztechnik.de\/wp-content\/uploads\/2013\/09\/Tannoy-QFlex24-150x150.jpg 150w\" sizes=\"(max-width: 600px) 100vw, 600px\" \/><\/a><\/p>\n<p>Un ejemplo de altavoz activo line array controlable digitalmente es la serie QFlex de Tannoy, aqu\u00ed el QFlex 24.<\/p>\n<ul>\n<li>8 x 4\" LF, 8 x 3\" LF, 8 x 1\" HF<\/li>\n<li>DSP y amplificador digital integrados<\/li>\n<li>Dispersi\u00f3n horizontal de 120\u00b0, regulable entre 10\u00b0 y 100\u00b0 en vertical<\/li>\n<li>Gama de frecuencias 110 Hz \u2013 20 kHz<\/li>\n<li>Distancia de aplicaci\u00f3n de hasta 40 m<\/li>\n<li>27 kg Peso<\/li>\n<\/ul>\n<p>Adem\u00e1s de estos altavoces, tambi\u00e9n vendemos altavoces line array de Duran Audio, Pan Acoustics, Clearvoice System y muchos otros. Cuando se utilizan altavoces line array, es esencial una planificaci\u00f3n precisa. Estaremos encantados de asesorarle.<\/p>\n<h1>Altavoz plano<\/h1>\n<p>Los altavoces planos de membrana basados en el principio DML (Distributed Mode Loudspeaker) son adecuados para su instalaci\u00f3n invisible en techos, paredes o muebles. Los paneles rectangulares, equipados con dos o m\u00e1s excitadores, pueden colocarse de forma invisible en superficies de cart\u00f3n-yeso o utilizarse detr\u00e1s de una capa de madera de 2,5 mm como m\u00e1ximo en la construcci\u00f3n de muebles.<\/p>\n<p><a href=\"https:\/\/konferenztechnik.de\/wp-content\/uploads\/2013\/09\/amina-wallsound.jpg\"><img loading=\"lazy\" decoding=\"async\" width=\"260\" height=\"150\" class=\"alignleft size-full wp-image-2389\" src=\"https:\/\/konferenztechnik.de\/wp-content\/uploads\/2013\/09\/amina-wallsound.jpg\" alt=\"Amina Wallsound\" title=\"\"><\/a><\/p>\n<p>El uso de altavoces de cono plano crea un campo sonoro apenas localizado que se distribuye uniformemente por toda la sala y es especialmente adecuado para el refuerzo sonoro de fondo, pero tambi\u00e9n para el refuerzo sonoro de techo de alta calidad. En combinaci\u00f3n con sistemas de microfon\u00eda, los altavoces planos son mucho m\u00e1s resistentes a la realimentaci\u00f3n que los altavoces de cono convencionales.<\/p>\n<ul>\n<li>Elevado \u00e1ngulo de dispersi\u00f3n, que da lugar a un campo sonoro uniforme<\/li>\n<li>\u00d3ptimo en combinaci\u00f3n con micr\u00f3fonos, insensible a la retroalimentaci\u00f3n<\/li>\n<li>Posibilidad de integraci\u00f3n invisible en cart\u00f3n yeso, madera u otras superficies<\/li>\n<li>Posibilidad de hasta 100 dB SPL<\/li>\n<li>Profundidad de montaje reducida, m\u00e1x. 40 mm<\/li>\n<li>Versiones de 100 V disponibles<\/li>\n<\/ul>\n<p><a href=\"https:\/\/konferenztechnik.de\/wp-content\/uploads\/2013\/09\/amina_flaechenmembran.jpg\"><img loading=\"lazy\" decoding=\"async\" width=\"139\" height=\"210\" class=\"alignright size-full wp-image-2390\" src=\"https:\/\/konferenztechnik.de\/wp-content\/uploads\/2013\/09\/amina_flaechenmembran.jpg\" alt=\"Membrana superficial Amina\" title=\"\"><\/a><\/p>\n<p>PCS vende altavoces planos de los fabricantes Sonus, ML Audio y Amina. Para utilizar altavoces planos es imprescindible una planificaci\u00f3n precisa. Estaremos encantados de asesorarle.<\/p>\n<h1>Amplificador<\/h1>\n<h4>Crown AMP con DSP Serie 2000<\/h4>\n<p><a href=\"https:\/\/konferenztechnik.de\/wp-content\/uploads\/2013\/09\/Verstaerker_Crown_XTiSeries_gross.jpg\"><img loading=\"lazy\" decoding=\"async\" width=\"360\" height=\"218\" class=\"alignleft size-full wp-image-2398\" src=\"https:\/\/konferenztechnik.de\/wp-content\/uploads\/2013\/09\/Verstaerker_Crown_XTiSeries_gross.jpg\" alt=\"Crown AMP con DSP Serie 2000\" title=\"\" srcset=\"https:\/\/konferenztechnik.de\/wp-content\/uploads\/2013\/09\/Verstaerker_Crown_XTiSeries_gross.jpg 360w, https:\/\/konferenztechnik.de\/wp-content\/uploads\/2013\/09\/Verstaerker_Crown_XTiSeries_gross-300x182.jpg 300w\" sizes=\"(max-width: 360px) 100vw, 360px\" \/><\/a><\/p>\n<p>La serie de amplificadores XTi consta de los modelos XTi 1000, XTi 2000, XTi 4000 y XTi 6000, todos ellos extremadamente robustos y muy ligeros. Los amplificadores de potencia combinan funciones flexibles de controlador DSP y amplificador en un solo dispositivo. Sus potencias oscilan entre 2 x 500 y 2 x 2100 vatios a 4 ohmios.<\/p>","protected":false},"excerpt":{"rendered":"<p>Lautsprecher Eine professionell geplante Positionierung der Lautsprecher in einem Konferenzraum\/-Saal ist ma\u00dfgeblich f\u00fcr eine optimale Sprachverst\u00e4ndlichkeit. Architekten und AV-Planer sollten hier fr\u00fch und Hand in Hand die erforderlichen Parameter austauschen. Kling &amp; Freitag Lautsprecher CA 106 Dieses ultrakompakte Hochleistungs-System, f\u00fcr kurze und mittlere H\u00f6rabst\u00e4nde, ist universell einsetzbar und gilt in der Branche als Industriestandard. Neben [&hellip;]<\/p>","protected":false},"author":1,"featured_media":45482,"parent":1289,"menu_order":142,"comment_status":"closed","ping_status":"open","template":"","meta":{"_acf_changed":false,"footnotes":""},"class_list":["post-2266","page","type-page","status-publish","has-post-thumbnail","hentry"],"acf":[],"_links":{"self":[{"href":"https:\/\/konferenztechnik.de\/es\/wp-json\/wp\/v2\/pages\/2266","targetHints":{"allow":["GET"]}}],"collection":[{"href":"https:\/\/konferenztechnik.de\/es\/wp-json\/wp\/v2\/pages"}],"about":[{"href":"https:\/\/konferenztechnik.de\/es\/wp-json\/wp\/v2\/types\/page"}],"author":[{"embeddable":true,"href":"https:\/\/konferenztechnik.de\/es\/wp-json\/wp\/v2\/users\/1"}],"replies":[{"embeddable":true,"href":"https:\/\/konferenztechnik.de\/es\/wp-json\/wp\/v2\/comments?post=2266"}],"version-history":[{"count":0,"href":"https:\/\/konferenztechnik.de\/es\/wp-json\/wp\/v2\/pages\/2266\/revisions"}],"up":[{"embeddable":true,"href":"https:\/\/konferenztechnik.de\/es\/wp-json\/wp\/v2\/pages\/1289"}],"wp:featuredmedia":[{"embeddable":true,"href":"https:\/\/konferenztechnik.de\/es\/wp-json\/wp\/v2\/media\/45482"}],"wp:attachment":[{"href":"https:\/\/konferenztechnik.de\/es\/wp-json\/wp\/v2\/media?parent=2266"}],"curies":[{"name":"wp","href":"https:\/\/api.w.org\/{rel}","templated":true}]}}