{"id":2278,"date":"2013-09-20T14:10:18","date_gmt":"2013-09-20T12:10:18","guid":{"rendered":"https:\/\/konferenztechnik.de\/?page_id=2278"},"modified":"2023-07-05T14:29:38","modified_gmt":"2023-07-05T12:29:38","slug":"dinamica-y-efectos","status":"publish","type":"page","link":"https:\/\/konferenztechnik.de\/es\/distribucion-de-tecnologia-de-conferencia-y-av-media\/tecnologia-de-audio-microfonos-refuerzo-sonoro-sala-de-control-y-reproduccion\/dinamica-y-efectos\/","title":{"rendered":"Din\u00e1mica y efectos"},"content":{"rendered":"<h1>Din\u00e1mica y efectos<\/h1>\n<h2>Nexia<\/h2>\n<p><a href=\"https:\/\/konferenztechnik.de\/wp-content\/uploads\/2013\/09\/Biamp_Nexia_CS_gross.jpg\"><img fetchpriority=\"high\" decoding=\"async\" width=\"603\" height=\"217\" class=\"alignleft size-full wp-image-2408\" src=\"https:\/\/konferenztechnik.de\/wp-content\/uploads\/2013\/09\/Biamp_Nexia_CS_gross.jpg\" alt=\"Nexia\" title=\"\" srcset=\"https:\/\/konferenztechnik.de\/wp-content\/uploads\/2013\/09\/Biamp_Nexia_CS_gross.jpg 603w, https:\/\/konferenztechnik.de\/wp-content\/uploads\/2013\/09\/Biamp_Nexia_CS_gross-300x108.jpg 300w\" sizes=\"(max-width: 603px) 100vw, 603px\" \/><\/a><\/p>\n<p>Nexia es un sistema de audio digital rentable que puede programarse libremente mediante una interfaz gr\u00e1fica de usuario. La serie Nexia est\u00e1 disponible en varias configuraciones de E\/S, lo que facilita encontrar el dispositivo adecuado para cualquier aplicaci\u00f3n. Se pueden conectar hasta cuatro sistemas Nexia en la parte de audio a trav\u00e9s del bus interno NexLink. Por lo tanto, Nexia se puede utilizar en centros de conferencias, salas polivalentes, aulas de formaci\u00f3n, restaurantes o dondequiera que se necesite un sistema de audio libremente programable.<\/p>\n<h2>Nexia<\/h2>\n<p>Est\u00e1n disponibles los siguientes tipos de Nexia:<\/p>\n<ul>\n<li>Nexia CS: para aplicaciones con gran cantidad de micr\u00f3fonos, como salas de conferencias<\/li>\n<li>Nexia PM: Especialmente adecuado para aplicaciones AV en las que se utilizan tanto micr\u00f3fonos como dispositivos de reproducci\u00f3n.<\/li>\n<li>Nexia SP: Ideal para aplicaciones en las que las se\u00f1ales de l\u00ednea deben distribuirse a un gran n\u00famero de salidas.<\/li>\n<li>Nexia TC: ideal para una amplia gama de aplicaciones de conferencia telef\u00f3nica<\/li>\n<li>Nexia VC: ideal para una amplia gama de aplicaciones de videoconferencia<\/li>\n<\/ul>\n<h2>Sabine FBX-2400<\/h2>\n<p><a href=\"https:\/\/konferenztechnik.de\/wp-content\/uploads\/2013\/09\/Sabine_FBX1200-2400_gross.jpg\"><img decoding=\"async\" width=\"800\" height=\"75\" class=\"alignleft size-full wp-image-2407\" src=\"https:\/\/konferenztechnik.de\/wp-content\/uploads\/2013\/09\/Sabine_FBX1200-2400_gross.jpg\" alt=\"Sabine FBX-2400\" title=\"\" srcset=\"https:\/\/konferenztechnik.de\/wp-content\/uploads\/2013\/09\/Sabine_FBX1200-2400_gross.jpg 800w, https:\/\/konferenztechnik.de\/wp-content\/uploads\/2013\/09\/Sabine_FBX1200-2400_gross-300x28.jpg 300w, https:\/\/konferenztechnik.de\/wp-content\/uploads\/2013\/09\/Sabine_FBX1200-2400_gross-768x72.jpg 768w\" sizes=\"(max-width: 800px) 100vw, 800px\" \/><\/a><\/p>\n<p>Con el <em>Sabine Feedback-Exterminador<\/em> puede suprimirse de forma autom\u00e1tica y fiable. La tecnolog\u00eda subyacente se encuentra ahora en su quinta generaci\u00f3n y funciona con el nuevo <em>Tecnolog\u00eda SMARTFilter<\/em>.<\/p>\n<h2>Sabine FBX-2400<\/h2>\n<ul>\n<li>Hasta 12 filtros autom\u00e1ticos de realimentaci\u00f3n por canal<\/li>\n<li>2 canales<\/li>\n<li>Entradas\/salidas de audio por XLR<\/li>\n<li>1\/10 y 1\/5 de octava conmutables seg\u00fan la aplicaci\u00f3n<\/li>\n<li>Filtros fijos y din\u00e1micos<\/li>\n<li>Tecnolog\u00eda de filtrado SMART<\/li>\n<\/ul>","protected":false},"excerpt":{"rendered":"<p>Din\u00e1mica y efectos Nexia Nexia es un sistema de audio digital rentable que se puede programar libremente a trav\u00e9s de una interfaz gr\u00e1fica. La serie Nexia est\u00e1 disponible en diferentes configuraciones de E\/S, lo que permite encontrar r\u00e1pidamente el dispositivo adecuado para cada aplicaci\u00f3n. Se pueden conectar hasta cuatro sistemas Nexia entre s\u00ed a trav\u00e9s del bus interno NexLink. De este modo, Nexia [\u2026]<\/p>","protected":false},"author":1,"featured_media":45482,"parent":1289,"menu_order":139,"comment_status":"closed","ping_status":"open","template":"","meta":{"_acf_changed":false,"footnotes":""},"class_list":["post-2278","page","type-page","status-publish","has-post-thumbnail","hentry"],"acf":[],"_links":{"self":[{"href":"https:\/\/konferenztechnik.de\/es\/wp-json\/wp\/v2\/pages\/2278","targetHints":{"allow":["GET"]}}],"collection":[{"href":"https:\/\/konferenztechnik.de\/es\/wp-json\/wp\/v2\/pages"}],"about":[{"href":"https:\/\/konferenztechnik.de\/es\/wp-json\/wp\/v2\/types\/page"}],"author":[{"embeddable":true,"href":"https:\/\/konferenztechnik.de\/es\/wp-json\/wp\/v2\/users\/1"}],"replies":[{"embeddable":true,"href":"https:\/\/konferenztechnik.de\/es\/wp-json\/wp\/v2\/comments?post=2278"}],"version-history":[{"count":0,"href":"https:\/\/konferenztechnik.de\/es\/wp-json\/wp\/v2\/pages\/2278\/revisions"}],"up":[{"embeddable":true,"href":"https:\/\/konferenztechnik.de\/es\/wp-json\/wp\/v2\/pages\/1289"}],"wp:featuredmedia":[{"embeddable":true,"href":"https:\/\/konferenztechnik.de\/es\/wp-json\/wp\/v2\/media\/45482"}],"wp:attachment":[{"href":"https:\/\/konferenztechnik.de\/es\/wp-json\/wp\/v2\/media?parent=2278"}],"curies":[{"name":"wp","href":"https:\/\/api.w.org\/{rel}","templated":true}]}}