{"id":24791,"date":"2023-04-18T09:46:11","date_gmt":"2023-04-18T07:46:11","guid":{"rendered":"http:\/\/dev.konferenztechnik.de\/?page_id=24791"},"modified":"2025-12-20T19:14:57","modified_gmt":"2025-12-20T18:14:57","slug":"educacion-y-universidades","status":"publish","type":"page","link":"https:\/\/konferenztechnik.de\/es\/educacion-y-universidades\/","title":{"rendered":"Educaci\u00f3n y universidades"},"content":{"rendered":"<div data-elementor-type=\"wp-page\" data-elementor-id=\"24791\" class=\"elementor elementor-24791\" data-elementor-post-type=\"page\">\n\t\t\t\t<div data-particle_enable=\"false\" data-particle-mobile-disabled=\"false\" class=\"elementor-element elementor-element-d8aba58 e-flex e-con-boxed e-con e-parent\" data-id=\"d8aba58\" data-element_type=\"container\">\n\t\t\t\t\t<div class=\"e-con-inner\">\n\t\t\t\t<div class=\"elementor-element elementor-element-366d4e5 elementor-widget__width-inherit elementor-widget elementor-widget-heading\" data-id=\"366d4e5\" data-element_type=\"widget\" data-widget_type=\"heading.default\">\n\t\t\t\t<div class=\"elementor-widget-container\">\n\t\t\t\t\t<h1 class=\"elementor-heading-title elementor-size-default\">Educaci\u00f3n y universidades<\/h1>\t\t\t\t<\/div>\n\t\t\t\t<\/div>\n\t\t\t\t<div class=\"elementor-element elementor-element-e4b6b7a elementor-widget elementor-widget-image\" data-id=\"e4b6b7a\" data-element_type=\"widget\" data-widget_type=\"image.default\">\n\t\t\t\t<div class=\"elementor-widget-container\">\n\t\t\t\t\t\t\t\t\t\t\t\t\t\t\t<img fetchpriority=\"high\" decoding=\"async\" width=\"1300\" height=\"486\" src=\"https:\/\/konferenztechnik.de\/wp-content\/uploads\/2023\/04\/uni-medieninstallation.jpg\" class=\"attachment-full size-full wp-image-24799\" alt=\"Vista de una moderna sala de conferencias vac\u00eda, aqu\u00ed como s\u00edmbolo de nuestra secci\u00f3n de Educaci\u00f3n y Universidades.\" srcset=\"https:\/\/konferenztechnik.de\/wp-content\/uploads\/2023\/04\/uni-medieninstallation.jpg 1300w, https:\/\/konferenztechnik.de\/wp-content\/uploads\/2023\/04\/uni-medieninstallation-300x112.jpg 300w, https:\/\/konferenztechnik.de\/wp-content\/uploads\/2023\/04\/uni-medieninstallation-1024x383.jpg 1024w, https:\/\/konferenztechnik.de\/wp-content\/uploads\/2023\/04\/uni-medieninstallation-768x287.jpg 768w, https:\/\/konferenztechnik.de\/wp-content\/uploads\/2023\/04\/uni-medieninstallation-18x7.jpg 18w\" sizes=\"(max-width: 1300px) 100vw, 1300px\" title=\"\">\t\t\t\t\t\t\t\t\t\t\t\t\t\t\t<\/div>\n\t\t\t\t<\/div>\n\t\t\t\t\t<\/div>\n\t\t\t\t<\/div>\n\t\t<div data-particle_enable=\"false\" data-particle-mobile-disabled=\"false\" class=\"elementor-element elementor-element-9deafd4 e-flex e-con-boxed e-con e-parent\" data-id=\"9deafd4\" data-element_type=\"container\">\n\t\t\t\t\t<div class=\"e-con-inner\">\n\t\t\t\t<div class=\"elementor-element elementor-element-66ea8b4 elementor-widget elementor-widget-heading\" data-id=\"66ea8b4\" data-element_type=\"widget\" data-settings=\"{&quot;_animation&quot;:&quot;none&quot;}\" data-widget_type=\"heading.default\">\n\t\t\t\t<div class=\"elementor-widget-container\">\n\t\t\t\t\t<h2 class=\"elementor-heading-title elementor-size-default\">Educaci\u00f3n: moderna, din\u00e1mica, hol\u00edstica<\/h2>\t\t\t\t<\/div>\n\t\t\t\t<\/div>\n\t\t\t\t<div class=\"elementor-element elementor-element-d16fcf6 elementor-widget__width-inherit elementor-widget elementor-widget-text-editor\" data-id=\"d16fcf6\" data-element_type=\"widget\" data-widget_type=\"text-editor.default\">\n\t\t\t\t<div class=\"elementor-widget-container\">\n\t\t\t\t\t\t\t\t\t<p>Las instituciones educativas y las universidades plantean exigencias especialmente elevadas en cuanto a tecnolog\u00eda multimedia moderna. Gracias a la formaci\u00f3n continua que recibimos de los fabricantes y a la aplicaci\u00f3n pr\u00e1ctica en las instalaciones, nos mantenemos a la vanguardia tecnol\u00f3gica. Las universidades suelen ser impulsoras de la innovaci\u00f3n en tecnolog\u00eda de audio, v\u00eddeo y presentaci\u00f3n.<\/p><p>\u00a0<\/p><p>La necesidad de una alta inteligibilidad del habla y una transmisi\u00f3n visual fiable es fundamental en los entornos de ense\u00f1anza y aprendizaje. Una calidad de audio n\u00edtida y una imagen estable son esenciales para las clases magistrales, los formatos de ense\u00f1anza h\u00edbridos y la colaboraci\u00f3n digital.<\/p><p>\u00a0<\/p><p>Adem\u00e1s, los sistemas tecnol\u00f3gicos multimedia de las universidades deben ser altamente disponibles, robustos y a prueba de errores de manejo. Los conceptos de manejo deben ser intuitivos para evitar interrupciones en el funcionamiento habitual de las clases. Numerosas soluciones que utilizamos hoy en d\u00eda en las salas de conferencias de las empresas han demostrado su eficacia inicialmente en proyectos universitarios, entre ellas las pantallas interactivas profesionales.<\/p><p>\u00a0<\/p><p>Consideramos que lo que es adecuado para su uso en universidades es el est\u00e1ndar t\u00e9cnico de referencia. Los criterios de calidad exigidos en materia de fiabilidad, facilidad de uso y rendimiento se aplican de forma sistem\u00e1tica tambi\u00e9n en otros \u00e1mbitos de aplicaci\u00f3n. Los proyectos universitarios tienen adem\u00e1s una gran demanda interna, ya que son tecnol\u00f3gicamente exigentes y requieren la m\u00e1xima competencia profesional.<\/p>\t\t\t\t\t\t\t\t<\/div>\n\t\t\t\t<\/div>\n\t\t\t\t\t<\/div>\n\t\t\t\t<\/div>\n\t\t<div data-particle_enable=\"false\" data-particle-mobile-disabled=\"false\" class=\"elementor-element elementor-element-455c20b e-flex e-con-boxed e-con e-parent\" data-id=\"455c20b\" data-element_type=\"container\" data-settings=\"{&quot;animation&quot;:&quot;none&quot;}\">\n\t\t\t\t\t<div class=\"e-con-inner\">\n\t\t\t\t<div class=\"elementor-element elementor-element-7734196 elementor-widget elementor-widget-heading\" data-id=\"7734196\" data-element_type=\"widget\" data-settings=\"{&quot;_animation&quot;:&quot;none&quot;}\" data-widget_type=\"heading.default\">\n\t\t\t\t<div class=\"elementor-widget-container\">\n\t\t\t\t\t<h2 class=\"elementor-heading-title elementor-size-default\">Temas frecuentes<\/h2>\t\t\t\t<\/div>\n\t\t\t\t<\/div>\n\t\t\t\t<div class=\"elementor-element elementor-element-1e5ddfb elementor-widget__width-inherit smart-post-list-4-col elementor-widget elementor-widget-eael-post-list\" data-id=\"1e5ddfb\" data-element_type=\"widget\" data-settings=\"{&quot;_animation&quot;:&quot;none&quot;}\" data-widget_type=\"eael-post-list.default\">\n\t\t\t\t<div class=\"elementor-widget-container\">\n\t\t\t\t\t<div class=\"eael-post-list-container advanced layout-advanced\"><div class=\"eael-post-list-wrap\"><div class=\"eael-post-list-posts-wrap eael-post-appender eael-post-appender-1e5ddfb\"><div class=\"eael-post-list-post\"><div class=\"eael-post-list-post-inner\"><div class=\"eael-post-list-thumbnail\"><a href=\"https:\/\/konferenztechnik.de\/es\/sistema-de-microfono-inalambrico-shure-mxw-next-2\/\">\n                <img decoding=\"async\" src=\"https:\/\/konferenztechnik.de\/wp-content\/uploads\/2024\/02\/drahtlose-konferenz-shure-mxw-next-2-jpg.webp\" alt=\"Un sistema de micr\u00f3fono, una persona lo enciende.\" title=\"\">\n            <\/a><\/div><div class=\"eael-post-list-content\"><h3 class=\"eael-post-list-title\"><a href=\"https:\/\/konferenztechnik.de\/es\/sistema-de-microfono-inalambrico-shure-mxw-next-2\/\" >Sistema de microfon\u00eda inal\u00e1mbrica MXW NEXT 2 de Shure<\/a><\/h3><p>Micr\u00f3fonos inal\u00e1mbricos para aulas, salas de formaci\u00f3n, salas de conferencias y salas de conferencias h\u00edbridas \u2013 sencillo, fiable,...<\/p><a href=\"https:\/\/konferenztechnik.de\/es\/sistema-de-microfono-inalambrico-shure-mxw-next-2\/\" class=\"eael-post-elements-readmore-btn\" >\u203a m\u00e1s<\/a><div class=\"boxed-meta\"><\/div><\/div><\/div><\/div><div class=\"eael-post-list-post\"><div class=\"eael-post-list-post-inner\"><div class=\"eael-post-list-thumbnail\"><a href=\"https:\/\/konferenztechnik.de\/es\/accesibilidad-eventos-soluciones-tecnicas-consultoria-aplicacion\/\">\n                <img decoding=\"async\" src=\"https:\/\/konferenztechnik.de\/wp-content\/uploads\/2023\/03\/barrierefreie-events.jpg\" alt=\"S\u00edmbolo de accesibilidad\" title=\"\">\n            <\/a><\/div><div class=\"eael-post-list-content\"><h3 class=\"eael-post-list-title\"><a href=\"https:\/\/konferenztechnik.de\/es\/accesibilidad-eventos-soluciones-tecnicas-consultoria-aplicacion\/\" >Accesibilidad<\/a><\/h3><p>Para eventos y comunicaci\u00f3n digital: Consultor\u00eda, implementaci\u00f3n: Le ayudamos a organizar eventos, funciones,...<\/p><a href=\"https:\/\/konferenztechnik.de\/es\/accesibilidad-eventos-soluciones-tecnicas-consultoria-aplicacion\/\" class=\"eael-post-elements-readmore-btn\" >\u203a m\u00e1s<\/a><div class=\"boxed-meta\"><\/div><\/div><\/div><\/div><div class=\"eael-post-list-post\"><div class=\"eael-post-list-post-inner\"><div class=\"eael-post-list-thumbnail\"><a href=\"https:\/\/konferenztechnik.de\/es\/pantallas-interactivas-pizarras-blancas-rotafolios\/\">\n                <img decoding=\"async\" src=\"https:\/\/konferenztechnik.de\/wp-content\/uploads\/2023\/04\/i3-displays-whiteboards-flipcharts-jpg.webp\" alt=\"2 expositores de la marca I3 sobre tr\u00edpodes m\u00f3viles\" title=\"\">\n            <\/a><\/div><div class=\"eael-post-list-content\"><h3 class=\"eael-post-list-title\"><a href=\"https:\/\/konferenztechnik.de\/es\/pantallas-interactivas-pizarras-blancas-rotafolios\/\" >Pantallas interactivas, pizarras blancas, rotafolios<\/a><\/h3><p>Nuestra primera elecci\u00f3n para pantallas t\u00e1ctiles, pizarras blancas y rotafolios digitales suele ser i3-Technologies.<\/p><a href=\"https:\/\/konferenztechnik.de\/es\/pantallas-interactivas-pizarras-blancas-rotafolios\/\" class=\"eael-post-elements-readmore-btn\" >\u203a m\u00e1s<\/a><div class=\"boxed-meta\"><\/div><\/div><\/div><\/div><div class=\"eael-post-list-post\"><div class=\"eael-post-list-post-inner\"><div class=\"eael-post-list-thumbnail\"><a href=\"https:\/\/konferenztechnik.de\/es\/calidad-del-aire\/\">\n                <img decoding=\"async\" src=\"https:\/\/konferenztechnik.de\/wp-content\/uploads\/2023\/04\/luftqualitaet-veranstaltungen-hochschulen.jpg\" alt=\"S\u00edmbolo del \u00edndice de calidad del aire\" title=\"\">\n            <\/a><\/div><div class=\"eael-post-list-content\"><h3 class=\"eael-post-list-title\"><a href=\"https:\/\/konferenztechnik.de\/es\/calidad-del-aire\/\" >Calidad del aire en los espacios de trabajo y aprendizaje<\/a><\/h3><p>Trabajamos y aprendemos en interiores. Por tanto, una buena calidad del aire interior es...<\/p><a href=\"https:\/\/konferenztechnik.de\/es\/calidad-del-aire\/\" class=\"eael-post-elements-readmore-btn\" >\u203a m\u00e1s<\/a><div class=\"boxed-meta\"><\/div><\/div><\/div><\/div><div class=\"eael-post-list-post\"><div class=\"eael-post-list-post-inner\"><div class=\"eael-post-list-thumbnail\"><a href=\"https:\/\/konferenztechnik.de\/es\/camaras-ptz\/\">\n                <img decoding=\"async\" src=\"https:\/\/konferenztechnik.de\/wp-content\/uploads\/2023\/03\/ptz-kameras.jpg\" alt=\"\" title=\"\">\n            <\/a><\/div><div class=\"eael-post-list-content\"><h3 class=\"eael-post-list-title\"><a href=\"https:\/\/konferenztechnik.de\/es\/camaras-ptz\/\" >C\u00e1maras PTZ<\/a><\/h3><p>Las c\u00e1maras PTZ (a menudo tambi\u00e9n conocidas como c\u00e1maras DOME) enfocan autom\u00e1ticamente...<\/p><a href=\"https:\/\/konferenztechnik.de\/es\/camaras-ptz\/\" class=\"eael-post-elements-readmore-btn\" >\u203a m\u00e1s<\/a><div class=\"boxed-meta\"><\/div><\/div><\/div><\/div><div class=\"eael-post-list-post\"><div class=\"eael-post-list-post-inner\"><div class=\"eael-post-list-thumbnail\"><a href=\"https:\/\/konferenztechnik.de\/es\/salas-de-reuniones-hibridas-para-videoconferencias-2\/\">\n                <img decoding=\"async\" src=\"https:\/\/konferenztechnik.de\/wp-content\/uploads\/2023\/03\/hybride-besprechungsraeume.jpg\" alt=\"\" title=\"\">\n            <\/a><\/div><div class=\"eael-post-list-content\"><h3 class=\"eael-post-list-title\"><a href=\"https:\/\/konferenztechnik.de\/es\/salas-de-reuniones-hibridas-para-videoconferencias-2\/\" >Salas de reuniones h\u00edbridas para videoconferencias<\/a><\/h3><p>Condiciones \u00f3ptimas en la sala y para los participantes conectados y uso armonioso...<\/p><a href=\"https:\/\/konferenztechnik.de\/es\/salas-de-reuniones-hibridas-para-videoconferencias-2\/\" class=\"eael-post-elements-readmore-btn\" >\u203a m\u00e1s<\/a><div class=\"boxed-meta\"><\/div><\/div><\/div><\/div><div class=\"eael-post-list-post\"><div class=\"eael-post-list-post-inner\"><div class=\"eael-post-list-thumbnail\"><a href=\"https:\/\/konferenztechnik.de\/es\/paginas-de-aterrizaje-para-eventos-plataformas-virtuales-de-eventos\/\">\n                <img decoding=\"async\" src=\"https:\/\/konferenztechnik.de\/wp-content\/uploads\/2023\/03\/landingpage-beitrag.jpg\" alt=\"\" title=\"\">\n            <\/a><\/div><div class=\"eael-post-list-content\"><h3 class=\"eael-post-list-title\"><a href=\"https:\/\/konferenztechnik.de\/es\/paginas-de-aterrizaje-para-eventos-plataformas-virtuales-de-eventos\/\" >P\u00e1ginas de aterrizaje para eventos, plataformas de eventos virtuales<\/a><\/h3><p>P\u00e1ginas de aterrizaje para eventos, plataformas de eventos virtuales El paquete b\u00e1sico consta de los siguientes elementos...<\/p><a href=\"https:\/\/konferenztechnik.de\/es\/paginas-de-aterrizaje-para-eventos-plataformas-virtuales-de-eventos\/\" class=\"eael-post-elements-readmore-btn\" >\u203a m\u00e1s<\/a><div class=\"boxed-meta\"><\/div><\/div><\/div><\/div><div class=\"eael-post-list-post\"><div class=\"eael-post-list-post-inner\"><div class=\"eael-post-list-thumbnail\"><a href=\"https:\/\/konferenztechnik.de\/es\/conferencias-con-equipos-de-microsoft\/\">\n                <img decoding=\"async\" src=\"https:\/\/konferenztechnik.de\/wp-content\/uploads\/2023\/03\/konferenzen-ms-teams.jpg\" alt=\"\" title=\"\">\n            <\/a><\/div><div class=\"eael-post-list-content\"><h3 class=\"eael-post-list-title\"><a href=\"https:\/\/konferenztechnik.de\/es\/conferencias-con-equipos-de-microsoft\/\" >Conferencias con Microsoft Teams<\/a><\/h3><p>MS Teams ahora tambi\u00e9n multiling\u00fce y con la funci\u00f3n \"SInterpretaci\u00f3n simult\u00e1nea\"<\/p><a href=\"https:\/\/konferenztechnik.de\/es\/conferencias-con-equipos-de-microsoft\/\" class=\"eael-post-elements-readmore-btn\" >\u203a m\u00e1s<\/a><div class=\"boxed-meta\"><\/div><\/div><\/div><\/div><\/div><\/div>\n\t\t<\/div>\t\t\t\t<\/div>\n\t\t\t\t<\/div>\n\t\t\t\t\t<\/div>\n\t\t\t\t<\/div>\n\t\t<div data-particle_enable=\"false\" data-particle-mobile-disabled=\"false\" class=\"elementor-element elementor-element-eaddbcf e-flex e-con-boxed e-con e-parent\" data-id=\"eaddbcf\" data-element_type=\"container\">\n\t\t\t\t\t<div class=\"e-con-inner\">\n\t\t\t\t<div class=\"elementor-element elementor-element-7fa8348 elementor-widget__width-inherit elementor-widget elementor-widget-heading\" data-id=\"7fa8348\" data-element_type=\"widget\" data-widget_type=\"heading.default\">\n\t\t\t\t<div class=\"elementor-widget-container\">\n\t\t\t\t\t<h2 class=\"elementor-heading-title elementor-size-default\">Referencias: Educaci\u00f3n y universidades<\/h2>\t\t\t\t<\/div>\n\t\t\t\t<\/div>\n\t\t\t\t<div class=\"elementor-element elementor-element-28236df elementor-widget__width-inherit elementor-widget elementor-widget-text-editor\" data-id=\"28236df\" data-element_type=\"widget\" data-widget_type=\"text-editor.default\">\n\t\t\t\t<div class=\"elementor-widget-container\">\n\t\t\t\t\t\t\t\t\t<ul><li>Universidad Bauhaus de Weimar<\/li><li>Universidad de Wuppertal<\/li><li>Universidad de Ciencias Aplicadas de Berl\u00edn<\/li><li>BIBB Centro Federal de Cooperaci\u00f3n Internacional para la Formaci\u00f3n Profesional<\/li><li>Ministerio Federal de Educaci\u00f3n e Investigaci\u00f3n<\/li><li>Agencia Federal de Educaci\u00f3n C\u00edvica<\/li><li>Universidad Christian-Albrechts de Kiel<\/li><li>Universidad Europea Viadrina Frankfurt\/Oder<\/li><li>Universidad de Ciencias Aplicadas de Aquisgr\u00e1n<\/li><li>Universidad de Ciencias Aplicadas de Erfurt<\/li><li>Universidad de Cine de Babelsberg Konrad Wolf<\/li><li>Universidad Libre de Berl\u00edn<\/li><li>Universidad Friedrich Schiller de Jena<\/li><li>Universidad Heinrich Heine de D\u00fcsseldorf<\/li><li>Universidad de Ciencias Aplicadas para la Polic\u00eda y la Administraci\u00f3n P\u00fablica NRW<\/li><li>Universidad de Ciencias Aplicadas de Niederrhein<\/li><li>Universidad Humboldt de Berl\u00edn<\/li><li>Centro de formaci\u00f3n IG Metall<\/li><li>Internationales Bildungs- und Begegnungswerk e.V.<\/li><li>Universidad Ludwig-Maximilian de M\u00fanich<\/li><li>Academia de Misiones de la Universidad de Hamburgo<\/li><li>Academia de Ciencias y Humanidades de Renania del Norte-Westfalia<\/li><li>Universidad T\u00e9cnica de Baviera Oriental (OTH)<\/li><li>Rheinische Friedrich-Wilhelms-Universit\u00e4t Bonn<\/li><li>Universidad del Ruhr de Bochum<\/li><li>Senado Departamento de Educaci\u00f3n, Juventud y Familia Berl\u00edn<\/li><li>Fundaci\u00f3n de la Universidad de Hildesheim<\/li><li>Fundaci\u00f3n para la Promoci\u00f3n de la Conferencia de Rectores Alemanes<\/li><li>Universidad Polit\u00e9cnica de Colonia<\/li><li>Universidad Tecnol\u00f3gica de Berl\u00edn<\/li><li>Universidad T\u00e9cnica de M\u00fanich<\/li><li>Universidad de Duisburgo Essen<\/li><li>Universidad Libre Ucraniana de M\u00fanich<\/li><li>Universidad de Heidelberg<\/li><li>Universidad de Kassel<\/li><li>Universidad de Potsdam<\/li><li>Organizaci\u00f3n de Congresos y Formaci\u00f3n M\u00e9dica Militar mbH<\/li><\/ul>\t\t\t\t\t\t\t\t<\/div>\n\t\t\t\t<\/div>\n\t\t\t\t<div class=\"elementor-element elementor-element-507e68a elementor-icon-list--layout-traditional elementor-list-item-link-full_width elementor-widget elementor-widget-icon-list\" data-id=\"507e68a\" data-element_type=\"widget\" data-widget_type=\"icon-list.default\">\n\t\t\t\t<div class=\"elementor-widget-container\">\n\t\t\t\t\t\t\t<ul class=\"elementor-icon-list-items\">\n\t\t\t\t\t\t\t<li class=\"elementor-icon-list-item\">\n\t\t\t\t\t\t\t\t\t\t\t<a href=\"\/es\/referencias\/\">\n\n\t\t\t\t\t\t\t\t\t\t\t\t<span class=\"elementor-icon-list-icon\">\n\t\t\t\t\t\t\t<svg aria-hidden=\"true\" class=\"e-font-icon-svg e-fas-chevron-right\" viewbox=\"0 0 320 512\" xmlns=\"http:\/\/www.w3.org\/2000\/svg\"><path d=\"M285.476 272.971L91.132 467.314c-9.373 9.373-24.569 9.373-33.941 0l-22.667-22.667c-9.357-9.357-9.375-24.522-.04-33.901L188.505 256 34.484 101.255c-9.335-9.379-9.317-24.544.04-33.901l22.667-22.667c9.373-9.373 24.569-9.373 33.941 0L285.475 239.03c9.373 9.372 9.373 24.568.001 33.941z\"><\/path><\/svg>\t\t\t\t\t\t<\/span>\n\t\t\t\t\t\t\t\t\t\t<span class=\"elementor-icon-list-text\">Otras referencias<\/span>\n\t\t\t\t\t\t\t\t\t\t\t<\/a>\n\t\t\t\t\t\t\t\t\t<\/li>\n\t\t\t\t\t\t<\/ul>\n\t\t\t\t\t\t<\/div>\n\t\t\t\t<\/div>\n\t\t\t\t\t<\/div>\n\t\t\t\t<\/div>\n\t\t<div data-particle_enable=\"false\" data-particle-mobile-disabled=\"false\" class=\"elementor-element elementor-element-2af5988 e-flex e-con-boxed e-con e-parent\" data-id=\"2af5988\" data-element_type=\"container\">\n\t\t\t\t\t<div class=\"e-con-inner\">\n\t\t\t\t<div class=\"elementor-element elementor-element-f28f352 elementor-widget elementor-widget-shortcode\" data-id=\"f28f352\" data-element_type=\"widget\" data-widget_type=\"shortcode.default\">\n\t\t\t\t<div class=\"elementor-widget-container\">\n\t\t\t\t\t\t\t<div class=\"elementor-shortcode\"><\/div>\n\t\t\t\t\t\t<\/div>\n\t\t\t\t<\/div>\n\t\t\t\t\t<\/div>\n\t\t\t\t<\/div>\n\t\t<div data-particle_enable=\"false\" data-particle-mobile-disabled=\"false\" class=\"elementor-element elementor-element-14d115f e-flex e-con-boxed e-con e-parent\" data-id=\"14d115f\" data-element_type=\"container\">\n\t\t\t\t\t<div class=\"e-con-inner\">\n\t\t\t\t<div class=\"elementor-element elementor-element-0f53c4b elementor-widget elementor-widget-shortcode\" data-id=\"0f53c4b\" data-element_type=\"widget\" data-widget_type=\"shortcode.default\">\n\t\t\t\t<div class=\"elementor-widget-container\">\n\t\t\t\t\t\t\t<div class=\"elementor-shortcode\"><\/div>\n\t\t\t\t\t\t<\/div>\n\t\t\t\t<\/div>\n\t\t\t\t\t<\/div>\n\t\t\t\t<\/div>\n\t\t\t\t<\/div>","protected":false},"excerpt":{"rendered":"<p>Bildung und Universit\u00e4ten Bildung: modern, dynamisch, ganzheitlich Bildungseinrichtungen und Hochschulen stellen besonders hohe Anforderungen an zeitgem\u00e4\u00dfe Medientechnik. Durch regelm\u00e4\u00dfige Schulungen bei Herstellern sowie die praktische Umsetzung bei Installationen bleiben wir technologisch auf dem neuesten Stand. Hochschulen fungieren dabei h\u00e4ufig als Innovationstreiber f\u00fcr Audio-, Video- und Pr\u00e4sentationstechnik. \u00a0 Der Bedarf an hoher Sprachverst\u00e4ndlichkeit und zuverl\u00e4ssiger visueller [&hellip;]<\/p>","protected":false},"author":2,"featured_media":45482,"parent":0,"menu_order":0,"comment_status":"closed","ping_status":"closed","template":"","meta":{"_acf_changed":false,"footnotes":""},"class_list":["post-24791","page","type-page","status-publish","has-post-thumbnail","hentry"],"acf":[],"_links":{"self":[{"href":"https:\/\/konferenztechnik.de\/es\/wp-json\/wp\/v2\/pages\/24791","targetHints":{"allow":["GET"]}}],"collection":[{"href":"https:\/\/konferenztechnik.de\/es\/wp-json\/wp\/v2\/pages"}],"about":[{"href":"https:\/\/konferenztechnik.de\/es\/wp-json\/wp\/v2\/types\/page"}],"author":[{"embeddable":true,"href":"https:\/\/konferenztechnik.de\/es\/wp-json\/wp\/v2\/users\/2"}],"replies":[{"embeddable":true,"href":"https:\/\/konferenztechnik.de\/es\/wp-json\/wp\/v2\/comments?post=24791"}],"version-history":[{"count":0,"href":"https:\/\/konferenztechnik.de\/es\/wp-json\/wp\/v2\/pages\/24791\/revisions"}],"wp:featuredmedia":[{"embeddable":true,"href":"https:\/\/konferenztechnik.de\/es\/wp-json\/wp\/v2\/media\/45482"}],"wp:attachment":[{"href":"https:\/\/konferenztechnik.de\/es\/wp-json\/wp\/v2\/media?parent=24791"}],"curies":[{"name":"wp","href":"https:\/\/api.w.org\/{rel}","templated":true}]}}