{"id":24866,"date":"2023-04-18T11:00:19","date_gmt":"2023-04-18T09:00:19","guid":{"rendered":"http:\/\/dev.konferenztechnik.de\/?page_id=24866"},"modified":"2025-12-20T19:24:47","modified_gmt":"2025-12-20T18:24:47","slug":"empresa-comercial","status":"publish","type":"page","link":"https:\/\/konferenztechnik.de\/es\/empresa-comercial\/","title":{"rendered":"Industria, PYME, agencias"},"content":{"rendered":"<div data-elementor-type=\"wp-page\" data-elementor-id=\"24866\" class=\"elementor elementor-24866\" data-elementor-post-type=\"page\">\n\t\t\t\t<div data-particle_enable=\"false\" data-particle-mobile-disabled=\"false\" class=\"elementor-element elementor-element-d8aba58 e-flex e-con-boxed e-con e-parent\" data-id=\"d8aba58\" data-element_type=\"container\">\n\t\t\t\t\t<div class=\"e-con-inner\">\n\t\t\t\t<div class=\"elementor-element elementor-element-366d4e5 elementor-widget__width-inherit elementor-widget elementor-widget-heading\" data-id=\"366d4e5\" data-element_type=\"widget\" data-widget_type=\"heading.default\">\n\t\t\t\t<div class=\"elementor-widget-container\">\n\t\t\t\t\t<h1 class=\"elementor-heading-title elementor-size-default\">Empresas comerciales: Industria, medianas empresas, PYME<\/h1>\t\t\t\t<\/div>\n\t\t\t\t<\/div>\n\t\t\t\t<div class=\"elementor-element elementor-element-e4b6b7a elementor-widget elementor-widget-image\" data-id=\"e4b6b7a\" data-element_type=\"widget\" data-widget_type=\"image.default\">\n\t\t\t\t<div class=\"elementor-widget-container\">\n\t\t\t\t\t\t\t\t\t\t\t\t\t\t\t<img fetchpriority=\"high\" decoding=\"async\" width=\"1300\" height=\"486\" src=\"https:\/\/konferenztechnik.de\/wp-content\/uploads\/2023\/04\/industrie-mittelstand.jpg\" class=\"attachment-full size-full wp-image-24867\" alt=\"2 personas chocan los cinco en se\u00f1al de \u00e9xito\" srcset=\"https:\/\/konferenztechnik.de\/wp-content\/uploads\/2023\/04\/industrie-mittelstand.jpg 1300w, https:\/\/konferenztechnik.de\/wp-content\/uploads\/2023\/04\/industrie-mittelstand-300x112.jpg 300w, https:\/\/konferenztechnik.de\/wp-content\/uploads\/2023\/04\/industrie-mittelstand-1024x383.jpg 1024w, https:\/\/konferenztechnik.de\/wp-content\/uploads\/2023\/04\/industrie-mittelstand-768x287.jpg 768w, https:\/\/konferenztechnik.de\/wp-content\/uploads\/2023\/04\/industrie-mittelstand-18x7.jpg 18w\" sizes=\"(max-width: 1300px) 100vw, 1300px\" title=\"\">\t\t\t\t\t\t\t\t\t\t\t\t\t\t\t<\/div>\n\t\t\t\t<\/div>\n\t\t\t\t\t<\/div>\n\t\t\t\t<\/div>\n\t\t<div data-particle_enable=\"false\" data-particle-mobile-disabled=\"false\" class=\"elementor-element elementor-element-9deafd4 e-flex e-con-boxed e-con e-parent\" data-id=\"9deafd4\" data-element_type=\"container\">\n\t\t\t\t\t<div class=\"e-con-inner\">\n\t\t\t\t<div class=\"elementor-element elementor-element-66ea8b4 elementor-widget elementor-widget-heading\" data-id=\"66ea8b4\" data-element_type=\"widget\" data-settings=\"{&quot;_animation&quot;:&quot;none&quot;}\" data-widget_type=\"heading.default\">\n\t\t\t\t<div class=\"elementor-widget-container\">\n\t\t\t\t\t<h2 class=\"elementor-heading-title elementor-size-default\">Tecnolog\u00eda para eventos y medios de comunicaci\u00f3n para empresas comerciales<\/h2>\t\t\t\t<\/div>\n\t\t\t\t<\/div>\n\t\t\t\t<div class=\"elementor-element elementor-element-d16fcf6 elementor-widget__width-inherit elementor-widget elementor-widget-text-editor\" data-id=\"d16fcf6\" data-element_type=\"widget\" data-widget_type=\"text-editor.default\">\n\t\t\t\t<div class=\"elementor-widget-container\">\n\t\t\t\t\t\t\t\t\t<p>La econom\u00eda est\u00e1 en constante cambio. Temas como la retenci\u00f3n de personal cualificado, la diversidad y la apertura intercultural marcan las estrategias empresariales modernas. Al mismo tiempo, crecen las exigencias de comunicaci\u00f3n transparente, procesos sostenibles y colaboraci\u00f3n moderna.<\/p><p>\u00a0<\/p><p>Los eventos, reuniones y conferencias desempe\u00f1an un papel fundamental en este sentido. Son proyectos emblem\u00e1ticos para la cultura empresarial, la eficiencia y la capacidad de innovaci\u00f3n. La tecnolog\u00eda moderna para eventos y medios de comunicaci\u00f3n, as\u00ed como la tecnolog\u00eda profesional de audio y v\u00eddeo, sientan las bases para una comunicaci\u00f3n clara, contenidos comprensibles y una colaboraci\u00f3n fiable \u2013 in situ, digital e h\u00edbrida.<\/p><p>\u00a0<\/p><p>Las reuniones h\u00edbridas y los formatos de conferencia, en particular, conectan ubicaciones, equipos y socios externos. Permiten modelos de trabajo flexibles, reducen los gastos de viaje y fomentan una cultura de reuniones inclusiva y sostenible.<\/p><p>\u00a0<\/p><p>Ofrecemos apoyo integral a empresas comerciales en la planificaci\u00f3n, implementaci\u00f3n y funcionamiento de soluciones tecnol\u00f3gicas multimedia modernas, desde salas de conferencias y espacios para eventos hasta entornos h\u00edbridos de reuni\u00f3n y colaboraci\u00f3n.<\/p>\t\t\t\t\t\t\t\t<\/div>\n\t\t\t\t<\/div>\n\t\t\t\t\t<\/div>\n\t\t\t\t<\/div>\n\t\t<div data-particle_enable=\"false\" data-particle-mobile-disabled=\"false\" class=\"elementor-element elementor-element-455c20b e-flex e-con-boxed e-con e-parent\" data-id=\"455c20b\" data-element_type=\"container\" data-settings=\"{&quot;animation&quot;:&quot;none&quot;}\">\n\t\t\t\t\t<div class=\"e-con-inner\">\n\t\t\t\t<div class=\"elementor-element elementor-element-7734196 elementor-widget elementor-widget-heading\" data-id=\"7734196\" data-element_type=\"widget\" data-settings=\"{&quot;_animation&quot;:&quot;none&quot;}\" data-widget_type=\"heading.default\">\n\t\t\t\t<div class=\"elementor-widget-container\">\n\t\t\t\t\t<h2 class=\"elementor-heading-title elementor-size-default\">Temas frecuentes<\/h2>\t\t\t\t<\/div>\n\t\t\t\t<\/div>\n\t\t\t\t<div class=\"elementor-element elementor-element-1e5ddfb elementor-widget__width-inherit smart-post-list-4-col elementor-widget elementor-widget-eael-post-list\" data-id=\"1e5ddfb\" data-element_type=\"widget\" data-settings=\"{&quot;_animation&quot;:&quot;none&quot;}\" data-widget_type=\"eael-post-list.default\">\n\t\t\t\t<div class=\"elementor-widget-container\">\n\t\t\t\t\t<div class=\"eael-post-list-container advanced layout-advanced\"><div class=\"eael-post-list-wrap\"><div class=\"eael-post-list-posts-wrap eael-post-appender eael-post-appender-1e5ddfb\"><div class=\"eael-post-list-post\"><div class=\"eael-post-list-post-inner\"><div class=\"eael-post-list-thumbnail\"><a href=\"https:\/\/konferenztechnik.de\/es\/eventos-hibridos\/\">\n                <img decoding=\"async\" src=\"https:\/\/konferenztechnik.de\/wp-content\/uploads\/2023\/06\/hybride-events-jpg.webp\" alt=\"Dos presentadores se sit\u00faan en un escenario y pueden verse simult\u00e1neamente en una segunda secci\u00f3n de imagen digital en el monitor de un PC, como s\u00edmbolo de los eventos h\u00edbridos.\" title=\"\">\n            <\/a><\/div><div class=\"eael-post-list-content\"><h3 class=\"eael-post-list-title\"><a href=\"https:\/\/konferenztechnik.de\/es\/eventos-hibridos\/\" >Eventos h\u00edbridos<\/a><\/h3><p>Conectamos personas, espacios y lugares. Participantes digitales, participantes presenciales, ponentes y espectadores...<\/p><a href=\"https:\/\/konferenztechnik.de\/es\/eventos-hibridos\/\" class=\"eael-post-elements-readmore-btn\" >\u203a m\u00e1s<\/a><div class=\"boxed-meta\"><\/div><\/div><\/div><\/div><div class=\"eael-post-list-post\"><div class=\"eael-post-list-post-inner\"><div class=\"eael-post-list-thumbnail\"><a href=\"https:\/\/konferenztechnik.de\/es\/reuniones-del-consejo-de-supervision-en-linea-hibrido-digital-clasico\/\">\n                <img decoding=\"async\" src=\"https:\/\/konferenztechnik.de\/wp-content\/uploads\/2023\/05\/aufsichtsratsitzung-betreuung.jpg\" alt=\"Contorno de personas sentadas en una mesa de conferencias\" title=\"\">\n            <\/a><\/div><div class=\"eael-post-list-content\"><h3 class=\"eael-post-list-title\"><a href=\"https:\/\/konferenztechnik.de\/es\/reuniones-del-consejo-de-supervision-en-linea-hibrido-digital-clasico\/\" >Reuniones del Consejo de Supervisi\u00f3n \u2013 \u00bfen l\u00ednea, h\u00edbrido, digital, cl\u00e1sico?<\/a><\/h3><p>Le ayudamos con la planificaci\u00f3n y realizaci\u00f3n t\u00e9cnica del evento<\/p><a href=\"https:\/\/konferenztechnik.de\/es\/reuniones-del-consejo-de-supervision-en-linea-hibrido-digital-clasico\/\" class=\"eael-post-elements-readmore-btn\" >\u203a m\u00e1s<\/a><div class=\"boxed-meta\"><\/div><\/div><\/div><\/div><div class=\"eael-post-list-post\"><div class=\"eael-post-list-post-inner\"><div class=\"eael-post-list-thumbnail\"><a href=\"https:\/\/konferenztechnik.de\/es\/paginas-de-aterrizaje-para-eventos-plataformas-virtuales-de-eventos\/\">\n                <img decoding=\"async\" src=\"https:\/\/konferenztechnik.de\/wp-content\/uploads\/2023\/03\/landingpage-beitrag.jpg\" alt=\"\" title=\"\">\n            <\/a><\/div><div class=\"eael-post-list-content\"><h3 class=\"eael-post-list-title\"><a href=\"https:\/\/konferenztechnik.de\/es\/paginas-de-aterrizaje-para-eventos-plataformas-virtuales-de-eventos\/\" >P\u00e1ginas de aterrizaje para eventos, plataformas de eventos virtuales<\/a><\/h3><p>P\u00e1ginas de aterrizaje para eventos, plataformas de eventos virtuales El paquete b\u00e1sico consta de los siguientes elementos...<\/p><a href=\"https:\/\/konferenztechnik.de\/es\/paginas-de-aterrizaje-para-eventos-plataformas-virtuales-de-eventos\/\" class=\"eael-post-elements-readmore-btn\" >\u203a m\u00e1s<\/a><div class=\"boxed-meta\"><\/div><\/div><\/div><\/div><div class=\"eael-post-list-post\"><div class=\"eael-post-list-post-inner\"><div class=\"eael-post-list-thumbnail\"><a href=\"https:\/\/konferenztechnik.de\/es\/ebr-reuniones-del-comite-de-empresa-europeo-en-linea-hibrido-digital-clasico\/\">\n                <img decoding=\"async\" src=\"https:\/\/konferenztechnik.de\/wp-content\/uploads\/2023\/05\/ebr-sitzung-online.jpg\" alt=\"Dos participantes en la conferencia miran a otros participantes conectados a trav\u00e9s del monitor\" title=\"\">\n            <\/a><\/div><div class=\"eael-post-list-content\"><h3 class=\"eael-post-list-title\"><a href=\"https:\/\/konferenztechnik.de\/es\/ebr-reuniones-del-comite-de-empresa-europeo-en-linea-hibrido-digital-clasico\/\" >CEE: reuniones del comit\u00e9 de empresa europeo \u2013 \u00bfen l\u00ednea, h\u00edbridas, digitales, cl\u00e1sicas?<\/a><\/h3><p>Le ayudamos con la planificaci\u00f3n y realizaci\u00f3n t\u00e9cnica del evento<\/p><a href=\"https:\/\/konferenztechnik.de\/es\/ebr-reuniones-del-comite-de-empresa-europeo-en-linea-hibrido-digital-clasico\/\" class=\"eael-post-elements-readmore-btn\" >\u203a m\u00e1s<\/a><div class=\"boxed-meta\"><\/div><\/div><\/div><\/div><div class=\"eael-post-list-post\"><div class=\"eael-post-list-post-inner\"><div class=\"eael-post-list-thumbnail\"><a href=\"https:\/\/konferenztechnik.de\/es\/conferencias-con-equipos-de-microsoft\/\">\n                <img decoding=\"async\" src=\"https:\/\/konferenztechnik.de\/wp-content\/uploads\/2023\/03\/konferenzen-ms-teams.jpg\" alt=\"\" title=\"\">\n            <\/a><\/div><div class=\"eael-post-list-content\"><h3 class=\"eael-post-list-title\"><a href=\"https:\/\/konferenztechnik.de\/es\/conferencias-con-equipos-de-microsoft\/\" >Conferencias con Microsoft Teams<\/a><\/h3><p>MS Teams ahora tambi\u00e9n multiling\u00fce y con la funci\u00f3n \"SInterpretaci\u00f3n simult\u00e1nea\"<\/p><a href=\"https:\/\/konferenztechnik.de\/es\/conferencias-con-equipos-de-microsoft\/\" class=\"eael-post-elements-readmore-btn\" >\u203a m\u00e1s<\/a><div class=\"boxed-meta\"><\/div><\/div><\/div><\/div><div class=\"eael-post-list-post\"><div class=\"eael-post-list-post-inner\"><div class=\"eael-post-list-thumbnail\"><a href=\"https:\/\/konferenztechnik.de\/es\/salas-de-reuniones-hibridas-para-videoconferencias-2\/\">\n                <img decoding=\"async\" src=\"https:\/\/konferenztechnik.de\/wp-content\/uploads\/2023\/03\/hybride-besprechungsraeume.jpg\" alt=\"\" title=\"\">\n            <\/a><\/div><div class=\"eael-post-list-content\"><h3 class=\"eael-post-list-title\"><a href=\"https:\/\/konferenztechnik.de\/es\/salas-de-reuniones-hibridas-para-videoconferencias-2\/\" >Salas de reuniones h\u00edbridas para videoconferencias<\/a><\/h3><p>Condiciones \u00f3ptimas en la sala y para los participantes conectados y uso armonioso...<\/p><a href=\"https:\/\/konferenztechnik.de\/es\/salas-de-reuniones-hibridas-para-videoconferencias-2\/\" class=\"eael-post-elements-readmore-btn\" >\u203a m\u00e1s<\/a><div class=\"boxed-meta\"><\/div><\/div><\/div><\/div><div class=\"eael-post-list-post\"><div class=\"eael-post-list-post-inner\"><div class=\"eael-post-list-thumbnail\"><a href=\"https:\/\/konferenztechnik.de\/es\/conferencia-de-medios-sobre-contratacion-sostenible-y-tecnologia-de-la-informacion\/\">\n                <img decoding=\"async\" src=\"https:\/\/konferenztechnik.de\/wp-content\/uploads\/2022\/06\/nachhaltige-konferezraeume-jpg.webp\" alt=\"Una oficina peque\u00f1a y luminosa en un edificio de cristal insonorizado y elegante dentro de un vest\u00edbulo\" title=\"\">\n            <\/a><\/div><div class=\"eael-post-list-content\"><h3 class=\"eael-post-list-title\"><a href=\"https:\/\/konferenztechnik.de\/es\/conferencia-de-medios-sobre-contratacion-sostenible-y-tecnologia-de-la-informacion\/\" >Contrataci\u00f3n sostenible \u2013 para medios de comunicaci\u00f3n, conferencias y tecnolog\u00eda inform\u00e1tica<\/a><\/h3><p>Green AV: soluciones conceptuales y t\u00e9cnicas Eficiencia energ\u00e9tica y puestos de trabajo optimizados con...<\/p><a href=\"https:\/\/konferenztechnik.de\/es\/conferencia-de-medios-sobre-contratacion-sostenible-y-tecnologia-de-la-informacion\/\" class=\"eael-post-elements-readmore-btn\" >\u203a m\u00e1s<\/a><div class=\"boxed-meta\"><\/div><\/div><\/div><\/div><div class=\"eael-post-list-post\"><div class=\"eael-post-list-post-inner\"><div class=\"eael-post-list-thumbnail\"><a href=\"https:\/\/konferenztechnik.de\/es\/soluciones-conceptuales-y-tecnicas-de-green-av\/\">\n                <img decoding=\"async\" src=\"https:\/\/konferenztechnik.de\/wp-content\/uploads\/2023\/06\/green-av-konzepte.png\" alt=\"\" title=\"\">\n            <\/a><\/div><div class=\"eael-post-list-content\"><h3 class=\"eael-post-list-title\"><a href=\"https:\/\/konferenztechnik.de\/es\/soluciones-conceptuales-y-tecnicas-de-green-av\/\" >Green AV: soluciones conceptuales y t\u00e9cnicas<\/a><\/h3><p>Green AV: soluciones conceptuales y t\u00e9cnicas para proyectos a gran escala Green IT y Green Office y...<\/p><a href=\"https:\/\/konferenztechnik.de\/es\/soluciones-conceptuales-y-tecnicas-de-green-av\/\" class=\"eael-post-elements-readmore-btn\" >\u203a m\u00e1s<\/a><div class=\"boxed-meta\"><\/div><\/div><\/div><\/div><\/div><\/div>\n\t\t<\/div>\t\t\t\t<\/div>\n\t\t\t\t<\/div>\n\t\t\t\t\t<\/div>\n\t\t\t\t<\/div>\n\t\t<div data-particle_enable=\"false\" data-particle-mobile-disabled=\"false\" class=\"elementor-element elementor-element-eaddbcf e-flex e-con-boxed e-con e-parent\" data-id=\"eaddbcf\" data-element_type=\"container\">\n\t\t\t\t\t<div class=\"e-con-inner\">\n\t\t\t\t<div class=\"elementor-element elementor-element-7fa8348 elementor-widget__width-inherit elementor-widget elementor-widget-heading\" data-id=\"7fa8348\" data-element_type=\"widget\" data-widget_type=\"heading.default\">\n\t\t\t\t<div class=\"elementor-widget-container\">\n\t\t\t\t\t<h2 class=\"elementor-heading-title elementor-size-default\">Referencias Empresas comerciales: Industria, medianas empresas, PYME<\/h2>\t\t\t\t<\/div>\n\t\t\t\t<\/div>\n\t\t\t\t<div class=\"elementor-element elementor-element-e1bc064 elementor-widget__width-inherit elementor-widget elementor-widget-text-editor\" data-id=\"e1bc064\" data-element_type=\"widget\" data-widget_type=\"text-editor.default\">\n\t\t\t\t<div class=\"elementor-widget-container\">\n\t\t\t\t\t\t\t\t\t<ul><li>ADAC NRW<\/li><li>Adolf W\u00fcrth GmbH<\/li><li>ARAG Allgemeine Rechtsschutz-Versicherungs-AG SE<\/li><li>Grupo ARDEX GmbH<\/li><li>Catedral de Berl\u00edn Berl\u00edn<\/li><li>DATEV eG<\/li><li>Deutsche Bau- und Siedlungs-Gesellschaft mbH<\/li><li>Agencia Alemana de la Energ\u00eda GmbH<\/li><li>Deutsche R\u00fcck AG<\/li><li>Deutschlandradio Berl\u00edn<\/li><li>DLR Centro Aeroespacial Alem\u00e1n<\/li><li>DMG Mori Aktiengesellschaft<\/li><li>Ecolab Alemania GmbH<\/li><li>Fundaci\u00f3n EDEKA Rhein-Ruhr &amp; Co. KG<\/li><li>ERA Academia de Derecho Europeo \u2013 Academia de Derecho Europeo de Tr\u00e9veris<\/li><li>Ernst &amp; Young GmbH<\/li><li>Fundaci\u00f3n Fritz Thyssen Colonia<\/li><li>Fundaci\u00f3n Gerda Henkel<\/li><li>GETRAG Ford Transmisi\u00f3n<\/li><li>Grenke AG<\/li><li>Grundfos GmbH<\/li><li>C\u00e1mara de Artesan\u00eda de D\u00fcsseldorf<\/li><li>Caja de Ahorros del Distrito de Heilbronn<\/li><li>Lindemann Alemania GmbH<\/li><li>Recinto Ferial de D\u00fcsseldorf<\/li><li>Metro AG<\/li><li>Naturstrom AG<\/li><li>nicko cruises Schiffsreisen GmbH<\/li><li>PRG Grupo de Recursos de Producci\u00f3n AG<\/li><li>Santander Consumer Bank AG<\/li><li>SCC EVENTS GmbH<\/li><li>Servicios municipales de D\u00fcsseldorf<\/li><li>Stiebel Eltron GmbH<\/li><li>Support Studios Frankfurt GmbH<\/li><li>Vaillant Alemania GmbH &amp; Co. KG<\/li><li>WDR Radiodifusi\u00f3n de Alemania Occidental<\/li><li>Wessing &amp; Partner Rechtsanw\u00e4lte mbB<\/li><li>OMS Organizaci\u00f3n Mundial de la Salud Bonn<\/li><li>W\u00fcrth Industrie Service GmbH &amp; Co. KG<\/li><li>Asociaci\u00f3n del Zoo de Wuppertal<\/li><\/ul>\t\t\t\t\t\t\t\t<\/div>\n\t\t\t\t<\/div>\n\t\t\t\t<div class=\"elementor-element elementor-element-80c5ff8 elementor-icon-list--layout-traditional elementor-list-item-link-full_width elementor-widget elementor-widget-icon-list\" data-id=\"80c5ff8\" data-element_type=\"widget\" data-widget_type=\"icon-list.default\">\n\t\t\t\t<div class=\"elementor-widget-container\">\n\t\t\t\t\t\t\t<ul class=\"elementor-icon-list-items\">\n\t\t\t\t\t\t\t<li class=\"elementor-icon-list-item\">\n\t\t\t\t\t\t\t\t\t\t\t<a href=\"\/es\/referencias\/\">\n\n\t\t\t\t\t\t\t\t\t\t\t\t<span class=\"elementor-icon-list-icon\">\n\t\t\t\t\t\t\t<svg aria-hidden=\"true\" class=\"e-font-icon-svg e-fas-chevron-right\" viewbox=\"0 0 320 512\" xmlns=\"http:\/\/www.w3.org\/2000\/svg\"><path d=\"M285.476 272.971L91.132 467.314c-9.373 9.373-24.569 9.373-33.941 0l-22.667-22.667c-9.357-9.357-9.375-24.522-.04-33.901L188.505 256 34.484 101.255c-9.335-9.379-9.317-24.544.04-33.901l22.667-22.667c9.373-9.373 24.569-9.373 33.941 0L285.475 239.03c9.373 9.372 9.373 24.568.001 33.941z\"><\/path><\/svg>\t\t\t\t\t\t<\/span>\n\t\t\t\t\t\t\t\t\t\t<span class=\"elementor-icon-list-text\">Otras referencias<\/span>\n\t\t\t\t\t\t\t\t\t\t\t<\/a>\n\t\t\t\t\t\t\t\t\t<\/li>\n\t\t\t\t\t\t<\/ul>\n\t\t\t\t\t\t<\/div>\n\t\t\t\t<\/div>\n\t\t\t\t\t<\/div>\n\t\t\t\t<\/div>\n\t\t<div data-particle_enable=\"false\" data-particle-mobile-disabled=\"false\" class=\"elementor-element elementor-element-7c81320 e-flex e-con-boxed e-con e-parent\" data-id=\"7c81320\" data-element_type=\"container\">\n\t\t\t\t\t<div class=\"e-con-inner\">\n\t\t\t\t<div class=\"elementor-element elementor-element-49ce2fc elementor-widget elementor-widget-shortcode\" data-id=\"49ce2fc\" data-element_type=\"widget\" data-widget_type=\"shortcode.default\">\n\t\t\t\t<div class=\"elementor-widget-container\">\n\t\t\t\t\t\t\t<div class=\"elementor-shortcode\"><\/div>\n\t\t\t\t\t\t<\/div>\n\t\t\t\t<\/div>\n\t\t\t\t\t<\/div>\n\t\t\t\t<\/div>\n\t\t<div data-particle_enable=\"false\" data-particle-mobile-disabled=\"false\" class=\"elementor-element elementor-element-14d115f e-flex e-con-boxed e-con e-parent\" data-id=\"14d115f\" data-element_type=\"container\">\n\t\t\t\t\t<div class=\"e-con-inner\">\n\t\t\t\t<div class=\"elementor-element elementor-element-0f53c4b elementor-widget elementor-widget-shortcode\" data-id=\"0f53c4b\" data-element_type=\"widget\" data-widget_type=\"shortcode.default\">\n\t\t\t\t<div class=\"elementor-widget-container\">\n\t\t\t\t\t\t\t<div class=\"elementor-shortcode\"><\/div>\n\t\t\t\t\t\t<\/div>\n\t\t\t\t<\/div>\n\t\t\t\t\t<\/div>\n\t\t\t\t<\/div>\n\t\t\t\t<\/div>","protected":false},"excerpt":{"rendered":"<p>Wirtschaftsunternehmen: Industrie, Mittelstand, KMU Veranstaltungs- und Medientechnik f\u00fcr Wirtschaftsunternehmen Die Wirtschaft befindet sich im kontinuierlichen Wandel. Themen wie Fachkr\u00e4ftesicherung, Diversit\u00e4t und interkulturelle \u00d6ffnung pr\u00e4gen moderne Unternehmensstrategien. Gleichzeitig wachsen die Anforderungen an transparente Kommunikation, nachhaltige Prozesse und zeitgem\u00e4\u00dfe Zusammenarbeit. \u00a0 Veranstaltungen, Meetings und Konferenzen \u00fcbernehmen dabei eine zentrale Rolle. Sie sind Leuchtturmprojekte f\u00fcr Unternehmenskultur, Effizienz und [&hellip;]<\/p>","protected":false},"author":2,"featured_media":45482,"parent":0,"menu_order":0,"comment_status":"closed","ping_status":"closed","template":"","meta":{"_acf_changed":false,"footnotes":""},"class_list":["post-24866","page","type-page","status-publish","has-post-thumbnail","hentry"],"acf":[],"_links":{"self":[{"href":"https:\/\/konferenztechnik.de\/es\/wp-json\/wp\/v2\/pages\/24866","targetHints":{"allow":["GET"]}}],"collection":[{"href":"https:\/\/konferenztechnik.de\/es\/wp-json\/wp\/v2\/pages"}],"about":[{"href":"https:\/\/konferenztechnik.de\/es\/wp-json\/wp\/v2\/types\/page"}],"author":[{"embeddable":true,"href":"https:\/\/konferenztechnik.de\/es\/wp-json\/wp\/v2\/users\/2"}],"replies":[{"embeddable":true,"href":"https:\/\/konferenztechnik.de\/es\/wp-json\/wp\/v2\/comments?post=24866"}],"version-history":[{"count":0,"href":"https:\/\/konferenztechnik.de\/es\/wp-json\/wp\/v2\/pages\/24866\/revisions"}],"wp:featuredmedia":[{"embeddable":true,"href":"https:\/\/konferenztechnik.de\/es\/wp-json\/wp\/v2\/media\/45482"}],"wp:attachment":[{"href":"https:\/\/konferenztechnik.de\/es\/wp-json\/wp\/v2\/media?parent=24866"}],"curies":[{"name":"wp","href":"https:\/\/api.w.org\/{rel}","templated":true}]}}