{"id":24878,"date":"2023-04-18T11:03:15","date_gmt":"2023-04-18T09:03:15","guid":{"rendered":"http:\/\/dev.konferenztechnik.de\/?page_id=24878"},"modified":"2026-01-13T21:38:08","modified_gmt":"2026-01-13T20:38:08","slug":"empresa-informatica","status":"publish","type":"page","link":"https:\/\/konferenztechnik.de\/es\/empresa-informatica\/","title":{"rendered":"Empresa de TI"},"content":{"rendered":"<div data-elementor-type=\"wp-page\" data-elementor-id=\"24878\" class=\"elementor elementor-24878\" data-elementor-post-type=\"page\">\n\t\t\t\t<div data-particle_enable=\"false\" data-particle-mobile-disabled=\"false\" class=\"elementor-element elementor-element-d8aba58 e-flex e-con-boxed e-con e-parent\" data-id=\"d8aba58\" data-element_type=\"container\">\n\t\t\t\t\t<div class=\"e-con-inner\">\n\t\t\t\t<div class=\"elementor-element elementor-element-366d4e5 elementor-widget__width-inherit elementor-widget elementor-widget-heading\" data-id=\"366d4e5\" data-element_type=\"widget\" data-widget_type=\"heading.default\">\n\t\t\t\t<div class=\"elementor-widget-container\">\n\t\t\t\t\t<h1 class=\"elementor-heading-title elementor-size-default\">Empresa de TI<\/h1>\t\t\t\t<\/div>\n\t\t\t\t<\/div>\n\t\t\t\t<div class=\"elementor-element elementor-element-e4b6b7a elementor-widget elementor-widget-image\" data-id=\"e4b6b7a\" data-element_type=\"widget\" data-widget_type=\"image.default\">\n\t\t\t\t<div class=\"elementor-widget-container\">\n\t\t\t\t\t\t\t\t\t\t\t\t\t\t\t<img fetchpriority=\"high\" decoding=\"async\" width=\"1300\" height=\"486\" src=\"https:\/\/konferenztechnik.de\/wp-content\/uploads\/2023\/04\/it-unternehmen.jpg\" class=\"attachment-full size-full wp-image-24879\" alt=\"Un t\u00e9cnico inform\u00e1tico conecta cables LAN a una pared llena de ordenadores\" srcset=\"https:\/\/konferenztechnik.de\/wp-content\/uploads\/2023\/04\/it-unternehmen.jpg 1300w, https:\/\/konferenztechnik.de\/wp-content\/uploads\/2023\/04\/it-unternehmen-300x112.jpg 300w, https:\/\/konferenztechnik.de\/wp-content\/uploads\/2023\/04\/it-unternehmen-1024x383.jpg 1024w, https:\/\/konferenztechnik.de\/wp-content\/uploads\/2023\/04\/it-unternehmen-768x287.jpg 768w, https:\/\/konferenztechnik.de\/wp-content\/uploads\/2023\/04\/it-unternehmen-18x7.jpg 18w\" sizes=\"(max-width: 1300px) 100vw, 1300px\" title=\"\">\t\t\t\t\t\t\t\t\t\t\t\t\t\t\t<\/div>\n\t\t\t\t<\/div>\n\t\t\t\t\t<\/div>\n\t\t\t\t<\/div>\n\t\t<div data-particle_enable=\"false\" data-particle-mobile-disabled=\"false\" class=\"elementor-element elementor-element-9deafd4 e-flex e-con-boxed e-con e-parent\" data-id=\"9deafd4\" data-element_type=\"container\">\n\t\t\t\t\t<div class=\"e-con-inner\">\n\t\t\t\t<div class=\"elementor-element elementor-element-66ea8b4 elementor-widget elementor-widget-heading\" data-id=\"66ea8b4\" data-element_type=\"widget\" data-settings=\"{&quot;_animation&quot;:&quot;none&quot;}\" data-widget_type=\"heading.default\">\n\t\t\t\t<div class=\"elementor-widget-container\">\n\t\t\t\t\t<h2 class=\"elementor-heading-title elementor-size-default\">AV sobre IP: el futuro de la tecnolog\u00eda para eventos y medios audiovisuales<\/h2>\t\t\t\t<\/div>\n\t\t\t\t<\/div>\n\t\t\t\t<div class=\"elementor-element elementor-element-d16fcf6 elementor-widget__width-inherit elementor-widget elementor-widget-text-editor\" data-id=\"d16fcf6\" data-element_type=\"widget\" data-widget_type=\"text-editor.default\">\n\t\t\t\t<div class=\"elementor-widget-container\">\n\t\t\t\t\t\t\t\t\t<p>El futuro de la tecnolog\u00eda audiovisual se basa en las redes. Este cambio se lleva produciendo desde hace a\u00f1os y ha demostrado su eficacia a largo plazo. En la tecnolog\u00eda audiovisual y de eventos moderna, las se\u00f1ales de audio, v\u00eddeo y control se transmiten con la m\u00e1xima calidad a trav\u00e9s de redes IP. AV over IP utiliza est\u00e1ndares establecidos de tecnolog\u00eda inform\u00e1tica y de redes y permite crear infraestructuras audiovisuales flexibles, escalables y potentes.<\/p><p>Los dispositivos modernos de tecnolog\u00eda audiovisual son hoy en d\u00eda sistemas basados en TI. En consecuencia, tambi\u00e9n evolucionan los requisitos que deben cumplir los profesionales: los t\u00e9cnicos audiovisuales trabajan cada vez m\u00e1s en la interfaz entre la TI y la tecnolog\u00eda de redes. Al mismo tiempo, cada vez hay m\u00e1s clientes del \u00e1mbito de la TI, lo que hace que los mundos audiovisual y de la TI sigan convergiendo.<\/p><p>Apoyamos decididamente este cambio tecnol\u00f3gico y vemos en \u00e9l un gran potencial para la eficiencia de los recursos y la sostenibilidad. Los sistemas centralizados, la infraestructura virtualizada y la tecnolog\u00eda de red inteligente permiten una arquitectura audiovisual que ahorra energ\u00eda y recursos, desde centros de datos ecol\u00f3gicos hasta tecnolog\u00eda audiovisual sostenible en funcionamiento.<\/p><p>En cuanto a la orientaci\u00f3n estrat\u00e9gica, nos basamos en los avances de las empresas tecnol\u00f3gicas l\u00edderes. Partimos de la base de que, en el futuro, nuestros clientes y socios de proyectos proceder\u00e1n a\u00fan m\u00e1s del \u00e1mbito de las tecnolog\u00edas de la informaci\u00f3n y la digitalizaci\u00f3n, y establecer\u00e1n el AV sobre IP como est\u00e1ndar en la tecnolog\u00eda profesional para eventos y medios de comunicaci\u00f3n.<\/p>\t\t\t\t\t\t\t\t<\/div>\n\t\t\t\t<\/div>\n\t\t\t\t\t<\/div>\n\t\t\t\t<\/div>\n\t\t<div data-particle_enable=\"false\" data-particle-mobile-disabled=\"false\" class=\"elementor-element elementor-element-455c20b e-flex e-con-boxed e-con e-parent\" data-id=\"455c20b\" data-element_type=\"container\" data-settings=\"{&quot;animation&quot;:&quot;none&quot;}\">\n\t\t\t\t\t<div class=\"e-con-inner\">\n\t\t\t\t<div class=\"elementor-element elementor-element-7734196 elementor-widget elementor-widget-heading\" data-id=\"7734196\" data-element_type=\"widget\" data-settings=\"{&quot;_animation&quot;:&quot;none&quot;}\" data-widget_type=\"heading.default\">\n\t\t\t\t<div class=\"elementor-widget-container\">\n\t\t\t\t\t<h2 class=\"elementor-heading-title elementor-size-default\">Temas frecuentes<\/h2>\t\t\t\t<\/div>\n\t\t\t\t<\/div>\n\t\t\t\t<div class=\"elementor-element elementor-element-1e5ddfb elementor-widget__width-inherit smart-post-list-4-col elementor-widget elementor-widget-eael-post-list\" data-id=\"1e5ddfb\" data-element_type=\"widget\" data-settings=\"{&quot;_animation&quot;:&quot;none&quot;}\" data-widget_type=\"eael-post-list.default\">\n\t\t\t\t<div class=\"elementor-widget-container\">\n\t\t\t\t\t<div class=\"eael-post-list-container advanced layout-advanced\"><div class=\"eael-post-list-wrap\"><div class=\"eael-post-list-posts-wrap eael-post-appender eael-post-appender-1e5ddfb\"><div class=\"eael-post-list-post\"><div class=\"eael-post-list-post-inner\"><div class=\"eael-post-list-thumbnail\"><a href=\"https:\/\/konferenztechnik.de\/es\/control-inteligente-del-suministro-electrico-interruptor-de-alimentacion-remoto\/\">\n                <img decoding=\"async\" src=\"https:\/\/konferenztechnik.de\/wp-content\/uploads\/2023\/03\/green-conferenceroom.jpg\" alt=\"\" title=\"\">\n            <\/a><\/div><div class=\"eael-post-list-content\"><h3 class=\"eael-post-list-title\"><a href=\"https:\/\/konferenztechnik.de\/es\/control-inteligente-del-suministro-electrico-interruptor-de-alimentacion-remoto\/\" >Control inteligente de la fuente de alimentaci\u00f3n \u2013 mediante interruptor de alimentaci\u00f3n remoto<\/a><\/h3><p>Control inteligente de la fuente de alimentaci\u00f3n \u2013 mediante interruptor de alimentaci\u00f3n remoto Interruptor de alimentaci\u00f3n...<\/p><a href=\"https:\/\/konferenztechnik.de\/es\/control-inteligente-del-suministro-electrico-interruptor-de-alimentacion-remoto\/\" class=\"eael-post-elements-readmore-btn\" >\u203a m\u00e1s<\/a><div class=\"boxed-meta\"><\/div><\/div><\/div><\/div><div class=\"eael-post-list-post\"><div class=\"eael-post-list-post-inner\"><div class=\"eael-post-list-thumbnail\"><a href=\"https:\/\/konferenztechnik.de\/es\/streaming\/\">\n                <img decoding=\"async\" src=\"https:\/\/konferenztechnik.de\/wp-content\/uploads\/2023\/04\/streaming-hosting-events-jpg.webp\" alt=\"Direcci\u00f3n de sonido y direcci\u00f3n de v\u00eddeo con t\u00e9cnicos de eventos en una sala de conferencias, con la inscripci\u00f3n &quot;Live - Live - Live&quot; varias veces delante\" title=\"\">\n            <\/a><\/div><div class=\"eael-post-list-content\"><h3 class=\"eael-post-list-title\"><a href=\"https:\/\/konferenztechnik.de\/es\/streaming\/\" >Streaming y alojamiento<\/a><\/h3><p>Transmisi\u00f3n de contenidos en directo y v\u00eddeo, archivo y puesta a disposici\u00f3n en servidores y plataformas de v\u00eddeo<\/p><a href=\"https:\/\/konferenztechnik.de\/es\/streaming\/\" class=\"eael-post-elements-readmore-btn\" >\u203a m\u00e1s<\/a><div class=\"boxed-meta\"><\/div><\/div><\/div><\/div><div class=\"eael-post-list-post\"><div class=\"eael-post-list-post-inner\"><div class=\"eael-post-list-thumbnail\"><a href=\"https:\/\/konferenztechnik.de\/es\/conferencia-de-medios-sobre-contratacion-sostenible-y-tecnologia-de-la-informacion\/\">\n                <img decoding=\"async\" src=\"https:\/\/konferenztechnik.de\/wp-content\/uploads\/2022\/06\/nachhaltige-konferezraeume-jpg.webp\" alt=\"Una oficina peque\u00f1a y luminosa en un edificio de cristal insonorizado y elegante dentro de un vest\u00edbulo\" title=\"\">\n            <\/a><\/div><div class=\"eael-post-list-content\"><h3 class=\"eael-post-list-title\"><a href=\"https:\/\/konferenztechnik.de\/es\/conferencia-de-medios-sobre-contratacion-sostenible-y-tecnologia-de-la-informacion\/\" >Contrataci\u00f3n sostenible \u2013 para medios de comunicaci\u00f3n, conferencias y tecnolog\u00eda inform\u00e1tica<\/a><\/h3><p>Green AV: soluciones conceptuales y t\u00e9cnicas Eficiencia energ\u00e9tica y puestos de trabajo optimizados con...<\/p><a href=\"https:\/\/konferenztechnik.de\/es\/conferencia-de-medios-sobre-contratacion-sostenible-y-tecnologia-de-la-informacion\/\" class=\"eael-post-elements-readmore-btn\" >\u203a m\u00e1s<\/a><div class=\"boxed-meta\"><\/div><\/div><\/div><\/div><div class=\"eael-post-list-post\"><div class=\"eael-post-list-post-inner\"><div class=\"eael-post-list-thumbnail\"><a href=\"https:\/\/konferenztechnik.de\/es\/pcs-paquetes-de-salas-de-conferencias-modernas-salas-de-conferencias-hibridas-en-condiciones-favorables\/\">\n                <img decoding=\"async\" src=\"https:\/\/konferenztechnik.de\/wp-content\/uploads\/2023\/03\/konferenzraum-bundles.jpg\" alt=\"\" title=\"\">\n            <\/a><\/div><div class=\"eael-post-list-content\"><h3 class=\"eael-post-list-title\"><a href=\"https:\/\/konferenztechnik.de\/es\/pcs-paquetes-de-salas-de-conferencias-modernas-salas-de-conferencias-hibridas-en-condiciones-favorables\/\" >Paquetes para salas de conferencias<\/a><\/h3><p>Salas de reuniones interactivas, h\u00edbridas, inal\u00e1mbricas y flexibles desde 5.000 euros<\/p><a href=\"https:\/\/konferenztechnik.de\/es\/pcs-paquetes-de-salas-de-conferencias-modernas-salas-de-conferencias-hibridas-en-condiciones-favorables\/\" class=\"eael-post-elements-readmore-btn\" >\u203a m\u00e1s<\/a><div class=\"boxed-meta\"><\/div><\/div><\/div><\/div><div class=\"eael-post-list-post\"><div class=\"eael-post-list-post-inner\"><div class=\"eael-post-list-thumbnail\"><a href=\"https:\/\/konferenztechnik.de\/es\/soluciones-conceptuales-y-tecnicas-de-green-av\/\">\n                <img decoding=\"async\" src=\"https:\/\/konferenztechnik.de\/wp-content\/uploads\/2023\/06\/green-av-konzepte.png\" alt=\"\" title=\"\">\n            <\/a><\/div><div class=\"eael-post-list-content\"><h3 class=\"eael-post-list-title\"><a href=\"https:\/\/konferenztechnik.de\/es\/soluciones-conceptuales-y-tecnicas-de-green-av\/\" >Green AV: soluciones conceptuales y t\u00e9cnicas<\/a><\/h3><p>Green AV: soluciones conceptuales y t\u00e9cnicas para proyectos a gran escala Green IT y Green Office y...<\/p><a href=\"https:\/\/konferenztechnik.de\/es\/soluciones-conceptuales-y-tecnicas-de-green-av\/\" class=\"eael-post-elements-readmore-btn\" >\u203a m\u00e1s<\/a><div class=\"boxed-meta\"><\/div><\/div><\/div><\/div><\/div><\/div>\n\t\t<\/div>\t\t\t\t<\/div>\n\t\t\t\t<\/div>\n\t\t\t\t\t<\/div>\n\t\t\t\t<\/div>\n\t\t<div data-particle_enable=\"false\" data-particle-mobile-disabled=\"false\" class=\"elementor-element elementor-element-eaddbcf e-flex e-con-boxed e-con e-parent\" data-id=\"eaddbcf\" data-element_type=\"container\">\n\t\t\t\t\t<div class=\"e-con-inner\">\n\t\t\t\t<div class=\"elementor-element elementor-element-1f7d5a4 elementor-icon-list--layout-traditional elementor-list-item-link-full_width elementor-widget elementor-widget-icon-list\" data-id=\"1f7d5a4\" data-element_type=\"widget\" data-widget_type=\"icon-list.default\">\n\t\t\t\t<div class=\"elementor-widget-container\">\n\t\t\t\t\t\t\t<ul class=\"elementor-icon-list-items\">\n\t\t\t\t\t\t\t<li class=\"elementor-icon-list-item\">\n\t\t\t\t\t\t\t\t\t\t\t<a href=\"\/es\/referencias\/\">\n\n\t\t\t\t\t\t\t\t\t\t\t\t<span class=\"elementor-icon-list-icon\">\n\t\t\t\t\t\t\t<svg aria-hidden=\"true\" class=\"e-font-icon-svg e-fas-chevron-right\" viewbox=\"0 0 320 512\" xmlns=\"http:\/\/www.w3.org\/2000\/svg\"><path d=\"M285.476 272.971L91.132 467.314c-9.373 9.373-24.569 9.373-33.941 0l-22.667-22.667c-9.357-9.357-9.375-24.522-.04-33.901L188.505 256 34.484 101.255c-9.335-9.379-9.317-24.544.04-33.901l22.667-22.667c9.373-9.373 24.569-9.373 33.941 0L285.475 239.03c9.373 9.372 9.373 24.568.001 33.941z\"><\/path><\/svg>\t\t\t\t\t\t<\/span>\n\t\t\t\t\t\t\t\t\t\t<span class=\"elementor-icon-list-text\">Referencias<\/span>\n\t\t\t\t\t\t\t\t\t\t\t<\/a>\n\t\t\t\t\t\t\t\t\t<\/li>\n\t\t\t\t\t\t<\/ul>\n\t\t\t\t\t\t<\/div>\n\t\t\t\t<\/div>\n\t\t\t\t\t<\/div>\n\t\t\t\t<\/div>\n\t\t<div data-particle_enable=\"false\" data-particle-mobile-disabled=\"false\" class=\"elementor-element elementor-element-97c330b e-flex e-con-boxed e-con e-parent\" data-id=\"97c330b\" data-element_type=\"container\">\n\t\t\t\t\t<div class=\"e-con-inner\">\n\t\t\t\t<div class=\"elementor-element elementor-element-b17fc3e elementor-widget elementor-widget-shortcode\" data-id=\"b17fc3e\" data-element_type=\"widget\" data-widget_type=\"shortcode.default\">\n\t\t\t\t<div class=\"elementor-widget-container\">\n\t\t\t\t\t\t\t<div class=\"elementor-shortcode\"><\/div>\n\t\t\t\t\t\t<\/div>\n\t\t\t\t<\/div>\n\t\t\t\t\t<\/div>\n\t\t\t\t<\/div>\n\t\t<div data-particle_enable=\"false\" data-particle-mobile-disabled=\"false\" class=\"elementor-element elementor-element-14d115f e-flex e-con-boxed e-con e-parent\" data-id=\"14d115f\" data-element_type=\"container\">\n\t\t\t\t\t<div class=\"e-con-inner\">\n\t\t\t\t<div class=\"elementor-element elementor-element-0f53c4b elementor-widget elementor-widget-shortcode\" data-id=\"0f53c4b\" data-element_type=\"widget\" data-widget_type=\"shortcode.default\">\n\t\t\t\t<div class=\"elementor-widget-container\">\n\t\t\t\t\t\t\t<div class=\"elementor-shortcode\"><\/div>\n\t\t\t\t\t\t<\/div>\n\t\t\t\t<\/div>\n\t\t\t\t\t<\/div>\n\t\t\t\t<\/div>\n\t\t\t\t<\/div>","protected":false},"excerpt":{"rendered":"<p>IT-Unternehmen AV over IP: Die Zukunft der Veranstaltungs- und Medientechnik Die Zukunft der AV-Medientechnik ist netzwerkbasiert. Dieser Wandel vollzieht sich seit Jahren und hat sich nachhaltig bew\u00e4hrt. In der modernen Veranstaltungs- und Medientechnik werden Audio-, Video- und Steuerungssignale in h\u00f6chster Qualit\u00e4t \u00fcber IPNetzwerke \u00fcbertragen. AV over IP nutzt etablierte Standards der IT- und Netzwerktechnik und [&hellip;]<\/p>","protected":false},"author":2,"featured_media":24879,"parent":0,"menu_order":0,"comment_status":"closed","ping_status":"closed","template":"","meta":{"_acf_changed":false,"footnotes":""},"class_list":["post-24878","page","type-page","status-publish","has-post-thumbnail","hentry"],"acf":[],"_links":{"self":[{"href":"https:\/\/konferenztechnik.de\/es\/wp-json\/wp\/v2\/pages\/24878","targetHints":{"allow":["GET"]}}],"collection":[{"href":"https:\/\/konferenztechnik.de\/es\/wp-json\/wp\/v2\/pages"}],"about":[{"href":"https:\/\/konferenztechnik.de\/es\/wp-json\/wp\/v2\/types\/page"}],"author":[{"embeddable":true,"href":"https:\/\/konferenztechnik.de\/es\/wp-json\/wp\/v2\/users\/2"}],"replies":[{"embeddable":true,"href":"https:\/\/konferenztechnik.de\/es\/wp-json\/wp\/v2\/comments?post=24878"}],"version-history":[{"count":0,"href":"https:\/\/konferenztechnik.de\/es\/wp-json\/wp\/v2\/pages\/24878\/revisions"}],"wp:featuredmedia":[{"embeddable":true,"href":"https:\/\/konferenztechnik.de\/es\/wp-json\/wp\/v2\/media\/24879"}],"wp:attachment":[{"href":"https:\/\/konferenztechnik.de\/es\/wp-json\/wp\/v2\/media?parent=24878"}],"curies":[{"name":"wp","href":"https:\/\/api.w.org\/{rel}","templated":true}]}}