{"id":2618,"date":"2013-09-25T15:11:34","date_gmt":"2013-09-25T13:11:34","guid":{"rendered":"https:\/\/konferenztechnik.de\/?page_id=2618"},"modified":"2023-07-05T10:34:46","modified_gmt":"2023-07-05T08:34:46","slug":"soportes-de-pared","status":"publish","type":"page","link":"https:\/\/konferenztechnik.de\/es\/distribucion-de-tecnologia-de-conferencia-y-av-media\/tecnologia-de-video\/soportes-para-pantallas-y-proyectores\/soportes-de-pared\/","title":{"rendered":"Soportes de pared"},"content":{"rendered":"<div data-elementor-type=\"wp-page\" data-elementor-id=\"2618\" class=\"elementor elementor-2618\" data-elementor-post-type=\"page\">\n\t\t\t\t\t\t<section data-particle_enable=\"false\" data-particle-mobile-disabled=\"false\" class=\"elementor-section elementor-top-section elementor-element elementor-element-7b72f63e elementor-section-boxed elementor-section-height-default elementor-section-height-default\" data-id=\"7b72f63e\" data-element_type=\"section\">\n\t\t\t\t\t\t<div class=\"elementor-container elementor-column-gap-default\">\n\t\t\t\t\t<div class=\"elementor-column elementor-col-100 elementor-top-column elementor-element elementor-element-20bf9a01\" data-id=\"20bf9a01\" data-element_type=\"column\">\n\t\t\t<div class=\"elementor-widget-wrap elementor-element-populated\">\n\t\t\t\t\t\t<div class=\"elementor-element elementor-element-e7f401d elementor-widget elementor-widget-text-editor\" data-id=\"e7f401d\" data-element_type=\"widget\" data-widget_type=\"text-editor.default\">\n\t\t\t\t<div class=\"elementor-widget-container\">\n\t\t\t\t\t\t\t\t\t<h1>Soportes de pared<\/h1>\n<h2>Soporte de pared para pantalla Audipack L&amp;S 3<\/h2>\n<a href=\"https:\/\/konferenztechnik.de\/wp-content\/uploads\/2013\/09\/Audipack_Wandhalterung1.jpg\"><img fetchpriority=\"high\" decoding=\"async\" width=\"792\" height=\"594\" class=\"alignleft size-full wp-image-2680\" src=\"https:\/\/konferenztechnik.de\/wp-content\/uploads\/2013\/09\/Audipack_Wandhalterung1.jpg\" alt=\"Soporte de pared para pantalla Audipack L&amp;S 3\" title=\"\" srcset=\"https:\/\/konferenztechnik.de\/wp-content\/uploads\/2013\/09\/Audipack_Wandhalterung1.jpg 792w, https:\/\/konferenztechnik.de\/wp-content\/uploads\/2013\/09\/Audipack_Wandhalterung1-300x225.jpg 300w, https:\/\/konferenztechnik.de\/wp-content\/uploads\/2013\/09\/Audipack_Wandhalterung1-768x576.jpg 768w\" sizes=\"(max-width: 792px) 100vw, 792px\" \/><\/a>\n\nSoporte de pared plano para pantallas de hasta 127 cm (50 pulgadas). Este soporte de pared no ajustable solo tiene 18 mm de profundidad y ofrece la opci\u00f3n de fijar la pantalla mediante ganchos de seguridad (Lock &amp; Secure).\n<h2>Soporte de pared Smart Metals \u2013 con ajuste fino<\/h2>\n<a href=\"https:\/\/konferenztechnik.de\/wp-content\/uploads\/2013\/09\/smart-metals_projector-wall-mont_0021840.jpg\"><img decoding=\"async\" class=\"alignleft size-medium wp-image-4459\" src=\"https:\/\/konferenztechnik.de\/wp-content\/uploads\/2013\/09\/smart-metals_projector-wall-mont_0021840-300x115.jpg\" alt=\"Smart Metals Soporte de pared para proyector 0021840\" width=\"300\" height=\"115\" title=\"\"><\/a>\n\nSoporte de pared para proyectores de ultracorta distancia como la serie Hitachi A100, el Sanyo PLC-XL50 o el PDG-DWL2500. El soporte dispone de un exclusivo ajuste fino que permite inclinar e inclinar el proyector desde el centro de la lente.\n<h2>Soporte de pared Smart Metals \u2013 con ajuste fino<\/h2>\n<ul>\n \t<li>Longitud m\u00ednima: 55\u2033.<\/li>\n \t<li>Anchura m\u00e1xima: 110\u2033 de diagonal de pantalla<\/li>\n \t<li>Color: Gris oscuro<\/li>\n \t<li>Para fabricantes: Sanyo y Panasonic<\/li>\n \t<li>Ajuste de longitud: maunell<\/li>\n \t<li>Ajuste de altura: 50 mm<\/li>\n \t<li>Soporte \/ interfaz: incluido<\/li>\n \t<li>Funci\u00f3n de inclinaci\u00f3n Ajuste fino: de +5 \u00b0 a -5 \u00b0<\/li>\n \t<li>Canal para cables: 28 mm \u00d8<\/li>\n \t<li>M\u00e1s informaci\u00f3n: tambi\u00e9n adecuado para Panasonic PT-CW230\/CW200<\/li>\n<\/ul>\n<a href=\"https:\/\/konferenztechnik.de\/wp-content\/uploads\/2013\/09\/0021840_manualEN.pdf\">Manual de metales inteligentes 002.1840 (ingl\u00e9s)<\/a>\n<h2>Smart Metals \u2013 VideoWall 2\u00d72<\/h2>\n<a href=\"https:\/\/konferenztechnik.de\/wp-content\/uploads\/2013\/09\/smart-metals_video-wall082502202-landscape.jpg\"><img decoding=\"async\" class=\"alignleft size-medium wp-image-4463\" src=\"https:\/\/konferenztechnik.de\/wp-content\/uploads\/2013\/09\/smart-metals_video-wall082502202-landscape-300x280.jpg\" alt=\"Video Wall Smart Metals 082502202\" width=\"300\" height=\"280\" title=\"\" srcset=\"https:\/\/konferenztechnik.de\/wp-content\/uploads\/2013\/09\/smart-metals_video-wall082502202-landscape-300x280.jpg 300w, https:\/\/konferenztechnik.de\/wp-content\/uploads\/2013\/09\/smart-metals_video-wall082502202-landscape-768x717.jpg 768w, https:\/\/konferenztechnik.de\/wp-content\/uploads\/2013\/09\/smart-metals_video-wall082502202-landscape.jpg 1017w\" sizes=\"(max-width: 300px) 100vw, 300px\" \/><\/a>\n\nVideowall compacto y f\u00e1cil de transportar. El uso del videowall es extremadamente flexible: puede instalarse en el suelo o fijarse a paredes o trusses. Las pantallas se montan muy f\u00e1cilmente en el videowall. Los monitores se conectan entre s\u00ed y al marco mediante abrazaderas especiales. Hay dispositivos horizontales y verticales para el ajuste fino. El mural de v\u00eddeo puede utilizarse tanto en modo vertical como horizontal.\n<h2>Smart Metals \u2013 VideoWall 2\u00d72<\/h2>\n<ul>\n \t<li>Peso: 147,78 kg<\/li>\n \t<li>Color: Negro<\/li>\n \t<li>Configuraci\u00f3n de pantalla: 2\u00d72<\/li>\n \t<li>Posici\u00f3n de la pantalla: Horizontal o Vertical<\/li>\n \t<li>Ajuste de altura: Ajuste fino<\/li>\n \t<li>Soporte\/interfaz: Incluido<\/li>\n \t<li>Rotaci\u00f3n: 90 \u00b0<\/li>\n \t<li>Sistema de fijaci\u00f3n: Mecanismo de acoplamiento de perno de tracci\u00f3n<\/li>\n \t<li>M\u00e1s informaci\u00f3n: Las nuevas consolas ofrecen ajuste fino horizontal y vertical para los monitores y la opci\u00f3n de cambiar entre modo vertical y horizontal. Los pies ajustables est\u00e1n integrados en el marco del suelo.<\/li>\n<\/ul>\n<a href=\"https:\/\/konferenztechnik.de\/wp-content\/uploads\/2013\/09\/082502202_manualEN.pdf\">Video Wall 082502202 Manual ES<\/a>\n\n<a href=\"https:\/\/konferenztechnik.de\/wp-content\/uploads\/2013\/09\/082502202_SmartMetals_productleafletEN.pdf\">Video Wall 082502202 Hoja de producto ES<\/a>\n<h2>Smart Metals \u2013 VideoWall 3\u00d73<\/h2>\n<a href=\"https:\/\/konferenztechnik.de\/wp-content\/uploads\/2013\/09\/smart-metals_video-wall_082503302_front.jpg\"><img loading=\"lazy\" decoding=\"async\" class=\"alignleft size-medium wp-image-4468\" src=\"https:\/\/konferenztechnik.de\/wp-content\/uploads\/2013\/09\/smart-metals_video-wall_082503302_front-300x275.jpg\" alt=\"Video Wall Smart Metals 082503302\" width=\"300\" height=\"275\" title=\"\" srcset=\"https:\/\/konferenztechnik.de\/wp-content\/uploads\/2013\/09\/smart-metals_video-wall_082503302_front-300x275.jpg 300w, https:\/\/konferenztechnik.de\/wp-content\/uploads\/2013\/09\/smart-metals_video-wall_082503302_front-1024x940.jpg 1024w, https:\/\/konferenztechnik.de\/wp-content\/uploads\/2013\/09\/smart-metals_video-wall_082503302_front-768x705.jpg 768w, https:\/\/konferenztechnik.de\/wp-content\/uploads\/2013\/09\/smart-metals_video-wall_082503302_front.jpg 1035w\" sizes=\"(max-width: 300px) 100vw, 300px\" \/><\/a>\n\nVideowall compacto y f\u00e1cil de transportar. El uso del videowall es extremadamente flexible: puede instalarse en el suelo o fijarse a paredes o trusses. Las pantallas se montan muy f\u00e1cilmente en el videowall. Los monitores se conectan entre s\u00ed y al marco mediante abrazaderas especiales. Hay dispositivos horizontales y verticales para el ajuste fino. El mural puede utilizarse tanto en modo vertical como horizontal.\n<h2>Smart Metals \u2013 VideoWall 3\u00d73<\/h2>\n<ul>\n \t<li>Peso: 319,08 kg<\/li>\n \t<li>Color: Negro<\/li>\n \t<li>Configuraci\u00f3n de pantalla : 3 x 3<\/li>\n \t<li>Posici\u00f3n de la pantalla: Horizontal o Vertical<\/li>\n \t<li>Ajuste de altura: Ajuste fino<\/li>\n \t<li>Soporte \/ interfaz: Incluido<\/li>\n \t<li>Tipo de soporte\/interfaz: Espec\u00edfico de la pantalla<\/li>\n \t<li>Rotaci\u00f3n: 90 \u00b0<\/li>\n \t<li>Sistema de fijaci\u00f3n: Mecanismo de acoplamiento de perno de tracci\u00f3n<\/li>\n \t<li>M\u00e1s informaci\u00f3n: Las nuevas consolas ofrecen ajuste fino horizontal y vertical para los monitores y la opci\u00f3n de cambiar entre modo vertical y horizontal. Los pies ajustables est\u00e1n integrados en el marco del suelo.<\/li>\n<\/ul>\n<a href=\"https:\/\/konferenztechnik.de\/wp-content\/uploads\/2013\/09\/082503302_SmartMetals_productleafletEN.pdf\">Smart Metals Video Wall 3\u00d73 ficha de producto Espa\u00f1ol<\/a>\n<h2>Funda TC-IPAD para iPad 1, 2, 3 y 4<\/h2>\n<a href=\"https:\/\/konferenztechnik.de\/wp-content\/uploads\/2014\/02\/audipack-ipad-tablet-housing.jpg\"><img loading=\"lazy\" decoding=\"async\" width=\"450\" height=\"311\" class=\"alignleft size-full wp-image-4263\" src=\"https:\/\/konferenztechnik.de\/wp-content\/uploads\/2014\/02\/audipack-ipad-tablet-housing.jpg\" alt=\"Carcasa para iPad Tablet\" title=\"\" srcset=\"https:\/\/konferenztechnik.de\/wp-content\/uploads\/2014\/02\/audipack-ipad-tablet-housing.jpg 450w, https:\/\/konferenztechnik.de\/wp-content\/uploads\/2014\/02\/audipack-ipad-tablet-housing-300x207.jpg 300w\" sizes=\"(max-width: 450px) 100vw, 450px\" \/><\/a>\n\n\nLa funda TC-iPad Case protege con elegancia su iPad cuando se va a instalar o exponer en lugares p\u00fablicos.\nEl iPad se puede asegurar r\u00e1pidamente en la funda y queda as\u00ed protegido eficazmente contra robos. Gracias al sistema Smart Keylock, desde el exterior no se ve ning\u00fan ojo de cerradura ni tornillo. La TC-Case se puede utilizar para montaje en pared o en combinaci\u00f3n con un soporte disponible opcionalmente como soporte de suelo.\n<h2>Soporte de pared para pantalla plana Audipack L&amp;S 3 \u2013 inclinable<\/h2>\n<a href=\"https:\/\/konferenztechnik.de\/wp-content\/uploads\/2013\/09\/Audipack_Wandhalterung2.jpg\"><img loading=\"lazy\" decoding=\"async\" width=\"792\" height=\"594\" class=\"alignleft size-full wp-image-2681\" src=\"https:\/\/konferenztechnik.de\/wp-content\/uploads\/2013\/09\/Audipack_Wandhalterung2.jpg\" alt=\"Soporte de pared para pantalla plana Audipack L&amp;S 3 - inclinable\" title=\"\" srcset=\"https:\/\/konferenztechnik.de\/wp-content\/uploads\/2013\/09\/Audipack_Wandhalterung2.jpg 792w, https:\/\/konferenztechnik.de\/wp-content\/uploads\/2013\/09\/Audipack_Wandhalterung2-300x225.jpg 300w, https:\/\/konferenztechnik.de\/wp-content\/uploads\/2013\/09\/Audipack_Wandhalterung2-768x576.jpg 768w\" sizes=\"(max-width: 792px) 100vw, 792px\" \/><\/a>\n\nSoporte de pared de ajuste continuo para pantallas de hasta 127 cm (50 pulgadas). Versi\u00f3n con ajuste continuo del \u00e1ngulo vertical de 0 a 10 grados. Con dispositivo antirrobo de serie (cerraduras disponibles como opci\u00f3n).\n<h2>Soporte de pared para pantalla Audipack VESA75\/100\/200<\/h2>\n<a href=\"https:\/\/konferenztechnik.de\/wp-content\/uploads\/2013\/09\/Audipack_WandhalterungVesa75_100_200.jpg\"><img loading=\"lazy\" decoding=\"async\" width=\"792\" height=\"594\" class=\"alignleft size-full wp-image-2679\" src=\"https:\/\/konferenztechnik.de\/wp-content\/uploads\/2013\/09\/Audipack_WandhalterungVesa75_100_200.jpg\" alt=\"Soporte de pared para pantalla Audipack VESA75\/100\/200\" title=\"\" srcset=\"https:\/\/konferenztechnik.de\/wp-content\/uploads\/2013\/09\/Audipack_WandhalterungVesa75_100_200.jpg 792w, https:\/\/konferenztechnik.de\/wp-content\/uploads\/2013\/09\/Audipack_WandhalterungVesa75_100_200-300x225.jpg 300w, https:\/\/konferenztechnik.de\/wp-content\/uploads\/2013\/09\/Audipack_WandhalterungVesa75_100_200-768x576.jpg 768w\" sizes=\"(max-width: 792px) 100vw, 792px\" \/><\/a>\n\nBrazo de soporte mural giratorio doble para pantallas planas de 43 a 81 cent\u00edmetros (17 a 32 pulgadas). Puntos de montaje VESA 75\/100\/200. Con organizador de cables integrado y nivel de burbuja para facilitar la instalaci\u00f3n.\nLos soportes de pared VESA tambi\u00e9n est\u00e1n disponibles en otros dise\u00f1os. Preg\u00fantenos.\n<h2>Soporte mural giratorio Audipack para pantallas<\/h2>\n<a href=\"https:\/\/konferenztechnik.de\/wp-content\/uploads\/2013\/09\/Audipack_Wandhalterung_Schwenkarm.jpg\"><img loading=\"lazy\" decoding=\"async\" width=\"792\" height=\"594\" class=\"alignleft size-full wp-image-2683\" src=\"https:\/\/konferenztechnik.de\/wp-content\/uploads\/2013\/09\/Audipack_Wandhalterung_Schwenkarm.jpg\" alt=\"Soporte mural giratorio Audipack para pantallas\" title=\"\" srcset=\"https:\/\/konferenztechnik.de\/wp-content\/uploads\/2013\/09\/Audipack_Wandhalterung_Schwenkarm.jpg 792w, https:\/\/konferenztechnik.de\/wp-content\/uploads\/2013\/09\/Audipack_Wandhalterung_Schwenkarm-300x225.jpg 300w, https:\/\/konferenztechnik.de\/wp-content\/uploads\/2013\/09\/Audipack_Wandhalterung_Schwenkarm-768x576.jpg 768w\" sizes=\"(max-width: 792px) 100vw, 792px\" \/><\/a>\n\nSoporte de pared con brazo giratorio disponible para pantallas de hasta 160 cm (63 pulgadas). El brazo giratorio permite girar la pantalla a izquierda o derecha y alejarla de la pared en posici\u00f3n vertical. La posici\u00f3n de la pantalla puede bloquearse en cualquier posici\u00f3n. La pantalla puede fijarse mediante un gancho de seguridad (Lock &amp; Secure). Cuando est\u00e1 totalmente plegado, el brazo giratorio s\u00f3lo tiene 120 mm de profundidad.\n<h2>Soporte de pared para proyector Audipack<\/h2>\n<a href=\"https:\/\/konferenztechnik.de\/wp-content\/uploads\/2013\/09\/Audipack_Wandhalterung5.jpg\"><img loading=\"lazy\" decoding=\"async\" width=\"792\" height=\"594\" class=\"alignleft size-full wp-image-2682\" src=\"https:\/\/konferenztechnik.de\/wp-content\/uploads\/2013\/09\/Audipack_Wandhalterung5.jpg\" alt=\"Soporte de pared para proyector Audipack\" title=\"\" srcset=\"https:\/\/konferenztechnik.de\/wp-content\/uploads\/2013\/09\/Audipack_Wandhalterung5.jpg 792w, https:\/\/konferenztechnik.de\/wp-content\/uploads\/2013\/09\/Audipack_Wandhalterung5-300x225.jpg 300w, https:\/\/konferenztechnik.de\/wp-content\/uploads\/2013\/09\/Audipack_Wandhalterung5-768x576.jpg 768w\" sizes=\"(max-width: 792px) 100vw, 792px\" \/><\/a>\n\nSoporte de pared para proyectores y c\u00e1maras de hasta 50 kg. Gran rigidez y ajuste preciso. El soporte de pared se utiliza en combinaci\u00f3n con los distintos soportes para proyector Audipack. Hay disponibles modelos de varias longitudes.\n\n\n\nPCS GmbH es el distribuidor oficial alem\u00e1n de Audipack. Ofrecemos asesoramiento experto y plazos de entrega r\u00e1pidos.\n\n<img loading=\"lazy\" decoding=\"async\" class=\"alignright size-full wp-image-5489\" src=\"https:\/\/konferenztechnik.de\/wp-content\/uploads\/2013\/09\/PCS-GmbH-Audipack-authorized-dealer-small.jpg\" alt=\"PCS GmbH es un distribuidor autorizado de Audipack\" width=\"200\" height=\"81\" title=\"\">\t\t\t\t\t\t\t\t<\/div>\n\t\t\t\t<\/div>\n\t\t\t\t\t<\/div>\n\t\t<\/div>\n\t\t\t\t\t<\/div>\n\t\t<\/section>\n\t\t\t\t<\/div>","protected":false},"excerpt":{"rendered":"<p>Wandhalterungen Audipack Bildschirm Wandhalterung L&amp;S 3 Flache Wandhalterung f\u00fcr Bildschirme bis 127 cm (50 Zoll). Diese nicht verstellbare Wandhalterung ist nur 18 mm tief und bietet die M\u00f6glichkeit, den Bildschrim mittels Sicherungshaken zu sichern (Lock &amp; Secure). Smart Metals &#8211; Wandhalterung mit Feineinstellung Wandhalterung f\u00fcr Ultra-Short-Throw-Projektoren, wie die Hitachi A100-Serie, der Sanyo PLC-XL50 oder PDG-DWL2500. [&hellip;]<\/p>","protected":false},"author":1,"featured_media":45482,"parent":1221,"menu_order":129,"comment_status":"closed","ping_status":"open","template":"","meta":{"_acf_changed":false,"footnotes":""},"class_list":["post-2618","page","type-page","status-publish","has-post-thumbnail","hentry"],"acf":[],"_links":{"self":[{"href":"https:\/\/konferenztechnik.de\/es\/wp-json\/wp\/v2\/pages\/2618","targetHints":{"allow":["GET"]}}],"collection":[{"href":"https:\/\/konferenztechnik.de\/es\/wp-json\/wp\/v2\/pages"}],"about":[{"href":"https:\/\/konferenztechnik.de\/es\/wp-json\/wp\/v2\/types\/page"}],"author":[{"embeddable":true,"href":"https:\/\/konferenztechnik.de\/es\/wp-json\/wp\/v2\/users\/1"}],"replies":[{"embeddable":true,"href":"https:\/\/konferenztechnik.de\/es\/wp-json\/wp\/v2\/comments?post=2618"}],"version-history":[{"count":0,"href":"https:\/\/konferenztechnik.de\/es\/wp-json\/wp\/v2\/pages\/2618\/revisions"}],"up":[{"embeddable":true,"href":"https:\/\/konferenztechnik.de\/es\/wp-json\/wp\/v2\/pages\/1221"}],"wp:featuredmedia":[{"embeddable":true,"href":"https:\/\/konferenztechnik.de\/es\/wp-json\/wp\/v2\/media\/45482"}],"wp:attachment":[{"href":"https:\/\/konferenztechnik.de\/es\/wp-json\/wp\/v2\/media?parent=2618"}],"curies":[{"name":"wp","href":"https:\/\/api.w.org\/{rel}","templated":true}]}}