{"id":3833,"date":"2013-11-28T13:09:34","date_gmt":"2013-11-28T11:09:34","guid":{"rendered":"https:\/\/konferenztechnik.de\/?page_id=3833"},"modified":"2023-07-03T15:39:42","modified_gmt":"2023-07-03T13:39:42","slug":"barco-clickshare","status":"publish","type":"page","link":"https:\/\/konferenztechnik.de\/es\/distribucion-de-tecnologia-de-conferencia-y-av-media\/barco-clickshare\/","title":{"rendered":"Sistemas de presentaci\u00f3n Barco ClickShare"},"content":{"rendered":"<h1>Presentaci\u00f3n inal\u00e1mbrica, colaboraci\u00f3n m\u00e1s f\u00e1cil.<\/h1>\n<p>ClickShare conecta ordenadores port\u00e1tiles y tabletas (iOS \/ Android) de forma inal\u00e1mbrica a la tecnolog\u00eda de v\u00eddeo de su sala de conferencias \u2013 con s\u00f3lo pulsar un bot\u00f3n.<\/p>\n<p>Varios participantes pueden encender su presentaci\u00f3n con un solo clic y compartir contenidos con m\u00e1s facilidad que nunca.<\/p>\n<p>Se acabaron las pantallas negras, las resoluciones y visualizaciones de p\u00e1gina incorrectas y los cables de conexi\u00f3n perdidos.<br \/>\nCambiar y compartir contenidos de forma sencilla permite una forma de colaboraci\u00f3n completamente nueva.<\/p>\n<p>Fiel al lema \"Trae tu propio dispositivo\u201d, ClickShare funciona con todos los sistemas inform\u00e1ticos habituales, as\u00ed como en tabletas y smartphones \u2013 mediante Plug &amp; Play.<\/p>\n<p><a href=\"https:\/\/konferenztechnik.de\/wp-content\/uploads\/2013\/11\/Barco-Logo.jpg\"><img decoding=\"async\" class=\"alignright size-full wp-image-3844\" src=\"https:\/\/konferenztechnik.de\/wp-content\/uploads\/2013\/11\/Barco-Logo.jpg\" alt=\"Logotipo de Barco\" width=\"181\" height=\"178\" title=\"\"><\/a><\/p>\n<div class=\"boxcontainer-home\">\n<div class=\"box1\">\n<p><img decoding=\"async\" class=\"alignnone size-full wp-image-1418\" src=\"https:\/\/konferenztechnik.de\/wp-content\/uploads\/2017\/04\/Barco-ClickShare-Button.jpg\" alt=\"Barco-Clickshare Paso 1\" title=\"\"><\/p>\n<h2>Conecta el bot\u00f3n a un puerto USB<\/h2>\n<p>Con ClickShare, puedes transferir f\u00e1cilmente el contenido de tu port\u00e1til o dispositivo m\u00f3vil a una pantalla de presentaci\u00f3n.<\/p>\n<\/div>\n<div class=\"box2\">\n<p><img decoding=\"async\" class=\"alignnone size-full wp-image-1418\" src=\"https:\/\/konferenztechnik.de\/wp-content\/uploads\/2017\/04\/Barco-ClickShare-Praesentationssystem.jpg\" alt=\"Barco-Clickshare Paso 2\" title=\"\"><\/p>\n<h2>Haga clic en el bot\u00f3n para ver la pantalla<\/h2>\n<p>Con un solo clic, puede convertir una reuni\u00f3n en una experiencia que a\u00fane ideas, contenidos y personas. Sin cables, configuraciones ni esperas a los participantes.<\/p>\n<\/div>\n<div class=\"box3\"><img decoding=\"async\" class=\"alignnone size-full wp-image-1418\" src=\"https:\/\/konferenztechnik.de\/wp-content\/uploads\/2017\/04\/Barco-ClickShare-drahtlosesPraesentieren.jpg\" alt=\"Barco-Clickshare Paso 3\" title=\"\"><\/p>\n<h2>Comparta su trabajo durante la conferencia<\/h2>\n<p>Conecte la colaboraci\u00f3n \u2013 con ClickShare, \u00a1sus conferencias nunca volver\u00e1n a ser lo mismo! Al fomentar el intercambio de contenidos, las conferencias se elevan a un nuevo nivel \u2013one donde se fomentan las grandes ideas.<\/p>\n<\/div>\n<\/div>\n<h4>ClickShare CS-100<img decoding=\"async\" class=\"aligncenter size-full wp-image-3845\" src=\"https:\/\/konferenztechnik.de\/wp-content\/uploads\/2017\/04\/Barco-Clickshare-CS-100.jpg\" alt=\"CLickCompartir1\" title=\"\"><br \/>\nLa unidad base CS-100 incluye las funciones de seguridad est\u00e1ndar de ClickShare, como cifrado, gesti\u00f3n de inicio de sesi\u00f3n, HTTPS y la posibilidad de ocultar el SSID de la red inal\u00e1mbrica de la unidad base.<\/h4>\n<ul>\n<li>Windows 7\/8\/8.1\/10 32 y 64 bits, Mac OSX 10.10\/10.11\/10.12 (Sierra), Android v5 y v6 (aplicaci\u00f3n ClickShare), iOS 8, 9 y 10 (aplicaci\u00f3n ClickShare)<\/li>\n<li>Salidas de v\u00eddeo: 1 x HDMI<\/li>\n<li>Frecuencia de imagen: 30 fps<\/li>\n<li>Resoluci\u00f3n de salida: 1.920 x 1.200<\/li>\n<li>Nivel de ruido: Sin ventilador<\/li>\n<li>N\u00famero de fuentes simult\u00e1neas: 1<\/li>\n<li>N\u00famero de conexiones simult\u00e1neas: 8<\/li>\n<\/ul>\n<p>Sistema de presentaci\u00f3n aut\u00f3nomo inal\u00e1mbrico para salas de reuniones peque\u00f1as<\/p>\n<p>La unidad base CS-100 es un modelo aut\u00f3nomo con salida HDMI. Pueden conectarse hasta ocho usuarios, compartiendo sus contenidos uno a uno.<\/p>\n<h4>ClickShare CSE-200<img decoding=\"async\" class=\"aligncenter size-full wp-image-3845\" src=\"https:\/\/konferenztechnik.de\/wp-content\/uploads\/2017\/04\/Barco-Clickshare-CSE-200.jpg\" alt=\"CLickCompartir1\" title=\"\"><br \/>\nLa unidad base CSE-200 est\u00e1 dise\u00f1ada para organizaciones m\u00e1s grandes que requieren funciones de seguridad avanzadas, m\u00e1s opciones de conectividad como AirPlay y Google Cast para contenidos no HDCP, y gesti\u00f3n centralizada. Con la Unidad Base CSE-200, hasta dos personas pueden ver contenidos lado a lado al mismo tiempo \u2013 esto permite la transmisi\u00f3n directa a la pantalla central y mejora la colaboraci\u00f3n. Como contribuci\u00f3n a la facilidad de uso, las funciones de seguridad de la CSE-200 pueden ajustarse a uno de los tres niveles predefinidos, en funci\u00f3n de las directrices y requisitos de la empresa. Por \u00faltimo, pero no por ello menos importante, la integraci\u00f3n del dispositivo en la red de la empresa resulta mucho m\u00e1s sencilla a trav\u00e9s de la API.<\/h4>\n<ul>\n<li>Windows 7\/8\/8.1\/10 32 y 64 bits, Mac OSX 10.10\/10.11\/10.12 (Sierra), Android v5 y v6 (aplicaci\u00f3n ClickShare), iOS 8, 9 y 10 (aplicaci\u00f3n ClickShare)<\/li>\n<li>Salidas de v\u00eddeo: 1 x HDMI<\/li>\n<li>Frecuencia de imagen: 30 fps<\/li>\n<li>Resoluci\u00f3n de salida: 1.920 x 1.200<\/li>\n<li>Nivel de ruido: Sin ventilador<\/li>\n<li>N\u00famero de fuentes simult\u00e1neas: 2<\/li>\n<li>N\u00famero de conexiones simult\u00e1neas: 16<\/li>\n<\/ul>\n<p>Sistema de presentaci\u00f3n inal\u00e1mbrico para salas de reuniones est\u00e1ndar<\/p>\n<p>La unidad base CSE-200 permite la experiencia ClickShare en salas de reuniones peque\u00f1as y medianas. Cualquiera, incluidos los invitados, puede conectarse con un solo clic y compartir contenidos al instante \u2013 sin necesidad de formaci\u00f3n. Los participantes s\u00f3lo tienen que conectar el dispositivo USB \u2013 el bot\u00f3n ClickShare \u2013 a su PC o Mac y pulsar el bot\u00f3n para mostrar el contenido de su port\u00e1til en la pantalla grande de la sala de reuniones. Con la aplicaci\u00f3n ClickShare, los usuarios tambi\u00e9n pueden compartir contenidos desde sus tel\u00e9fonos inteligentes o tabletas.<\/p>\n<h4>ClickShare CSE-800<img decoding=\"async\" class=\"aligncenter size-full wp-image-3845\" src=\"https:\/\/konferenztechnik.de\/wp-content\/uploads\/2017\/04\/Barco-Clickshare-CSE-800.jpg\" alt=\"CLickCompartir1\" title=\"\"><br \/>\nLas dos conexiones de red permiten conexiones separadas y simult\u00e1neas a varias redes (por ejemplo, redes de invitados y corporativas) y proporcionan seguridad y comodidad adicionales para el usuario. Con hasta ocho personas capaces de compartir contenidos simult\u00e1neamente, el CSE-800 permite la transmisi\u00f3n directa a la pantalla central y mejora la colaboraci\u00f3n.<\/h4>\n<p>La funci\u00f3n de moderaci\u00f3n se ha desarrollado especialmente para su uso en salas m\u00e1s grandes en las que varias personas quieren retransmitir sus contenidos al mismo tiempo. Para evitar pasar de una pantalla a otra con demasiada rapidez, un moderador puede seleccionar manualmente qu\u00e9 contenido se emite y en qu\u00e9 momento para facilitar el seguimiento del contenido y ofrecer una gran experiencia a todos los participantes.<\/p>\n<p>Como contribuci\u00f3n a la facilidad de uso, las funciones de seguridad del CSE-800 pueden ajustarse a uno de los tres niveles predefinidos, en funci\u00f3n de las directrices y requisitos de la empresa.<\/p>\n<ul>\n<li>Windows 7\/8\/8.1\/10 32 y 64 bits, Mac OSX 10.10\/10.11\/10.12 (Sierra), Android v5 y v6 (aplicaci\u00f3n ClickShare), iOS 8, 9 y 10 (aplicaci\u00f3n ClickShare)<\/li>\n<li>Salidas de v\u00eddeo: 2 x HDMI<\/li>\n<li>Entradas de v\u00eddeo: 2 x HDMI<\/li>\n<li>Frecuencia de imagen: 30 fps<\/li>\n<li>Resoluci\u00f3n de salida: 4K DCI (4.096 \u00d7 2.160)<\/li>\n<li>Resoluci\u00f3n de entrada: 4K DCI (4.096 \u00d7 2.160)<\/li>\n<li>Nivel de ruido: m\u00e1x. 25 dBA<\/li>\n<li>N\u00famero de fuentes simult\u00e1neas: 8 (4 por pantalla)<\/li>\n<li>N\u00famero de conexiones simult\u00e1neas: 64<\/li>\n<\/ul>\n<p>Sistema inal\u00e1mbrico para presentaciones y colaboraci\u00f3n en salas de juntas y conferencias<\/p>\n<p>El CSE-800 tiene dos entradas y salidas HDMI. Esto permite una conexi\u00f3n directa a sistemas heredados y una f\u00e1cil integraci\u00f3n en sistemas de conferencia. Adem\u00e1s, se pueden controlar dos pantallas UHD con calidad 4K desde una \u00fanica unidad base.<\/p>\n<h4>Accesorios<\/h4>\n<div class=\"boxcontainer-home\">\n<div class=\"box1\">\n<p><img decoding=\"async\" class=\"alignnone size-full wp-image-1418\" src=\"https:\/\/konferenztechnik.de\/wp-content\/uploads\/2017\/04\/ClickShare-tray.jpg\" alt=\"Bot\u00f3n y bandeja en un paquete\" title=\"\"><\/p>\n<h2>Bot\u00f3n y bandeja en un paquete<\/h2>\n<p>La colaboraci\u00f3n no funciona sola. Se necesitan al menos dos personas, por lo que siempre es una buena idea disponer de varios Botones ClickShare en las salas de reuniones.<\/p>\n<p>Bot\u00f3n ClickShare inal\u00e1mbrico; bandeja de conmutaci\u00f3n ClickShare<\/p>\n<\/div>\n<div class=\"box2\">\n<p><img decoding=\"async\" class=\"alignnone size-full wp-image-1418\" src=\"https:\/\/konferenztechnik.de\/wp-content\/uploads\/2017\/04\/ClickShare-App.jpg\" alt=\"Aplicaci\u00f3n ClickShare\" title=\"\"><\/p>\n<h2>Aplicaci\u00f3n ClickShare<\/h2>\n<p>Aplicaci\u00f3n para compartir contenidos de iOS o Android<\/p>\n<p>La aplicaci\u00f3n ClickShare hace que sea f\u00e1cil e intuitivo compartir contenidos pulsando el bot\u00f3n virtual en cualquier dispositivo iOS o Android.<\/p>\n<\/div>\n<div class=\"box3\">\n<p><img decoding=\"async\" class=\"alignnone size-full wp-image-1418\" src=\"https:\/\/konferenztechnik.de\/wp-content\/uploads\/2017\/04\/ClickShare-Management-Suite.jpg\" alt=\"Suite de gesti\u00f3n ClickShare\" title=\"\"><\/p>\n<h2>Suite de gesti\u00f3n ClickShare<\/h2>\n<p>Gesti\u00f3n centralizada de todas las ClickShares de la empresa<\/p>\n<ul>\n<li>Control del estado<\/li>\n<li>Planificaci\u00f3n de actualizaciones de software<\/li>\n<li>Administraci\u00f3n de usuarios<\/li>\n<li>Simplificar la integraci\u00f3n de las Unidades Base ClickShare en la red de la empresa<\/li>\n<li>Configuraci\u00f3n de clones<\/li>\n<li>Instalaci\u00f3n remota de im\u00e1genes de fondo<\/li>\n<\/ul>\n<\/div>\n<\/div>\n<h4>V\u00eddeos de productos<\/h4>\n<p><iframe src=\"https:\/\/www.youtube.com\/embed\/bm8HQle5WoU\" width=\"560\" height=\"315\" frameborder=\"0\" allowfullscreen=\"allowfullscreen\"><\/iframe><\/p>\n<p><iframe src=\"https:\/\/www.youtube.com\/embed\/3R-AbOkN_98\" width=\"560\" height=\"315\" frameborder=\"0\" allowfullscreen=\"allowfullscreen\"><\/iframe><\/p>\n<div class=\"boxcontainer\">\n<div class=\"box1-2\">\n<h1>Persona de contacto<\/h1>\n<\/div>\n<div class=\"box1-2-order\">\n<h1>Otros enlaces<\/h1>\n<\/div>\n<div class=\"box1-4\">\n<div class=\"box-head\">Distribuci\u00f3n y venta<\/div>\n<\/div>\n<div class=\"box2-4-2\" style=\"order: 1;\">\n<div class=\"weiterlinks\">\n<p><a title=\"Distribuci\u00f3n por grupos de productos\" href=\"https:\/\/konferenztechnik.de\/es\/barco\/\">Visi\u00f3n general de Barco<\/a><br \/>\n<a title=\"Distribuci\u00f3n por fabricante\" href=\"\/es\/fabricante\/\">Distribuci\u00f3n por fabricante<\/a><br \/>\n<a title=\"Distribuci\u00f3n por grupos de productos\" href=\"\/es\/grupos-de-productos\/\">Distribuci\u00f3n por grupos de productos<\/a><br \/>\n<a title=\"Productos a medida, mantenimiento y reparaciones\" href=\"\/es\/servicios-2\/mantenimiento-y-reparacion\/\">Productos a medida, mantenimiento y reparaciones<\/a><br \/>\n<a title=\"10 buenas razones para el PCS\" href=\"\/es\/quienes-somos\/10-buenas-razones-para-pcs\/\">10 buenas razones para el PCS<\/a><br \/>\n<a title=\"Referencias\" href=\"\/es\/quienes-somos\/lista-de-referencias-instalacion\/\">Referencias Instalaci\u00f3n e integraci\u00f3n<\/a><br \/>\n<a title=\"PCS: Todos los servicios de un vistazo\" href=\"\/es\/servicios-2\/\">PCS: Todos los servicios de un vistazo<\/a><\/p>\n<\/div>\n<\/div>\n<\/div>","protected":false},"excerpt":{"rendered":"<p>Presentaci\u00f3n inal\u00e1mbrica, colaboraci\u00f3n m\u00e1s f\u00e1cil. ClickShare conecta de forma inal\u00e1mbrica ordenadores port\u00e1tiles y tabletas (iOS \/ Android) a la tecnolog\u00eda de v\u00eddeo de su sala de conferencias \u2013 con solo pulsar un bot\u00f3n. M\u00faltiples participantes pueden encender su presentaci\u00f3n con un solo clic y compartir contenidos m\u00e1s f\u00e1cilmente que nunca. Se acabaron las pantallas en negro, las resoluciones y p\u00e1ginas incorrectas y los cables de conexi\u00f3n perdidos. Conmutaci\u00f3n sencilla y [...]<\/p>","protected":false},"author":1,"featured_media":45482,"parent":3614,"menu_order":105,"comment_status":"closed","ping_status":"open","template":"","meta":{"_acf_changed":false,"footnotes":""},"class_list":["post-3833","page","type-page","status-publish","has-post-thumbnail","hentry"],"acf":[],"_links":{"self":[{"href":"https:\/\/konferenztechnik.de\/es\/wp-json\/wp\/v2\/pages\/3833","targetHints":{"allow":["GET"]}}],"collection":[{"href":"https:\/\/konferenztechnik.de\/es\/wp-json\/wp\/v2\/pages"}],"about":[{"href":"https:\/\/konferenztechnik.de\/es\/wp-json\/wp\/v2\/types\/page"}],"author":[{"embeddable":true,"href":"https:\/\/konferenztechnik.de\/es\/wp-json\/wp\/v2\/users\/1"}],"replies":[{"embeddable":true,"href":"https:\/\/konferenztechnik.de\/es\/wp-json\/wp\/v2\/comments?post=3833"}],"version-history":[{"count":0,"href":"https:\/\/konferenztechnik.de\/es\/wp-json\/wp\/v2\/pages\/3833\/revisions"}],"up":[{"embeddable":true,"href":"https:\/\/konferenztechnik.de\/es\/wp-json\/wp\/v2\/pages\/3614"}],"wp:featuredmedia":[{"embeddable":true,"href":"https:\/\/konferenztechnik.de\/es\/wp-json\/wp\/v2\/media\/45482"}],"wp:attachment":[{"href":"https:\/\/konferenztechnik.de\/es\/wp-json\/wp\/v2\/media?parent=3833"}],"curies":[{"name":"wp","href":"https:\/\/api.w.org\/{rel}","templated":true}]}}