{"id":3858,"date":"2013-11-28T16:34:43","date_gmt":"2013-11-28T14:34:43","guid":{"rendered":"https:\/\/konferenztechnik.de\/?page_id=3858"},"modified":"2023-07-05T14:25:44","modified_gmt":"2023-07-05T12:25:44","slug":"soportes-para-pantallas-y-proyectores-2","status":"publish","type":"page","link":"https:\/\/konferenztechnik.de\/es\/distribucion-de-tecnologia-de-conferencia-y-av-media\/soportes-para-pantallas-y-proyectores-2\/","title":{"rendered":"Soportes para pantallas y proyectores"},"content":{"rendered":"<h1>Soportes para pantallas y proyectores<\/h1>\n<p>Despu\u00e9s de comprar un proyector o una pantalla, probablemente se har\u00e1 alguna de las siguientes preguntas<\/p>\n<ul>\n<li>\u00bfC\u00f3mo y d\u00f3nde instalo el dispositivo?<\/li>\n<li>\u00bfD\u00f3nde lo guardo cuando no lo necesito?<\/li>\n<li>\u00bfC\u00f3mo puedo proteger mi dispositivo de robos o da\u00f1os?<\/li>\n<\/ul>\n<p>Le ofrecemos soluciones flexibles y profesionales para la instalaci\u00f3n de sus sistemas de v\u00eddeo: <a href=\"\/es\/distribucion-de-tecnologia-de-conferencia-y-av-media\/tecnologia-de-video\/soportes-para-pantallas-y-proyectores\/soportes-de-techo\/\">Soportes de techo<\/a>, <a href=\"\/es\/distribucion-de-tecnologia-de-conferencia-y-av-media\/tecnologia-de-video\/soportes-para-pantallas-y-proyectores\/soportes-de-pared\/\">Soportes de pared<\/a> o <a href=\"\/es\/distribucion-de-tecnologia-de-conferencia-y-av-media\/tecnologia-de-video\/soportes-para-pantallas-y-proyectores\/soportes-para-cerchas\/\">Soportes para cerchas<\/a>, <a href=\"\/es\/distribucion-de-tecnologia-de-conferencia-y-av-media\/tecnologia-de-video\/soportes-para-pantallas-y-proyectores\/soporte-de-suelo\/\">Soporte de suelo<\/a>, <a href=\"\/es\/distribucion-de-tecnologia-de-conferencia-y-av-media\/tecnologia-de-video\/sistemas-de-elevacion\/\">Ascensores<\/a>, <a href=\"\/es\/distribucion-de-tecnologia-de-conferencia-y-av-media\/tecnologia-de-video\/vivienda\/\">Soluciones de se\u00f1alizaci\u00f3n digital<\/a>mesas con pantalla t\u00e1ctil o completas <a href=\"\/es\/distribucion-de-tecnologia-de-conferencia-y-av-media\/tecnologia-de-video\/soportes-para-pantallas-y-proyectores\/mobiliario-de-conferencia\/\">Mobiliario de conferencias<\/a> para sistemas de videoconferencia.<\/p>\n<p>Encontraremos el sistema adecuado para su aparato. Independientes del fabricante, para casi todos los tama\u00f1os y casi cualquier peso. Ofrecemos soportes para instalaciones permanentes, as\u00ed como para el negocio del alquiler.<\/p>\n<p>Por supuesto, tambi\u00e9n puede encargar la entrega e instalaci\u00f3n de nuestros sistemas a nuestros equipos de servicio t\u00e9cnico. Nuestro <a href=\"\/es\/instalacion-e-integracion-de-tecnologia-de-conferencias-y-sistemas-multimedia\/\">Departamento de instalaci\u00f3n<\/a> se encarga de la planificaci\u00f3n, instalaci\u00f3n y asistencia de salas de conferencias completas.<\/p>\n<p>P\u00f3ngase en contacto con nosotros, estaremos encantados de asesorarle.<\/p>\n<p><a href=\"\/es\/distribucion-de-tecnologia-de-conferencia-y-av-media\/tecnologia-de-video\/soportes-para-pantallas-y-proyectores\/\"><img fetchpriority=\"high\" decoding=\"async\" src=\"https:\/\/konferenztechnik.de\/wp-content\/uploads\/2013\/08\/videotechnik03.jpg\" alt=\"Soportes para pantallas y proyectores\" width=\"288\" height=\"198\" class=\"alignnone size-full wp-image-1209\" title=\"\"><\/a><a href=\"\/es\/distribucion-de-tecnologia-de-conferencia-y-av-media\/tecnologia-de-video\/soportes-para-pantallas-y-proyectores\/\"><br \/>\nSoportes<\/a><\/p>\n<p><a href=\"\/es\/distribucion-de-tecnologia-de-conferencia-y-av-media\/tecnologia-de-video\/sistemas-de-elevacion\/\"><img decoding=\"async\" src=\"https:\/\/konferenztechnik.de\/wp-content\/uploads\/2013\/08\/videotechnik04.jpg\" alt=\"Elevadores para proyectores y proyectores\" width=\"288\" height=\"198\" class=\"alignleft size-full wp-image-1210\" title=\"\"><\/a><a href=\"\/es\/distribucion-de-tecnologia-de-conferencia-y-av-media\/tecnologia-de-video\/sistemas-de-elevacion\/\"><br \/>\nSistemas de elevaci\u00f3n<\/a><\/p>\n<p><a href=\"\/es\/distribucion-de-tecnologia-de-conferencia-y-av-media\/tecnologia-de-video\/alojamiento-2\/\"><img decoding=\"async\" src=\"https:\/\/konferenztechnik.de\/wp-content\/uploads\/2013\/08\/videotechnik05.jpg\" alt=\"Carcasas para proyectores\" width=\"288\" height=\"198\" class=\"alignnone size-full wp-image-1211\" title=\"\"><\/a><a href=\"\/es\/distribucion-de-tecnologia-de-conferencia-y-av-media\/tecnologia-de-video\/alojamiento-2\/\"><br \/>\nCarcasas<\/a><\/p>\n<div class=\"boxcontainer\">\n<div class=\"box1-2\">\n<h1>Persona de contacto<\/h1>\n<\/div>\n<div class=\"box1-2-order\">\n<h1>Otros enlaces<\/h1>\n<\/div>\n<div class=\"box1-4\">\n<div class=\"box-head\">Distribuci\u00f3n y venta<\/div>\n<\/div>\n<div class=\"box2-4-2\" style=\"order:1;\">\n<div class=\"weiterlinks\">\n<ul>\n<a title=\"Distribuci\u00f3n por grupos de productos\" href=\"\/es\/grupos-de-productos\/\">Distribuci\u00f3n por grupos de productos<\/a><br \/>\n<a title=\"Distribuci\u00f3n por fabricante\" href=\"\/es\/fabricante\/\">Distribuci\u00f3n por fabricante<\/a><br \/>\n<a title=\"Productos a medida, mantenimiento y reparaciones\" href=\"\/es\/servicios-2\/mantenimiento-y-reparacion\/\">Productos a medida, mantenimiento y reparaciones<\/a><br \/>\n<a title=\"10 buenas razones para el PCS\" href=\"\/es\/quienes-somos\/10-buenas-razones-para-pcs\/\">10 buenas razones para el PCS<\/a><br \/>\n<a title=\"Referencias\" href=\"\/es\/quienes-somos\/lista-de-referencias-instalacion\/\">Referencias Instalaci\u00f3n e integraci\u00f3n<\/a><br \/>\n<a title=\"PCS: Todos los servicios de un vistazo\" href=\"\/es\/servicios-2\/\">PCS: Todos los servicios de un vistazo<\/a><\/ul>\n<\/div>\n<\/div>\n<\/div>","protected":false},"excerpt":{"rendered":"<p>Display- und Projektorhalterungen Nach der Anschaffung eines Projektors oder Displays stellen Sie sich bestimmt eine der folgenden Fragen Wie und wo montiere ich das Ger\u00e4t? Wo verstaue ich es, wenn es nicht ben\u00f6tigt wird? Wie kann ich mein Ger\u00e4t vor Diebstahl oder Besch\u00e4digungen sch\u00fctzen? Wir bieten Ihnen flexible und professionelle L\u00f6sungen f\u00fcr die Montage Ihrer [&hellip;]<\/p>","protected":false},"author":1,"featured_media":45482,"parent":3614,"menu_order":104,"comment_status":"closed","ping_status":"open","template":"","meta":{"_acf_changed":false,"footnotes":""},"class_list":["post-3858","page","type-page","status-publish","has-post-thumbnail","hentry"],"acf":[],"_links":{"self":[{"href":"https:\/\/konferenztechnik.de\/es\/wp-json\/wp\/v2\/pages\/3858","targetHints":{"allow":["GET"]}}],"collection":[{"href":"https:\/\/konferenztechnik.de\/es\/wp-json\/wp\/v2\/pages"}],"about":[{"href":"https:\/\/konferenztechnik.de\/es\/wp-json\/wp\/v2\/types\/page"}],"author":[{"embeddable":true,"href":"https:\/\/konferenztechnik.de\/es\/wp-json\/wp\/v2\/users\/1"}],"replies":[{"embeddable":true,"href":"https:\/\/konferenztechnik.de\/es\/wp-json\/wp\/v2\/comments?post=3858"}],"version-history":[{"count":0,"href":"https:\/\/konferenztechnik.de\/es\/wp-json\/wp\/v2\/pages\/3858\/revisions"}],"up":[{"embeddable":true,"href":"https:\/\/konferenztechnik.de\/es\/wp-json\/wp\/v2\/pages\/3614"}],"wp:featuredmedia":[{"embeddable":true,"href":"https:\/\/konferenztechnik.de\/es\/wp-json\/wp\/v2\/media\/45482"}],"wp:attachment":[{"href":"https:\/\/konferenztechnik.de\/es\/wp-json\/wp\/v2\/media?parent=3858"}],"curies":[{"name":"wp","href":"https:\/\/api.w.org\/{rel}","templated":true}]}}