{"id":4383,"date":"2014-04-10T15:16:30","date_gmt":"2014-04-10T13:16:30","guid":{"rendered":"https:\/\/konferenztechnik.de\/?page_id=4383"},"modified":"2023-07-05T14:57:01","modified_gmt":"2023-07-05T12:57:01","slug":"mobiliario-de-conferencia","status":"publish","type":"page","link":"https:\/\/konferenztechnik.de\/es\/distribucion-de-tecnologia-de-conferencia-y-av-media\/tecnologia-de-video\/soportes-para-pantallas-y-proyectores\/mobiliario-de-conferencia\/","title":{"rendered":"Mobiliario de conferencias"},"content":{"rendered":"<h1>Mobiliario de conferencias<\/h1>\n<h2>Smart Metals \u2013 Mueble de videoconferencia para pantallas individuales<\/h2>\n<p><a href=\"https:\/\/konferenztechnik.de\/wp-content\/uploads\/2014\/04\/smart-metals_video-conferencefurniture_0622850_b-scaled-1.jpg\"><img fetchpriority=\"high\" decoding=\"async\" class=\"alignleft size-medium wp-image-4389\" src=\"https:\/\/konferenztechnik.de\/wp-content\/uploads\/2014\/04\/smart-metals_video-conferencefurniture_0622850_b-188x300.jpg\" alt=\"Mobiliario para videoconferencias Smart Metals 062.2850\" width=\"188\" height=\"300\" title=\"\"><\/a><\/p>\n<p>Este elegante y estilizado mobiliario de videoconferencia se ha desarrollado para pantallas individuales de hasta 55 pulgadas.<\/p>\n<p>El armario integrado ofrece espacio para ordenadores, reproductores multimedia u otro hardware externo. El equipo tambi\u00e9n incluye una plataforma de c\u00e1mara ajustable en altura.<\/p>\n<h2>Smart Metals \u2013 Mueble de videoconferencia para pantallas<\/h2>\n<ul>\n<li>Longitud m\u00e1xima: 1820 mm (centro de la imagen)<\/li>\n<li>Peso: 70 kg<\/li>\n<li>Color: Gris oscuro y aluminio<\/li>\n<li>Carga m\u00e1xima: 50 kg<\/li>\n<li>Configuraci\u00f3n de pantalla: Pantalla \u00fanica de 55 pulgadas como m\u00e1ximo<\/li>\n<li>Posici\u00f3n de la pantalla: Horizontal<\/li>\n<li>Alcance en pulgadas: m\u00e1x. 55 pulgadas<\/li>\n<li>Regulaci\u00f3n de altura: Manual<\/li>\n<li>Soporte \/ interfaz: Incluido<\/li>\n<li>Canal para cables: 25 mm \u00d8<\/li>\n<li>Para m\u00e1s informaci\u00f3n: Plataforma de c\u00e1maras incluida<\/li>\n<\/ul>\n<p><a href=\"https:\/\/konferenztechnik.de\/wp-content\/uploads\/2014\/04\/0622850_SmartMetals_productleafletEN.pdf\" target=\"_blank\" rel=\"noopener\">Hoja informativa sobre el producto Smart Metals 062.2850 (ingl\u00e9s)<\/a><\/p>\n<h2>Smart Metals \u2013 Mueble de videoconferencia para pantallas dobles<\/h2>\n<p><a href=\"https:\/\/konferenztechnik.de\/wp-content\/uploads\/2014\/04\/smart-metals_video-conferencefurniture_062285547-scaled-1.jpg\"><img decoding=\"async\" class=\"alignleft size-medium wp-image-4397\" src=\"https:\/\/konferenztechnik.de\/wp-content\/uploads\/2014\/04\/smart-metals_video-conferencefurniture_062285547-231x300.jpg\" alt=\"Mobiliario para videoconferencias Smart Metals 062.2855-47\" width=\"231\" height=\"300\" title=\"\"><\/a><\/p>\n<p>El mobiliario de videoconferencia se desarroll\u00f3 para pantallas Win de hasta 47 pulgadas.<\/p>\n<p>El armario integrado ofrece espacio para ordenadores, reproductores multimedia u otro hardware externo. El equipo tambi\u00e9n incluye una plataforma de c\u00e1mara ajustable en altura.<\/p>\n<h2>Smart Metals \u2013 Mueble de videoconferencia para pantallas dobles<\/h2>\n<ul>\n<li>Longitud m\u00e1xima: 1820 mm (centro de la imagen)<\/li>\n<li>Peso: 78,00 kg<\/li>\n<li>Color: Gris oscuro y aluminio<\/li>\n<li>Carga m\u00e1xima: 100 kg<\/li>\n<li>Configuraci\u00f3n de pantalla : Dos pantallas de 42 a 47 pulgadas<\/li>\n<li>Posici\u00f3n de la pantalla: Horizontal<\/li>\n<li>Gama de pulgadas: 42 \u2013 47 pulgadas<\/li>\n<li>Regulaci\u00f3n de altura: Manual<\/li>\n<li>Soporte \/ interfaz: Incluido<\/li>\n<li>Canal para cables: 25 mm \u00d8<\/li>\n<li>M\u00e1s informaci\u00f3n: Plataforma de c\u00e1maras incluida<\/li>\n<\/ul>\n<p><a href=\"https:\/\/konferenztechnik.de\/wp-content\/uploads\/2014\/04\/062285547_SmartMetals_productleafletEN.pdf\">Hoja informativa sobre el producto Smart Metals 062.2855.47 (ingl\u00e9s)<\/a><\/p>\n<h2>Smart Metals \u2013 Soporte m\u00f3vil para videoconferencias Trolley<\/h2>\n<p><a href=\"https:\/\/konferenztechnik.de\/wp-content\/uploads\/2014\/04\/smart-metals_video-conference-stand-trolley_int1010-scaled-1.jpg\"><img decoding=\"async\" class=\"alignleft size-medium wp-image-4408\" src=\"https:\/\/konferenztechnik.de\/wp-content\/uploads\/2014\/04\/smart-metals_video-conference-stand-trolley_int1010-167x300.jpg\" alt=\"Smart Metals Soporte de videoconferencia Trolley INT.1015\" width=\"167\" height=\"300\" title=\"\"><\/a><\/p>\n<p>Este soporte se ha desarrollado especialmente para videoconferencias. Dispone de ruedas y, por tanto, puede utilizarse en diferentes salas \u2013 en funci\u00f3n de d\u00f3nde vaya a tener lugar la videoconferencia.<\/p>\n<p>Se pueden utilizar pantallas de hasta 65 pulgadas, tanto en modo vertical como horizontal. El paquete tambi\u00e9n incluye un soporte para la c\u00e1mara.<\/p>\n<h2>Smart Metals \u2013 Soporte m\u00f3vil para videoconferencias Trolley<\/h2>\n<ul>\n<li>Longitud m\u00ednima: 1250 mm<\/li>\n<li>Longitud m\u00e1xima: 1600 mm (centro de la imagen)<\/li>\n<li>Peso: 42,00 kg<\/li>\n<li>Color: Gris oscuro y aluminio<\/li>\n<li>Carga m\u00e1xima: 95 kg<\/li>\n<li>Posici\u00f3n de la pantalla: Horizontal y vertical<\/li>\n<li>Rango de pulgadas: hasta 65 pulgadas<\/li>\n<li>Regulaci\u00f3n de altura: Manual<\/li>\n<li>Soporte \/ interfaz: disponible por separado<\/li>\n<li>Sistema de montaje : 170 x 140 mm<\/li>\n<li>Canal para cables: 15, 35, 15 mm \u00d8<\/li>\n<\/ul>\n<p><a href=\"https:\/\/konferenztechnik.de\/wp-content\/uploads\/2014\/04\/INT1010_SmartMetals_productleafletEN.pdf\">Hoja informativa sobre el producto Smart Metals INT.1015 (ingl\u00e9s)<\/a><\/p>\n<h2>Carro para pizarra digital interactiva Smart SB680<\/h2>\n<p><a href=\"https:\/\/konferenztechnik.de\/wp-content\/uploads\/2013\/09\/Audipack_WhiteboardCart.jpg\"><img loading=\"lazy\" decoding=\"async\" width=\"473\" height=\"751\" class=\"alignleft size-full wp-image-2759\" src=\"https:\/\/konferenztechnik.de\/wp-content\/uploads\/2013\/09\/Audipack_WhiteboardCart.jpg\" alt=\"Carro para pizarra digital interactiva Smart SB680\" title=\"\" srcset=\"https:\/\/konferenztechnik.de\/wp-content\/uploads\/2013\/09\/Audipack_WhiteboardCart.jpg 473w, https:\/\/konferenztechnik.de\/wp-content\/uploads\/2013\/09\/Audipack_WhiteboardCart-189x300.jpg 189w\" sizes=\"(max-width: 473px) 100vw, 473px\" \/><\/a><\/p>\n<p>Soluci\u00f3n plug and play para presentaciones m\u00f3viles. Combinaci\u00f3n de carro m\u00f3vil con pantalla integrada y brazo giratorio como soporte del proyector. Mucho espacio para el equipo. Tambi\u00e9n hay disponibles modelos para pantallas t\u00e1ctiles.<\/p>\n<h2>Carro para pizarra digital interactiva Smart SB680<\/h2>\n<ul>\n<li>Tama\u00f1o de pantalla flexible<\/li>\n<li>Varias longitudes de brazo de proyector disponibles<\/li>\n<li>Ruedas bloqueables<\/li>\n<\/ul>","protected":false},"excerpt":{"rendered":"<p>Konferenzm\u00f6bel Smart Metals &#8211; Video Conference M\u00f6bel f\u00fcr Single-Displays Dieses elegante und stilvolle Videokonferenz-M\u00f6bel wurde f\u00fcr Single-Displays mit einer Gr\u00f6\u00dfe bis zu 55 Zoll entwickelt. Der integrierte Schrank bietet Platz f\u00fcr Computer, Medienplayer oder andere externe Hardware. Zus\u00e4tlich geh\u00f6rt zur Ausstattung eine h\u00f6henverstellbare Kameraplattform. Smart Metals &#8211; Video Conference M\u00f6bel f\u00fcr Displays Maximale L\u00e4nge: 1820 [&hellip;]<\/p>","protected":false},"author":1,"featured_media":45482,"parent":1221,"menu_order":101,"comment_status":"closed","ping_status":"open","template":"","meta":{"_acf_changed":false,"footnotes":""},"class_list":["post-4383","page","type-page","status-publish","has-post-thumbnail","hentry"],"acf":[],"_links":{"self":[{"href":"https:\/\/konferenztechnik.de\/es\/wp-json\/wp\/v2\/pages\/4383","targetHints":{"allow":["GET"]}}],"collection":[{"href":"https:\/\/konferenztechnik.de\/es\/wp-json\/wp\/v2\/pages"}],"about":[{"href":"https:\/\/konferenztechnik.de\/es\/wp-json\/wp\/v2\/types\/page"}],"author":[{"embeddable":true,"href":"https:\/\/konferenztechnik.de\/es\/wp-json\/wp\/v2\/users\/1"}],"replies":[{"embeddable":true,"href":"https:\/\/konferenztechnik.de\/es\/wp-json\/wp\/v2\/comments?post=4383"}],"version-history":[{"count":0,"href":"https:\/\/konferenztechnik.de\/es\/wp-json\/wp\/v2\/pages\/4383\/revisions"}],"up":[{"embeddable":true,"href":"https:\/\/konferenztechnik.de\/es\/wp-json\/wp\/v2\/pages\/1221"}],"wp:featuredmedia":[{"embeddable":true,"href":"https:\/\/konferenztechnik.de\/es\/wp-json\/wp\/v2\/media\/45482"}],"wp:attachment":[{"href":"https:\/\/konferenztechnik.de\/es\/wp-json\/wp\/v2\/media?parent=4383"}],"curies":[{"name":"wp","href":"https:\/\/api.w.org\/{rel}","templated":true}]}}