{"id":4489,"date":"2014-04-17T15:45:59","date_gmt":"2014-04-17T13:45:59","guid":{"rendered":"https:\/\/konferenztechnik.de\/?page_id=4489"},"modified":"2023-07-05T10:59:55","modified_gmt":"2023-07-05T08:59:55","slug":"soportes-especiales","status":"publish","type":"page","link":"https:\/\/konferenztechnik.de\/es\/distribucion-de-tecnologia-de-conferencia-y-av-media\/tecnologia-de-video\/soportes-para-pantallas-y-proyectores\/soportes-especiales\/","title":{"rendered":"Soportes especiales"},"content":{"rendered":"<h1>Soportes especiales para pantallas y proyectores<\/h1>\n<h2>Funda TC-IPAD para iPad 1, 2, 3 y 4<\/h2>\n<p><a href=\"https:\/\/konferenztechnik.de\/wp-content\/uploads\/2014\/02\/audipack-ipad-tablet-housing.jpg\"><img fetchpriority=\"high\" decoding=\"async\" width=\"450\" height=\"311\" class=\"alignleft size-full wp-image-4263\" src=\"https:\/\/konferenztechnik.de\/wp-content\/uploads\/2014\/02\/audipack-ipad-tablet-housing.jpg\" alt=\"Carcasa para iPad Tablet\" title=\"\" srcset=\"https:\/\/konferenztechnik.de\/wp-content\/uploads\/2014\/02\/audipack-ipad-tablet-housing.jpg 450w, https:\/\/konferenztechnik.de\/wp-content\/uploads\/2014\/02\/audipack-ipad-tablet-housing-300x207.jpg 300w\" sizes=\"(max-width: 450px) 100vw, 450px\" \/><\/a><\/p>\n<p>La funda TC-iPad Case protege con elegancia su iPad cuando va a instalarse o exponerse en lugares p\u00fablicos.<br \/>\nEl iPad puede asegurarse r\u00e1pidamente en la funda y queda as\u00ed protegido eficazmente contra el robo. Gracias al sistema Smart Keylock, desde el exterior no se ve ning\u00fan ojo de cerradura ni tornillo. La TC-Case se puede utilizar para montaje en pared o en combinaci\u00f3n con un soporte opcional como soporte de suelo.<\/p>\n<h2>Smart Metals \u2013 VideoWall 2\u00d72<\/h2>\n<p><a href=\"https:\/\/konferenztechnik.de\/wp-content\/uploads\/2013\/09\/smart-metals_video-wall082502202-landscape.jpg\"><img decoding=\"async\" class=\"alignleft size-medium wp-image-4463\" src=\"https:\/\/konferenztechnik.de\/wp-content\/uploads\/2013\/09\/smart-metals_video-wall082502202-landscape-300x280.jpg\" alt=\"Video Wall Smart Metals 082502202\" width=\"300\" height=\"280\" title=\"\" srcset=\"https:\/\/konferenztechnik.de\/wp-content\/uploads\/2013\/09\/smart-metals_video-wall082502202-landscape-300x280.jpg 300w, https:\/\/konferenztechnik.de\/wp-content\/uploads\/2013\/09\/smart-metals_video-wall082502202-landscape-768x717.jpg 768w, https:\/\/konferenztechnik.de\/wp-content\/uploads\/2013\/09\/smart-metals_video-wall082502202-landscape.jpg 1017w\" sizes=\"(max-width: 300px) 100vw, 300px\" \/><\/a><\/p>\n<p>Videowall compacto y f\u00e1cil de transportar. El uso del videowall es extremadamente flexible: puede instalarse en el suelo o fijarse a paredes o trusses. Las pantallas se montan muy f\u00e1cilmente en el videowall. Los monitores se conectan entre s\u00ed y al marco mediante abrazaderas especiales. Hay dispositivos horizontales y verticales para el ajuste fino. El mural de v\u00eddeo puede utilizarse tanto en modo vertical como horizontal.<\/p>\n<h2>Smart Metals \u2013 VideoWall 2\u00d72<\/h2>\n<ul>\n<li>Peso: 147,78 kg<\/li>\n<li>Color: Negro<\/li>\n<li>Configuraci\u00f3n de pantalla: 2\u00d72<\/li>\n<li>Posici\u00f3n de la pantalla: Horizontal o Vertical<\/li>\n<li>Ajuste de altura: Ajuste fino<\/li>\n<li>Soporte\/interfaz: Incluido<\/li>\n<li>Rotaci\u00f3n: 90 \u00b0<\/li>\n<li>Sistema de fijaci\u00f3n: Mecanismo de acoplamiento de perno de tracci\u00f3n<\/li>\n<li>M\u00e1s informaci\u00f3n: Las nuevas consolas ofrecen ajuste fino horizontal y vertical para los monitores y la opci\u00f3n de cambiar entre modo vertical y horizontal. Los pies ajustables est\u00e1n integrados en el marco del suelo.<\/li>\n<\/ul>\n<p><a href=\"https:\/\/konferenztechnik.de\/wp-content\/uploads\/2013\/09\/082502202_manualEN.pdf\">Video Wall 082502202 Manual ES<\/a><\/p>\n<p><a href=\"https:\/\/konferenztechnik.de\/wp-content\/uploads\/2013\/09\/082502202_SmartMetals_productleafletEN.pdf\">Video Wall 082502202 Hoja de producto ES<\/a><\/p>\n<h2>Smart Metals \u2013 Soporte Tip &amp; Touch<\/h2>\n<p>Este soporte se ha desarrollado especialmente para pantallas t\u00e1ctiles que se van a utilizar en posici\u00f3n de sobremesa. El soporte rodante tiene un ajuste de altura el\u00e9ctrico de 660-1320 mm de altura de la mesa. Lleva integrado un soporte compatible con la mayor\u00eda de interfaces VESA. Se pueden montar pantallas t\u00e1ctiles de hasta 60 kg de peso.<\/p>\n<h2>Smart Metals \u2013 Soporte Tip &amp; Touch<\/h2>\n<ul>\n<li>Longitud m\u00ednima: 660 mm<\/li>\n<li>Altura m\u00e1xima: 1320 mm (altura de la mesa)<\/li>\n<li>Peso: 66 kg<\/li>\n<li>Color: Negro<\/li>\n<li>Carga m\u00e1xima: 60 kg<\/li>\n<li>Posici\u00f3n de la pantalla: Horizontal<\/li>\n<li>Rango de pulgadas: de 32 a 50 pulgadas, de 50 a 65 pulgadas<\/li>\n<li>Regulaci\u00f3n de altura: el\u00e9ctrica<\/li>\n<li>Soporte \/ interfaz: Incluido<\/li>\n<li>Soporte \/ interfaz: VESA 200, 400, 600-400<\/li>\n<li>Funci\u00f3n de inclinaci\u00f3n: 90 \u00b0<\/li>\n<li>M\u00e1s informaci\u00f3n: Funci\u00f3n de punta motorizada<\/li>\n<\/ul>\n<p><a href=\"https:\/\/konferenztechnik.de\/wp-content\/uploads\/2014\/04\/0628222_SmartMetals_productleafletEN.pdf\" target=\"_blank&quot;\" rel=\"noopener\">Hoja informativa sobre el producto Smart Metals 062.7650 (ingl\u00e9s)<\/a><\/p>\n<h2>Smart Metals \u2013 VideoWall 3\u00d73<\/h2>\n<p><a href=\"https:\/\/konferenztechnik.de\/wp-content\/uploads\/2013\/09\/smart-metals_video-wall_082503302_front.jpg\"><img decoding=\"async\" class=\"alignleft size-medium wp-image-4468\" src=\"https:\/\/konferenztechnik.de\/wp-content\/uploads\/2013\/09\/smart-metals_video-wall_082503302_front-300x275.jpg\" alt=\"Video Wall Smart Metals 082503302\" width=\"300\" height=\"275\" title=\"\" srcset=\"https:\/\/konferenztechnik.de\/wp-content\/uploads\/2013\/09\/smart-metals_video-wall_082503302_front-300x275.jpg 300w, https:\/\/konferenztechnik.de\/wp-content\/uploads\/2013\/09\/smart-metals_video-wall_082503302_front-1024x940.jpg 1024w, https:\/\/konferenztechnik.de\/wp-content\/uploads\/2013\/09\/smart-metals_video-wall_082503302_front-768x705.jpg 768w, https:\/\/konferenztechnik.de\/wp-content\/uploads\/2013\/09\/smart-metals_video-wall_082503302_front.jpg 1035w\" sizes=\"(max-width: 300px) 100vw, 300px\" \/><\/a><\/p>\n<p>Videowall compacto y f\u00e1cil de transportar. El uso del videowall es extremadamente flexible: puede instalarse en el suelo o fijarse a paredes o trusses. Las pantallas se montan muy f\u00e1cilmente en el videowall. Los monitores se conectan entre s\u00ed y al marco mediante abrazaderas especiales. Hay dispositivos horizontales y verticales para el ajuste fino. El mural puede utilizarse tanto en modo vertical como horizontal.<\/p>\n<h2>Smart Metals \u2013 VideoWall 3\u00d73<\/h2>\n<ul>\n<li>Peso: 319,08 kg<\/li>\n<li>Color: Negro<\/li>\n<li>Configuraci\u00f3n de pantalla : 3 x 3<\/li>\n<li>Posici\u00f3n de la pantalla: Horizontal o Vertical<\/li>\n<li>Ajuste de altura: Ajuste fino<\/li>\n<li>Soporte \/ interfaz: Incluido<\/li>\n<li>Tipo de soporte\/interfaz: Espec\u00edfico de la pantalla<\/li>\n<li>Rotaci\u00f3n: 90 \u00b0<\/li>\n<li>Sistema de fijaci\u00f3n: Mecanismo de acoplamiento de perno de tracci\u00f3n<\/li>\n<li>M\u00e1s informaci\u00f3n: Las nuevas consolas ofrecen ajuste fino horizontal y vertical para los monitores y la opci\u00f3n de cambiar entre modo vertical y horizontal. Los pies ajustables est\u00e1n integrados en el marco del suelo.<\/li>\n<\/ul>\n<p><a href=\"https:\/\/konferenztechnik.de\/wp-content\/uploads\/2013\/09\/082503302_SmartMetals_productleafletEN.pdf\">Smart Metals Video Wall 3\u00d73 ficha de producto Espa\u00f1ol<\/a><\/p>\n<h2>Bastidor apilable Audipack para proyectores<\/h2>\n<p><a href=\"https:\/\/konferenztechnik.de\/wp-content\/uploads\/2013\/09\/Audipack_Trusshalterung_StackFrame.jpg\"><img loading=\"lazy\" decoding=\"async\" width=\"792\" height=\"594\" class=\"alignleft size-full wp-image-2772\" src=\"https:\/\/konferenztechnik.de\/wp-content\/uploads\/2013\/09\/Audipack_Trusshalterung_StackFrame.jpg\" alt=\"Bastidor apilable Audipack para proyectores\" title=\"\" srcset=\"https:\/\/konferenztechnik.de\/wp-content\/uploads\/2013\/09\/Audipack_Trusshalterung_StackFrame.jpg 792w, https:\/\/konferenztechnik.de\/wp-content\/uploads\/2013\/09\/Audipack_Trusshalterung_StackFrame-300x225.jpg 300w, https:\/\/konferenztechnik.de\/wp-content\/uploads\/2013\/09\/Audipack_Trusshalterung_StackFrame-768x576.jpg 768w\" sizes=\"(max-width: 792px) 100vw, 792px\" \/><\/a><\/p>\n<p>Marco apilable 3D para proyectores de diferentes fabricantes. El bastidor proporciona a los proyectores una protecci\u00f3n especial, especialmente durante el transporte frecuente o el montaje y desmontaje. \u2013 es especialmente interesante para empresas de alquiler u organizadores de eventos m\u00f3viles.<\/p>\n<h2>Bastidor apilable Audipack para proyectores<\/h2>\n<p>El proyector se monta en el marco sobre una placa. Tres ruedas de ajuste permiten ajustar la alineaci\u00f3n de la imagen con gran precisi\u00f3n. En combinaci\u00f3n con diversos accesorios, el marco se puede ampliar de forma \u00f3ptima \u2013 tambi\u00e9n para su uso con varios proyectores.<\/p>\n<ul>\n<li>Muy buena protecci\u00f3n contra da\u00f1os de transporte<\/li>\n<li>Ideal para empresas de alquiler u organizadores m\u00f3viles de eventos<\/li>\n<li>Permite la alineaci\u00f3n m\u00e1s precisa de la imagen incluso cuando se trabaja con varios proyectores<\/li>\n<li>Instalaci\u00f3n sencilla del proyector<\/li>\n<\/ul>\n<p>PCS GmbH es el distribuidor oficial alem\u00e1n de Audipack. Le ofrecemos asesoramiento experto y plazos de entrega r\u00e1pidos.<\/p>\n<p><img loading=\"lazy\" decoding=\"async\" class=\"alignright size-full wp-image-5489\" src=\"https:\/\/konferenztechnik.de\/wp-content\/uploads\/2013\/09\/PCS-GmbH-Audipack-authorized-dealer-small.jpg\" alt=\"PCS GmbH es un distribuidor autorizado de Audipack\" width=\"200\" height=\"81\" title=\"\"><\/p>","protected":false},"excerpt":{"rendered":"<p>Soportes especiales para pantallas y proyectores Funda para Tablet TC-IPAD para iPad 1, 2, 3 y 4 La funda TC-iPad protege con elegancia su iPad cuando se va a instalar o exponer en lugares p\u00fablicos. El iPad se puede asegurar r\u00e1pidamente en la funda y queda as\u00ed protegido eficazmente contra robos. Gracias al sistema de cierre inteligente, el iPad puede [...]<\/p>","protected":false},"author":1,"featured_media":45482,"parent":1221,"menu_order":100,"comment_status":"closed","ping_status":"open","template":"","meta":{"_acf_changed":false,"footnotes":""},"class_list":["post-4489","page","type-page","status-publish","has-post-thumbnail","hentry"],"acf":[],"_links":{"self":[{"href":"https:\/\/konferenztechnik.de\/es\/wp-json\/wp\/v2\/pages\/4489","targetHints":{"allow":["GET"]}}],"collection":[{"href":"https:\/\/konferenztechnik.de\/es\/wp-json\/wp\/v2\/pages"}],"about":[{"href":"https:\/\/konferenztechnik.de\/es\/wp-json\/wp\/v2\/types\/page"}],"author":[{"embeddable":true,"href":"https:\/\/konferenztechnik.de\/es\/wp-json\/wp\/v2\/users\/1"}],"replies":[{"embeddable":true,"href":"https:\/\/konferenztechnik.de\/es\/wp-json\/wp\/v2\/comments?post=4489"}],"version-history":[{"count":0,"href":"https:\/\/konferenztechnik.de\/es\/wp-json\/wp\/v2\/pages\/4489\/revisions"}],"up":[{"embeddable":true,"href":"https:\/\/konferenztechnik.de\/es\/wp-json\/wp\/v2\/pages\/1221"}],"wp:featuredmedia":[{"embeddable":true,"href":"https:\/\/konferenztechnik.de\/es\/wp-json\/wp\/v2\/media\/45482"}],"wp:attachment":[{"href":"https:\/\/konferenztechnik.de\/es\/wp-json\/wp\/v2\/media?parent=4489"}],"curies":[{"name":"wp","href":"https:\/\/api.w.org\/{rel}","templated":true}]}}