{"id":47032,"date":"2024-12-20T16:51:26","date_gmt":"2024-12-20T15:51:26","guid":{"rendered":"https:\/\/konferenztechnik.de\/?page_id=47032"},"modified":"2024-12-20T16:57:29","modified_gmt":"2024-12-20T15:57:29","slug":"tecnologia-y-servicios-de-interpretacion","status":"publish","type":"page","link":"https:\/\/konferenztechnik.de\/es\/tecnologia-y-servicios-de-interpretacion\/","title":{"rendered":"Interpretaci\u00f3n \u2013 Tecnolog\u00eda y servicio de interpretaci\u00f3n"},"content":{"rendered":"<div data-elementor-type=\"wp-page\" data-elementor-id=\"47032\" class=\"elementor elementor-47032\" data-elementor-post-type=\"page\">\n\t\t\t\t<div data-particle_enable=\"false\" data-particle-mobile-disabled=\"false\" class=\"elementor-element elementor-element-d86bf25 e-flex e-con-boxed e-con e-parent\" data-id=\"d86bf25\" data-element_type=\"container\">\n\t\t\t\t\t<div class=\"e-con-inner\">\n\t\t<div data-particle_enable=\"false\" data-particle-mobile-disabled=\"false\" class=\"elementor-element elementor-element-3952e62 e-flex e-con-boxed e-con e-child\" data-id=\"3952e62\" data-element_type=\"container\">\n\t\t\t\t\t<div class=\"e-con-inner\">\n\t\t\t\t<div class=\"elementor-element elementor-element-0f5f49d elementor-widget elementor-widget-heading\" data-id=\"0f5f49d\" data-element_type=\"widget\" data-widget_type=\"heading.default\">\n\t\t\t\t<div class=\"elementor-widget-container\">\n\t\t\t\t\t<h1 class=\"elementor-heading-title elementor-size-default\">Interpretaci\u00f3n: contratar o comprar tecnolog\u00eda de interpretaci\u00f3n para conferencias, reuniones y videoconferencias.<\/h1>\t\t\t\t<\/div>\n\t\t\t\t<\/div>\n\t\t\t\t<div class=\"elementor-element elementor-element-a292cd2 elementor-widget__width-initial elementor-widget elementor-widget-image\" data-id=\"a292cd2\" data-element_type=\"widget\" data-widget_type=\"image.default\">\n\t\t\t\t<div class=\"elementor-widget-container\">\n\t\t\t\t\t\t\t\t\t\t\t\t\t\t\t<img fetchpriority=\"high\" decoding=\"async\" width=\"1300\" height=\"490\" src=\"https:\/\/konferenztechnik.de\/wp-content\/uploads\/2023\/04\/interpreting-technik-mieten.jpg\" class=\"attachment-full size-full wp-image-24296\" alt=\"Vista de un sal\u00f3n de actos, mesas dispuestas en forma de U y un micr\u00f3fono de delegado para cada comensal.\" srcset=\"https:\/\/konferenztechnik.de\/wp-content\/uploads\/2023\/04\/interpreting-technik-mieten.jpg 1300w, https:\/\/konferenztechnik.de\/wp-content\/uploads\/2023\/04\/interpreting-technik-mieten-300x113.jpg 300w, https:\/\/konferenztechnik.de\/wp-content\/uploads\/2023\/04\/interpreting-technik-mieten-1024x386.jpg 1024w, https:\/\/konferenztechnik.de\/wp-content\/uploads\/2023\/04\/interpreting-technik-mieten-768x289.jpg 768w, https:\/\/konferenztechnik.de\/wp-content\/uploads\/2023\/04\/interpreting-technik-mieten-18x7.jpg 18w\" sizes=\"(max-width: 1300px) 100vw, 1300px\" title=\"\">\t\t\t\t\t\t\t\t\t\t\t\t\t\t\t<\/div>\n\t\t\t\t<\/div>\n\t\t<div data-particle_enable=\"false\" data-particle-mobile-disabled=\"false\" class=\"elementor-element elementor-element-62b4d19 e-flex e-con-boxed e-con e-child\" data-id=\"62b4d19\" data-element_type=\"container\">\n\t\t\t\t\t<div class=\"e-con-inner\">\n\t\t\t\t<div class=\"elementor-element elementor-element-3399b3e elementor-widget__width-inherit elementor-widget elementor-widget-text-editor\" data-id=\"3399b3e\" data-element_type=\"widget\" data-widget_type=\"text-editor.default\">\n\t\t\t\t<div class=\"elementor-widget-container\">\n\t\t\t\t\t\t\t\t\t<p class=\"medium-size-txt\">En PCS puede alquilar o comprar equipos de interpretaci\u00f3n para todas las ocasiones.<\/p><p class=\"medium-size-txt\">Haga que su acto, reuni\u00f3n o conferencia sea accesible a un p\u00fablico internacional haci\u00e9ndolo interpretar por int\u00e9rpretes profesionales.<\/p><p class=\"medium-size-txt\">\u00a0<\/p><p class=\"medium-size-txt\">Ofrecemos tecnolog\u00eda de interpretaci\u00f3n profesional de todos los tama\u00f1os y para todos los presupuestos: desde peque\u00f1as reuniones hasta grandes eventos con varios miles de participantes. Ofrecemos soluciones temporales en sus instalaciones, conexi\u00f3n digital en directo de int\u00e9rpretes desde nuestros estudios de interpretaci\u00f3n o la instalaci\u00f3n permanente e integraci\u00f3n de sistemas de interpretaci\u00f3n en sus instalaciones.<\/p>\t\t\t\t\t\t\t\t<\/div>\n\t\t\t\t<\/div>\n\t\t\t\t\t<\/div>\n\t\t\t\t<\/div>\n\t\t<div data-particle_enable=\"false\" data-particle-mobile-disabled=\"false\" class=\"elementor-element elementor-element-185bc89 e-flex e-con-boxed e-con e-child\" data-id=\"185bc89\" data-element_type=\"container\">\n\t\t\t\t\t<div class=\"e-con-inner\">\n\t\t\t\t<div class=\"elementor-element elementor-element-28d0fe0 elementor-widget elementor-widget-heading\" data-id=\"28d0fe0\" data-element_type=\"widget\" data-widget_type=\"heading.default\">\n\t\t\t\t<div class=\"elementor-widget-container\">\n\t\t\t\t\t<h2 class=\"elementor-heading-title elementor-size-default\"><a href=\"\/es\/centros-y-estudios-de-interpretacion\/\">Centros de interpretaci\u00f3n, estudios de interpretaci\u00f3n e interpretaci\u00f3n a distancia (RSI)<\/a><\/h2>\t\t\t\t<\/div>\n\t\t\t\t<\/div>\n\t\t\t\t<div class=\"elementor-element elementor-element-a2e8d52 elementor-widget elementor-widget-image\" data-id=\"a2e8d52\" data-element_type=\"widget\" data-widget_type=\"image.default\">\n\t\t\t\t<div class=\"elementor-widget-container\">\n\t\t\t\t\t\t\t\t\t\t\t\t<figure class=\"wp-caption\">\n\t\t\t\t\t\t\t\t\t\t\t<a href=\"\/es\/centros-y-estudios-de-interpretacion\/\">\n\t\t\t\t\t\t\t<img decoding=\"async\" width=\"835\" height=\"399\" src=\"https:\/\/konferenztechnik.de\/wp-content\/uploads\/2022\/02\/Dolmetsch-Hubs-PCS-GmbH.jpg\" class=\"attachment-full size-full wp-image-18852\" alt=\"Dolmetsch-Hubs-PCS-GmbH\" srcset=\"https:\/\/konferenztechnik.de\/wp-content\/uploads\/2022\/02\/Dolmetsch-Hubs-PCS-GmbH.jpg 835w, https:\/\/konferenztechnik.de\/wp-content\/uploads\/2022\/02\/Dolmetsch-Hubs-PCS-GmbH-300x143.jpg 300w, https:\/\/konferenztechnik.de\/wp-content\/uploads\/2022\/02\/Dolmetsch-Hubs-PCS-GmbH-768x367.jpg 768w\" sizes=\"(max-width: 835px) 100vw, 835px\" title=\"\">\t\t\t\t\t\t\t\t<\/a>\n\t\t\t\t\t\t\t\t\t\t\t<figcaption class=\"widget-image-caption wp-caption-text\"><\/figcaption>\n\t\t\t\t\t\t\t\t\t\t<\/figure>\n\t\t\t\t\t\t\t\t\t<\/div>\n\t\t\t\t<\/div>\n\t\t\t\t<div class=\"elementor-element elementor-element-ab239a4 elementor-widget__width-inherit elementor-widget elementor-widget-text-editor\" data-id=\"ab239a4\" data-element_type=\"widget\" data-widget_type=\"text-editor.default\">\n\t\t\t\t<div class=\"elementor-widget-container\">\n\t\t\t\t\t\t\t\t\t<p>PCS konferenztechnik.de gestiona centros de interpretaci\u00f3n con estudios de interpretaci\u00f3n de distintos tama\u00f1os en toda Alemania. En todos los emplazamientos ofrecemos la tecnolog\u00eda m\u00e1s profesional, coordinaci\u00f3n de eventos, modernas instalaciones, catering y un servicio completo.<\/p><p>Nuestros sistemas se ejecutan en nuestros servidores seguros ubicados en Alemania y cumplen con la GDPR. Nuestros estudios son gestionados por t\u00e9cnicos experimentados, y su evento ser\u00e1 configurado y apoyado por nuestros moderadores t\u00e9cnicos.<\/p><p>\u00a0<\/p><p>A\u00f1ada int\u00e9rpretes de nuestros centros directamente a sus videoconferencias, retransmisiones en directo o eventos in situ.<\/p><p>Si lo desea, tambi\u00e9n podemos establecer centros de interpretaci\u00f3n temporales o permanentes en su empresa o en sus instalaciones en toda Alemania y Europa.<\/p>\t\t\t\t\t\t\t\t<\/div>\n\t\t\t\t<\/div>\n\t\t<div data-particle_enable=\"false\" data-particle-mobile-disabled=\"false\" class=\"elementor-element elementor-element-9f795d2 e-flex e-con-boxed e-con e-child\" data-id=\"9f795d2\" data-element_type=\"container\">\n\t\t\t\t\t<div class=\"e-con-inner\">\n\t\t\t\t<div class=\"elementor-element elementor-element-80498d6 elementor-align-left e-transform elementor-widget elementor-widget-button\" data-id=\"80498d6\" data-element_type=\"widget\" data-settings=\"{&quot;_transform_scale_effect_hover&quot;:{&quot;unit&quot;:&quot;px&quot;,&quot;size&quot;:1.100000000000000088817841970012523233890533447265625,&quot;sizes&quot;:[]},&quot;_transform_scale_effect_hover_widescreen&quot;:{&quot;unit&quot;:&quot;px&quot;,&quot;size&quot;:&quot;&quot;,&quot;sizes&quot;:[]},&quot;_transform_scale_effect_hover_laptop&quot;:{&quot;unit&quot;:&quot;px&quot;,&quot;size&quot;:&quot;&quot;,&quot;sizes&quot;:[]},&quot;_transform_scale_effect_hover_tablet_extra&quot;:{&quot;unit&quot;:&quot;px&quot;,&quot;size&quot;:&quot;&quot;,&quot;sizes&quot;:[]},&quot;_transform_scale_effect_hover_tablet&quot;:{&quot;unit&quot;:&quot;px&quot;,&quot;size&quot;:&quot;&quot;,&quot;sizes&quot;:[]},&quot;_transform_scale_effect_hover_mobile&quot;:{&quot;unit&quot;:&quot;px&quot;,&quot;size&quot;:&quot;&quot;,&quot;sizes&quot;:[]}}\" data-widget_type=\"button.default\">\n\t\t\t\t<div class=\"elementor-widget-container\">\n\t\t\t\t\t\t\t\t\t<div class=\"elementor-button-wrapper\">\n\t\t\t\t\t<a class=\"elementor-button elementor-button-link elementor-size-lg\" href=\"\/es\/centros-y-estudios-de-interpretacion\/\">\n\t\t\t\t\t\t<span class=\"elementor-button-content-wrapper\">\n\t\t\t\t\t\t<span class=\"elementor-button-icon\">\n\t\t\t\t<svg aria-hidden=\"true\" class=\"e-font-icon-svg e-fas-caret-right\" viewbox=\"0 0 192 512\" xmlns=\"http:\/\/www.w3.org\/2000\/svg\"><path d=\"M0 384.662V127.338c0-17.818 21.543-26.741 34.142-14.142l128.662 128.662c7.81 7.81 7.81 20.474 0 28.284L34.142 398.804C21.543 411.404 0 402.48 0 384.662z\"><\/path><\/svg>\t\t\t<\/span>\n\t\t\t\t\t\t\t\t\t<span class=\"elementor-button-text\">Nuestros centros de interpretaci\u00f3n<\/span>\n\t\t\t\t\t<\/span>\n\t\t\t\t\t<\/a>\n\t\t\t\t<\/div>\n\t\t\t\t\t\t\t\t<\/div>\n\t\t\t\t<\/div>\n\t\t\t\t\t<\/div>\n\t\t\t\t<\/div>\n\t\t\t\t\t<\/div>\n\t\t\t\t<\/div>\n\t\t<div data-particle_enable=\"false\" data-particle-mobile-disabled=\"false\" class=\"elementor-element elementor-element-d451579 e-flex e-con-boxed e-con e-child\" data-id=\"d451579\" data-element_type=\"container\">\n\t\t\t\t\t<div class=\"e-con-inner\">\n\t\t\t\t<div class=\"elementor-element elementor-element-8c9c33b elementor-widget elementor-widget-heading\" data-id=\"8c9c33b\" data-element_type=\"widget\" data-widget_type=\"heading.default\">\n\t\t\t\t<div class=\"elementor-widget-container\">\n\t\t\t\t\t<h2 class=\"elementor-heading-title elementor-size-default\"><a href=\"\/es\/sistemas-de-interpretacion-y-tecnologia-de-interpretacion-alquiler-compra-instalacion\/\">Tecnolog\u00eda de interpretaci\u00f3n para eventos<\/a><\/h2>\t\t\t\t<\/div>\n\t\t\t\t<\/div>\n\t\t\t\t<div class=\"elementor-element elementor-element-95725d9 elementor-widget elementor-widget-image\" data-id=\"95725d9\" data-element_type=\"widget\" data-widget_type=\"image.default\">\n\t\t\t\t<div class=\"elementor-widget-container\">\n\t\t\t\t\t\t\t\t\t\t\t\t<figure class=\"wp-caption\">\n\t\t\t\t\t\t\t\t\t\t\t<a href=\"\/es\/sistemas-de-interpretacion-y-tecnologia-de-interpretacion-alquiler-compra-instalacion\/\">\n\t\t\t\t\t\t\t<img decoding=\"async\" width=\"835\" height=\"313\" src=\"https:\/\/konferenztechnik.de\/wp-content\/uploads\/2021\/06\/dolmetschtechnik-fuer-events-mieten-kaufen.jpg\" class=\"attachment-full size-full wp-image-17910\" alt=\"11 cabinas de interpretaci\u00f3n situadas en una galer\u00eda de una enorme sala de conferencias.\" srcset=\"https:\/\/konferenztechnik.de\/wp-content\/uploads\/2021\/06\/dolmetschtechnik-fuer-events-mieten-kaufen.jpg 835w, https:\/\/konferenztechnik.de\/wp-content\/uploads\/2021\/06\/dolmetschtechnik-fuer-events-mieten-kaufen-300x112.jpg 300w, https:\/\/konferenztechnik.de\/wp-content\/uploads\/2021\/06\/dolmetschtechnik-fuer-events-mieten-kaufen-768x288.jpg 768w\" sizes=\"(max-width: 835px) 100vw, 835px\" title=\"\">\t\t\t\t\t\t\t\t<\/a>\n\t\t\t\t\t\t\t\t\t\t\t<figcaption class=\"widget-image-caption wp-caption-text\"><\/figcaption>\n\t\t\t\t\t\t\t\t\t\t<\/figure>\n\t\t\t\t\t\t\t\t\t<\/div>\n\t\t\t\t<\/div>\n\t\t\t\t<div class=\"elementor-element elementor-element-f8c781c elementor-widget__width-inherit elementor-widget elementor-widget-text-editor\" data-id=\"f8c781c\" data-element_type=\"widget\" data-widget_type=\"text-editor.default\">\n\t\t\t\t<div class=\"elementor-widget-container\">\n\t\t\t\t\t\t\t\t\t<p>Ofrecemos tecnolog\u00eda de interpretaci\u00f3n para eventos, conferencias y reuniones de todos los tama\u00f1os. Desde reuniones con un solo participante internacional hasta grandes eventos con varios miles de personas. Con nuestros sistemas podemos transmitir e interpretar simult\u00e1neamente hasta 32 idiomas en directo. Ofrecemos tecnolog\u00eda de interpretaci\u00f3n para diversos fines. Por ejemplo Cabinas de interpretaci\u00f3n, receptores de conferencia inal\u00e1mbricos con auriculares (a trav\u00e9s de los cuales los participantes oyen la traducci\u00f3n), sistemas de conferencia, sistemas de debate, sistemas para retransmisiones en directo y transmisiones de v\u00eddeo y audio. Estaremos encantados de asesorarle sin compromiso, \u00a1ll\u00e1menos!<\/p>\t\t\t\t\t\t\t\t<\/div>\n\t\t\t\t<\/div>\n\t\t<div data-particle_enable=\"false\" data-particle-mobile-disabled=\"false\" class=\"elementor-element elementor-element-f3f1033 e-flex e-con-boxed e-con e-child\" data-id=\"f3f1033\" data-element_type=\"container\">\n\t\t\t\t\t<div class=\"e-con-inner\">\n\t\t<div data-particle_enable=\"false\" data-particle-mobile-disabled=\"false\" class=\"elementor-element elementor-element-e5677bd e-flex e-con-boxed e-con e-child\" data-id=\"e5677bd\" data-element_type=\"container\">\n\t\t\t\t\t<div class=\"e-con-inner\">\n\t\t\t\t<div class=\"elementor-element elementor-element-a96dad7 elementor-align-left e-transform elementor-widget elementor-widget-button\" data-id=\"a96dad7\" data-element_type=\"widget\" data-settings=\"{&quot;_transform_scale_effect_hover&quot;:{&quot;unit&quot;:&quot;px&quot;,&quot;size&quot;:1.100000000000000088817841970012523233890533447265625,&quot;sizes&quot;:[]},&quot;_transform_scale_effect_hover_widescreen&quot;:{&quot;unit&quot;:&quot;px&quot;,&quot;size&quot;:&quot;&quot;,&quot;sizes&quot;:[]},&quot;_transform_scale_effect_hover_laptop&quot;:{&quot;unit&quot;:&quot;px&quot;,&quot;size&quot;:&quot;&quot;,&quot;sizes&quot;:[]},&quot;_transform_scale_effect_hover_tablet_extra&quot;:{&quot;unit&quot;:&quot;px&quot;,&quot;size&quot;:&quot;&quot;,&quot;sizes&quot;:[]},&quot;_transform_scale_effect_hover_tablet&quot;:{&quot;unit&quot;:&quot;px&quot;,&quot;size&quot;:&quot;&quot;,&quot;sizes&quot;:[]},&quot;_transform_scale_effect_hover_mobile&quot;:{&quot;unit&quot;:&quot;px&quot;,&quot;size&quot;:&quot;&quot;,&quot;sizes&quot;:[]}}\" data-widget_type=\"button.default\">\n\t\t\t\t<div class=\"elementor-widget-container\">\n\t\t\t\t\t\t\t\t\t<div class=\"elementor-button-wrapper\">\n\t\t\t\t\t<a class=\"elementor-button elementor-button-link elementor-size-lg\" href=\"\/es\/sistemas-de-interpretacion-y-tecnologia-de-interpretacion-alquiler-compra-instalacion\/\">\n\t\t\t\t\t\t<span class=\"elementor-button-content-wrapper\">\n\t\t\t\t\t\t<span class=\"elementor-button-icon\">\n\t\t\t\t<svg aria-hidden=\"true\" class=\"e-font-icon-svg e-fas-caret-right\" viewbox=\"0 0 192 512\" xmlns=\"http:\/\/www.w3.org\/2000\/svg\"><path d=\"M0 384.662V127.338c0-17.818 21.543-26.741 34.142-14.142l128.662 128.662c7.81 7.81 7.81 20.474 0 28.284L34.142 398.804C21.543 411.404 0 402.48 0 384.662z\"><\/path><\/svg>\t\t\t<\/span>\n\t\t\t\t\t\t\t\t\t<span class=\"elementor-button-text\">M\u00e1s sobre tecnolog\u00eda de interpretaci\u00f3n<\/span>\n\t\t\t\t\t<\/span>\n\t\t\t\t\t<\/a>\n\t\t\t\t<\/div>\n\t\t\t\t\t\t\t\t<\/div>\n\t\t\t\t<\/div>\n\t\t\t\t\t<\/div>\n\t\t\t\t<\/div>\n\t\t\t\t\t<\/div>\n\t\t\t\t<\/div>\n\t\t\t\t\t<\/div>\n\t\t\t\t<\/div>\n\t\t<div data-particle_enable=\"false\" data-particle-mobile-disabled=\"false\" class=\"elementor-element elementor-element-671ec45 e-flex e-con-boxed e-con e-child\" data-id=\"671ec45\" data-element_type=\"container\">\n\t\t\t\t\t<div class=\"e-con-inner\">\n\t\t\t\t\t<\/div>\n\t\t\t\t<\/div>\n\t\t\t\t\t<\/div>\n\t\t\t\t<\/div>\n\t\t\t\t\t<\/div>\n\t\t\t\t<\/div>\n\t\t<div data-particle_enable=\"false\" data-particle-mobile-disabled=\"false\" class=\"elementor-element elementor-element-a7ddf2b e-flex e-con-boxed e-con e-parent\" data-id=\"a7ddf2b\" data-element_type=\"container\">\n\t\t\t\t\t<div class=\"e-con-inner\">\n\t\t\t\t<div class=\"elementor-element elementor-element-1c943aa elementor-widget__width-inherit elementor-widget elementor-widget-heading\" data-id=\"1c943aa\" data-element_type=\"widget\" data-widget_type=\"heading.default\">\n\t\t\t\t<div class=\"elementor-widget-container\">\n\t\t\t\t\t<h2 class=\"elementor-heading-title elementor-size-default\"><a href=\"\/es\/sistemas-de-discusion-unidades-de-microfono-alquiler-compra-instalacion-alquiler\/\">Sistemas de conferencia y debate<\/a><\/h2>\t\t\t\t<\/div>\n\t\t\t\t<\/div>\n\t\t\t\t\t<\/div>\n\t\t\t\t<\/div>\n\t\t\t\t<\/div>","protected":false},"excerpt":{"rendered":"<p>Interpretaci\u00f3n: alquilar o comprar equipos de interpretaci\u00f3n para conferencias, reuniones y videoconferencias En PCS, puede alquilar o comprar equipos de interpretaci\u00f3n para todas las ocasiones.   Haga que su evento, reuni\u00f3n o conferencia sea accesible a un p\u00fablico internacional haci\u00e9ndolo interpretar por int\u00e9rpretes profesionales.   Disponemos de equipos de interpretaci\u00f3n profesionales de todos los tama\u00f1os y para [...]<\/p>","protected":false},"author":1,"featured_media":45482,"parent":0,"menu_order":0,"comment_status":"closed","ping_status":"closed","template":"","meta":{"_acf_changed":false,"footnotes":""},"class_list":["post-47032","page","type-page","status-publish","has-post-thumbnail","hentry"],"acf":[],"_links":{"self":[{"href":"https:\/\/konferenztechnik.de\/es\/wp-json\/wp\/v2\/pages\/47032","targetHints":{"allow":["GET"]}}],"collection":[{"href":"https:\/\/konferenztechnik.de\/es\/wp-json\/wp\/v2\/pages"}],"about":[{"href":"https:\/\/konferenztechnik.de\/es\/wp-json\/wp\/v2\/types\/page"}],"author":[{"embeddable":true,"href":"https:\/\/konferenztechnik.de\/es\/wp-json\/wp\/v2\/users\/1"}],"replies":[{"embeddable":true,"href":"https:\/\/konferenztechnik.de\/es\/wp-json\/wp\/v2\/comments?post=47032"}],"version-history":[{"count":0,"href":"https:\/\/konferenztechnik.de\/es\/wp-json\/wp\/v2\/pages\/47032\/revisions"}],"wp:featuredmedia":[{"embeddable":true,"href":"https:\/\/konferenztechnik.de\/es\/wp-json\/wp\/v2\/media\/45482"}],"wp:attachment":[{"href":"https:\/\/konferenztechnik.de\/es\/wp-json\/wp\/v2\/media?parent=47032"}],"curies":[{"name":"wp","href":"https:\/\/api.w.org\/{rel}","templated":true}]}}