{"id":4933,"date":"2015-02-02T11:12:09","date_gmt":"2015-02-02T10:12:09","guid":{"rendered":"https:\/\/konferenztechnik.de\/?page_id=4933"},"modified":"2023-09-01T11:47:37","modified_gmt":"2023-09-01T09:47:37","slug":"bosch-ccs-1000-d","status":"publish","type":"page","link":"https:\/\/konferenztechnik.de\/es\/bosch-ccs-1000-d\/","title":{"rendered":"Bosch CCS 1000 D"},"content":{"rendered":"<p>[column size=\"1-4\u2033 last=\"1\u2033]<\/p>\n<h1>Nueva introducci\u00f3n: Sistema de debate digital Bosch CCS 1000 D<\/h1>\n<p>[\/columna]<br \/>\n[column size=\"1-4\u2033 last=\"1\u2033]<br \/>\n<img decoding=\"async\" class=\"alignright size-full wp-image-3924\" src=\"https:\/\/konferenztechnik.de\/wp-content\/uploads\/2013\/11\/logo-pcs-selected-quality.png\" alt=\"Logo PCS Calidad Seleccionada\" width=\"143\" height=\"88\" title=\"\"><br \/>\n[\/columna]<\/p>\n<p>[rev_slider Bosch-CCS-1000D]<br \/>\n[spacer size=\"30\u2033]<\/p>\n<p>Nos complace presentarle el nuevo sistema de conferencia digital CCS 1000 D de Bosch.<\/p>\n<p>La nueva CCS 1000 D nos impresiona por su sencillez y facilidad de uso, sin tener que renunciar a las \u00faltimas innovaciones t\u00e9cnicas.<\/p>\n<p>Hemos probado y utilizado ampliamente el nuevo sistema de debate en nuestras sucursales. El sistema, concebido para reuniones peque\u00f1as y medianas, destaca por sus numerosas funciones adicionales y tambi\u00e9n es apto para su uso en instalaciones fijas.<\/p>\n<p>&#x9B; <a href=\"\/es\/bosch-ccs-1000-d-resultado-de-la-prueba\/\">Aqu\u00ed al resultado de la prueba PCS Bosch CCS 1000 D \u2013 Febrero 2015<\/a><br \/>\n[spacer size=\"30\u2033]<\/p>\n<h1>Lo m\u00e1s destacado del Bosch CCS 1000 D<\/h1>\n<p>[spacer size=\"30\u2033]<\/p>\n<p>[column size=\"1-4\u2033 last=\"1\u2033]<img fetchpriority=\"high\" decoding=\"async\" width=\"665\" height=\"441\" class=\"alignnone size-full wp-image-5304\" src=\"https:\/\/konferenztechnik.de\/wp-content\/uploads\/2015\/02\/bosch-CCS-1000-D-usb-recording-CCSD-CURD1.jpg\" alt=\"Bosch CCS 1000 D Grabaci\u00f3n USB - CCSD-CURD\" title=\"\" srcset=\"https:\/\/konferenztechnik.de\/wp-content\/uploads\/2015\/02\/bosch-CCS-1000-D-usb-recording-CCSD-CURD1.jpg 665w, https:\/\/konferenztechnik.de\/wp-content\/uploads\/2015\/02\/bosch-CCS-1000-D-usb-recording-CCSD-CURD1-300x199.jpg 300w\" sizes=\"(max-width: 665px) 100vw, 665px\" \/>Graba directamente en la memoria USB. Sin necesidad de software adicional.<\/p>\n<p>[\/columna]<br \/>\n[column size=\"1-4\u2033 last=\"1\u2033]<img decoding=\"async\" width=\"665\" height=\"441\" class=\"alignnone size-full wp-image-5308\" src=\"https:\/\/konferenztechnik.de\/wp-content\/uploads\/2015\/02\/Sprechstelle-CCSD-DS-CCS-1000-D1.jpg\" alt=\"Puesto de interfon\u00eda CCSD DS CCS 1000 D\" title=\"\" srcset=\"https:\/\/konferenztechnik.de\/wp-content\/uploads\/2015\/02\/Sprechstelle-CCSD-DS-CCS-1000-D1.jpg 665w, https:\/\/konferenztechnik.de\/wp-content\/uploads\/2015\/02\/Sprechstelle-CCSD-DS-CCS-1000-D1-300x199.jpg 300w\" sizes=\"(max-width: 665px) 100vw, 665px\" \/>Micr\u00f3fonos de alta calidad, cancelaci\u00f3n de la retroalimentaci\u00f3n integrada, buena calidad de audio y altos niveles de volumen<\/p>\n<p>[\/columna]<br \/>\n[column size=\"1-4\u2033 last=\"1\u2033]<img loading=\"lazy\" decoding=\"async\" width=\"665\" height=\"441\" class=\"alignnone size-full wp-image-4961\" src=\"https:\/\/konferenztechnik.de\/wp-content\/uploads\/2015\/02\/bosch-CCS1000D-plug-and-play.jpg\" alt=\"bosch-CCS1000D-enchufar y listo\" title=\"\" srcset=\"https:\/\/konferenztechnik.de\/wp-content\/uploads\/2015\/02\/bosch-CCS1000D-plug-and-play.jpg 665w, https:\/\/konferenztechnik.de\/wp-content\/uploads\/2015\/02\/bosch-CCS1000D-plug-and-play-300x199.jpg 300w\" sizes=\"(max-width: 665px) 100vw, 665px\" \/>Plug &amp; Play \u2013 compacto, f\u00e1cil de instalar y manejar<\/p>\n<p>[\/columna]<br \/>\n[column size=\"1-4\u2033 last=\"1\u2033]<img loading=\"lazy\" decoding=\"async\" width=\"665\" height=\"441\" class=\"alignnone size-full wp-image-5314\" src=\"https:\/\/konferenztechnik.de\/wp-content\/uploads\/2015\/02\/Bosch-CCSD-im-Konferenzraum.jpg\" alt=\"Bosch-CCSD-en-sala-de-conferencias\" title=\"\" srcset=\"https:\/\/konferenztechnik.de\/wp-content\/uploads\/2015\/02\/Bosch-CCSD-im-Konferenzraum.jpg 665w, https:\/\/konferenztechnik.de\/wp-content\/uploads\/2015\/02\/Bosch-CCSD-im-Konferenzraum-300x199.jpg 300w\" sizes=\"(max-width: 665px) 100vw, 665px\" \/>Capacidad de videoconferencia, control autom\u00e1tico de c\u00e1maras para videoconferencias, tambi\u00e9n HD, hasta 6 c\u00e1maras domo de conferencia HD<\/p>\n<p>[\/columna]<br \/>\n[column size=\"1-4\u2033 last=\"1\u2033]<img loading=\"lazy\" decoding=\"async\" width=\"665\" height=\"441\" class=\"alignnone size-full wp-image-5305\" src=\"https:\/\/konferenztechnik.de\/wp-content\/uploads\/2015\/02\/Bosch-CCSD-DS-CCS-Transportkoffer1.jpg\" alt=\"Maleta de transporte CCSD DS CCS de Bosch\" title=\"\" srcset=\"https:\/\/konferenztechnik.de\/wp-content\/uploads\/2015\/02\/Bosch-CCSD-DS-CCS-Transportkoffer1.jpg 665w, https:\/\/konferenztechnik.de\/wp-content\/uploads\/2015\/02\/Bosch-CCSD-DS-CCS-Transportkoffer1-300x199.jpg 300w\" sizes=\"(max-width: 665px) 100vw, 665px\" \/>Puestos de interfon\u00eda bien protegidos en un malet\u00edn de transporte de alta calidad<\/p>\n<p>[\/columna]<br \/>\n[column size=\"1-4\u2033 last=\"1\u2033]<\/p>\n<p><img loading=\"lazy\" decoding=\"async\" width=\"665\" height=\"441\" class=\"alignnone size-full wp-image-4965\" src=\"https:\/\/konferenztechnik.de\/wp-content\/uploads\/2015\/02\/bosch-CCS1000D-browser-steuerung-1.jpg\" alt=\"bosch-CCS1000D-browser-control\" title=\"\" srcset=\"https:\/\/konferenztechnik.de\/wp-content\/uploads\/2015\/02\/bosch-CCS1000D-browser-steuerung-1.jpg 665w, https:\/\/konferenztechnik.de\/wp-content\/uploads\/2015\/02\/bosch-CCS1000D-browser-steuerung-1-300x199.jpg 300w\" sizes=\"(max-width: 665px) 100vw, 665px\" \/>Sencilla interfaz web para configuraci\u00f3n y control avanzados<\/p>\n<p>[\/columna]<br \/>\n&#x9B; <a href=\"\/es\/bosch-ccs-1000d-caracteristicas\/\">Aqu\u00ed tiene la lista de caracter\u00edsticas y detalles t\u00e9cnicos del Bosch CCS 1000 D<\/a><br \/>\n[spacer size=\"50\u2033]<\/p>\n<h1>Sus personas de contacto<\/h1>\n<p>[spacer size=\"20\u2033]<br \/>\n[column size=\"1-4\u2033 last=\"1\u2033]<br \/>\n[tabs style=\"2\u2033]<br \/>\n[tab title=\"Berl\u00edn\"]<br \/>\n<img loading=\"lazy\" decoding=\"async\" width=\"800\" height=\"533\" class=\"alignleft size-full wp-image-2301\" src=\"https:\/\/konferenztechnik.de\/wp-content\/uploads\/2013\/09\/gunnar_hermenau_pcs-gmbh.jpg\" alt=\"gunnar_hermenau_pcs-gmbh\" title=\"\" srcset=\"https:\/\/konferenztechnik.de\/wp-content\/uploads\/2013\/09\/gunnar_hermenau_pcs-gmbh.jpg 800w, https:\/\/konferenztechnik.de\/wp-content\/uploads\/2013\/09\/gunnar_hermenau_pcs-gmbh-300x200.jpg 300w, https:\/\/konferenztechnik.de\/wp-content\/uploads\/2013\/09\/gunnar_hermenau_pcs-gmbh-768x512.jpg 768w\" sizes=\"(max-width: 800px) 100vw, 800px\" \/><br \/>\nGunnar Hermenau<br \/>\nDirector de sucursal en Berl\u00edn<br \/>\nTel\u00e9fono +49 30 6959690 14<br \/>\ncorreo electr\u00f3nico <a href=\"mailto:hermenau@konferenztechnik.de\">hermenau@konferenztechnik.de<\/a><br \/>\nC\u00f3digo QR <a title=\"C\u00f3digo QR Gunnar Hermenau\" href=\"https:\/\/konferenztechnik.de\/wp-content\/uploads\/2013\/09\/gunnar_hermenau_qrcode.png\">Mostrar \u203a<\/a><br \/>\n[\/tab]<br \/>\n[\/tabs]<br \/>\n[\/columna]<br \/>\n[column size=\"1-4\u2033 last=\"1\u2033]<br \/>\n[tabs style=\"2\u2033]<br \/>\n[tab title=\"D\u00fcsseldorf\"]<br \/>\n<a href=\"https:\/\/konferenztechnik.de\/wp-content\/uploads\/2013\/09\/dirk_neumann_pcs-gmbh.jpg\"><img loading=\"lazy\" decoding=\"async\" width=\"800\" height=\"533\" class=\"alignleft size-full wp-image-2297\" src=\"https:\/\/konferenztechnik.de\/wp-content\/uploads\/2013\/09\/dirk_neumann_pcs-gmbh.jpg\" alt=\"Dirk Neumann Director General PCS GmbH\" title=\"\" srcset=\"https:\/\/konferenztechnik.de\/wp-content\/uploads\/2013\/09\/dirk_neumann_pcs-gmbh.jpg 800w, https:\/\/konferenztechnik.de\/wp-content\/uploads\/2013\/09\/dirk_neumann_pcs-gmbh-300x200.jpg 300w, https:\/\/konferenztechnik.de\/wp-content\/uploads\/2013\/09\/dirk_neumann_pcs-gmbh-768x512.jpg 768w\" sizes=\"(max-width: 800px) 100vw, 800px\" \/><\/a><br \/>\nDirk Neumann<br \/>\nDirector General<br \/>\nTel\u00e9fono +49 211 737798 0<br \/>\ncorreo electr\u00f3nico <a href=\"mailto:vertrieb@konferenztechnik.de\">vertrieb@konferenztechnik.de<\/a><br \/>\nC\u00f3digo QR <a title=\"C\u00f3digo QR Dirk Neumann\" href=\"https:\/\/konferenztechnik.de\/wp-content\/uploads\/2013\/09\/dirk_neumann_qrcode.png\">Mostrar \u203a<\/a>[\/tab]<br \/>\n[\/tabs]<br \/>\n[\/columna]<br \/>\n[spacer size=\"10\u2033]<br \/>\nEnlaces al sistema de conferencias CCS 1000 D de Bosch<br \/>\n&#x9B; <a style=\"line-height: 1.8em;\" title=\"\" href=\"\/es\/pcs-seleccionados-oferta-especial-bosch-ccs-1000d\/\">Oferta de lanzamiento PCS\/Bosch Bosch CCS 1000 D<\/a><br \/>\n&#x9B; <a style=\"line-height: 1.8em;\" title=\"\" href=\"\/es\/bosch-ccs-1000-d-resultado-de-la-prueba\/\">Resultado de la prueba PCS Bosch CCS 1000 D<\/a><br \/>\n&#x9B; <a style=\"line-height: 1.8em;\" title=\"\" href=\"\/es\/bosch-ccs-1000d-caracteristicas\/\">Espectro de prestaciones \/ Caracter\u00edsticas Bosch CCS 1000 D<\/a><\/p>\n<p>[spacer size=\"10\u2033]<\/p>\n<div class=\"weiterlinks\">\n<h1>M\u00e1s enlaces:<\/h1>\n<ul>\n<li>\u203a <a title=\"Distribuci\u00f3n\" href=\"\/es\/distribucion-de-tecnologia-de-conferencia-y-av-media\/\">Distribuci\u00f3n de tecnolog\u00eda de conferencias y medios de comunicaci\u00f3n<\/a><\/li>\n<li>\u203a <a title=\"Instalaci\u00f3n\" href=\"\/es\/instalacion-e-integracion-de-tecnologia-de-conferencias-y-sistemas-multimedia\/\">Instalaci\u00f3n e integraci\u00f3n de tecnolog\u00eda de conferencias y sistemas multimedia<\/a><\/li>\n<li>\u203a <a title=\"Soporte para eventos multiling\u00fces\" href=\"\/es\/servicios-2\/soporte-para-eventos-multilinguees\/\">Soporte para eventos multiling\u00fces<\/a><\/li>\n<\/ul>\n<\/div>","protected":false},"excerpt":{"rendered":"<p>[column size=\"2-3\u2033 last=\"0\u2033] Nueva presentaci\u00f3n: Sistema de debate digital Bosch CCS 1000 D [\/column] [column size=\"1-3\u2033 last=\"1\u2033] [\/column] [rev_slider Bosch-CCS-1000D] [spacer size=\"30\u2033] \u00a1Nos complace presentar el nuevo sistema de conferencia digital CCS 1000 D de Bosch! El flamante CCS 1000 D nos impresiona por su sencillez y facilidad de uso, sin tener que renunciar a las \u00faltimas innovaciones t\u00e9cnicas [...]<\/p>","protected":false},"author":1,"featured_media":45482,"parent":0,"menu_order":35,"comment_status":"closed","ping_status":"open","template":"","meta":{"_acf_changed":false,"footnotes":""},"class_list":["post-4933","page","type-page","status-publish","has-post-thumbnail","hentry"],"acf":[],"_links":{"self":[{"href":"https:\/\/konferenztechnik.de\/es\/wp-json\/wp\/v2\/pages\/4933","targetHints":{"allow":["GET"]}}],"collection":[{"href":"https:\/\/konferenztechnik.de\/es\/wp-json\/wp\/v2\/pages"}],"about":[{"href":"https:\/\/konferenztechnik.de\/es\/wp-json\/wp\/v2\/types\/page"}],"author":[{"embeddable":true,"href":"https:\/\/konferenztechnik.de\/es\/wp-json\/wp\/v2\/users\/1"}],"replies":[{"embeddable":true,"href":"https:\/\/konferenztechnik.de\/es\/wp-json\/wp\/v2\/comments?post=4933"}],"version-history":[{"count":0,"href":"https:\/\/konferenztechnik.de\/es\/wp-json\/wp\/v2\/pages\/4933\/revisions"}],"wp:featuredmedia":[{"embeddable":true,"href":"https:\/\/konferenztechnik.de\/es\/wp-json\/wp\/v2\/media\/45482"}],"wp:attachment":[{"href":"https:\/\/konferenztechnik.de\/es\/wp-json\/wp\/v2\/media?parent=4933"}],"curies":[{"name":"wp","href":"https:\/\/api.w.org\/{rel}","templated":true}]}}