{"id":5120,"date":"2015-02-02T20:06:57","date_gmt":"2015-02-02T19:06:57","guid":{"rendered":"https:\/\/konferenztechnik.de\/?page_id=5120"},"modified":"2023-09-01T11:47:03","modified_gmt":"2023-09-01T09:47:03","slug":"bosch-ccs-1000-d-resultado-de-la-prueba","status":"publish","type":"page","link":"https:\/\/konferenztechnik.de\/es\/bosch-ccs-1000-d-resultado-de-la-prueba\/","title":{"rendered":"Resultado de la prueba Bosch CCS 1000 D"},"content":{"rendered":"<h1>Resultado de la prueba Bosch CCS 1000 D<\/h1>\n<p>Bosch anuncia su nuevo sistema de debate con el eslogan \"compacto y vers\u00e1til\" y no ha prometido demasiado. El sistema es ideal para principiantes, ya que es intuitivo y f\u00e1cil de manejar. Los profesionales no tienen por qu\u00e9 prescindir de caracter\u00edsticas y funciones adicionales.<\/p>\n<p>El sistema est\u00e1 dise\u00f1ado para reuniones peque\u00f1as y medianas. Los paquetes b\u00e1sicos no incluyen tendidos de cables largos; las l\u00edneas de suministro o los cables para salvar un pasillo deben planificarse y pedirse por separado.<\/p>\n<p>&nbsp;<\/p>\n<p>Las unidades de micr\u00f3fono<\/p>\n<p>Las unidades de micr\u00f3fono son de alta calidad, robustas, estables y, sin embargo, ligeras. Los materiales son de pl\u00e1stico, resistentes a golpes y ara\u00f1azos y f\u00e1ciles de limpiar. Las unidades de sobremesa ofrecen mucha tecnolog\u00eda. En particular, el micr\u00f3fono y el altavoz \u2013 con supresi\u00f3n de realimentaci\u00f3n de alta calidad pueden funcionar simult\u00e1neamente sin acoplarse ni silbar.<\/p>\n<p>Cada unidad de micr\u00f3fono ofrece dos funciones \"Posibilidad de hablar\u201d (posibilidad de hablar) y \"Solicitud de hablar\u201d (lista de espera autom\u00e1tica), que se utilizan principalmente para equipos bien establecidos en salas de conferencias de empresas.<\/p>\n<p><a href=\"https:\/\/konferenztechnik.de\/wp-content\/uploads\/2015\/02\/Bosch-CCS-1000-D-detail.jpg\"><img fetchpriority=\"high\" decoding=\"async\" class=\"alignnone size-full wp-image-5355\" src=\"https:\/\/konferenztechnik.de\/wp-content\/uploads\/2015\/02\/Bosch-CCS-1000-D-detail.jpg\" alt=\"Bosch-CCS-1000-D-detalle Resultado de la prueba 01\" width=\"940\" height=\"411\" title=\"\" srcset=\"https:\/\/konferenztechnik.de\/wp-content\/uploads\/2015\/02\/Bosch-CCS-1000-D-detail.jpg 940w, https:\/\/konferenztechnik.de\/wp-content\/uploads\/2015\/02\/Bosch-CCS-1000-D-detail-300x131.jpg 300w, https:\/\/konferenztechnik.de\/wp-content\/uploads\/2015\/02\/Bosch-CCS-1000-D-detail-768x336.jpg 768w\" sizes=\"(max-width: 940px) 100vw, 940px\" \/><\/a><br \/>\nDescripci\u00f3n del producto:<br \/>\nCCSD-DS Micr\u00f3fono de delegado corto<br \/>\nCCSD-DL Micr\u00f3fono de delegado largo<\/p>\n<p>&nbsp;<\/p>\n<p>La unidad base<\/p>\n<p>La CU (Unidad de Control) se suministra en una carcasa de pl\u00e1stico; Bosch ha prescindido de una versi\u00f3n met\u00e1lica, as\u00ed como de ra\u00edles de montaje de 19\u2033 y conectores XLR profesionales. El aspecto, los conectores y el funcionamiento recuerdan m\u00e1s a los reproductores de DVD que a los sistemas UHF. Sin duda, la decisi\u00f3n acertada para muchas salas de conferencias de empresas. La CU no tiene que instalarse en un carro multimedia, sino que puede colocarse f\u00e1cilmente en y sobre muebles armario. Si desea utilizar la CU en el sector del alquiler, tambi\u00e9n podemos suministrar la CU en un kit de instalaci\u00f3n de 19\u2033 y con un patchbay XLR. Los canales de retorno simult\u00e1neo no est\u00e1n disponibles para eventos internacionales y reuniones multiling\u00fces.<\/p>\n<p><a href=\"https:\/\/konferenztechnik.de\/wp-content\/uploads\/2015\/02\/Bosch-CCS-1000-D-CU-detail.jpg\"><img decoding=\"async\" class=\"alignnone size-full wp-image-5356\" src=\"https:\/\/konferenztechnik.de\/wp-content\/uploads\/2015\/02\/Bosch-CCS-1000-D-CU-detail.jpg\" alt=\"Bosch-CCS-1000-D-CU-detalle Prueba 02\" width=\"940\" height=\"411\" title=\"\" srcset=\"https:\/\/konferenztechnik.de\/wp-content\/uploads\/2015\/02\/Bosch-CCS-1000-D-CU-detail.jpg 940w, https:\/\/konferenztechnik.de\/wp-content\/uploads\/2015\/02\/Bosch-CCS-1000-D-CU-detail-300x131.jpg 300w, https:\/\/konferenztechnik.de\/wp-content\/uploads\/2015\/02\/Bosch-CCS-1000-D-CU-detail-768x336.jpg 768w\" sizes=\"(max-width: 940px) 100vw, 940px\" \/><\/a><br \/>\nDescripci\u00f3n del producto:<br \/>\nUnidad de control CCSD-CURD con grabaci\u00f3n de audio y supresi\u00f3n de realimentaci\u00f3n<\/p>\n<p>&nbsp;<\/p>\n<p>Operaci\u00f3n<\/p>\n<p>El manejo se realiza mediante teclas de membrana en una gradaci\u00f3n aproximada. La alimentaci\u00f3n de audio (2x), el micr\u00f3fono, las unidades de micr\u00f3fono (2 v\u00edas) se pueden \"mezclar\" mediante la CU. En el sector profesional, el t\u00e9cnico controlar\u00e1 las salidas individuales con una mesa de mezclas de audio independiente. Sin embargo, en muchas salas de conferencias, la CU de Bosch puede sustituir sin duda a una mesa de mezclas adicional.<\/p>\n<p>Grabaci\u00f3n de audio<\/p>\n<p>Todos estamos de acuerdo en esto. Esta es una gran soluci\u00f3n. Inserta la memoria USB, pulsa grabar y ll\u00e9vate la grabaci\u00f3n contigo. Grabaci\u00f3n digital en la memoria interna: hasta 8 horas, grabaci\u00f3n digital con la memoria USB de 128 GB: hasta 4000 horas en buena calidad en formato mp3.<\/p>\n<p>Volver<\/p>\n<p><a href=\"https:\/\/konferenztechnik.de\/wp-content\/uploads\/2015\/02\/CCURD-Bosch-CCS-1000-D.jpg\"><img decoding=\"async\" class=\"alignnone size-full wp-image-5370\" src=\"https:\/\/konferenztechnik.de\/wp-content\/uploads\/2015\/02\/CCURD-Bosch-CCS-1000-D.jpg\" alt=\"CCURD-Bosch-CCS-1000-D Resultado de la prueba 03\" width=\"940\" height=\"222\" title=\"\" srcset=\"https:\/\/konferenztechnik.de\/wp-content\/uploads\/2015\/02\/CCURD-Bosch-CCS-1000-D.jpg 940w, https:\/\/konferenztechnik.de\/wp-content\/uploads\/2015\/02\/CCURD-Bosch-CCS-1000-D-300x71.jpg 300w, https:\/\/konferenztechnik.de\/wp-content\/uploads\/2015\/02\/CCURD-Bosch-CCS-1000-D-768x181.jpg 768w\" sizes=\"(max-width: 940px) 100vw, 940px\" \/><\/a><\/p>\n<p>1. USB (Mini)<\/p>\n<p>2. salida de audio, cuatro canales adicionales (grabaciones individuales y aplicaci\u00f3n en sala)<\/p>\n<p>3. salida de audio (2 x suma)<\/p>\n<p>4. entrada de audio (2 x suma)<\/p>\n<p>5. entrada de micr\u00f3fono (XLR)<\/p>\n<p>6. puestos de llamada (2 circuitos, conector DIN)<\/p>\n<p>7. Conexi\u00f3n LAN (conexi\u00f3n a WLAN, control y programaci\u00f3n mediante PC, ordenador port\u00e1til, opcionalmente para control inal\u00e1mbrico)<\/p>\n<p>8. fuente de alimentaci\u00f3n (fuente de alimentaci\u00f3n externa)<\/p>\n<p>&nbsp;<\/p>\n<p>Funcionamiento web a trav\u00e9s de iPad y co.<\/p>\n<p>Bosch anuncia el sistema con un sencillo manejo a trav\u00e9s de la web. En realidad, es autoexplicativo e intuitivo para cualquiera que sepa manejar una tableta. El desbloqueo del micr\u00f3fono y los controles son f\u00e1ciles de manejar para cualquier organizador de conferencias. Los t\u00e9cnicos y expertos en tecnolog\u00eda tambi\u00e9n pueden controlar las c\u00e1maras HD. Hoy en d\u00eda, los fabricantes apenas pueden evitar el manejo a trav\u00e9s de una tableta. Lo que nos gusta del Bosch es que no s\u00f3lo los t\u00e9cnicos se benefician directamente de \u00e9l, sino tambi\u00e9n el presidente y todos los usuarios cuando no hay un t\u00e9cnico disponible. Con este sistema es m\u00e1s f\u00e1cil que nunca. Lo que tambi\u00e9n nos gusta: el dise\u00f1o es sencillo, todos los elementos son grandes. Bosch ha prescindido de demasiados gr\u00e1ficos e iconos, lo que facilita su uso.<\/p>\n<p>&nbsp;<\/p>\n<p>\u00c1mbitos de aplicaci\u00f3n<\/p>\n<p>En los grandes eventos en los que estamos rodeados de tecnolog\u00eda de medios profesional, el nuevo sistema de Bosch no ser\u00e1 nuestra primera opci\u00f3n. En otros lugares, habr\u00e1 que pens\u00e1rselo. Probablemente ser\u00e1 inmejorable para los principiantes y para todos aquellos que est\u00e9n pensando en comprar un sistema de conferencias por primera vez. Es ideal para equipar salas de conferencias de empresas. El Bosch CCS 1000 D puede sustituir a la tecnolog\u00eda adicional y a los t\u00e9cnicos de cualquier persona que sepa manejar reproductores de DVD y tabletas. Incluye grabaci\u00f3n de audio, control de c\u00e1maras y nuevas funciones inteligentes. El sistema es interesante para alquiler por su escalabilidad y sus maletas de transporte muy bien dise\u00f1adas.<\/p>\n<p>&nbsp;<\/p>\n<p>Conclusi\u00f3n<\/p>\n<p>Le deseamos a Bosch todo lo mejor con este nuevo sistema. El Bosch CCS 1000 D cumple lo que promete el fabricante y, adem\u00e1s, destaca en muchos aspectos. Bosch utiliza tecnolog\u00edas modernas (sencilla funci\u00f3n de grabaci\u00f3n integrada, control inteligente del micr\u00f3fono, supresi\u00f3n eficaz de la retroalimentaci\u00f3n) a precios de gama b\u00e1sica. El aspecto hogare\u00f1o y la fuente de alimentaci\u00f3n externa de la unidad de control dificultan su uso en grandes empresas de alquiler, pero es tanto m\u00e1s adecuado para reuniones de empresa y salones comunales. Bosch ofrece ahora un sistema que puede con casi todo.<br \/>\n<!--\n[spacer size=\"20\"]\n\n\n<h1>Ihre Ansprechpartner<\/h1>\n\n\n[spacer size=\"20\"]\n[column size=\"1-2\" last=\"0\"]\n[tabs style=\"2\"]\n[tab title=\"Berlin\"]\n<img loading=\"lazy\" decoding=\"async\" width=\"800\" height=\"533\" class=\"alignleft size-full wp-image-2301\" src=\"https:\/\/konferenztechnik.de\/wp-content\/uploads\/2013\/09\/gunnar_hermenau_pcs-gmbh.jpg\" alt=\"gunnar_hermenau_pcs-gmbh\" title=\"\" srcset=\"https:\/\/konferenztechnik.de\/wp-content\/uploads\/2013\/09\/gunnar_hermenau_pcs-gmbh.jpg 800w, https:\/\/konferenztechnik.de\/wp-content\/uploads\/2013\/09\/gunnar_hermenau_pcs-gmbh-300x200.jpg 300w, https:\/\/konferenztechnik.de\/wp-content\/uploads\/2013\/09\/gunnar_hermenau_pcs-gmbh-768x512.jpg 768w\" sizes=\"(max-width: 800px) 100vw, 800px\" \/>\nGunnar Hermenau\nNiederlassungsleiter Berlin\nTel. +49 30 6959690 14\nE-Mail <a href=\"mailto:hermenau@konferenztechnik.de\">hermenau@konferenztechnik.de<\/a>\nQR-Code <a title=\"QR-Code Gunnar Hermenau\" href=\"https:\/\/konferenztechnik.de\/wp-content\/uploads\/2013\/09\/gunnar_hermenau_qrcode.png\">\u203a anzeigen<\/a>\n[\/tab]\n[\/tabs]\n[\/column]\n[column size=\"1-2\" last=\"1\"]\n[tabs style=\"2\"]\n[tab title=\"Heilbronn\"]\n<img loading=\"lazy\" decoding=\"async\" width=\"800\" height=\"533\" class=\"alignleft size-full wp-image-2289\" src=\"https:\/\/konferenztechnik.de\/wp-content\/uploads\/2013\/09\/carsten_adam_pcs-gmbh.jpg\" alt=\"carsten_adam_pcs-gmbh\" title=\"\" srcset=\"https:\/\/konferenztechnik.de\/wp-content\/uploads\/2013\/09\/carsten_adam_pcs-gmbh.jpg 800w, https:\/\/konferenztechnik.de\/wp-content\/uploads\/2013\/09\/carsten_adam_pcs-gmbh-300x200.jpg 300w, https:\/\/konferenztechnik.de\/wp-content\/uploads\/2013\/09\/carsten_adam_pcs-gmbh-768x512.jpg 768w\" sizes=\"(max-width: 800px) 100vw, 800px\" \/>\nCarsten Adam\nNiederlassungsleiter Heilbronn und M\u00fcnchen\nTel. +49 7131 278010 11\nE-Mail <a href=\"mailto:adam@konferenztechnik.de\">adam@konferenztechnik.de<\/a>\nQR-Code <a title=\"QR-Code Carsten Adam\" href=\"https:\/\/konferenztechnik.de\/wp-content\/uploads\/2013\/09\/carsten_adam_qrcode.png\">\u203a anzeigen<\/a>\n[\/tab]\n[\/tabs]\n[\/column]\n\n[column size=\"1-2\" last=\"1\"]\n[tabs style=\"2\"]\n[tab title=\"D\u00fcsseldorf\"]\n<a href=\"https:\/\/konferenztechnik.de\/wp-content\/uploads\/2013\/09\/dirk_neumann_pcs-gmbh.jpg\"><img loading=\"lazy\" decoding=\"async\" width=\"800\" height=\"533\" class=\"alignleft size-full wp-image-2297\" src=\"https:\/\/konferenztechnik.de\/wp-content\/uploads\/2013\/09\/dirk_neumann_pcs-gmbh.jpg\" alt=\"Dirk Neumann Gesch\u00e4ftsf\u00fchrer PCS GmbH\" title=\"\" srcset=\"https:\/\/konferenztechnik.de\/wp-content\/uploads\/2013\/09\/dirk_neumann_pcs-gmbh.jpg 800w, https:\/\/konferenztechnik.de\/wp-content\/uploads\/2013\/09\/dirk_neumann_pcs-gmbh-300x200.jpg 300w, https:\/\/konferenztechnik.de\/wp-content\/uploads\/2013\/09\/dirk_neumann_pcs-gmbh-768x512.jpg 768w\" sizes=\"(max-width: 800px) 100vw, 800px\" \/><\/a>\nDirk Neumann\nGesch\u00e4ftsf\u00fchrer\nTel. +49 211 737798 0\nE-Mail <a href=\"mailto:vertrieb@konferenztechnik.de\">vertrieb@konferenztechnik.de<\/a>\nQR-Code <a title=\"QR-Code Dirk Neumann\" href=\"https:\/\/konferenztechnik.de\/wp-content\/uploads\/2013\/09\/dirk_neumann_qrcode.png\">\u203a anzeigen<\/a>[\/tab]\n[\/tabs]\n[\/column]\n--><br \/>\n[spacer size=\"20\u2033]<\/p>\n<p><a style=\"line-height: 1.8em;\" title=\"\" href=\"https:\/\/www.boschsecurity.com\/de\/\" target=\"_blank\" rel=\"noopener\">Sitio web del fabricante Bosch Security Systems<\/a><br \/>\n[spacer size=\"10\u2033]<br \/>\n<a style=\"line-height: 1.8em;\" title=\"\" href=\"\/es\/bosch-ccs-1000-d\/\">Nueva introducci\u00f3n Bosch CCS 1000 D<\/a><br \/>\n<a style=\"line-height: 1.8em;\" title=\"\" href=\"\/es\/bosch-ccs-1000d-caracteristicas\/\">Espectro de prestaciones \/ Caracter\u00edsticas Bosch CCS 1000 D<\/a><br \/>\n[spacer size=\"30\u2033]<\/p>\n<div class=\"weiterlinks\">\n<h1>Otros enlaces<\/h1>\n<ul>\n<li>\u203a <a title=\"Distribuci\u00f3n\" href=\"\/es\/distribucion-de-tecnologia-de-conferencia-y-av-media\/\">Distribuci\u00f3n de tecnolog\u00eda de conferencias y medios de comunicaci\u00f3n<\/a><\/li>\n<li>\u203a <a title=\"Instalaci\u00f3n\" href=\"\/es\/instalacion-e-integracion-de-tecnologia-de-conferencias-y-sistemas-multimedia\/\">Instalaci\u00f3n e integraci\u00f3n de tecnolog\u00eda de conferencias y sistemas multimedia<\/a><\/li>\n<li>\u203a <a title=\"Soporte para eventos multiling\u00fces\" href=\"\/es\/servicios-2\/soporte-para-eventos-multilinguees\/\">Soporte para eventos multiling\u00fces<\/a><\/li>\n<\/ul>\n<\/div>","protected":false},"excerpt":{"rendered":"<p>Resultado de la prueba Bosch CCS 1000 D Bosch anuncia su nuevo sistema de debate con el eslogan \"compacto y vers\u00e1til\" y no ha prometido demasiado. El sistema es ideal para principiantes, ya que es intuitivo y f\u00e1cil de manejar. Los profesionales no tienen que prescindir de caracter\u00edsticas y funciones adicionales. El sistema est\u00e1 dise\u00f1ado para reuniones peque\u00f1as y medianas. En [...]<\/p>","protected":false},"author":1,"featured_media":45482,"parent":0,"menu_order":32,"comment_status":"closed","ping_status":"open","template":"","meta":{"_acf_changed":false,"footnotes":""},"class_list":["post-5120","page","type-page","status-publish","has-post-thumbnail","hentry"],"acf":[],"_links":{"self":[{"href":"https:\/\/konferenztechnik.de\/es\/wp-json\/wp\/v2\/pages\/5120","targetHints":{"allow":["GET"]}}],"collection":[{"href":"https:\/\/konferenztechnik.de\/es\/wp-json\/wp\/v2\/pages"}],"about":[{"href":"https:\/\/konferenztechnik.de\/es\/wp-json\/wp\/v2\/types\/page"}],"author":[{"embeddable":true,"href":"https:\/\/konferenztechnik.de\/es\/wp-json\/wp\/v2\/users\/1"}],"replies":[{"embeddable":true,"href":"https:\/\/konferenztechnik.de\/es\/wp-json\/wp\/v2\/comments?post=5120"}],"version-history":[{"count":0,"href":"https:\/\/konferenztechnik.de\/es\/wp-json\/wp\/v2\/pages\/5120\/revisions"}],"wp:featuredmedia":[{"embeddable":true,"href":"https:\/\/konferenztechnik.de\/es\/wp-json\/wp\/v2\/media\/45482"}],"wp:attachment":[{"href":"https:\/\/konferenztechnik.de\/es\/wp-json\/wp\/v2\/media?parent=5120"}],"curies":[{"name":"wp","href":"https:\/\/api.w.org\/{rel}","templated":true}]}}