{"id":5406,"date":"2015-02-09T13:31:50","date_gmt":"2015-02-09T12:31:50","guid":{"rendered":"https:\/\/konferenztechnik.de\/?page_id=5406"},"modified":"2023-09-01T11:46:48","modified_gmt":"2023-09-01T09:46:48","slug":"bosch-ccs-1000-d-caracteristicas","status":"publish","type":"page","link":"https:\/\/konferenztechnik.de\/es\/bosch-ccs-1000-d-caracteristicas\/","title":{"rendered":"Bosch CCS 1000 D Caracter\u00edsticas"},"content":{"rendered":"<p>[column size=\"1-4\u2033 last=\"1\u2033]<\/p>\n<h1>Caracter\u00edsticas: Sistema de debate digital Bosch CCS 1000 D<\/h1>\n<p>[\/columna]<br \/>\n[column size=\"1-4\u2033 last=\"1\u2033]<br \/>\n<img decoding=\"async\" class=\"alignright size-full wp-image-3924\" src=\"https:\/\/konferenztechnik.de\/wp-content\/uploads\/2013\/11\/logo-pcs-selected-quality.png\" alt=\"Logo PCS Calidad Seleccionada\" width=\"143\" height=\"88\" title=\"\"><br \/>\n[\/columna]<\/p>\n<p><a href=\"https:\/\/konferenztechnik.de\/wp-content\/uploads\/2015\/02\/Bosch-CCS-1000-D-features.jpg\"><img fetchpriority=\"high\" decoding=\"async\" class=\"alignnone size-full wp-image-5365\" src=\"https:\/\/konferenztechnik.de\/wp-content\/uploads\/2015\/02\/Bosch-CCS-1000-D-features.jpg\" alt=\"Bosch-CCS-1000-D-features\" width=\"940\" height=\"411\" title=\"\" srcset=\"https:\/\/konferenztechnik.de\/wp-content\/uploads\/2015\/02\/Bosch-CCS-1000-D-features.jpg 940w, https:\/\/konferenztechnik.de\/wp-content\/uploads\/2015\/02\/Bosch-CCS-1000-D-features-300x131.jpg 300w, https:\/\/konferenztechnik.de\/wp-content\/uploads\/2015\/02\/Bosch-CCS-1000-D-features-768x336.jpg 768w\" sizes=\"(max-width: 940px) 100vw, 940px\" \/><\/a><\/p>\n<p>El nuevo CCS 1000 D impresiona por su sencillez y facilidad de uso, sin tener que renunciar a las \u00faltimas innovaciones t\u00e9cnicas. Obtenga aqu\u00ed una visi\u00f3n general de las caracter\u00edsticas del sistema.<\/p>\n<h2>Bosch CCS 1000 D Caracter\u00edsticas<\/h2>\n<p>[spacer size=\"20\u2033]<\/p>\n<div class=\"kasten\">\n<div class=\"kastenlinks\"><span class=\"zahl\">1.<\/span><\/div>\n<div class=\"kastenrechts\">\n<h1>Compacto, f\u00e1cil de instalar y de manejar<\/h1>\n<p>\u2013 Plug and play<br \/>\n\u2013 No requiere formaci\u00f3n<br \/>\n\u2013 Instalaci\u00f3n sencilla y sin complicaciones<br \/>\n\u2013 No es necesaria una configuraci\u00f3n exhaustiva<\/p>\n<\/div>\n<p>[clear]<\/p>\n<\/div>\n<p>[spacer size=\"20\u2033]<\/p>\n<div class=\"kasten\">\n<div class=\"kastenlinks\"><span class=\"zahl\">2.<\/span><\/div>\n<div class=\"kastenrechts\">\n<h1>Buen sonido y vol\u00famenes m\u00e1s altos sin realimentaci\u00f3n<\/h1>\n<p>\u2013 Altavoz y micr\u00f3fono activos al mismo tiempo<br \/>\n\u2013 Supresor de realimentaci\u00f3n digital (DAFS) incorporado<br \/>\n\u2013 Excelente inteligibilidad de la voz para todos los participantes<\/p>\n<\/div>\n<p>[clear]<\/p>\n<\/div>\n<p>[spacer size=\"20\u2033]<\/p>\n<div class=\"kasten\">\n<div class=\"kastenlinks\"><span class=\"zahl\">3.<\/span><\/div>\n<div class=\"kastenrechts\">\n<h1>Grabaci\u00f3n c\u00f3moda<\/h1>\n<p>\u2013 Grabaci\u00f3n digital en la memoria interna: hasta 8 horas<br \/>\n\u2013 Grabaci\u00f3n digital con memoria USB de 128 GB: hasta 4000 horas<\/p>\n<\/div>\n<p>[clear]<\/p>\n<\/div>\n<p>[spacer size=\"20\u2033]<\/p>\n<div class=\"kasten\">\n<div class=\"kastenlinks\"><span class=\"zahl\">4.<\/span><\/div>\n<div class=\"kastenrechts\">\n<h1>Sencilla interfaz web para configuraci\u00f3n y control avanzados<\/h1>\n<p>\u2013 Opciones de configuraci\u00f3n ampliadas para los t\u00e9cnicos<br \/>\n\u2013 Control intuitivo del micr\u00f3fono para el presidente<br \/>\n\u2013 Controlar y registrar el debate<\/p>\n<\/div>\n<p>[clear]<\/p>\n<\/div>\n<p>[spacer size=\"20\u2033]<\/p>\n<div class=\"kasten\">\n<div class=\"kastenlinks\"><span class=\"zahl\">5.<\/span><\/div>\n<div class=\"kastenrechts\">\n<h1>Soporte natural para el control autom\u00e1tico de la c\u00e1mara<\/h1>\n<p>\u2013 est\u00e1ndar compatible con hasta 6 c\u00e1maras domo de conferencia HD<br \/>\nConfiguraci\u00f3n de \u2013 mediante navegador web, sin necesidad de software adicional<br \/>\n\u2013 Presentaci\u00f3n n\u00edtida del altavoz activo<\/p>\n<\/div>\n<p>[clear]<\/p>\n<\/div>\n<p><span style=\"font-size: 2.0em;\"><br \/>\n+<br \/>\n<\/span><\/p>\n<div class=\"kasten\">\n<div class=\"kastenlinks\"><span class=\"zahl\">6.<\/span><\/div>\n<div class=\"kastenrechts\">\n<p>\u2013 \u00danico \"Posibilidad de hablar\u201d Pantalla (posibilidad de hablar)<br \/>\n\u2013 \"Solicitud de palabra\u201d Visualizaci\u00f3n (lista de espera autom\u00e1tica)<br \/>\n\u2013 Modo de ahorro de energ\u00eda<br \/>\n\u2013 A prueba de tel\u00e9fonos m\u00f3viles y smartphones (inmunidad GSM)<\/p>\n<\/div>\n<p>[clear]<\/p>\n<\/div>\n<p>[spacer size=\"40\u2033]<\/p>\n<p>Enlaces al sistema de conferencias CCS 1000 D de Bosch<\/p>\n<p>&#x9B; <a style=\"line-height: 1.5em;\" title=\"\" href=\"\/es\/bosch-ccs-1000-d-resultado-de-la-prueba\/\">Resultado de la prueba PCS Bosch CCS 1000 D<\/a><br \/>\n&#x9B; <a style=\"line-height: 1.8em;\" title=\"\" href=\"\/es\/bosch-ccs-1000-d\/\">Nueva introducci\u00f3n Bosch CCS 1000 D<\/a><\/p>\n<p>[spacer size=\"40\u2033]<\/p>\n<div class=\"weiterlinks\">\n<h1>M\u00e1s enlaces:<\/h1>\n<ul>\n<li>\u203a <a title=\"Distribuci\u00f3n\" href=\"\/es\/distribucion-de-tecnologia-de-conferencia-y-av-media\/\">Distribuci\u00f3n de tecnolog\u00eda de conferencias y medios de comunicaci\u00f3n<\/a><\/li>\n<li>\u203a <a title=\"Instalaci\u00f3n\" href=\"\/es\/instalacion-e-integracion-de-tecnologia-de-conferencias-y-sistemas-multimedia\/\">Instalaci\u00f3n e integraci\u00f3n de tecnolog\u00eda de conferencias y sistemas multimedia<\/a><\/li>\n<li>\u203a <a title=\"Soporte para eventos multiling\u00fces\" href=\"\/es\/servicios-2\/soporte-para-eventos-multilinguees\/\">Soporte para eventos multiling\u00fces<\/a><\/li>\n<\/ul>\n<\/div>","protected":false},"excerpt":{"rendered":"<p>[column size=\"2-3\u2033 last=\"0\u2033] Caracter\u00edsticas: Sistema de debate digital Bosch CCS 1000 D [\/column] [column size=\"1-3\u2033 last=\"1\u2033] [\/column] El flamante CCS 1000 D impresiona por su sencillez y facilidad de uso, sin tener que renunciar a las \u00faltimas innovaciones t\u00e9cnicas. Obtenga aqu\u00ed una visi\u00f3n general de las caracter\u00edsticas del sistema. Caracter\u00edsticas del CCS 1000 D de Bosch [spacer size=\"20\u2033] 1. [...]<\/p>","protected":false},"author":1,"featured_media":45482,"parent":0,"menu_order":31,"comment_status":"closed","ping_status":"open","template":"","meta":{"_acf_changed":false,"footnotes":""},"class_list":["post-5406","page","type-page","status-publish","has-post-thumbnail","hentry"],"acf":[],"_links":{"self":[{"href":"https:\/\/konferenztechnik.de\/es\/wp-json\/wp\/v2\/pages\/5406","targetHints":{"allow":["GET"]}}],"collection":[{"href":"https:\/\/konferenztechnik.de\/es\/wp-json\/wp\/v2\/pages"}],"about":[{"href":"https:\/\/konferenztechnik.de\/es\/wp-json\/wp\/v2\/types\/page"}],"author":[{"embeddable":true,"href":"https:\/\/konferenztechnik.de\/es\/wp-json\/wp\/v2\/users\/1"}],"replies":[{"embeddable":true,"href":"https:\/\/konferenztechnik.de\/es\/wp-json\/wp\/v2\/comments?post=5406"}],"version-history":[{"count":0,"href":"https:\/\/konferenztechnik.de\/es\/wp-json\/wp\/v2\/pages\/5406\/revisions"}],"wp:featuredmedia":[{"embeddable":true,"href":"https:\/\/konferenztechnik.de\/es\/wp-json\/wp\/v2\/media\/45482"}],"wp:attachment":[{"href":"https:\/\/konferenztechnik.de\/es\/wp-json\/wp\/v2\/media?parent=5406"}],"curies":[{"name":"wp","href":"https:\/\/api.w.org\/{rel}","templated":true}]}}