{"id":6818,"date":"2016-08-02T16:20:57","date_gmt":"2016-08-02T14:20:57","guid":{"rendered":"https:\/\/konferenztechnik.de\/?page_id=6818"},"modified":"2023-07-05T15:03:35","modified_gmt":"2023-07-05T13:03:35","slug":"mobileconnect","status":"publish","type":"page","link":"https:\/\/konferenztechnik.de\/es\/mobileconnect\/","title":{"rendered":"MobileConnect"},"content":{"rendered":"<h1>Sennheiser MobileConnect y CinemaConnect<\/h1>\n<p>Sennheiser MobileConnect es el innovador sistema para escuchar sin barreras en teatros, \u00f3peras y musicales. MobileConnect transmite audio en directo a trav\u00e9s de WLAN directamente a su smartphone personal. Aqu\u00ed, la se\u00f1al de audio se adapta perfectamente a sus propias necesidades auditivas y luego se emite a trav\u00e9s de auriculares o directamente al aud\u00edfono \u2013 \u00a1Ayuda auditiva hecha f\u00e1cil!<\/p>\n<h2>Instalaci\u00f3n r\u00e1pida y sencilla, sin costes fijos adicionales.<\/h2>\n<p><img fetchpriority=\"high\" decoding=\"async\" class=\"alignleft size-full wp-image-9964\" src=\"https:\/\/konferenztechnik.de\/wp-content\/uploads\/2016\/08\/sennheiser-mobileconnect-szenario.jpg\" alt=\"Sennheiser MobileConnect en uso\" width=\"558\" height=\"428\" title=\"\" srcset=\"https:\/\/konferenztechnik.de\/wp-content\/uploads\/2016\/08\/sennheiser-mobileconnect-szenario.jpg 558w, https:\/\/konferenztechnik.de\/wp-content\/uploads\/2016\/08\/sennheiser-mobileconnect-szenario-300x230.jpg 300w\" sizes=\"(max-width: 558px) 100vw, 558px\" \/><\/p>\n<p>Se integra f\u00e1cilmente en cualquier infraestructura existente y puede instalarse en un d\u00eda. Basta con conectar el sistema de audio existente a la ConnectStation y conectar el punto de acceso WLAN de la red MobileConnect \u2013 est\u00e1 listo. PCS GmbH ofrece la tramitaci\u00f3n completa del pedido, desde la planificaci\u00f3n del sistema hasta la instalaci\u00f3n e integraci\u00f3n en el entorno existente.<\/p>\n<p>Una vez instalado, MobileConnect no incurre en gastos de mantenimiento ni de funcionamiento. Con el tel\u00e9fono m\u00f3vil personal como dispositivo final \u2013 palabra clave \"Bring Your Own Device\" \u2013 no hay necesidad de manipulaci\u00f3n de bater\u00edas, emisi\u00f3n de dispositivos o higiene de auriculares.<\/p>\n<h2>Asistente para sus propias necesidades auditivas<\/h2>\n<p>Desarrollado en colaboraci\u00f3n con el Instituto Fraunhofer de Tecnolog\u00eda de Medios Digitales IDMT, el Asistente Auditivo Personal permite personalizar el sonido de forma especialmente intuitiva para adaptarlo a las necesidades personales. No s\u00f3lo el volumen de la se\u00f1al de audio recibida, sino tambi\u00e9n la inteligibilidad del habla y las caracter\u00edsticas del sonido pueden ajustarse f\u00e1cilmente mediante una operaci\u00f3n t\u00e1ctil.<\/p>\n<p>\u203a <a href=\"https:\/\/www.innovationsforum.fraunhofer.de\/2016\/02\/fraunhofer-und-sennheiser-apps-fuer-massgeschneidertes-klangerlebnis\/\" target=\"_blank\" rel=\"noopener noreferrer\">M\u00e1s informaci\u00f3n sobre el algoritmo del Instituto Fraunhofer<\/a><\/p>\n<p><img decoding=\"async\" class=\"alignleft size-full wp-image-9967\" src=\"https:\/\/konferenztechnik.de\/wp-content\/uploads\/2016\/08\/sennheiser-mobileconnect-personal-hearing-idmt.jpg\" alt=\"sennheiser-mobileconnect-audicion-personal-idmt\" width=\"558\" height=\"428\" title=\"\" srcset=\"https:\/\/konferenztechnik.de\/wp-content\/uploads\/2016\/08\/sennheiser-mobileconnect-personal-hearing-idmt.jpg 558w, https:\/\/konferenztechnik.de\/wp-content\/uploads\/2016\/08\/sennheiser-mobileconnect-personal-hearing-idmt-300x230.jpg 300w\" sizes=\"(max-width: 558px) 100vw, 558px\" \/><\/p>\n<h2>Inclusi\u00f3n m\u00e1xima<\/h2>\n<p>MobileConnect abre el acceso a nuevos grupos de visitantes y ofrece a todos la oportunidad de participar en la vida cultural. Adem\u00e1s de la asistencia auditiva, el sistema tambi\u00e9n es apto para la audiodescripci\u00f3n o la interpretaci\u00f3n simult\u00e1nea \u2013, por lo que llega a grupos de destinatarios m\u00e1s amplios que los sistemas que se limitan \u00fanicamente a la asistencia auditiva.<\/p>\n<p><img decoding=\"async\" class=\"alignleft size-full wp-image-9968\" src=\"https:\/\/konferenztechnik.de\/wp-content\/uploads\/2016\/08\/sennheiser-mobileconnect-barrierefrei.jpg\" alt=\"sennheiser-mobileconnect-sin-barreras\" width=\"558\" height=\"428\" title=\"\" srcset=\"https:\/\/konferenztechnik.de\/wp-content\/uploads\/2016\/08\/sennheiser-mobileconnect-barrierefrei.jpg 558w, https:\/\/konferenztechnik.de\/wp-content\/uploads\/2016\/08\/sennheiser-mobileconnect-barrierefrei-300x230.jpg 300w\" sizes=\"(max-width: 558px) 100vw, 558px\" \/><\/p>\n<h2>Otras caracter\u00edsticas del sistema MobileConnect<\/h2>\n<p>Transmisi\u00f3n de audio de baja latencia<br \/>\nTransmisi\u00f3n de asistencia auditiva, audiodescripci\u00f3n e interpretaci\u00f3n simult\u00e1nea<br \/>\nAsistente auditivo personal<br \/>\nTraiga su propio dispositivo (BYOD): sin costes de suministro y mantenimiento de dispositivos ni de formaci\u00f3n de los empleados.<\/p>\n<p><img loading=\"lazy\" decoding=\"async\" width=\"558\" height=\"428\" class=\"alignleft size-full wp-image-9965\" src=\"https:\/\/konferenztechnik.de\/wp-content\/uploads\/2016\/08\/sennheiser-mobileconnect-kopfhoerer.jpg\" alt=\"auriculares sennheiser-mobileconnect\" title=\"\" srcset=\"https:\/\/konferenztechnik.de\/wp-content\/uploads\/2016\/08\/sennheiser-mobileconnect-kopfhoerer.jpg 558w, https:\/\/konferenztechnik.de\/wp-content\/uploads\/2016\/08\/sennheiser-mobileconnect-kopfhoerer-300x230.jpg 300w\" sizes=\"(max-width: 558px) 100vw, 558px\" \/><\/p>\n<p>P\u00f3ngase en contacto con nosotros si tiene alguna pregunta sobre MobileConnect. Estaremos encantados de asesorarle y ayudarle a planificar e instalar el sistema.<\/p>\n<div class=\"boxcontainer\">\n<div class=\"box1-2\">\n<h1>Persona de contacto<\/h1>\n<\/div>\n<div class=\"box1-2-order\">\n<h1>Otros enlaces<\/h1>\n<\/div>\n<div class=\"box1-4\">\n<div class=\"box-head\">Distribuci\u00f3n y venta<\/div>\n<\/div>\n<div class=\"box2-4-2\" style=\"order: 1;\">\n<div class=\"weiterlinks\"><a title=\"Distribuci\u00f3n por grupos de productos\" href=\"\/es\/grupos-de-productos\/\">Distribuci\u00f3n por grupos de productos<\/a><br \/>\n<a title=\"Distribuci\u00f3n por fabricante\" href=\"\/es\/fabricante\/\">Distribuci\u00f3n por fabricante<\/a><br \/>\n<a title=\"Productos a medida, mantenimiento y reparaciones\" href=\"\/es\/servicios-2\/mantenimiento-y-reparacion\/\">Productos a medida, mantenimiento y reparaciones<\/a><br \/>\n<a title=\"10 buenas razones para el PCS\" href=\"\/es\/quienes-somos\/10-buenas-razones-para-pcs\/\">10 buenas razones para el PCS<\/a><br \/>\n<a title=\"Referencias\" href=\"\/es\/quienes-somos\/lista-de-referencias-instalacion\/\">Referencias Instalaci\u00f3n e integraci\u00f3n<\/a><br \/>\n<a title=\"PCS: Todos los servicios de un vistazo\" href=\"\/es\/servicios-2\/\">PCS: Todos los servicios de un vistazo<\/a><\/p>\n<\/div>\n<\/div>\n<\/div>","protected":false},"excerpt":{"rendered":"<p>Sennheiser MobileConnect und CinemaConnect Sennheiser MobileConnect ist das innovative System f\u00fcr barrierefreies H\u00f6ren in Theater, Oper und Musical. MobileConnect streamt Audio live via WLAN direkt auf das pers\u00f6nliche Smartphone. Hier wird das Audiosignal perfekt an die eigenen H\u00f6rbed\u00fcrfnisse angepasst und dann \u00fcber Kopfh\u00f6rer oder direkt auf das H\u00f6rger\u00e4t ausgegeben &#8211; H\u00f6runterst\u00fctzung einfach gemacht! Einfache und [&hellip;]<\/p>","protected":false},"author":1,"featured_media":45482,"parent":0,"menu_order":75,"comment_status":"closed","ping_status":"closed","template":"","meta":{"_acf_changed":false,"footnotes":""},"class_list":["post-6818","page","type-page","status-publish","has-post-thumbnail","hentry"],"acf":[],"_links":{"self":[{"href":"https:\/\/konferenztechnik.de\/es\/wp-json\/wp\/v2\/pages\/6818","targetHints":{"allow":["GET"]}}],"collection":[{"href":"https:\/\/konferenztechnik.de\/es\/wp-json\/wp\/v2\/pages"}],"about":[{"href":"https:\/\/konferenztechnik.de\/es\/wp-json\/wp\/v2\/types\/page"}],"author":[{"embeddable":true,"href":"https:\/\/konferenztechnik.de\/es\/wp-json\/wp\/v2\/users\/1"}],"replies":[{"embeddable":true,"href":"https:\/\/konferenztechnik.de\/es\/wp-json\/wp\/v2\/comments?post=6818"}],"version-history":[{"count":0,"href":"https:\/\/konferenztechnik.de\/es\/wp-json\/wp\/v2\/pages\/6818\/revisions"}],"wp:featuredmedia":[{"embeddable":true,"href":"https:\/\/konferenztechnik.de\/es\/wp-json\/wp\/v2\/media\/45482"}],"wp:attachment":[{"href":"https:\/\/konferenztechnik.de\/es\/wp-json\/wp\/v2\/media?parent=6818"}],"curies":[{"name":"wp","href":"https:\/\/api.w.org\/{rel}","templated":true}]}}