{"id":786,"date":"2013-08-12T10:23:29","date_gmt":"2013-08-12T08:23:29","guid":{"rendered":"https:\/\/pcs-miete.de\/?page_id=786"},"modified":"2023-08-28T15:51:12","modified_gmt":"2023-08-28T13:51:12","slug":"10-buenas-razones-para-pcs","status":"publish","type":"page","link":"https:\/\/konferenztechnik.de\/es\/quienes-somos\/10-buenas-razones-para-pcs\/","title":{"rendered":"10 buenas razones para el PCS"},"content":{"rendered":"<h1>10 buenas razones para el PCS<\/h1>\n<p>[spacer size=\"10\u2033]<\/p>\n<div class=\"container-zehn\">\n<div class=\"kasten-zehn\">\n<div class=\"kastenlinks\">\n        <span class=\"zahl\">1.<\/span><\/div>\n<div class=\"kastenrechts\">\n<h1>PCS es el proveedor de calidad para la tecnolog\u00eda de conferencias<\/h1>\n<p>Desde 1995, PCS es el experto en sistemas de interpretaci\u00f3n, sistemas de debate, sistemas de gu\u00eda, sistemas de votaci\u00f3n y tecnolog\u00eda de conferencias. Le ofrecemos una planificaci\u00f3n fiable, soluciones profesionales y un cumplimiento meticuloso de los pedidos. El servicio es siempre nuestra m\u00e1xima prioridad.<\/p>\n<p>Con m\u00e1s de 1.500 conferencias internacionales e instalaciones permanentes organizadas cada a\u00f1o, PCS es uno de los mayores proveedores de servicios del sector en todo el mundo.<\/p>\n<\/div>\n<p>[clear]<\/p>\n<\/div>\n<p>[spacer size=\"20\u2033]<\/p>\n<div class=\"kasten-zehn\">\n<div class=\"kastenlinks\">\n        <span class=\"zahl\">2.<\/span><\/div>\n<div class=\"kastenrechts\">\n<h1>PCS ofrece un servicio completo en todos los \u00e1mbitos de la tecnolog\u00eda de conferencias<\/h1>\n<ol>\n<li>Alquiler de tecnolog\u00eda para conferencias<\/li>\n<li>Instalaci\u00f3n e integraci\u00f3n de tecnolog\u00eda de conferencias y sistemas multimedia<\/li>\n<li>Distribuci\u00f3n de tecnolog\u00eda para conferencias y medios audiovisuales<\/li>\n<li>Apoyo a eventos<\/li>\n<li>Productos a medida, mantenimiento y reparaciones<\/li>\n<li>Formaci\u00f3n y servicios para int\u00e9rpretes<\/li>\n<\/ol>\n<\/div>\n<p>[clear]<\/p>\n<\/div>\n<p>[spacer size=\"20\u2033]<\/p>\n<div class=\"kasten-zehn\">\n<div class=\"kastenlinks\">\n        <span class=\"zahl\">3.<\/span><\/div>\n<div class=\"kastenrechts\">\n<h1>PCS cuenta con especialistas cualificados<\/h1>\n<p>S\u00f3lo empleamos personal altamente cualificado. Nuestro equipo est\u00e1 formado por expertos en la industria del audio y el v\u00eddeo: ingenieros, maestros t\u00e9cnicos de eventos, maestros electricistas, programadores y t\u00e9cnicos de eventos.<\/p>\n<p>Somos una empresa de formaci\u00f3n y formamos constantemente a nuestro equipo \u2013, desde especialistas en tecnolog\u00eda de eventos hasta administradores de empresas y maestros artesanos. Formamos a empleados externos, t\u00e9cnicos e int\u00e9rpretes en cuatro centros de Alemania. Esto tambi\u00e9n nos convierte en l\u00edderes del sector en cuanto a cualificaci\u00f3n de empleados.<\/p>\n<\/div>\n<p>[clear]<\/p>\n<\/div>\n<p>[spacer size=\"20\u2033]<\/p>\n<div class=\"kasten-zehn\">\n<div class=\"kastenlinks\">\n            <span class=\"zahl\">4.<\/span><\/div>\n<div class=\"kastenrechts\">\n<h1>PCS trabaja de forma sostenible<\/h1>\n<p>Se espera que todos nuestros dispositivos sean extremadamente fiables y duraderos, y deben ser econ\u00f3micos en cuanto a peso, materiales y consumo de energ\u00eda. El futuro de nuestra tecnolog\u00eda multimedia es ecol\u00f3gico e inteligente. En las instalaciones fijas, las posibilidades de soluciones de alta calidad y bajo consumo con modernas unidades de control son enormes.<\/p>\n<p>Tambi\u00e9n nos centramos en soluciones sostenibles para nuestras propias instalaciones. Nuestra flota de veh\u00edculos est\u00e1 dise\u00f1ada para reducir las emisiones de CO2, y nuestra red de sucursales mantiene las distancias de desplazamiento al m\u00ednimo necesario.<\/p>\n<\/div>\n<p>[clear]<\/p>\n<\/div>\n<p>[spacer size=\"20\u2033]<\/p>\n<div class=\"kasten-zehn\">\n<div class=\"kastenlinks\">\n        <span class=\"zahl\">5.<\/span><\/div>\n<div class=\"kastenrechts\">\n<h1>PCS distribuye<\/h1>\n<p>Hemos sabido ganarnos a los principales fabricantes de tecnolog\u00eda de conferencias y distribuir una gama de productos \u00fanica en Europa. Nuestro repertorio se enriquece con productos personalizados y soluciones individuales \"Made by PCS\". Somos distribuidores de Sennheiser, Bosch, Beyerdynamic, Televic, Audipack, Panasonic, Shure, Crestron, AMX y muchos m\u00e1s.<\/p>\n<\/div>\n<p>[clear]<\/p>\n<\/div>\n<p>[spacer size=\"20\u2033]<\/p>\n<div class=\"kasten-zehn\">\n<div class=\"kastenlinks\">\n        <span class=\"zahl\">6.<\/span><\/div>\n<div class=\"kastenrechts\">\n<h1>PCS es r\u00e1pido y flexible<\/h1>\n<p>PCS ampl\u00eda constantemente su red de sucursales en Alemania. Actualmente nos puede encontrar en Berl\u00edn, M\u00fanich y D\u00fcsseldorf. Con m\u00e1s de 30 empleados fijos en las \u00e1reas de programaci\u00f3n, planificaci\u00f3n, realizaci\u00f3n de proyectos y servicio externo, respondemos r\u00e1pidamente a sus consultas y peticiones. Nuestra amplia gama de tecnolog\u00eda nos permite realizar varias producciones exigentes en paralelo y reaccionar con profesionalidad ante imprevistos.<\/p>\n<\/div>\n<p>[clear]<\/p>\n<\/div>\n<p>[spacer size=\"20\u2033]<\/p>\n<div class=\"kasten-zehn\">\n<div class=\"kastenlinks\">\n<span class=\"zahl\">7.<\/span><\/div>\n<div class=\"kastenrechts\">\n<h1>PCS opera en todo el mundo<\/h1>\n<p>Atendemos a clientes en Madrid, \u00c1msterdam, Shanghai, Tokio, Mosc\u00fa y en cualquier parte del mundo. El negocio de las conferencias internacionales es un reto que afrontamos con pasi\u00f3n.<\/p>\n<\/div>\n<p>[clear]<\/p>\n<\/div>\n<p>[spacer size=\"20\u2033]<\/p>\n<div class=\"kasten-zehn\">\n<div class=\"kastenlinks\">\n<span class=\"zahl\">8.<\/span><\/div>\n<div class=\"kastenrechts\">\n<h1>PCS ofrece una seguridad operativa probada sin fisuras<\/h1>\n<p>Cada despliegue de PCS es a prueba de juntas. Estamos acostumbrados a cumplir las normas m\u00e1s estrictas en cualquier lugar y en todo momento, y a garantizar que todo funcione a la perfecci\u00f3n. Cualquiera que suministre a un precio inferior al nuestro tendr\u00e1 dificultades para cumplir las normativas y directrices de seguridad exigidas y pertinentes. Entre ellas se incluyen las necesarias inspecciones peri\u00f3dicas de los equipos el\u00e9ctricos de acuerdo con DGUV 3 y VDE 0701\/0702, el cumplimiento de DGUV 17, BGI 810 y DIN 15750.<\/p>\n<\/div>\n<p>[clear]<\/p>\n<\/div>\n<p>[spacer size=\"20\u2033]<\/p>\n<div class=\"kasten-zehn\">\n<div class=\"kastenlinks\">\n<span class=\"zahl\">9.<\/span><\/div>\n<div class=\"kastenrechts\">\n<h1>PCS se compromete<\/h1>\n<p>PCS defiende los intereses de int\u00e9rpretes, operadores de salas de conferencias, t\u00e9cnicos y organizadores locales. Colaboramos estrechamente con asociaciones de int\u00e9rpretes y participamos activamente en la Association for Media and Event Technology. Estamos comprometidos con una comunicaci\u00f3n perfecta m\u00e1s all\u00e1 de los l\u00edmites de nuestro trabajo \u2013 y, si no entiende nuestra jerga de conferencias, puede encontrar ayuda aqu\u00ed: <a href=\"\/es\/lexico\/\" title=\"www.konferenztechnik.de\/lexikon\">www.konferenztechnik.de\/lexikon<\/a><\/p>\n<\/div>\n<p>[clear]<\/p>\n<\/div>\n<p>[spacer size=\"20\u2033]<\/p>\n<div class=\"kasten-zehn\">\n<div class=\"kastenlinks\">\n<span class=\"zahl\">10.<\/span><\/div>\n<div class=\"kastenrechts\">\n<h1>PCS es innovador<\/h1>\n<p>Somos conscientes de que s\u00f3lo podremos cumplir los requisitos del futuro con un alto nivel de conocimientos t\u00e9cnicos. PCS fue la primera empresa alemana en utilizar la tecnolog\u00eda simult\u00e1nea inal\u00e1mbrica, desarroll\u00f3 con Beyerdynamic nuevos sistemas de interpretaci\u00f3n adaptados con precisi\u00f3n a las necesidades de los int\u00e9rpretes y participa estrechamente en la investigaci\u00f3n y el desarrollo con fabricantes como Bosch, Shure y Sennheiser.<\/p>\n<p>La calidad y las posibilidades de aplicaci\u00f3n de la tecnolog\u00eda de conferencias aumentan constante y r\u00e1pidamente. PCS contribuye a este desarrollo en Alemania y tambi\u00e9n con cooperaciones en todo el mundo.<\/p>\n<\/div>\n<p>[clear]<\/p>\n<\/div>\n<p>[spacer size=\"20\u2033]<\/p>\n<div class=\"kasten-zehn\">\n<div class=\"kastenlinks\">\n<span class=\"zahl\">+<\/span><\/div>\n<div class=\"kastenrechts\">\n<h1>Satisfacci\u00f3n del cliente<\/h1>\n<p>Nuestra m\u00e1xima de satisfacci\u00f3n del cliente es tan evidente para nosotros que no figura regularmente entre nuestras diez m\u00e1ximas: siempre nos esforzamos por satisfacer las necesidades de nuestros clientes de la mejor manera posible. El trato justo y cooperativo con nuestros clientes, proveedores y empleados es la garant\u00eda del \u00e9xito de su proyecto y la base estrat\u00e9gica de nuestro \u00e9xito a largo plazo.<\/p>\n<\/div>\n<p>[clear]<\/p>\n<\/div>\n<p>[spacer size=\"20\u2033]<\/p>\n<\/div>","protected":false},"excerpt":{"rendered":"<p>10 buenas razones para elegir PCS 1. PCS es el proveedor de calidad en tecnolog\u00eda de conferencias Desde 1995, PCS es el experto en sistemas de interpretaci\u00f3n, sistemas de debate, sistemas de gu\u00eda, sistemas de votaci\u00f3n y tecnolog\u00eda de conferencias. Le ofrecemos una planificaci\u00f3n fiable, soluciones profesionales y un cumplimiento meticuloso de los pedidos. El servicio es siempre nuestra m\u00e1xima prioridad. Con m\u00e1s de 1.500 conferencias internacionales e instalaciones permanentes organizadas cada a\u00f1o, PCS es uno de los [...]<\/p>","protected":false},"author":1,"featured_media":45482,"parent":12,"menu_order":235,"comment_status":"closed","ping_status":"open","template":"","meta":{"_acf_changed":false,"footnotes":""},"class_list":["post-786","page","type-page","status-publish","has-post-thumbnail","hentry"],"acf":[],"_links":{"self":[{"href":"https:\/\/konferenztechnik.de\/es\/wp-json\/wp\/v2\/pages\/786","targetHints":{"allow":["GET"]}}],"collection":[{"href":"https:\/\/konferenztechnik.de\/es\/wp-json\/wp\/v2\/pages"}],"about":[{"href":"https:\/\/konferenztechnik.de\/es\/wp-json\/wp\/v2\/types\/page"}],"author":[{"embeddable":true,"href":"https:\/\/konferenztechnik.de\/es\/wp-json\/wp\/v2\/users\/1"}],"replies":[{"embeddable":true,"href":"https:\/\/konferenztechnik.de\/es\/wp-json\/wp\/v2\/comments?post=786"}],"version-history":[{"count":0,"href":"https:\/\/konferenztechnik.de\/es\/wp-json\/wp\/v2\/pages\/786\/revisions"}],"up":[{"embeddable":true,"href":"https:\/\/konferenztechnik.de\/es\/wp-json\/wp\/v2\/pages\/12"}],"wp:featuredmedia":[{"embeddable":true,"href":"https:\/\/konferenztechnik.de\/es\/wp-json\/wp\/v2\/media\/45482"}],"wp:attachment":[{"href":"https:\/\/konferenztechnik.de\/es\/wp-json\/wp\/v2\/media?parent=786"}],"curies":[{"name":"wp","href":"https:\/\/api.w.org\/{rel}","templated":true}]}}