{"id":9032,"date":"2017-02-14T15:14:06","date_gmt":"2017-02-14T14:14:06","guid":{"rendered":"https:\/\/www.konferenztechnik.de\/?page_id=9032\/"},"modified":"2017-02-14T15:14:06","modified_gmt":"2017-02-14T14:14:06","slug":"equipos-para-eventos-alquiler-de-equipos-para-conferencias-compra","status":"publish","type":"page","link":"https:\/\/konferenztechnik.de\/es\/equipos-para-eventos-alquiler-de-equipos-para-conferencias-compra\/","title":{"rendered":"Alquiler\/compra de tecnolog\u00eda para eventos y conferencias en Berl\u00edn y M\u00fanich"},"content":{"rendered":"<h1>Alquilar y comprar tecnolog\u00eda para eventos y conferencias en Berl\u00edn y M\u00fanich<\/h1>\n<div class=\"call-action-slider-img\">\n<img fetchpriority=\"high\" decoding=\"async\" width=\"1200\" height=\"610\" src=\"https:\/\/konferenztechnik.de\/wp-content\/uploads\/2016\/10\/dolmetscherkabinen-mieten.jpg\" alt=\"Alquiler de tecnolog\u00eda para conferencias de PCS GmbH\" class=\"alignleft size-full wp-image-8570\" title=\"\" srcset=\"https:\/\/konferenztechnik.de\/wp-content\/uploads\/2016\/10\/dolmetscherkabinen-mieten.jpg 1200w, https:\/\/konferenztechnik.de\/wp-content\/uploads\/2016\/10\/dolmetscherkabinen-mieten-300x153.jpg 300w, https:\/\/konferenztechnik.de\/wp-content\/uploads\/2016\/10\/dolmetscherkabinen-mieten-1024x521.jpg 1024w, https:\/\/konferenztechnik.de\/wp-content\/uploads\/2016\/10\/dolmetscherkabinen-mieten-768x390.jpg 768w\" sizes=\"(max-width: 1200px) 100vw, 1200px\" \/><br \/>\n<button class=\"btn popmake-9771\">Solicite un presupuesto,<br \/>en una hora<br \/>\u00a1contigo! &#x9B;<\/button>\n<\/div>\n<p>Desde 1995, la innovadora empresa PCS Konferenztechnik, con sus cuatro sedes en Berl\u00edn, M\u00fanich, D\u00fcsseldorf y Heilbronn, le ofrece tecnolog\u00eda para conferencias y eventos de la m\u00e1s alta calidad.<\/p>\n<p>La empresa es su socio si quiere alquilar o comprar tecnolog\u00eda de conferencias o encargar su instalaci\u00f3n profesional. La asistencia incluye el sistema completo de conferencias, la tecnolog\u00eda para eventos y la tecnolog\u00eda de medios audiovisuales. A los clientes que alquilan tecnolog\u00eda de conferencias se les ofrece un servicio completo en todas las \u00e1reas de equipamiento de conferencias y tecnolog\u00eda de eventos. Las cuatro sedes de Berl\u00edn, M\u00fanich, D\u00fcsseldorf y Heilbronn ofrecen una amplia gama de fabricantes y sistemas. Por supuesto, tambi\u00e9n se tiene en cuenta la instalaci\u00f3n e integraci\u00f3n del sistema de conferencias o la tecnolog\u00eda para eventos en funci\u00f3n de las condiciones estructurales.<\/p>\n<p>Nuestros t\u00e9cnicos estar\u00e1n encantados de trabajar en Berl\u00edn, M\u00fanich, D\u00fcsseldorf, Heilbronn y en todo el mundo. PCS GmbH se encarga con mucho gusto de la venta de tecnolog\u00eda y la supervisi\u00f3n de eventos, especialmente para Berl\u00edn, M\u00fanich y todo el mundo. Por supuesto, el mantenimiento, las reparaciones y los productos personalizados tambi\u00e9n forman parte de los servicios de la empresa.<\/p>\n<h2>Alquiler de tecnolog\u00eda para conferencias, alquiler de tecnolog\u00eda para eventos<\/h2>\n<p>Es posible alquilar tecnolog\u00eda de conferencias, as\u00ed como tecnolog\u00eda de medios de comunicaci\u00f3n, tecnolog\u00eda de eventos y tecnolog\u00eda de interpretaci\u00f3n. Nuestros t\u00e9cnicos pueden proporcionarle la asistencia necesaria para el alquiler de tecnolog\u00eda de conferencias. La gama de productos comienza con un simple micr\u00f3fono y llega hasta equipos de interpretaci\u00f3n simult\u00e1nea con 32 idiomas. PCS GmbH le proporcionar\u00e1 asesoramiento experto basado en su evento deseado para garantizar que su evento sea un \u00e9xito. Se pueden alquilar sistemas de debate, sistemas de interpretaci\u00f3n, sistemas de gu\u00eda, sistemas TED, tecnolog\u00eda de audio y v\u00eddeo, as\u00ed como streaming de audio, v\u00eddeo y datos. Puede ver la tecnolog\u00eda en detalle en Berl\u00edn, M\u00fanich, D\u00fcsseldorf y Heilbronn.<\/p>\n<h2><strong>Distribuci\u00f3n de tecnolog\u00eda de alta calidad para conferencias y medios audiovisuales por PCS GmbH<\/strong><\/h2>\n<p>Adem\u00e1s del alquiler de tecnolog\u00eda de conferencias, PCS GmbH tambi\u00e9n ofrece sistemas de conferencias y medios de comunicaci\u00f3n de conocidos fabricantes profesionales para su adquisici\u00f3n. Independientemente de si el proyecto es peque\u00f1o o grande, estaremos encantados de suministrar la tecnolog\u00eda adecuada e instalarla a petici\u00f3n del cliente. Esto es posible en nuestras sedes de Berl\u00edn, M\u00fanich, D\u00fcsseldorf o Heilbronn, as\u00ed como en todo el mundo. Tambi\u00e9n estamos encantados de suministrar piezas de repuesto y accesorios para dispositivos antiguos.<\/p>\n<h2>Productos a medida, mantenimiento y reparaciones del sistema de conferencias, tecnolog\u00eda de eventos y equipos asociados<\/h2>\n<p>Un taller bien equipado y especialistas formados tambi\u00e9n est\u00e1n a su disposici\u00f3n tras la compra de la tecnolog\u00eda de conferencias. PCS Professional Conference Systems GmbH se complace en desarrollar y fabricar soluciones a medida para la instalaci\u00f3n y distribuci\u00f3n seg\u00fan sus necesidades. Ni que decir tiene que nuestros t\u00e9cnicos ofrecen un servicio completo para los equipos y soluciones alquilados. Estamos a su disposici\u00f3n directamente en nuestras cuatro sedes de Berl\u00edn, M\u00fanich, D\u00fcsseldorf y Heilbronn.<\/p>\n<h2>Contratar tecnolog\u00eda para conferencias e instalar sistemas multimedia y tecnolog\u00eda para eventos<\/h2>\n<p>El espectro de campos de actividad de PCS GmbH es amplio. Salas de conferencias de todo tipo, sedes de empresas, salas de exposiciones, salas de reuniones, exposiciones, museos, aulas, escenarios, teatros, escuelas, hoteles y estudios para videoconferencias se equipan con tecnolog\u00eda de alta calidad, como un sistema de conferencias, de PCS Professional Conference Systems GmbH. Se puede realizar un sistema de conferencias inteligente y que ahorre energ\u00eda, as\u00ed como instalaciones individuales. PCS GmbH suele participar ya en la fase de planificaci\u00f3n del sistema de conferencias para proyectos de construcci\u00f3n. Los servicios del edificio y los buses de sistema se conectan al sistema de conferencias.<\/p>\n<h2>Apoyo a eventos como proveedor de servicios t\u00e9cnicos en todo el mundo<\/h2>\n<p>PCS Professional Conference Systems GmbH comenz\u00f3 a prestar servicios de interpretaci\u00f3n simult\u00e1nea en 1995. Desde entonces, se han organizado m\u00e1s de 20.000 eventos de este tipo en Berl\u00edn, M\u00fanich, D\u00fcsseldorf, Heilbronn y en todo el mundo. Una gama de alquiler de equipos de conferencia de primera clase e int\u00e9rpretes de renombre garantizan unas prestaciones \u00f3ptimas para el cliente.<\/p>\n<h2>Formaci\u00f3n y servicio de int\u00e9rpretes perfectamente implantados<\/h2>\n<p>Los cursos de formaci\u00f3n profesional de todo tipo, ya sean para t\u00e9cnicos, int\u00e9rpretes, conferenciantes y gestores o personal de teatro, restaurantes y hoteles, garantizan el factor de \u00e9xito para futuras actuaciones. El departamento de formaci\u00f3n de PCS GmbH estar\u00e1 encantado de asesorarle y apoyarle. Le garantizamos una cultura de formaci\u00f3n agradable y profesional.<\/p>","protected":false},"excerpt":{"rendered":"<p>Veranstaltungstechnik und Konferenztechnik mieten und kaufen in Berlin und M\u00fcnchen Angebot anfordern,in einer Stundebei Ihnen! &#x9B; Konferenztechnik und Veranstaltungstechnik in h\u00f6chster Qualit\u00e4t bietet Ihnen seit 1995 das innovative Unternehmen PCS Konferenztechnik mit seinen vier Standorten Berlin, M\u00fcnchen, D\u00fcsseldorf und Heilbronn. Das Unternehmen ist Ihr Partner, wenn Sie Konferenztechnik mieten, kaufen oder fachgerecht installieren lassen m\u00f6chten. [&hellip;]<\/p>","protected":false},"author":1,"featured_media":45482,"parent":0,"menu_order":0,"comment_status":"closed","ping_status":"closed","template":"page-right-sidebar.php","meta":{"_acf_changed":false,"footnotes":""},"class_list":["post-9032","page","type-page","status-publish","has-post-thumbnail","hentry"],"acf":[],"_links":{"self":[{"href":"https:\/\/konferenztechnik.de\/es\/wp-json\/wp\/v2\/pages\/9032","targetHints":{"allow":["GET"]}}],"collection":[{"href":"https:\/\/konferenztechnik.de\/es\/wp-json\/wp\/v2\/pages"}],"about":[{"href":"https:\/\/konferenztechnik.de\/es\/wp-json\/wp\/v2\/types\/page"}],"author":[{"embeddable":true,"href":"https:\/\/konferenztechnik.de\/es\/wp-json\/wp\/v2\/users\/1"}],"replies":[{"embeddable":true,"href":"https:\/\/konferenztechnik.de\/es\/wp-json\/wp\/v2\/comments?post=9032"}],"version-history":[{"count":0,"href":"https:\/\/konferenztechnik.de\/es\/wp-json\/wp\/v2\/pages\/9032\/revisions"}],"wp:featuredmedia":[{"embeddable":true,"href":"https:\/\/konferenztechnik.de\/es\/wp-json\/wp\/v2\/media\/45482"}],"wp:attachment":[{"href":"https:\/\/konferenztechnik.de\/es\/wp-json\/wp\/v2\/media?parent=9032"}],"curies":[{"name":"wp","href":"https:\/\/api.w.org\/{rel}","templated":true}]}}