{"id":9112,"date":"2017-02-21T08:38:02","date_gmt":"2017-02-21T07:38:02","guid":{"rendered":"https:\/\/www.konferenztechnik.de\/?page_id=9112\/"},"modified":"2023-09-01T13:19:57","modified_gmt":"2023-09-01T11:19:57","slug":"sennheiser-teamconnect-inalambrico","status":"publish","type":"page","link":"https:\/\/konferenztechnik.de\/es\/sennheiser-teamconnect-inalambrico\/","title":{"rendered":"Sistema de conferencias m\u00f3vil TeamConnect Wireless \u2013 de Sennheiser"},"content":{"rendered":"<h1>Sistema de conferencias m\u00f3vil TeamConnect Wireless \u2013 de Sennheiser<\/h1>\n<p><img fetchpriority=\"high\" decoding=\"async\" width=\"1201\" height=\"451\" class=\"alignnone size-full wp-image-9113\" src=\"https:\/\/konferenztechnik.de\/wp-content\/uploads\/2017\/02\/sennheiserteamconnectwireless.jpg\" alt=\"Sennheiser TeamConnect Inal\u00e1mbrico\" title=\"\" srcset=\"https:\/\/konferenztechnik.de\/wp-content\/uploads\/2017\/02\/sennheiserteamconnectwireless.jpg 1201w, https:\/\/konferenztechnik.de\/wp-content\/uploads\/2017\/02\/sennheiserteamconnectwireless-300x113.jpg 300w, https:\/\/konferenztechnik.de\/wp-content\/uploads\/2017\/02\/sennheiserteamconnectwireless-1024x385.jpg 1024w, https:\/\/konferenztechnik.de\/wp-content\/uploads\/2017\/02\/sennheiserteamconnectwireless-768x288.jpg 768w\" sizes=\"(max-width: 1201px) 100vw, 1201px\" \/><\/p>\n<h2>El puesto de interfon\u00eda como objeto de dise\u00f1o<\/h2>\n<p>Un nuevo y fresco concepto para un sistema de conferencias llega de la mano de Sennheiser: Sennheiser TeamConnect Wireless. Estos dispositivos del tama\u00f1o de la palma de la mano, conocidos como sat\u00e9lites, contienen un micr\u00f3fono, un altavoz, un panel de control y un panel de conexi\u00f3n.<\/p>\n<p>Tenga en cuenta que Sennheiser ya no ofrece la serie TeamConnect Wireless y que seguir\u00e1 desarroll\u00e1ndola. No obstante, le ofrecemos alternativas. P\u00f3ngase en contacto con nosotros.<\/p>\n<p>Sin embargo, los servicios de garant\u00eda y las \u00f3rdenes de servicio que a\u00fan est\u00e1n en curso siguen siendo v\u00e1lidos durante el periodo especificado.<\/p>\n<p>Los dispositivos funcionan de forma inal\u00e1mbrica y cumplen con los m\u00e1s altos est\u00e1ndares t\u00e9cnicos \u2013, tal y como esperamos de Sennheiser.<\/p>\n<p>Su atractivo dise\u00f1o con panel t\u00e1ctil de cristal intuitivo hace del \"puesto de interfon\u00eda\" una soluci\u00f3n moderna, fresca y prestigiosa que se integra perfectamente en cualquier sala de reuniones o huddle room moderna y de alta calidad.<\/p>\n<p><img decoding=\"async\" class=\"alignnone size-full wp-image-9118\" src=\"https:\/\/konferenztechnik.de\/wp-content\/uploads\/2017\/02\/drahtlosesprechstelle-sennheiser.jpg\" alt=\"Unidad de micr\u00f3fono inal\u00e1mbrico Sennheiser\" title=\"\"><\/p>\n<h2>\u00c1mbitos de aplicaci\u00f3n<\/h2>\n<p>Modernas salas de reuniones, reuniones en l\u00ednea, conferencias port\u00e1tiles con hasta 24 participantes.<\/p>\n<p>Se pueden combinar hasta 4 sat\u00e9lites en un sistema de conferencia, cada sat\u00e9lite puede ser utilizado por un m\u00e1ximo de 6 participantes.<\/p>\n<p>TeamConnect Wireless puede integrarse f\u00e1cilmente en situaciones de reuniones en l\u00ednea ya existentes.<\/p>\n<p><img decoding=\"async\" width=\"577\" height=\"450\" class=\"alignnone size-full wp-image-9127\" src=\"https:\/\/konferenztechnik.de\/wp-content\/uploads\/2017\/02\/drahtlose-konferenz.jpg\" alt=\"Conferencia inal\u00e1mbrica\" title=\"\" srcset=\"https:\/\/konferenztechnik.de\/wp-content\/uploads\/2017\/02\/drahtlose-konferenz.jpg 577w, https:\/\/konferenztechnik.de\/wp-content\/uploads\/2017\/02\/drahtlose-konferenz-300x234.jpg 300w\" sizes=\"(max-width: 577px) 100vw, 577px\" \/><\/p>\n<h2>Asientos<\/h2>\n<p><img decoding=\"async\" width=\"1201\" height=\"664\" class=\"alignnone size-full wp-image-9135\" src=\"https:\/\/konferenztechnik.de\/wp-content\/uploads\/2017\/02\/bestuhlung-drathlose-konferenz.jpg\" alt=\"Asientos para conferencias\" title=\"\" srcset=\"https:\/\/konferenztechnik.de\/wp-content\/uploads\/2017\/02\/bestuhlung-drathlose-konferenz.jpg 1201w, https:\/\/konferenztechnik.de\/wp-content\/uploads\/2017\/02\/bestuhlung-drathlose-konferenz-300x166.jpg 300w, https:\/\/konferenztechnik.de\/wp-content\/uploads\/2017\/02\/bestuhlung-drathlose-konferenz-1024x566.jpg 1024w, https:\/\/konferenztechnik.de\/wp-content\/uploads\/2017\/02\/bestuhlung-drathlose-konferenz-768x425.jpg 768w\" sizes=\"(max-width: 1201px) 100vw, 1201px\" \/><\/p>\n<h2>Opciones de conexi\u00f3n<\/h2>\n<p>TeamConnect Wireless ofrece una amplia gama de conexiones. Los participantes pueden conectarse r\u00e1pidamente a trav\u00e9s de un port\u00e1til, tableta o smartphone \u2013 de forma inal\u00e1mbrica mediante Bluetooth, cable USB o conector jack de 3,5 mm.<\/p>\n<p><img decoding=\"async\" class=\"alignnone size-full wp-image-9130\" src=\"https:\/\/konferenztechnik.de\/wp-content\/uploads\/2017\/02\/teamconnectwireless-anschluesse.jpg\" alt=\"Conexiones inal\u00e1mbricas TeamConnect\" title=\"\"><\/p>\n<h2>Caracter\u00edsticas<\/h2>\n<ul>\n<li>Soluci\u00f3n completa para reuniones en l\u00ednea de hasta 12 o 24 participantes<\/li>\n<li>Para salas de conferencias flexibles y dedicadas<\/li>\n<li>Conexiones sencillas (BYOD) con smartphone, tableta o PC<\/li>\n<li>Conectividad Bluetooth inal\u00e1mbrica o por cable mediante USB o conector jack de 3,5 mm<\/li>\n<li>Admite canales de audio simult\u00e1neos<\/li>\n<li>La mejor inteligibilidad de voz para reuniones en l\u00ednea mejores y m\u00e1s eficaces<\/li>\n<li>Dise\u00f1o de producto galardonado<\/li>\n<\/ul>\n<p><img loading=\"lazy\" decoding=\"async\" width=\"577\" height=\"450\" class=\"alignnone size-full wp-image-9140\" src=\"https:\/\/konferenztechnik.de\/wp-content\/uploads\/2017\/02\/TeamConnectWireless-CaseSet.jpg\" alt=\"TeamConnect Wireless CaseSet\" title=\"\" srcset=\"https:\/\/konferenztechnik.de\/wp-content\/uploads\/2017\/02\/TeamConnectWireless-CaseSet.jpg 577w, https:\/\/konferenztechnik.de\/wp-content\/uploads\/2017\/02\/TeamConnectWireless-CaseSet-300x234.jpg 300w\" sizes=\"(max-width: 577px) 100vw, 577px\" \/><\/p>\n<div><\/div>\n<h2>Enlaces<\/h2>\n<p><span class=\"taster\"><a href=\"https:\/\/konferenztechnik.de\/wp-content\/uploads\/2017\/02\/TeamConnectWireless_SetCase_Manual_08_2016_DE.pdf\"> Instrucciones de uso (PDF)<\/a><\/span><br \/>\n<span class=\"taster\"><a href=\"https:\/\/konferenztechnik.de\/wp-content\/uploads\/2017\/02\/SP_1070_v1.0_TeamConnect_Wireless_System_Specification_DE.pdf\"> Hoja de datos (PDF)<\/a><\/span><br \/>\n<span class=\"taster\"><a href=\"https:\/\/konferenztechnik.de\/es\/promocion-teamconnect-cashback\/\"> Campa\u00f1a de reembolso<\/a><\/span><br \/>\n<span class=\"taster\"><a href=\"https:\/\/de-de.sennheiser.com\/drahtlose-telekonferenz-meeting-mikrofone-loesungen-teamconnect\" target=\"_blank\" rel=\"noopener noreferrer\"> P\u00e1gina del fabricante<\/a><\/span><br \/>\n<span class=\"taster\"><a href=\"https:\/\/www.professional-system.de\/features\/sennheiser-teamconnect-wireless-im-test\/\" target=\"_blank\" rel=\"noopener noreferrer\"> Prueba en el sistema profesional<\/a><\/span><\/p>\n<p>Con TeamConnect Wireless, Sennheiser presenta una soluci\u00f3n port\u00e1til de alta calidad para conferencias. TeamConnect Wireless es extremadamente f\u00e1cil y r\u00e1pido de configurar y permite celebrar reuniones en l\u00ednea con calidad de audio profesional en cualquier sala. El sistema ofrece las mejores opciones de conexi\u00f3n a ordenadores port\u00e1tiles, smartphones o sistemas de videoconferencia.<\/p>\n<div class=\"boxcontainer\">\n<div class=\"box1-2\">\n<h1>Persona de contacto<\/h1>\n<\/div>\n<div class=\"box1-2-order\">\n<h1>Otros enlaces<\/h1>\n<\/div>\n<div class=\"box1-4\">\n<div class=\"box-head\">Distribuci\u00f3n y venta<\/div>\n<\/div>\n<div class=\"box2-4-2\" style=\"order: 1;\">\n<div class=\"weiterlinks\"><a title=\"Distribuci\u00f3n por grupos de productos\" href=\"\/es\/grupos-de-productos\/\">Distribuci\u00f3n por grupos de productos<\/a><br \/>\n<a title=\"Distribuci\u00f3n por fabricante\" href=\"\/es\/fabricante\/\">Distribuci\u00f3n por fabricante<\/a><br \/>\n<a title=\"Productos a medida, mantenimiento y reparaciones\" href=\"\/es\/servicios-2\/mantenimiento-y-reparacion\/\">Productos a medida, mantenimiento y reparaciones<\/a><br \/>\n<a title=\"10 buenas razones para el PCS\" href=\"\/es\/quienes-somos\/10-buenas-razones-para-pcs\/\">10 buenas razones para el PCS<\/a><br \/>\n<a title=\"Referencias\" href=\"\/es\/quienes-somos\/lista-de-referencias-instalacion\/\">Referencias Instalaci\u00f3n e integraci\u00f3n<\/a><br \/>\n<a title=\"PCS: Todos los servicios de un vistazo\" href=\"\/es\/servicios-2\/\">PCS: Todos los servicios de un vistazo<\/a><\/p>\n<\/div>\n<\/div>\n<\/div>","protected":false},"excerpt":{"rendered":"<p>Sennheiser TeamConnect Wireless \u2013 mobiles Konferenzsystem Die Sprechstelle als Designobjekt Ein neues, frisches Konzept einer Konferenzanlage kommt aus dem Hause Sennheiser: Sennheiser TeamConnect Wireless. In handtellergro\u00dfen Ger\u00e4ten, den sogenannten Satelliten, sind ein Mikrofon, Lautsprecher, ein Bedien- und Anschlussfeld verbaut. Bitte beachten Sie, dass Sennheiser die TeamConnect Serie ab sofort nicht mehr anbietet und weiterentwickelt. Wir [&hellip;]<\/p>","protected":false},"author":1,"featured_media":45482,"parent":0,"menu_order":0,"comment_status":"closed","ping_status":"closed","template":"","meta":{"_acf_changed":false,"footnotes":""},"class_list":["post-9112","page","type-page","status-publish","has-post-thumbnail","hentry"],"acf":[],"_links":{"self":[{"href":"https:\/\/konferenztechnik.de\/es\/wp-json\/wp\/v2\/pages\/9112","targetHints":{"allow":["GET"]}}],"collection":[{"href":"https:\/\/konferenztechnik.de\/es\/wp-json\/wp\/v2\/pages"}],"about":[{"href":"https:\/\/konferenztechnik.de\/es\/wp-json\/wp\/v2\/types\/page"}],"author":[{"embeddable":true,"href":"https:\/\/konferenztechnik.de\/es\/wp-json\/wp\/v2\/users\/1"}],"replies":[{"embeddable":true,"href":"https:\/\/konferenztechnik.de\/es\/wp-json\/wp\/v2\/comments?post=9112"}],"version-history":[{"count":0,"href":"https:\/\/konferenztechnik.de\/es\/wp-json\/wp\/v2\/pages\/9112\/revisions"}],"wp:featuredmedia":[{"embeddable":true,"href":"https:\/\/konferenztechnik.de\/es\/wp-json\/wp\/v2\/media\/45482"}],"wp:attachment":[{"href":"https:\/\/konferenztechnik.de\/es\/wp-json\/wp\/v2\/media?parent=9112"}],"curies":[{"name":"wp","href":"https:\/\/api.w.org\/{rel}","templated":true}]}}