{"id":1141,"date":"2013-08-22T11:55:13","date_gmt":"2013-08-22T09:55:13","guid":{"rendered":"https:\/\/pcs-miete.de\/?page_id=1141"},"modified":"2023-07-05T15:04:23","modified_gmt":"2023-07-05T13:04:23","slug":"projecteurs","status":"publish","type":"page","link":"https:\/\/konferenztechnik.de\/fr\/distribution-de-materiel-de-conference-et-de-medias-audiovisuels\/technique-video-2\/projecteurs\/","title":{"rendered":"Projecteurs"},"content":{"rendered":"<h1>Projecteurs<\/h1>\n<p>Une petite s\u00e9lection de projecteurs professionnels, silencieux et extr\u00eamement puissants. Si vous \u00eates int\u00e9ress\u00e9 par les vid\u00e9oprojecteurs, n'h\u00e9sitez pas \u00e0 nous contacter, nous trouverons le mod\u00e8le qui vous convient, exactement adapt\u00e9 \u00e0 vos besoins.<\/p>\n<h2>Panasonic projecteur LCD PT-EW630U<\/h2>\n<p><a href=\"https:\/\/konferenztechnik.de\/wp-content\/uploads\/2013\/08\/Panasonic_LCD-Projektor-PT-EW630U.jpg\"><img fetchpriority=\"high\" decoding=\"async\" width=\"900\" height=\"698\" class=\"alignnone size-full wp-image-4817\" src=\"https:\/\/konferenztechnik.de\/wp-content\/uploads\/2013\/08\/Panasonic_LCD-Projektor-PT-EW630U.jpg\" alt=\"Panasonic Projecteur LCD PT-EW630U\" title=\"\" srcset=\"https:\/\/konferenztechnik.de\/wp-content\/uploads\/2013\/08\/Panasonic_LCD-Projektor-PT-EW630U.jpg 900w, https:\/\/konferenztechnik.de\/wp-content\/uploads\/2013\/08\/Panasonic_LCD-Projektor-PT-EW630U-300x233.jpg 300w, https:\/\/konferenztechnik.de\/wp-content\/uploads\/2013\/08\/Panasonic_LCD-Projektor-PT-EW630U-768x596.jpg 768w\" sizes=\"(max-width: 900px) 100vw, 900px\" \/><\/a><\/p>\n<p>Panasonic projecteur LCD PT-EW630U<\/p>\n<p>Le projecteur LCD PT- EW630U de Panasonic offre une r\u00e9solution WXGA (1.280 x 800), une luminosit\u00e9 de 5.500 lumens et un rapport de contraste de 5.000 : 1.<br \/>\nIl peut \u00eatre utilis\u00e9 de mani\u00e8re polyvalente, par exemple dans une salle de classe, un amphith\u00e9\u00e2tre ou un bureau, et offre un fonctionnement sans entretien pouvant aller jusqu'\u00e0 10.000 heures.<\/p>\n<h2>Panasonic projecteur LCD PT-EW630U<\/h2>\n<p>Sp\u00e9cifications<\/p>\n<ul>\n<li>Taille du panneau (diagonale) : 19,0 mm (0,75 \") de diagonale<\/li>\n<li>Rapport d'aspect : 16.10<\/li>\n<li>M\u00e9thode d'affichage : Panneau LCD transparent (x 3, R \/ G \/ B)<\/li>\n<li>R\u00e9solution : WXGA (1.280 x 800 pixels)<\/li>\n<li>Taille de l'\u00e9cran : de 1,02 \u00e0 10,16 m<\/li>\n<li>Lampe : Lampe UHM 330 W x 1<\/li>\n<li>Cycle de remplacement de la lampe : 3.000 heures1 (puissance de la lampe : normale) \u2013 4.000 heures1 (puissance de la lampe ECO)<\/li>\n<li>Luminosit\u00e9 : 5.500 lumens 2<\/li>\n<li>Taux de contraste : 5000 : 12 (Full On \/ Full Off, puissance de la lampe : AUTO)<\/li>\n<li>Contr\u00f4le (compatible RS-232C)<\/li>\n<li>REMOTE IN : M3 x 1 pour t\u00e9l\u00e9commande \u00e0 c\u00e2ble<\/li>\n<li>alimentation \u00e9lectrique : 100-240 V AC, 50\/60 Hz<\/li>\n<li>Consommation \u00e9lectrique : 490 W (492 VA) (0,4 W avec STANDBY MODE sur ECO4 11 W avec STANDBY MODE sur NETWORK<\/li>\n<li>Dimensions (LxHxP) : 489.5mm x 164mm5 x 434 mm (19-9 \/ 32 x 6-15 \/ 325 x 17-3 \/ 32 pouces) (avec l'objectif fourni)<\/li>\n<li>Obturateur m\u00e9canique : oui<\/li>\n<li>Filtre : x 1, cycle de remplacement recommand\u00e9 : 12.000 heures<\/li>\n<li>Plage de correction de la distorsion trap\u00e9zo\u00efdale : Vertical : \u00b1 40 \u00b0 7, Horizontal : \u00b1 30 \u00b0 8<\/li>\n<li>D\u00e9calage de l'axe optique : Vertical : \u00b1 60% (powered), horizontal : \u00b1 10% (powered) 9<\/li>\n<li>Poids : environ (ca..). 10,3 kg (22,7 \u00a3) (avec l'objectif fourni) 10<\/li>\n<li>Haut-parleur int\u00e9gr\u00e9 : puissance de sortie de 10 W (mono)<\/li>\n<li>Niveau sonore : 37 dB (LAMP POWER : NORMAL), 31 dB (LAMP POWER : ECO 1 \/ ECO 2)<\/li>\n<li>Accessoires fournis : Cordon d'alimentation, Support pour cordon d'alimentation, Unit\u00e9 de commande \u00e0 distance sans fil \/ c\u00e2bl\u00e9e, Piles (R03 \/ LR03AAA type x 2), C\u00e2ble d'ordinateur, Logiciel<\/li>\n<\/ul>\n<h2>Barco PHXG-91B<\/h2>\n<p><a href=\"https:\/\/konferenztechnik.de\/wp-content\/uploads\/2013\/08\/barco-PHWU-81b.jpg\"><img decoding=\"async\" width=\"900\" height=\"674\" class=\"alignleft size-full wp-image-4267\" src=\"https:\/\/konferenztechnik.de\/wp-content\/uploads\/2013\/08\/barco-PHWU-81b.jpg\" alt=\"Barco Beamer PHXG-91B\" title=\"\" srcset=\"https:\/\/konferenztechnik.de\/wp-content\/uploads\/2013\/08\/barco-PHWU-81b.jpg 900w, https:\/\/konferenztechnik.de\/wp-content\/uploads\/2013\/08\/barco-PHWU-81b-300x225.jpg 300w, https:\/\/konferenztechnik.de\/wp-content\/uploads\/2013\/08\/barco-PHWU-81b-768x575.jpg 768w\" sizes=\"(max-width: 900px) 100vw, 900px\" \/><\/a><\/p>\n<p>Barco \u2013 8,500 Lumen, XGA, single-chip DLP Present Projector<\/p>\n<p>Ce projecteur de 8.500 lumens avec r\u00e9solution XGA est parfait pour les projections professionnelles sur grand \u00e9cran dans votre salle de r\u00e9union ou de conf\u00e9rence \u00e9l\u00e9gante.<\/p>\n<h2>Barco PHXG-91B<\/h2>\n<ul>\n<li>Un design \u00e9l\u00e9gant qui s'int\u00e8gre parfaitement dans votre int\u00e9rieur<\/li>\n<li>Images de haute qualit\u00e9 avec un niveau de d\u00e9tail incomparable et un contraste maximal<\/li>\n<li>Bouton-free et Cable-free pour une utilisation simple et moins d'enchev\u00eatrement de c\u00e2bles<\/li>\n<li>Technologie DLP fiable<\/li>\n<li>Facilement extensible \"future connectivity add-ons<\/li>\n<li>Co\u00fbts r\u00e9duits gr\u00e2ce \u00e0 la technologie DLP et \u00e0 l'optique scell\u00e9e<\/li>\n<li>Le mode d'image pr\u00e9r\u00e9gl\u00e9 permet une gestion flexible des couleurs<\/li>\n<li>Menu de commande intuitif avec les fonctions les plus fr\u00e9quemment utilis\u00e9es<\/li>\n<li>T\u00e9l\u00e9commande facile \u00e0 utiliser. Vous n'avez besoin que d'un seul bouton !<\/li>\n<\/ul>\n<h2>ClickShare Inside<\/h2>\n<p>Ce projecteur prend en charge des modules de connexion optionnels. Il peut ainsi \u00eatre facilement mis \u00e0 niveau avec des fonctions suppl\u00e9mentaires et \u00eatre utilis\u00e9 \u00e0 l'avenir. Bas\u00e9e sur le syst\u00e8me de pr\u00e9sentation sans fil Click Share de Barco, l'option 'Click Inside' peut \u00eatre int\u00e9gr\u00e9e au vid\u00e9oprojecteur et vous permet d'envoyer et de partager sans fil le contenu de l'\u00e9cran de votre ordinateur portable vers le vid\u00e9oprojecteur en un seul clic et sans c\u00e2ble \u2013 pour une v\u00e9ritable collaboration.<\/p>\n<h2>Panasonic projecteur laser DLP PT-RW330E LE<\/h2>\n<p><a href=\"https:\/\/konferenztechnik.de\/wp-content\/uploads\/2013\/08\/projektor-panasonic_PT-RW330E.jpg\"><img decoding=\"async\" width=\"468\" height=\"312\" class=\"alignleft size-full wp-image-4268\" src=\"https:\/\/konferenztechnik.de\/wp-content\/uploads\/2013\/08\/projektor-panasonic_PT-RW330E.jpg\" alt=\"Panasonic Projecteur laser DLP PT-RW330E LED\" title=\"\" srcset=\"https:\/\/konferenztechnik.de\/wp-content\/uploads\/2013\/08\/projektor-panasonic_PT-RW330E.jpg 468w, https:\/\/konferenztechnik.de\/wp-content\/uploads\/2013\/08\/projektor-panasonic_PT-RW330E-300x200.jpg 300w\" sizes=\"(max-width: 468px) 100vw, 468px\" \/><\/a><\/p>\n<p>Le projecteur DLP \u00e0 LED\/laser PT-RW330 fait partie de la s\u00e9rie de projecteurs SOLID SHINE de Panasonic. Il offre une grande fiabilit\u00e9 et une luminosit\u00e9 durable qui ne pouvaient pas \u00eatre obtenues jusqu'\u00e0 pr\u00e9sent avec des projecteurs 'traditionnels'.<\/p>\n<h2>Panasonic projecteur laser DLP PT-RW330E LE<\/h2>\n<ul>\n<li>Luminosit\u00e9 de 3 500 lm avec r\u00e9solution WXGA<\/li>\n<li>Rapport de contraste de 10.000:1<\/li>\n<li>Jusqu'\u00e0 20 000 heures de fonctionnement sans entretien<\/li>\n<li>La conception LED\/laser garantit qu'il n'est pas n\u00e9cessaire de remplacer une lampe ou un filtre.<\/li>\n<li>Qualit\u00e9 d'image durable et reproduction des couleurs sup\u00e9rieure<\/li>\n<li>Gr\u00e2ce \u00e0 la compatibilit\u00e9 DIGITAL LINK, les signaux vid\u00e9o, audio et de contr\u00f4le peuvent \u00eatre transmis jusqu'\u00e0 100 m\u00e8tres via un seul c\u00e2ble LAN.<\/li>\n<\/ul>\n<h2>Sans entretien<\/h2>\n<p>La nouvelle combinaison LED\/laser comme source de lumi\u00e8re dans les projecteurs garantit environ 20.000 heures de fonctionnement sans qu'il soit n\u00e9cessaire de remplacer une lampe ou un filtre. Cela permet de r\u00e9duire consid\u00e9rablement les co\u00fbts et les efforts de maintenance.<\/p>\n<h2>Grande fiabilit\u00e9<\/h2>\n<p>Avec le syst\u00e8me de refroidissement sp\u00e9cialement con\u00e7u pour la nouvelle source lumineuse et la construction du bo\u00eetier prot\u00e9g\u00e9e contre la poussi\u00e8re, le syst\u00e8me a \u00e9t\u00e9 con\u00e7u en particulier pour une s\u00e9curit\u00e9 de fonctionnement maximale. Il permet une utilisation fiable du projecteur, m\u00eame sur une longue p\u00e9riode.<\/p>\n<h2>Installation flexible<\/h2>\n<p>Les fonctions du syst\u00e8me telles que l'objectif \u00e0 double zoom, la grande plage de lens shift et la possibilit\u00e9 de montage \u00e0 360\u00b0 offrent une grande flexibilit\u00e9 d'installation. La compatibilit\u00e9 avec DIGITAL LINK permet la transmission de signaux num\u00e9riques avec un seul c\u00e2ble LAN \u2013, m\u00eame sur de longues distances.<\/p>\n<h2>Qu'est-ce que DIGITAL LINK ?<\/h2>\n<p>DIGITAL LINK permet la transmission simultan\u00e9e de signaux vid\u00e9o, audio et de commande jusqu'\u00e0 100 m\u00e8tres sur un seul c\u00e2ble r\u00e9seau CAT5e\/6. Cela simplifie le c\u00e2blage ou l'extension future du syst\u00e8me et permet de r\u00e9duire les co\u00fbts qui y sont li\u00e9s.<\/p>\n<h2>Sony Projecteur interactif \u00e0 focale ultra-courte VPL-SW536C<\/h2>\n<p><a href=\"https:\/\/konferenztechnik.de\/wp-content\/uploads\/2013\/08\/kurzdistanz-projektor-sony-VPL-SW536C.jpeg\"><img loading=\"lazy\" decoding=\"async\" width=\"558\" height=\"336\" class=\"alignleft size-full wp-image-4269\" src=\"https:\/\/konferenztechnik.de\/wp-content\/uploads\/2013\/08\/kurzdistanz-projektor-sony-VPL-SW536C.jpeg\" alt=\"Sony Projecteur interactif \u00e0 focale ultra-courte VPL-SW536C\" title=\"\" srcset=\"https:\/\/konferenztechnik.de\/wp-content\/uploads\/2013\/08\/kurzdistanz-projektor-sony-VPL-SW536C.jpeg 558w, https:\/\/konferenztechnik.de\/wp-content\/uploads\/2013\/08\/kurzdistanz-projektor-sony-VPL-SW536C-300x181.jpeg 300w\" sizes=\"(max-width: 558px) 100vw, 558px\" \/><\/a><\/p>\n<h2>Sony Projecteur interactif \u00e0 focale ultra-courte VPL-SW536C<\/h2>\n<p>Ce projecteur \u00e9conomique et interactif \u00e0 focale ultra-courte, dot\u00e9 de la fonction Wi-Fi, cr\u00e9e les conditions de base pour des pr\u00e9sentations lumineuses et efficaces dans les salles de classe ou les \u00e9tablissements d'enseignement. Con\u00e7u pour un montage mural dans des salles de petite ou moyenne taille, il projette des images nettes et bien visibles sur l'\u00e9cran, le mur ou le tableau blanc. Comme le projecteur est plac\u00e9 tr\u00e8s pr\u00e8s de l'\u00e9cran, il n'\u00e9blouit ni les \u00e9l\u00e8ves\/\u00e9tudiants ni les enseignants\/professeurs.<\/p>\n<h2>Sony Projecteur interactif \u00e0 focale ultra-courte VPL-SW536C<\/h2>\n<ul>\n<li>Le logiciel interactif pour deux stylos (inclus) permet \u00e0 l'enseignant et \u00e0 l'\u00e9l\u00e8ve de dessiner et d'\u00e9crire simultan\u00e9ment gr\u00e2ce \u00e0 la reconnaissance de l'\u00e9criture manuscrite. Lors de la cr\u00e9ation de tableaux et de diagrammes, vous disposez d'outils graphiques 2D et 2D polyvalents ainsi que de fonctions de formule et de calcul. Vous pouvez modifier des objets et faire des captures d'\u00e9cran pour les dossiers des \u00e9l\u00e8ves.<\/li>\n<li>Des images extr\u00eamement claires et lumineuses avec une puissance lumineuse couleur maximale de 3100 lumens. La puissance lumineuse \u00e9lev\u00e9e du projecteur garantit que les pr\u00e9sentations sont bien visibles dans n'importe quelle salle de classe ou de r\u00e9union. Trois niveaux de luminosit\u00e9 permettent d'adapter la projection \u00e0 chaque situation d'\u00e9clairage \u2013 de la lumi\u00e8re du jour \u00e0 l'obscurit\u00e9.<\/li>\n<li><em>R\u00e9solution WXGA pour des pr\u00e9sentations d\u00e9taill\u00e9es<\/em>. La r\u00e9solution WXGA (1280 x 800) montre tous les d\u00e9tails et convient donc parfaitement aux pr\u00e9sentations faites directement \u00e0 partir d'un ordinateur portable ou d'un PC.<\/li>\n<li><em>Technologie 3LCD BrightEra\u2122<\/em>. Le syst\u00e8me de panneau 3LCD efficace du projecteur est compl\u00e9t\u00e9 par la technologie avanc\u00e9e BrightEra\u2122 de Sony. On voit tout de suite la diff\u00e9rence : des images d'une luminosit\u00e9 impressionnante, en haute r\u00e9solution, et une grande fiabilit\u00e9 du panneau.<\/li>\n<li><em>Six modes d'image pour chaque application<\/em>. Gr\u00e2ce aux six modes d'image Dynamic, Standard, Game, Blackboard, Cinema et Presentation \u2013, la qualit\u00e9 d'image peut \u00eatre r\u00e9gl\u00e9e de mani\u00e8re optimale pour chaque mat\u00e9riel source. Les modes d'image peuvent \u00eatre combin\u00e9s avec trois modes de luminosit\u00e9 (\u00e9lev\u00e9, moyen, faible) afin d'adapter la projection \u00e0 presque toutes les conditions de pr\u00e9sentation.<\/li>\n<li><em>Fonction Wi-Fi pour faciliter l'\u00e9change de donn\u00e9es<\/em>. Le module USB WLAN IFU-WLM3 en option permet de se connecter \u00e0 d'autres appareils dans la salle de classe, tels que des PC, des smartphones et des tablettes.<\/li>\n<li><em>Pr\u00e9senter depuis n'importe quel PC via le r\u00e9seau<\/em>. Les pr\u00e9sentations peuvent \u00eatre facilement projet\u00e9es soit sans fil (avec un module Wi-Fi en option), soit via un c\u00e2ble LAN \u00e0 partir de n'importe quel PC connect\u00e9 au r\u00e9seau. Les fonctions et l'\u00e9tat du projecteur peuvent \u00e9galement \u00eatre consult\u00e9s et g\u00e9r\u00e9s \u00e0 partir de n'importe quel PC enseignant du r\u00e9seau.<\/li>\n<li>Afficher les images directement via USB. Le port USB permet d'afficher des photos, des images et des graphiques m\u00eame sans PC.<\/li>\n<li>Gr\u00e2ce \u00e0 la r\u00e9duction de l'entretien, qui a \u00e9galement un effet positif sur les co\u00fbts d'exploitation, vous pouvez d\u00e9sormais enseigner plus longtemps sans interruption. Les cycles de nettoyage des filtres sont synchronis\u00e9s avec le remplacement des lampes, ce qui r\u00e9duit encore les besoins en maintenance.<\/li>\n<li><em>\u00c9conomiser l'\u00e9nergie en appuyant sur un bouton<\/em>. La touche ECO MODE du projecteur ou de la t\u00e9l\u00e9commande permet d'acc\u00e9der \u00e0 une s\u00e9rie de param\u00e8tres d'\u00e9conomie d'\u00e9nergie.<\/li>\n<li>La gradation automatique est activ\u00e9e. Si aucun signal n'est inject\u00e9 ou si un certain temps pr\u00e9d\u00e9fini s'est \u00e9coul\u00e9, la luminosit\u00e9 du projecteur peut \u00eatre automatiquement r\u00e9duite. Cela permet d'\u00e9conomiser de l'\u00e9nergie et de r\u00e9duire la facture d'\u00e9lectricit\u00e9.<\/li>\n<li><em>Ajustement automatique de la luminosit\u00e9<\/em>. La puissance de sortie du laser s'adapte automatiquement au contenu de l'image. De cette mani\u00e8re, l'appareil \u00e9conomise de l'\u00e9nergie lors de sc\u00e8nes peu lumineuses.<\/li>\n<li><em>Suppression d'image \u00e0 faible consommation d'\u00e9nergie<\/em>. Il suffit d'appuyer sur une touche de la t\u00e9l\u00e9commande du projecteur pour que l'image s'\u00e9teigne imm\u00e9diatement. Cela permet de r\u00e9duire la consommation d'\u00e9nergie de 75 %. Il suffit d'appuyer \u00e0 nouveau sur la touche pour que le projecteur affiche \u00e0 nouveau l'image instantan\u00e9ment, ce qui permet de poursuivre la pr\u00e9sentation.<\/li>\n<li><em>D\u00e9tection automatique rapide et simple des entr\u00e9es<\/em>. Le projecteur d\u00e9tecte automatiquement la bonne connexion, ce qui facilite et acc\u00e9l\u00e8re l'installation.<\/li>\n<li><em>Facile \u00e0 installer<\/em>. Le zoom optique ajustable et le lens shift permettent d'installer rapidement et facilement l'appareil dans n'importe quelle salle de classe. Les connexions polyvalentes facilitent la connexion avec des PC, des lecteurs DVD, des microphones et d'autres appareils AV.<\/li>\n<li><em>Mesures de s\u00e9curit\u00e9 int\u00e9gr\u00e9es<\/em>. Le projecteur est prot\u00e9g\u00e9 contre le vol par un code PIN et des verrous de s\u00e9curit\u00e9 solides.<\/li>\n<\/ul>\n<h2>Optique pour projecteurs<\/h2>\n<p><a href=\"https:\/\/konferenztechnik.de\/wp-content\/uploads\/2013\/08\/sony_objektiv_vpll1008_gross.jpg\"><img loading=\"lazy\" decoding=\"async\" class=\"size-full wp-image-1180\" src=\"https:\/\/konferenztechnik.de\/wp-content\/uploads\/2013\/08\/sony_objektiv_vpll1008_gross.jpg\" alt=\"Objectif Sony VPLL1008\" width=\"687\" height=\"627\" title=\"\" srcset=\"https:\/\/konferenztechnik.de\/wp-content\/uploads\/2013\/08\/sony_objektiv_vpll1008_gross.jpg 687w, https:\/\/konferenztechnik.de\/wp-content\/uploads\/2013\/08\/sony_objektiv_vpll1008_gross-300x274.jpg 300w\" sizes=\"(max-width: 687px) 100vw, 687px\" \/><\/a> Objectif Sony VPLL1008<\/p>\n<h2>Optique pour projecteurs<\/h2>\n<p>Gr\u00e2ce \u00e0 diff\u00e9rentes optiques, les projecteurs professionnels peuvent \u00eatre adapt\u00e9s \u00e0 presque toutes les distances et tailles d'\u00e9cran. Nous prenons en compte tous les param\u00e8tres importants dans notre planification et vous soumettons des recommandations pour l'utilisation correcte de vos projecteurs, avec les optiques appropri\u00e9es et les accessoires n\u00e9cessaires.<\/p>","protected":false},"excerpt":{"rendered":"<p>Projecteurs Une petite s\u00e9lection de projecteurs professionnels, silencieux et extr\u00eamement puissants. Si vous \u00eates int\u00e9ress\u00e9 par les vid\u00e9oprojecteurs, n'h\u00e9sitez pas \u00e0 nous contacter, nous trouverons le mod\u00e8le qui convient, exactement adapt\u00e9 \u00e0 vos besoins. Panasonic projecteur LCD PT-EW630U Panasonic projecteur LCD PT-EW630U Le projecteur LCD PT- EW630U de Panasonic offre une r\u00e9solution WXGA (1.280 x 800), une luminosit\u00e9 de 5.500 lumens [...].<\/p>","protected":false},"author":1,"featured_media":45482,"parent":1138,"menu_order":230,"comment_status":"closed","ping_status":"open","template":"","meta":{"_acf_changed":false,"footnotes":""},"class_list":["post-1141","page","type-page","status-publish","has-post-thumbnail","hentry"],"acf":[],"_links":{"self":[{"href":"https:\/\/konferenztechnik.de\/fr\/wp-json\/wp\/v2\/pages\/1141","targetHints":{"allow":["GET"]}}],"collection":[{"href":"https:\/\/konferenztechnik.de\/fr\/wp-json\/wp\/v2\/pages"}],"about":[{"href":"https:\/\/konferenztechnik.de\/fr\/wp-json\/wp\/v2\/types\/page"}],"author":[{"embeddable":true,"href":"https:\/\/konferenztechnik.de\/fr\/wp-json\/wp\/v2\/users\/1"}],"replies":[{"embeddable":true,"href":"https:\/\/konferenztechnik.de\/fr\/wp-json\/wp\/v2\/comments?post=1141"}],"version-history":[{"count":0,"href":"https:\/\/konferenztechnik.de\/fr\/wp-json\/wp\/v2\/pages\/1141\/revisions"}],"up":[{"embeddable":true,"href":"https:\/\/konferenztechnik.de\/fr\/wp-json\/wp\/v2\/pages\/1138"}],"wp:featuredmedia":[{"embeddable":true,"href":"https:\/\/konferenztechnik.de\/fr\/wp-json\/wp\/v2\/media\/45482"}],"wp:attachment":[{"href":"https:\/\/konferenztechnik.de\/fr\/wp-json\/wp\/v2\/media?parent=1141"}],"curies":[{"name":"wp","href":"https:\/\/api.w.org\/{rel}","templated":true}]}}