{"id":11576,"date":"2017-09-23T16:32:36","date_gmt":"2017-09-23T14:32:36","guid":{"rendered":"https:\/\/www.konferenztechnik.de\/?page_id=11576"},"modified":"2023-07-21T10:09:37","modified_gmt":"2023-07-21T08:09:37","slug":"location-de-materiel-de-conference-a-augsbourg","status":"publish","type":"page","link":"https:\/\/konferenztechnik.de\/fr\/location-de-materiel-de-conference-a-augsbourg\/","title":{"rendered":"Location de mat\u00e9riel de conf\u00e9rence Augsbourg"},"content":{"rendered":"<div data-elementor-type=\"wp-page\" data-elementor-id=\"11576\" class=\"elementor elementor-11576\" data-elementor-post-type=\"page\">\n\t\t\t\t<div data-particle_enable=\"false\" data-particle-mobile-disabled=\"false\" class=\"elementor-element elementor-element-58ff7bd9 e-flex e-con-boxed e-con e-parent\" data-id=\"58ff7bd9\" data-element_type=\"container\">\n\t\t\t\t\t<div class=\"e-con-inner\">\n\t\t\t\t<div class=\"elementor-element elementor-element-35015433 elementor-widget elementor-widget-heading\" data-id=\"35015433\" data-element_type=\"widget\" data-settings=\"{&quot;_animation&quot;:&quot;none&quot;}\" data-widget_type=\"heading.default\">\n\t\t\t\t<div class=\"elementor-widget-container\">\n\t\t\t\t\t<h1 class=\"elementor-heading-title elementor-size-default\">Location de mat\u00e9riel de conf\u00e9rence Augsbourg, location de mat\u00e9riel vid\u00e9o, audio et simultan\u00e9 en Souabe<\/h1>\t\t\t\t<\/div>\n\t\t\t\t<\/div>\n\t\t\t\t<div class=\"elementor-element elementor-element-17315957 elementor-widget-widescreen__width-inherit elementor-widget elementor-widget-image\" data-id=\"17315957\" data-element_type=\"widget\" data-widget_type=\"image.default\">\n\t\t\t\t<div class=\"elementor-widget-container\">\n\t\t\t\t\t\t\t\t\t\t\t\t\t\t\t<img fetchpriority=\"high\" decoding=\"async\" width=\"850\" height=\"380\" src=\"https:\/\/konferenztechnik.de\/wp-content\/uploads\/2017\/05\/veranstaltungstechnik-augsburg.jpg\" class=\"attachment-full size-full wp-image-10001\" alt=\"\" srcset=\"https:\/\/konferenztechnik.de\/wp-content\/uploads\/2017\/05\/veranstaltungstechnik-augsburg.jpg 850w, https:\/\/konferenztechnik.de\/wp-content\/uploads\/2017\/05\/veranstaltungstechnik-augsburg-300x134.jpg 300w, https:\/\/konferenztechnik.de\/wp-content\/uploads\/2017\/05\/veranstaltungstechnik-augsburg-768x343.jpg 768w\" sizes=\"(max-width: 850px) 100vw, 850px\" title=\"\">\t\t\t\t\t\t\t\t\t\t\t\t\t\t\t<\/div>\n\t\t\t\t<\/div>\n\t\t<div data-particle_enable=\"false\" data-particle-mobile-disabled=\"false\" class=\"elementor-element elementor-element-a2b1657 e-flex e-con-boxed e-con e-parent\" data-id=\"a2b1657\" data-element_type=\"container\">\n\t\t\t\t\t<div class=\"e-con-inner\">\n\t\t\t\t<div class=\"elementor-element elementor-element-4917fe20 elementor-align-left elementor-widget elementor-widget-button\" data-id=\"4917fe20\" data-element_type=\"widget\" data-widget_type=\"button.default\">\n\t\t\t\t<div class=\"elementor-widget-container\">\n\t\t\t\t\t\t\t\t\t<div class=\"elementor-button-wrapper\">\n\t\t\t\t\t<a class=\"elementor-button elementor-button-link elementor-size-lg\" href=\"#serviceteam\">\n\t\t\t\t\t\t<span class=\"elementor-button-content-wrapper\">\n\t\t\t\t\t\t<span class=\"elementor-button-icon\">\n\t\t\t\t<svg aria-hidden=\"true\" class=\"e-font-icon-svg e-far-arrow-alt-circle-down\" viewbox=\"0 0 512 512\" xmlns=\"http:\/\/www.w3.org\/2000\/svg\"><path d=\"M256 8C119 8 8 119 8 256s111 248 248 248 248-111 248-248S393 8 256 8zm0 448c-110.5 0-200-89.5-200-200S145.5 56 256 56s200 89.5 200 200-89.5 200-200 200zm-32-316v116h-67c-10.7 0-16 12.9-8.5 20.5l99 99c4.7 4.7 12.3 4.7 17 0l99-99c7.6-7.6 2.2-20.5-8.5-20.5h-67V140c0-6.6-5.4-12-12-12h-40c-6.6 0-12 5.4-12 12z\"><\/path><\/svg>\t\t\t<\/span>\n\t\t\t\t\t\t\t\t\t<span class=\"elementor-button-text\">Demander maintenant<\/span>\n\t\t\t\t\t<\/span>\n\t\t\t\t\t<\/a>\n\t\t\t\t<\/div>\n\t\t\t\t\t\t\t\t<\/div>\n\t\t\t\t<\/div>\n\t\t\t\t\t<\/div>\n\t\t\t\t<\/div>\n\t\t<div data-particle_enable=\"false\" data-particle-mobile-disabled=\"false\" class=\"elementor-element elementor-element-33aa92d0 e-flex e-con-boxed e-con e-parent\" data-id=\"33aa92d0\" data-element_type=\"container\">\n\t\t\t\t\t<div class=\"e-con-inner\">\n\t\t\t\t<div class=\"elementor-element elementor-element-87be774 elementor-widget__width-inherit smart-post-list-4-col elementor-hidden-mobile elementor-widget elementor-widget-eael-post-list\" data-id=\"87be774\" data-element_type=\"widget\" data-settings=\"{&quot;_animation&quot;:&quot;none&quot;}\" data-widget_type=\"eael-post-list.default\">\n\t\t\t\t<div class=\"elementor-widget-container\">\n\t\t\t\t\t<div class=\"eael-post-list-container advanced layout-advanced\"><div class=\"eael-post-list-wrap\"><div class=\"eael-post-list-posts-wrap eael-post-appender eael-post-appender-87be774\"><div class=\"eael-post-list-post\"><div class=\"eael-post-list-post-inner\"><div class=\"eael-post-list-thumbnail\"><a href=\"https:\/\/konferenztechnik.de\/fr\/louer-acheter-installer-des-systemes-de-transport-de-personnes\/\">\n                <img decoding=\"async\" src=\"https:\/\/konferenztechnik.de\/wp-content\/uploads\/2023\/07\/personenfuehrungsanlage-mieten-kaufen-jpg.webp\" alt=\"L&#039;homme parle dans le microphone, le spectateur \u00e9coute avec le syst\u00e8me de guide touristique lors d&#039;une visite. Louer, acheter, prendre en leasing des syst\u00e8mes de guidage de personnes chez PCS.\" title=\"\">\n            <\/a><\/div><div class=\"eael-post-list-content\"><h3 class=\"eael-post-list-title\"><a href=\"https:\/\/konferenztechnik.de\/fr\/louer-acheter-installer-des-systemes-de-transport-de-personnes\/\" >Installations de guidage de personnes<\/a><\/h3><p>Syst\u00e8mes de tourguide, syst\u00e8mes de guidage, syst\u00e8mes de chuchotage ou PFA, casques, microphones, unit\u00e9s de chargement, mallettes de transport, accessoires<\/p><a href=\"https:\/\/konferenztechnik.de\/fr\/louer-acheter-installer-des-systemes-de-transport-de-personnes\/\" class=\"eael-post-elements-readmore-btn\" >\u203a plus<\/a><div class=\"boxed-meta\"><\/div><\/div><\/div><\/div><div class=\"eael-post-list-post\"><div class=\"eael-post-list-post-inner\"><div class=\"eael-post-list-thumbnail\"><a href=\"https:\/\/konferenztechnik.de\/fr\/recepteur-de-conference-recepteur-decouteurs\/\">\n                <img decoding=\"async\" src=\"https:\/\/konferenztechnik.de\/wp-content\/uploads\/2023\/06\/kopfhoerer-empfaenger-jpg.webp\" alt=\"deux r\u00e9cepteurs de conf\u00e9rence plac\u00e9s sur une table de conf\u00e9rence, avec des \u00e9couteurs pour l&#039;\u00e9coute des langues interpr\u00e9t\u00e9es\" title=\"\">\n            <\/a><\/div><div class=\"eael-post-list-content\"><h3 class=\"eael-post-list-title\"><a href=\"https:\/\/konferenztechnik.de\/fr\/recepteur-de-conference-recepteur-decouteurs\/\" >R\u00e9cepteur de conf\u00e9rence, r\u00e9cepteur de casque<\/a><\/h3><p>Louer des r\u00e9cepteurs de conf\u00e9rence : R\u00e9cepteurs et casques pour conf\u00e9rences avec interpr\u00e9tation simultan\u00e9e<\/p><a href=\"https:\/\/konferenztechnik.de\/fr\/recepteur-de-conference-recepteur-decouteurs\/\" class=\"eael-post-elements-readmore-btn\" >\u203a plus<\/a><div class=\"boxed-meta\"><\/div><\/div><\/div><\/div><div class=\"eael-post-list-post\"><div class=\"eael-post-list-post-inner\"><div class=\"eael-post-list-thumbnail\"><a href=\"https:\/\/konferenztechnik.de\/fr\/systemes-de-discussion-postes-dinterphonie-louer-acheter-installer-leasing\/\">\n                <img decoding=\"async\" src=\"https:\/\/konferenztechnik.de\/wp-content\/uploads\/2023\/06\/diskussionsanlage-sprechstellen-tischmikrofone.jpg\" alt=\"Postes de table r\u00e9partis sur une table de conf\u00e9rence, avec microphones \u00e0 col de cygne\" title=\"\">\n            <\/a><\/div><div class=\"eael-post-list-content\"><h3 class=\"eael-post-list-title\"><a href=\"https:\/\/konferenztechnik.de\/fr\/systemes-de-discussion-postes-dinterphonie-louer-acheter-installer-leasing\/\" >Syst\u00e8mes de discussion, Postes d'interphonie \u2013 louer, acheter, installer, leasing<\/a><\/h3><p>Syst\u00e8mes de discussion, Postes d'interphonie \u2013 louer, acheter, installer, leasing<\/p><a href=\"https:\/\/konferenztechnik.de\/fr\/systemes-de-discussion-postes-dinterphonie-louer-acheter-installer-leasing\/\" class=\"eael-post-elements-readmore-btn\" >\u203a plus<\/a><div class=\"boxed-meta\"><\/div><\/div><\/div><\/div><div class=\"eael-post-list-post\"><div class=\"eael-post-list-post-inner\"><div class=\"eael-post-list-thumbnail\"><a href=\"https:\/\/konferenztechnik.de\/fr\/cabines-dinterpretation-et-cabines-dorateur\/\">\n                <img decoding=\"async\" src=\"https:\/\/konferenztechnik.de\/wp-content\/uploads\/2022\/06\/dolmetscherkabine-sprecherkabine-mieten-kaufen-leasen-jpg.webp\" alt=\"Cabine d&#039;interpr\u00e9tation pour 2 interpr\u00e8tes simultan\u00e9s*.\" title=\"\">\n            <\/a><\/div><div class=\"eael-post-list-content\"><h3 class=\"eael-post-list-title\"><a href=\"https:\/\/konferenztechnik.de\/fr\/cabines-dinterpretation-et-cabines-dorateur\/\" >Cabines d'interpr\u00e9tation et cabines de conf\u00e9renciers<\/a><\/h3><p>La cabine d'interpr\u00e9tation est le lieu de travail des interpr\u00e8tes simultan\u00e9s*.<\/p><a href=\"https:\/\/konferenztechnik.de\/fr\/cabines-dinterpretation-et-cabines-dorateur\/\" class=\"eael-post-elements-readmore-btn\" >\u203a plus<\/a><div class=\"boxed-meta\"><\/div><\/div><\/div><\/div><div class=\"eael-post-list-post\"><div class=\"eael-post-list-post-inner\"><div class=\"eael-post-list-thumbnail\"><a href=\"https:\/\/konferenztechnik.de\/fr\/pupitres-dinterpretation\/\">\n                <img decoding=\"async\" src=\"https:\/\/konferenztechnik.de\/wp-content\/uploads\/2022\/06\/dolmetscherpulte-mieten-kaufen-leasen-jpg.webp\" alt=\"Pupitre d&#039;interpr\u00e9tation Televic\" title=\"\">\n            <\/a><\/div><div class=\"eael-post-list-content\"><h3 class=\"eael-post-list-title\"><a href=\"https:\/\/konferenztechnik.de\/fr\/pupitres-dinterpretation\/\" >Pupitres d'interpr\u00e9tation<\/a><\/h3><p>L'\u00e9quipement de base d'une cabine d'interpr\u00e9tation comprend un pupitre d'interpr\u00e9tation.<\/p><a href=\"https:\/\/konferenztechnik.de\/fr\/pupitres-dinterpretation\/\" class=\"eael-post-elements-readmore-btn\" >\u203a plus<\/a><div class=\"boxed-meta\"><\/div><\/div><\/div><\/div><\/div><\/div>\n\t\t<\/div>\t\t\t\t<\/div>\n\t\t\t\t<\/div>\n\t\t\t\t\t<\/div>\n\t\t\t\t<\/div>\n\t\t\t\t\t<\/div>\n\t\t\t\t<\/div>\n\t\t<div data-particle_enable=\"false\" data-particle-mobile-disabled=\"false\" class=\"elementor-element elementor-element-20a4b2f4 e-flex e-con-boxed e-con e-parent\" data-id=\"20a4b2f4\" data-element_type=\"container\">\n\t\t\t\t\t<div class=\"e-con-inner\">\n\t\t\t\t<div class=\"elementor-element elementor-element-48bf961b elementor-widget elementor-widget-image\" data-id=\"48bf961b\" data-element_type=\"widget\" data-widget_type=\"image.default\">\n\t\t\t\t<div class=\"elementor-widget-container\">\n\t\t\t\t\t\t\t\t\t\t\t\t\t\t\t<img decoding=\"async\" width=\"1200\" height=\"450\" src=\"https:\/\/konferenztechnik.de\/wp-content\/uploads\/2016\/10\/events-fullservice.jpg\" class=\"attachment-full size-full wp-image-8489\" alt=\"events-fullservice\" srcset=\"https:\/\/konferenztechnik.de\/wp-content\/uploads\/2016\/10\/events-fullservice.jpg 1200w, https:\/\/konferenztechnik.de\/wp-content\/uploads\/2016\/10\/events-fullservice-300x113.jpg 300w, https:\/\/konferenztechnik.de\/wp-content\/uploads\/2016\/10\/events-fullservice-1024x384.jpg 1024w, https:\/\/konferenztechnik.de\/wp-content\/uploads\/2016\/10\/events-fullservice-768x288.jpg 768w\" sizes=\"(max-width: 1200px) 100vw, 1200px\" title=\"\">\t\t\t\t\t\t\t\t\t\t\t\t\t\t\t<\/div>\n\t\t\t\t<\/div>\n\t\t\t\t<div class=\"elementor-element elementor-element-11c4111e elementor-widget__width-initial elementor-widget elementor-widget-text-editor\" data-id=\"11c4111e\" data-element_type=\"widget\" data-widget_type=\"text-editor.default\">\n\t\t\t\t<div class=\"elementor-widget-container\">\n\t\t\t\t\t\t\t\t\t<p>Des installations de guidage et des syst\u00e8mes de guide touristique pour les visites d'entreprises et de villes, des cabines d'interpr\u00e9tation, des pupitres de table et des r\u00e9cepteurs de conf\u00e9rence pour les congr\u00e8s multilingues et la toute derni\u00e8re technique audiovisuelle pour les petits et grands \u00e9v\u00e9nements de toutes sortes : PCS fournit \u00e0 Augsbourg et \u00e0 la r\u00e9gion bavaroise de Souabe des techniques audio, vid\u00e9o et simultan\u00e9es \u2013, c'est-\u00e0-dire des techniques de conf\u00e9rence au sens large. Les syst\u00e8mes de technique de conf\u00e9rence de PCS \u00e0 Augsbourg sont utilis\u00e9s entre autres dans le centre de congr\u00e8s de la foire d'Augsbourg, la Schwabenhalle ou le centre de congr\u00e8s Kongress am Park. PCS fournit \u00e9galement directement aux h\u00f4tels de conf\u00e9rence d'Augsbourg des projecteurs, des \u00e9crans, des syst\u00e8mes de sonorisation, des syst\u00e8mes de vote TED et d'autres installations de technique de conf\u00e9rence \u00e0 louer.<\/p>\t\t\t\t\t\t\t\t<\/div>\n\t\t\t\t<\/div>\n\t\t\t\t<div class=\"elementor-element elementor-element-21a3d57b elementor-widget__width-initial elementor-widget elementor-widget-heading\" data-id=\"21a3d57b\" data-element_type=\"widget\" data-settings=\"{&quot;_animation&quot;:&quot;none&quot;}\" data-widget_type=\"heading.default\">\n\t\t\t\t<div class=\"elementor-widget-container\">\n\t\t\t\t\t<h2 class=\"elementor-heading-title elementor-size-default\">Conseils techniques bas\u00e9s sur 20 ans d'exp\u00e9rience dans le secteur<\/h2>\t\t\t\t<\/div>\n\t\t\t\t<\/div>\n\t\t\t\t<div class=\"elementor-element elementor-element-6ae27ef0 elementor-widget__width-inherit elementor-widget elementor-widget-text-editor\" data-id=\"6ae27ef0\" data-element_type=\"widget\" data-widget_type=\"text-editor.default\">\n\t\t\t\t<div class=\"elementor-widget-container\">\n\t\t\t\t\t\t\t\t\t<p>La question de savoir si, \u00e0 long terme, l'achat ou la location de syst\u00e8mes d'\u00e9quipement de conf\u00e9rence est la meilleure solution pour les entreprises et les organisateurs d'\u00e9v\u00e9nements d'Augsbourg d\u00e9pend, entre autres, des capacit\u00e9s techniques de l'entreprise et de la fr\u00e9quence d'utilisation de certains \u00e9quipements. <br \/><br \/>Pour les organisateurs et les entreprises d'Augsbourg et des environs, la location de mat\u00e9riel multim\u00e9dia simultan\u00e9 ou audiovisuel pr\u00e9sente \u00e9galement certains avantages, d'autant plus que la location s'accompagne d'une offre compl\u00e8te de conseils et de services. Forts de plus de 20 ans d'exp\u00e9rience dans le secteur, les techniciens de PCS offrent des conseils techniques professionnels pour toutes les possibilit\u00e9s d'utilisation de la technique de conf\u00e9rence. Ils apportent \u00e9galement un soutien actif \u00e0 la planification en amont des \u00e9v\u00e9nements. <br \/><br \/>Augsbourg et ses environs, les collaborateurs de PCS montent les syst\u00e8mes sur place, les installent et assurent \u2013 si souhait\u00e9 \u2013 \u00e9galement l'encadrement technique pendant l'\u00e9v\u00e9nement. Bien entendu, PCS se charge \u00e9galement du d\u00e9montage ainsi que de l'\u00e9vacuation des installations.<\/p>\t\t\t\t\t\t\t\t<\/div>\n\t\t\t\t<\/div>\n\t\t\t\t<div class=\"elementor-element elementor-element-48dab017 elementor-widget elementor-widget-image\" data-id=\"48dab017\" data-element_type=\"widget\" data-widget_type=\"image.default\">\n\t\t\t\t<div class=\"elementor-widget-container\">\n\t\t\t\t\t\t\t\t\t\t\t\t\t\t\t<img decoding=\"async\" width=\"1200\" height=\"450\" src=\"https:\/\/konferenztechnik.de\/wp-content\/uploads\/2016\/10\/events-berlin.jpg\" class=\"attachment-full size-full wp-image-8486\" alt=\"\" srcset=\"https:\/\/konferenztechnik.de\/wp-content\/uploads\/2016\/10\/events-berlin.jpg 1200w, https:\/\/konferenztechnik.de\/wp-content\/uploads\/2016\/10\/events-berlin-300x113.jpg 300w, https:\/\/konferenztechnik.de\/wp-content\/uploads\/2016\/10\/events-berlin-1024x384.jpg 1024w, https:\/\/konferenztechnik.de\/wp-content\/uploads\/2016\/10\/events-berlin-768x288.jpg 768w\" sizes=\"(max-width: 1200px) 100vw, 1200px\" title=\"\">\t\t\t\t\t\t\t\t\t\t\t\t\t\t\t<\/div>\n\t\t\t\t<\/div>\n\t\t<div data-particle_enable=\"false\" data-particle-mobile-disabled=\"false\" class=\"elementor-element elementor-element-5a8780f7 e-flex e-con-boxed e-con e-parent\" data-id=\"5a8780f7\" data-element_type=\"container\">\n\t\t\t\t\t<div class=\"e-con-inner\">\n\t\t\t\t<div class=\"elementor-element elementor-element-75fccdcf elementor-align-left elementor-widget elementor-widget-button\" data-id=\"75fccdcf\" data-element_type=\"widget\" data-widget_type=\"button.default\">\n\t\t\t\t<div class=\"elementor-widget-container\">\n\t\t\t\t\t\t\t\t\t<div class=\"elementor-button-wrapper\">\n\t\t\t\t\t<a class=\"elementor-button elementor-button-link elementor-size-lg\" href=\"#serviceteam\">\n\t\t\t\t\t\t<span class=\"elementor-button-content-wrapper\">\n\t\t\t\t\t\t<span class=\"elementor-button-icon\">\n\t\t\t\t<svg aria-hidden=\"true\" class=\"e-font-icon-svg e-far-arrow-alt-circle-down\" viewbox=\"0 0 512 512\" xmlns=\"http:\/\/www.w3.org\/2000\/svg\"><path d=\"M256 8C119 8 8 119 8 256s111 248 248 248 248-111 248-248S393 8 256 8zm0 448c-110.5 0-200-89.5-200-200S145.5 56 256 56s200 89.5 200 200-89.5 200-200 200zm-32-316v116h-67c-10.7 0-16 12.9-8.5 20.5l99 99c4.7 4.7 12.3 4.7 17 0l99-99c7.6-7.6 2.2-20.5-8.5-20.5h-67V140c0-6.6-5.4-12-12-12h-40c-6.6 0-12 5.4-12 12z\"><\/path><\/svg>\t\t\t<\/span>\n\t\t\t\t\t\t\t\t\t<span class=\"elementor-button-text\">Demander maintenant<\/span>\n\t\t\t\t\t<\/span>\n\t\t\t\t\t<\/a>\n\t\t\t\t<\/div>\n\t\t\t\t\t\t\t\t<\/div>\n\t\t\t\t<\/div>\n\t\t\t\t\t<\/div>\n\t\t\t\t<\/div>\n\t\t\t\t<div class=\"elementor-element elementor-element-1b8fedd3 elementor-widget__width-initial elementor-widget elementor-widget-heading\" data-id=\"1b8fedd3\" data-element_type=\"widget\" data-settings=\"{&quot;_animation&quot;:&quot;none&quot;}\" data-widget_type=\"heading.default\">\n\t\t\t\t<div class=\"elementor-widget-container\">\n\t\t\t\t\t<h2 class=\"elementor-heading-title elementor-size-default\">Syst\u00e8mes de conf\u00e9rence test\u00e9s \u00e0 100 pour cent<\/h2>\t\t\t\t<\/div>\n\t\t\t\t<\/div>\n\t\t\t\t<div class=\"elementor-element elementor-element-1090f510 elementor-widget__width-inherit elementor-widget elementor-widget-text-editor\" data-id=\"1090f510\" data-element_type=\"widget\" data-widget_type=\"text-editor.default\">\n\t\t\t\t<div class=\"elementor-widget-container\">\n\t\t\t\t\t\t\t\t\t<p>Les personnes qui louent des syst\u00e8mes d'\u00e9quipement de conf\u00e9rence \u00e0 Augsbourg et dans la r\u00e9gion de Souabe aupr\u00e8s de PCS re\u00e7oivent bien entendu toujours des installations dont le fonctionnement a \u00e9t\u00e9 test\u00e9 \u00e0 100 %, qui sont entretenues de mani\u00e8re professionnelle, qui sont pleinement op\u00e9rationnelles et qui sont \u00e0 la pointe de la technologie. Un autre avantage de la location de mat\u00e9riel de conf\u00e9rence est que PCS r\u00e9agit rapidement aux derni\u00e8res tendances et aux exigences des clients. Ainsi, les syst\u00e8mes sans fil \u2013, \u00e9galement appel\u00e9s syst\u00e8mes de discussion, postes de d\u00e9l\u00e9gu\u00e9s ou cha\u00eenes de microphones, sont de plus en plus appr\u00e9ci\u00e9s en raison de leurs possibilit\u00e9s d'utilisation. Les techniciens de PCS peuvent alors d\u00e9terminer assez rapidement o\u00f9 les installations sans fil, telles que Bosch Dicentis, peuvent \u00eatre utilis\u00e9es sans probl\u00e8me \u2013 et o\u00f9 il est pr\u00e9f\u00e9rable de miser sur des solutions filaires. PCS s'occupe d'Augsbourg et de la r\u00e9gion bavaroise de Souabe depuis sa succursale de Munich. Si vous nous contactez par e-mail, nous vous r\u00e9pondrons dans l'heure. Sinon, vous pouvez aussi nous contacter via notre hotline t\u00e9l\u00e9phonique 24h\/24 !<\/p>\t\t\t\t\t\t\t\t<\/div>\n\t\t\t\t<\/div>\n\t\t\t\t\t<\/div>\n\t\t\t\t<\/div>\n\t\t<div data-particle_enable=\"false\" data-particle-mobile-disabled=\"false\" class=\"elementor-element elementor-element-3d623838 e-flex e-con-boxed e-con e-parent\" data-id=\"3d623838\" data-element_type=\"container\">\n\t\t\t\t\t<div class=\"e-con-inner\">\n\t\t\t\t<div class=\"elementor-element elementor-element-d298053 elementor-widget elementor-widget-shortcode\" data-id=\"d298053\" data-element_type=\"widget\" data-widget_type=\"shortcode.default\">\n\t\t\t\t<div class=\"elementor-widget-container\">\n\t\t\t\t\t\t\t<div class=\"elementor-shortcode\"><\/div>\n\t\t\t\t\t\t<\/div>\n\t\t\t\t<\/div>\n\t\t\t\t\t<\/div>\n\t\t\t\t<\/div>\n\t\t\t\t<\/div>","protected":false},"excerpt":{"rendered":"<p>Location de mat\u00e9riel de conf\u00e9rence Augsbourg, location de mat\u00e9riel vid\u00e9o, audio et simultan\u00e9 en Souabe Demander maintenant Installations de discussion, pupitres \u2013 louer, acheter, installer, leasing Installations de discussion, pupitres \u2013 louer, acheter, installer, leasing \u203a plus Cabines d'interpr\u00e9tation et cabines d'orateur La cabine d'interpr\u00e9tation est le poste de travail des interpr\u00e8tes simultan\u00e9s* \u203a plus Pupitres d'interpr\u00e9tation L'\u00e9quipement de base d'une cabine d'interpr\u00e9tation comprend un pupitre d'interpr\u00e9tation. \u203a plus R\u00e9cepteurs de conf\u00e9rence, R\u00e9cepteurs de casque Location de r\u00e9cepteurs de conf\u00e9rence : [...]<\/p>","protected":false},"author":1,"featured_media":45482,"parent":0,"menu_order":0,"comment_status":"closed","ping_status":"closed","template":"","meta":{"_acf_changed":false,"footnotes":""},"class_list":["post-11576","page","type-page","status-publish","has-post-thumbnail","hentry"],"acf":[],"_links":{"self":[{"href":"https:\/\/konferenztechnik.de\/fr\/wp-json\/wp\/v2\/pages\/11576","targetHints":{"allow":["GET"]}}],"collection":[{"href":"https:\/\/konferenztechnik.de\/fr\/wp-json\/wp\/v2\/pages"}],"about":[{"href":"https:\/\/konferenztechnik.de\/fr\/wp-json\/wp\/v2\/types\/page"}],"author":[{"embeddable":true,"href":"https:\/\/konferenztechnik.de\/fr\/wp-json\/wp\/v2\/users\/1"}],"replies":[{"embeddable":true,"href":"https:\/\/konferenztechnik.de\/fr\/wp-json\/wp\/v2\/comments?post=11576"}],"version-history":[{"count":0,"href":"https:\/\/konferenztechnik.de\/fr\/wp-json\/wp\/v2\/pages\/11576\/revisions"}],"wp:featuredmedia":[{"embeddable":true,"href":"https:\/\/konferenztechnik.de\/fr\/wp-json\/wp\/v2\/media\/45482"}],"wp:attachment":[{"href":"https:\/\/konferenztechnik.de\/fr\/wp-json\/wp\/v2\/media?parent=11576"}],"curies":[{"name":"wp","href":"https:\/\/api.w.org\/{rel}","templated":true}]}}