{"id":11679,"date":"2017-10-12T16:35:11","date_gmt":"2017-10-12T14:35:11","guid":{"rendered":"https:\/\/www.konferenztechnik.de\/?page_id=11679"},"modified":"2023-09-01T13:50:03","modified_gmt":"2023-09-01T11:50:03","slug":"location-de-materiel-de-conference-a-innsbruck","status":"publish","type":"page","link":"https:\/\/konferenztechnik.de\/fr\/location-de-materiel-de-conference-a-innsbruck\/","title":{"rendered":"Location de mat\u00e9riel de conf\u00e9rence Innsbruck"},"content":{"rendered":"<h1>Location de mat\u00e9riel de conf\u00e9rence Innsbruck, Location de mat\u00e9riel audio, vid\u00e9o et simultan\u00e9 au Tyrol<\/h1>\n<div class=\"call-action-slider-img\" style=\"padding-top:2px;\">\n<img decoding=\"async\" src=\"https:\/\/konferenztechnik.de\/wp-content\/uploads\/2017\/06\/veranstaltungstechnik-innsbruck.jpg\" alt=\"Location de mat\u00e9riel de conf\u00e9rence Innsbruck\" class=\"alignleft size-full wp-image-9527\" title=\"\"><br \/>\n<button class=\"btn popmake-10003\">Demander une offre,<br \/>\ndans une heure<br \/>\nchez vous ! &amp;#x9B ;<\/button><\/div>\n<p>PCS fournit aux organisateurs de congr\u00e8s, aux h\u00f4tels de conf\u00e9rence, aux organisateurs d'\u00e9v\u00e9nements, aux interpr\u00e8tes organisateurs et aux entreprises touristiques d'Innsbruck et du Tyrol les installations et les syst\u00e8mes les plus divers dans les domaines de la technique de conf\u00e9rence, des m\u00e9dias audiovisuels et de la technique simultan\u00e9e. Entre autres, PCS loue les syst\u00e8mes suivants dans la capitale du Tyrol et ses environs :<br \/>\n[spacer size=\"20\u2033]<br \/>\n[list icon=\"moon-checkmark\" color=\"#a62055\u2033]Technique audio \/ sonorisation \u2013 Haut-parleurs, amplificateurs et technique de microphone[\/list]<br \/>\n[list icon=\"moon-checkmark\" color=\"#a62055\u2033]Technique vid\u00e9o \u2013 projecteurs, \u00e9crans, syst\u00e8mes de vote TED et \u00e9crans[\/list]<br \/>\n[list icon=\"moon-checkmark\" color=\"#a62055\u2033]Technique de traduction simultan\u00e9e \u2013 Installations d'interpr\u00e9tation, cabines d'interpr\u00e9tation et accessoires techniques[\/list]<br \/>\n[list icon=\"moon-checkmark\" color=\"#a62055\u2033]technique de conf\u00e9rence classique comme les cha\u00eenes de microphones (ou syst\u00e8mes de discussion, microphones de table, pupitres ou postes de d\u00e9l\u00e9gu\u00e9s)[\/list].<br \/>\n[list icon=\"moon-checkmark\" color=\"#a62055\u2033]Syst\u00e8mes de guidage de personnes (PFA) \u2013 \u00e9galement appel\u00e9s Pefa, installations pour guides touristiques, technique de chuchotage, valises de chuchotage ou syst\u00e8mes de guidage[\/list]<br \/>\n[spacer size=\"20\u2033]<br \/>\nLe domaine d'application de ces syst\u00e8mes est vaste : il va des congr\u00e8s multilingues et des conf\u00e9rences acad\u00e9miques aux manifestations culturelles et aux audiences judiciaires, en passant par les r\u00e9unions d'entreprise o\u00f9 des interpr\u00e8tes simultan\u00e9s sont pr\u00e9sents. Outre les nombreux h\u00f4tels de conf\u00e9rence, les lieux typiques de manifestations \u00e0 Innsbruck seraient par exemple les installations du Congress Innsbruck ou du Congresspark Igls.<\/p>\n<p>[spacer size=\"20\u2033]<\/p>\n<p><img decoding=\"async\" src=\"https:\/\/konferenztechnik.de\/wp-content\/uploads\/2016\/10\/events-fullservice.jpg\" alt=\"Louer du mat\u00e9riel de conf\u00e9rence Innsbruck chez PCS GmbH\" class=\"alignleft size-full wp-image-8570\" title=\"\"><\/p>\n<h2>Pourquoi louer du mat\u00e9riel de conf\u00e9rence \u00e0 Innsbruck ?<\/h2>\n<p>Pour la location de mat\u00e9riel de conf\u00e9rence, de m\u00e9dias audiovisuels ou de technique simultan\u00e9e \u00e0 Innsbruck, PCS mise avant tout sur des fabricants de marque tels que Sennheiser, Bosch, Yamaha, Kling &amp; Freitag ou Audipack. Les organisateurs tyroliens qui misent sur la location de syst\u00e8mes pour leurs \u00e9v\u00e9nements disposent ainsi, pour chaque manifestation, de syst\u00e8mes parfaitement adapt\u00e9s \u00e0 l'objectif vis\u00e9. Comme PCS propose les installations les plus diverses pour les exigences les plus vari\u00e9es, il est important de se faire conseiller en cons\u00e9quence lors du choix. Outre des conseils professionnels, PCS propose une assistance compl\u00e8te pour la planification technique de l'\u00e9v\u00e9nement.<\/p>\n<p>En plus de ses services de conseil complets, PCS propose \u00e9galement aux clients d'Innsbruck de nombreux services li\u00e9s \u00e0 la technique de conf\u00e9rence. Sur demande, les installations peuvent \u00eatre livr\u00e9es directement sur le lieu de l'\u00e9v\u00e9nement et y \u00eatre install\u00e9es de mani\u00e8re professionnelle. Si n\u00e9cessaire, des collaborateurs form\u00e9s de PCS s'occupent des questions techniques pendant l'\u00e9v\u00e9nement. Et bien s\u00fbr, PCS se charge \u00e9galement du d\u00e9montage rapide et de l'enl\u00e8vement en temps voulu des appareils.<\/p>\n<p>[spacer size=\"20\u2033]<\/p>\n<div id=\"newscontainer\">\n<div class=\"newskasten\"><a href=\"https:\/\/konferenztechnik.de\/fr\/location-de-cabines-dinterpretation\/\">Cabines d'interpr\u00e9tation<br \/>\n<img decoding=\"async\" src=\"https:\/\/konferenztechnik.de\/wp-content\/uploads\/2017\/03\/dolmetscherkabinen-mieten.jpg\" alt=\"location de cabines d&#039;interpr\u00e9tation\" class=\"alignnone size-full wp-image-9535\" title=\"\"><\/a><br \/>\n[clear]<br \/>\n[list icon=\"moon-checkmark\" color=\"#a62055\u2033]Certifi\u00e9 ISO[\/list]<br \/>\n[list icon=\"moon-checkmark\" color=\"#a62055\u2033]Extensible de mani\u00e8re flexible[\/list]<br \/>\n[list icon=\"moon-checkmark\" color=\"#a62055\u2033]Mat\u00e9riel d'interpr\u00e9tation[\/list]<br \/>\n[spacer size=\"20\u2033]<br \/>\n[button link=\"#popmake-9771\u2033 target=\"self\" color=\"#a62055\u2033 text=\"light\"]Demander un devis[\/button]<br \/>\n[clear]<br \/>\n<a class=\"weiter\" href=\"https:\/\/konferenztechnik.de\/fr\/location-de-cabines-dinterpretation\/\"><span class=\"text-kleiner\">&amp;#x9B ; Plus d'informations<\/span><\/a><\/div>\n<div class=\"newskasten\"><a href=\"https:\/\/konferenztechnik.de\/fr\/location-de-materiel-de-conference\/installations-de-discussion-3\/\">Panneaux de discussion<br \/>\n<img decoding=\"async\" src=\"https:\/\/konferenztechnik.de\/wp-content\/uploads\/2017\/03\/diskussionsanlagen-mieten.jpg\" alt=\"location d&#039;installations de discussion\" class=\"alignnone size-full wp-image-9534\" title=\"\"><\/a><br \/>\n[clear]<br \/>\n[list icon=\"moon-checkmark\" color=\"#a62055\u2033]Postes de bureau[\/list]<br \/>\n[list icon=\"moon-checkmark\" color=\"#a62055\u2033]Vote[\/list]<br \/>\n[list icon=\"moon-checkmark\" color=\"#a62055\u2033]Sans fil ou par c\u00e2ble[\/list]<br \/>\n[spacer size=\"20\u2033]<br \/>\n[button link=\"#popmake-9771\u2033 target=\"self\" color=\"#a62055\u2033 text=\"light\"]Demander un devis[\/button]<br \/>\n[clear]<br \/>\n<a href=\"https:\/\/konferenztechnik.de\/fr\/location-de-materiel-de-conference\/installations-de-discussion-3\/\"><span class=\"text-kleiner\">&amp;#x9B ; Plus d'informations<\/span><\/a><\/div>\n<div class=\"newskasten\"><a href=\"https:\/\/konferenztechnik.de\/fr\/location-de-materiel-de-conference\/installations-de-guidage\/\">Installations de guidage<br \/>\n<img decoding=\"async\" src=\"https:\/\/konferenztechnik.de\/wp-content\/uploads\/2017\/03\/fuehrungsanlagen-mieten.jpg\" alt=\"location d&#039;installations de guidage\" class=\"alignnone size-full wp-image-9536\" title=\"\"><\/a><br \/>\n[clear]<br \/>\n[list icon=\"moon-checkmark\" color=\"#a62055\u2033]Guide touristique, Synexis[\/list]<br \/>\n[list icon=\"moon-checkmark\" color=\"#a62055\u2033]Installations de chuchotement[\/list]<br \/>\n[list icon=\"moon-checkmark\" color=\"#a62055\u2033]Installations de guidage[\/list]<br \/>\n[spacer size=\"20\u2033]<br \/>\n[button link=\"#popmake-9771\u2033 target=\"self\" color=\"#a62055\u2033 text=\"light\"]Demander un devis[\/button]<br \/>\n[clear]<br \/>\n<a class=\"weiter\" href=\"https:\/\/konferenztechnik.de\/fr\/location-de-materiel-de-conference\/installations-de-guidage\/\"><span class=\"text-kleiner\">&amp;#x9B ; Plus d'informations<\/span><\/a><\/div>\n<div class=\"newskasten\"><a href=\"https:\/\/konferenztechnik.de\/fr\/sennheiser-teamconnect-wireless\/\">Installations de conf\u00e9rence<br \/>\n<img decoding=\"async\" src=\"https:\/\/konferenztechnik.de\/wp-content\/uploads\/2017\/03\/konferenzanlagen-mieten.jpg\" alt=\"location d&#039;installations de conf\u00e9rence\" class=\"alignnone size-full wp-image-9537\" title=\"\"><\/a><br \/>\n[clear]<br \/>\n[list icon=\"moon-checkmark\" color=\"#a62055\u2033]Technique d'interpr\u00e9tation[\/list]<br \/>\n[list icon=\"moon-checkmark\" color=\"#a62055\u2033]Vid\u00e9oconf\u00e9rence[\/list]<br \/>\n[list icon=\"moon-checkmark\" color=\"#a62055\u2033]Personnalisable[\/list]<br \/>\n[spacer size=\"20\u2033]<br \/>\n[button link=\"#popmake-9771\u2033 target=\"self\" color=\"#a62055\u2033 text=\"light\"]Demander un devis[\/button]<br \/>\n[clear]<br \/>\n<a class=\"weiter\" href=\"https:\/\/konferenztechnik.de\/fr\/sennheiser-teamconnect-wireless\/\"><span class=\"text-kleiner\">&amp;#x9B ; Plus d'informations<\/span><\/a><\/div>\n<div class=\"newskasten\"><a href=\"https:\/\/konferenztechnik.de\/fr\/location-de-materiel-de-conference\/systemes-daccord-ted-systeme\/\">Syst\u00e8mes de vote<br \/>\n<img fetchpriority=\"high\" decoding=\"async\" width=\"410\" height=\"304\" src=\"https:\/\/konferenztechnik.de\/wp-content\/uploads\/2017\/03\/abstimmsysteme-mieten-1.jpg\" alt=\"location de syst\u00e8mes de vote\" class=\"alignnone size-full wp-image-9558\" title=\"\" srcset=\"https:\/\/konferenztechnik.de\/wp-content\/uploads\/2017\/03\/abstimmsysteme-mieten-1.jpg 410w, https:\/\/konferenztechnik.de\/wp-content\/uploads\/2017\/03\/abstimmsysteme-mieten-1-300x222.jpg 300w\" sizes=\"(max-width: 410px) 100vw, 410px\" \/><\/a><br \/>\n[clear]<br \/>\n[list icon=\"moon-checkmark\" color=\"#a62055\u2033]Unit\u00e9s de vote[\/list]<br \/>\n[list icon=\"moon-checkmark\" color=\"#a62055\u2033]Logiciel de vote[\/list]<br \/>\n[list icon=\"moon-checkmark\" color=\"#a62055\u2033]Vote[\/list]<br \/>\n[spacer size=\"20\u2033]<br \/>\n[button link=\"#popmake-9771\u2033 target=\"self\" color=\"#a62055\u2033 text=\"light\"]Demander un devis[\/button]<br \/>\n[clear]<br \/>\n<a class=\"weiter\" href=\"https:\/\/konferenztechnik.de\/fr\/location-de-materiel-de-conference\/systemes-daccord-ted-systeme\/\"><span class=\"text-kleiner\">&amp;#x9B ; Plus d'informations<\/span><\/a><\/div>\n<div class=\"newskasten\"><a href=\"https:\/\/konferenztechnik.de\/fr\/location-de-materiel-de-conference\/technique-av-microphones-technique-de-sonorisation-beamer\/\">Technique audio, vid\u00e9o<br \/>\n<img decoding=\"async\" src=\"https:\/\/konferenztechnik.de\/wp-content\/uploads\/2017\/03\/av-technik-mieten.jpg\" alt=\"location de mat\u00e9riel av\" class=\"alignnone size-full wp-image-9533\" title=\"\"><\/a><br \/>\n[clear]<br \/>\n[list icon=\"moon-checkmark\" color=\"#a62055\u2033]Projecteurs[\/list]<br \/>\n[list icon=\"moon-checkmark\" color=\"#a62055\u2033]Ecrans, pr\u00e9sentoirs[\/list]<br \/>\n[list icon=\"moon-checkmark\" color=\"#a62055\u2033]Pupitres[\/list]<br \/>\n[spacer size=\"20\u2033]<br \/>\n[button link=\"#popmake-9771\u2033 target=\"self\" color=\"#a62055\u2033 text=\"light\"]Demander un devis[\/button]<br \/>\n[clear]<br \/>\n<a class=\"weiter\" href=\"https:\/\/konferenztechnik.de\/fr\/location-de-materiel-de-conference\/technique-av-microphones-technique-de-sonorisation-beamer\/\"><span class=\"text-kleiner\">&amp;#x9B ; Plus d'informations<\/span><\/a><\/div>\n<\/div>\n<h2>Les besoins changeants des clients et les tendances actuelles en mati\u00e8re de syst\u00e8mes sans fil<\/h2>\n<p>D'un point de vue technique, PCS essaie toujours de r\u00e9pondre aux besoins changeants des clients et aux tendances techniques en mati\u00e8re d'installations de location. Actuellement, on constate par exemple une demande accrue de syst\u00e8mes sans fil au Tyrol, surtout en ce qui concerne les postes d'interphonie. Les techniciens de PCS peuvent g\u00e9n\u00e9ralement d\u00e9terminer assez rapidement si les syst\u00e8mes sans fil, flexibles et rapides \u00e0 mettre en \u0153uvre, sont adapt\u00e9s \u00e0 un lieu de manifestation donn\u00e9 ou s'il vaut mieux miser sur des solutions c\u00e2bl\u00e9es.<\/p>\n<p>Pour les questions concernant Innsbruck et le Tyrol, la succursale PCS de Munich et celle de Heilbronn sont \u00e0 votre disposition \u00e0 tout moment. Les demandes par e-mail sont g\u00e9n\u00e9ralement trait\u00e9es dans l'heure qui suit. En outre, les entreprises tyroliennes de toutes tailles peuvent bien s\u00fbr aussi s'adresser directement par t\u00e9l\u00e9phone aux interlocuteurs des succursales respectives.<\/p>\n<p>[spacer size=\"20\u2033]<\/p>\n<div class=\"call-action-slider-img\">\n<img decoding=\"async\" src=\"https:\/\/konferenztechnik.de\/wp-content\/uploads\/2016\/10\/events-berlin.jpg\" alt=\"Louer du mat\u00e9riel de conf\u00e9rence chez PCS GmbH\" class=\"alignleft size-full wp-image-8570\" title=\"\"><br \/>\n<button class=\"btn popmake-9671\">Demander une offre,<br \/>\ndans une heure<br \/>\nchez vous ! &amp;#x9B ;<\/button><\/div>\n<p>[spacer size=\"10\u2033]<\/p>\n<div class=\"sidebar-line\">\n<span><\/span><\/div>\n<p>[spacer size=\"20\u2033]<\/p>\n<div class=\"leistungen-menu\">\n[column size=\"1-4\u2033 last=\"0\u2033]<\/p>\n<h3>Louer du mat\u00e9riel de conf\u00e9rence<\/h3>\n<p>[menu theme_location='location-de-technique-d'interpr\u00e9tation-stuttgart']<br \/>\n[\/column]<\/p>\n<p>[column size=\"1-4\u2033 last=\"0\u2033]<\/p>\n<h3>Acheter du mat\u00e9riel de conf\u00e9rence<\/h3>\n<p>[menu theme_location='location-de-technique-d'interpr\u00e9tation-stuttgart-2\u2032]<br \/>\n[\/column]<\/p>\n<p>[column size=\"1-4\u2033 last=\"0\u2033]<\/p>\n<h3>Installation et int\u00e9gration<\/h3>\n<p>[menu theme_location='location-de-technique-d'interpr\u00e9tation-stuttgart-4\u2032]<br \/>\n[\/column]<\/p>\n<p>[column size=\"1-4\u2033 last=\"1\u2033]<\/p>\n<h3 >PCS Technique de conf\u00e9rence<\/h3>\n<p>[menu theme_location='location-de-technique-d'interpr\u00e9tation-stuttgart-3\u2032]<br \/>\n[\/column]<\/p>\n<\/div>","protected":false},"excerpt":{"rendered":"<p>Konferenztechnik mieten Innsbruck, Verleih von Audio-, Video- und Simultantechnik in Tirol Angebot anfordern, in einer Stunde bei Ihnen! &#x9B; PCS versorgt Innsbrucker und Tiroler Kongress-Veranstalter, Konferenzhotels, Event-Organisatoren, organisierende Dolmetscher und Tourismusbetriebe mit verschiedensten Anlagen und Systemen aus den Bereichen Konferenz-, AV-Medien- und Simultantechnik. Unter anderem vermietet PCS in der Tiroler Landeshauptstadt und ihrem Umland folgende [&hellip;]<\/p>","protected":false},"author":1,"featured_media":45482,"parent":0,"menu_order":0,"comment_status":"closed","ping_status":"closed","template":"","meta":{"_acf_changed":false,"footnotes":""},"class_list":["post-11679","page","type-page","status-publish","has-post-thumbnail","hentry"],"acf":[],"_links":{"self":[{"href":"https:\/\/konferenztechnik.de\/fr\/wp-json\/wp\/v2\/pages\/11679","targetHints":{"allow":["GET"]}}],"collection":[{"href":"https:\/\/konferenztechnik.de\/fr\/wp-json\/wp\/v2\/pages"}],"about":[{"href":"https:\/\/konferenztechnik.de\/fr\/wp-json\/wp\/v2\/types\/page"}],"author":[{"embeddable":true,"href":"https:\/\/konferenztechnik.de\/fr\/wp-json\/wp\/v2\/users\/1"}],"replies":[{"embeddable":true,"href":"https:\/\/konferenztechnik.de\/fr\/wp-json\/wp\/v2\/comments?post=11679"}],"version-history":[{"count":0,"href":"https:\/\/konferenztechnik.de\/fr\/wp-json\/wp\/v2\/pages\/11679\/revisions"}],"wp:featuredmedia":[{"embeddable":true,"href":"https:\/\/konferenztechnik.de\/fr\/wp-json\/wp\/v2\/media\/45482"}],"wp:attachment":[{"href":"https:\/\/konferenztechnik.de\/fr\/wp-json\/wp\/v2\/media?parent=11679"}],"curies":[{"name":"wp","href":"https:\/\/api.w.org\/{rel}","templated":true}]}}