{"id":12,"date":"2013-06-25T11:07:51","date_gmt":"2013-06-25T09:07:51","guid":{"rendered":"https:\/\/pcs-miete.de\/?page_id=12"},"modified":"2023-09-01T13:04:29","modified_gmt":"2023-09-01T11:04:29","slug":"a-propos-de-nous-2","status":"publish","type":"page","link":"https:\/\/konferenztechnik.de\/fr\/a-propos-de-nous-2\/","title":{"rendered":"\u00c0 propos de nous"},"content":{"rendered":"<h1>Qui sommes-nous ?<\/h1>\n<p>[rev_slider ueberuns]<br \/>\n[spacer size=\"20\u2033]<\/p>\n<p>[column size=\"1-4\u2033 last=\"1\u2033]<\/p>\n<p>PCS g\u00e8re des conf\u00e9rences et des r\u00e9unions dans le monde entier depuis 1995. Nous sommes votre interlocuteur pour la location, l'achat et le suivi de mat\u00e9riel d'interpr\u00e9tation et de conf\u00e9rence.<\/p>\n<p>Nous travaillons avec les interpr\u00e8tes les plus renomm\u00e9s et assurons une traduction s\u00fbre et de qualit\u00e9, m\u00eame dans les situations les plus exigeantes.<\/p>\n<p>Nous nous sommes consacr\u00e9s de tout c\u0153ur \u00e0 l'atmosph\u00e8re particuli\u00e8re des congr\u00e8s et soutenons depuis nos clients avec un engagement total et notre exp\u00e9rience de longue date. En 2006, PCS a \u00e9tendu ses activit\u00e9s aux installations fixes et \u00e0 la vente de mat\u00e9riel d'interpr\u00e9tation, de discussion, de conf\u00e9rence et de m\u00e9dias.<\/p>\n<p>[\/column]<\/p>\n<p>[column size=\"1-4\u2033 last=\"1\u2033]<\/p>\n<p>Notre \u00e9quipe se compose principalement d'experts permanents issus des diff\u00e9rentes branches de l'industrie audio\/vid\u00e9o : ing\u00e9nieurs, ma\u00eetres en technique \u00e9v\u00e9nementielle, ma\u00eetres \u00e9lectriciens, programmateurs et techniciens \u00e9v\u00e9nementiels. Nous vous proposons une planification fiable, des solutions professionnelles et une ex\u00e9cution soign\u00e9e des commandes. Gr\u00e2ce \u00e0 un \u00e9quipement d'atelier complet et \u00e0 un personnel de maintenance form\u00e9 en cons\u00e9quence, nous vous assurons un suivi durable.<\/p>\n<p>Nous essayons toujours de satisfaire au mieux les besoins de nos clients. Les relations loyales et partenariales que nous entretenons avec nos clients, nos fournisseurs et nos collaborateurs sont les garants de la r\u00e9ussite de votre projet et la base strat\u00e9gique de notre succ\u00e8s \u00e0 long terme.<\/p>\n<p>[\/column]<\/p>\n<p><img decoding=\"async\" src=\"https:\/\/konferenztechnik.de\/wp-content\/uploads\/2018\/01\/poster-pcs.png\" alt=\"pcs-poster\" class=\"alignnone size-full wp-image-8180\" title=\"\"><\/p>\n<div class=\"weiterlinks\">\n<h2>Liens compl\u00e9mentaires<\/h2>\n<ul>\n[list icon=\"moon-arrow-right-2\u2033 color=\"#a62055\u2033] <a title=\"10 bonnes raisons de choisir PCS\" href=\"\/fr\/a-propos-de-nous-2\/10-bonnes-raisons-pour-les-pc\/\">10 bonnes raisons de choisir PCS<\/a>[\/list]<br \/>\n[list icon=\"moon-arrow-right-2\u2033 color=\"#a62055\u2033] <a title=\"Location\" href=\"\/fr\/location-de-materiel-de-conference\/\">Location de mat\u00e9riel de conf\u00e9rence<\/a>[\/list]<br \/>\n[list icon=\"moon-arrow-right-2\u2033 color=\"#a62055\u2033] <a title=\"Installation\" href=\"\/fr\/installation-et-integration-de-materiel-de-conference-et-de-systemes-media\/\">Installation et int\u00e9gration de mat\u00e9riel de conf\u00e9rence et de syst\u00e8mes multim\u00e9dias<\/a>[\/list]<br \/>\n[list icon=\"moon-arrow-right-2\u2033 color=\"#a62055\u2033] <a title=\"Vente de mat\u00e9riel de conf\u00e9rence\" href=\"\/fr\/vente-de-materiel-de-conference\/\">Distribution de mat\u00e9riel de conf\u00e9rence<\/a>[\/list]<br \/>\n[list icon=\"moon-arrow-right-2\u2033 color=\"#a62055\u2033] <a title=\"Encadrement des \u00e9v\u00e9nements\" href=\"\/fr\/gestion-devenements-multilingues\/\">Encadrement des \u00e9v\u00e9nements<\/a>[\/list]<br \/>\n[list icon=\"moon-arrow-right-2\u2033 color=\"#a62055\u2033] <a title=\"Fabrications sp\u00e9ciales, entretien et r\u00e9parations\" href=\"\/fr\/services\/entretien-et-reparation\/\">Fabrications sp\u00e9ciales, maintenance et r\u00e9parations<\/a>[\/list]<br \/>\n[list icon=\"moon-arrow-right-2\u2033 color=\"#a62055\u2033] <a title=\"Formation et service pour les interpr\u00e8tes\" href=\"\/fr\/formation-et-service-pour-les-interpretes\/\">Formation et service pour les interpr\u00e8tes<\/a>[\/list]<\/ul>\n<\/div>","protected":false},"excerpt":{"rendered":"<p>Wir \u00fcber uns [rev_slider ueberuns] [spacer size=&#8220;20&#8243;] [column size=&#8220;1-2&#8243; last=&#8220;0&#8243;] PCS betreut seit 1995 Konferenzen und Tagungen in aller Welt. Wir sind Ansprechpartner f\u00fcr die Miete, den Kauf und die Betreuung von Dolmetscheranlagen und Konferenztechnik. Wir arbeiten mit den renommiertesten Dolmetscherinnen und Dolmetschern zusammen und sorgen auch in anspruchsvollen Situationen f\u00fcr eine sichere und hochwertige [&hellip;]<\/p>","protected":false},"author":1,"featured_media":45482,"parent":0,"menu_order":256,"comment_status":"closed","ping_status":"open","template":"","meta":{"_acf_changed":false,"footnotes":""},"class_list":["post-12","page","type-page","status-publish","has-post-thumbnail","hentry"],"acf":[],"_links":{"self":[{"href":"https:\/\/konferenztechnik.de\/fr\/wp-json\/wp\/v2\/pages\/12","targetHints":{"allow":["GET"]}}],"collection":[{"href":"https:\/\/konferenztechnik.de\/fr\/wp-json\/wp\/v2\/pages"}],"about":[{"href":"https:\/\/konferenztechnik.de\/fr\/wp-json\/wp\/v2\/types\/page"}],"author":[{"embeddable":true,"href":"https:\/\/konferenztechnik.de\/fr\/wp-json\/wp\/v2\/users\/1"}],"replies":[{"embeddable":true,"href":"https:\/\/konferenztechnik.de\/fr\/wp-json\/wp\/v2\/comments?post=12"}],"version-history":[{"count":0,"href":"https:\/\/konferenztechnik.de\/fr\/wp-json\/wp\/v2\/pages\/12\/revisions"}],"wp:featuredmedia":[{"embeddable":true,"href":"https:\/\/konferenztechnik.de\/fr\/wp-json\/wp\/v2\/media\/45482"}],"wp:attachment":[{"href":"https:\/\/konferenztechnik.de\/fr\/wp-json\/wp\/v2\/media?parent=12"}],"curies":[{"name":"wp","href":"https:\/\/api.w.org\/{rel}","templated":true}]}}