{"id":12182,"date":"2018-01-12T12:12:34","date_gmt":"2018-01-12T11:12:34","guid":{"rendered":"https:\/\/www.konferenztechnik.de\/?page_id=12182"},"modified":"2023-09-01T13:11:32","modified_gmt":"2023-09-01T11:11:32","slug":"acheter-un-systeme-de-transport-de-personnes","status":"publish","type":"page","link":"https:\/\/konferenztechnik.de\/fr\/acheter-un-systeme-de-transport-de-personnes\/","title":{"rendered":"Acheter un syst\u00e8me de guidage de personnes"},"content":{"rendered":"<h1>Acheter un syst\u00e8me de guidage de personnes : Syst\u00e8mes de guides touristiques professionnels et accessoires<\/h1>\n<div class=\"call-action-slider-img\">\n<img fetchpriority=\"high\" decoding=\"async\" width=\"850\" height=\"319\" src=\"https:\/\/konferenztechnik.de\/wp-content\/uploads\/2018\/01\/personenfuehrungsanlage-kaufen-bei-pcs.jpg\" alt=\"Acheter un syst\u00e8me de transport de personnes chez PCS Konferenztechnik\" class=\"alignnone size-full wp-image-12201\" title=\"\" srcset=\"https:\/\/konferenztechnik.de\/wp-content\/uploads\/2018\/01\/personenfuehrungsanlage-kaufen-bei-pcs.jpg 850w, https:\/\/konferenztechnik.de\/wp-content\/uploads\/2018\/01\/personenfuehrungsanlage-kaufen-bei-pcs-300x113.jpg 300w, https:\/\/konferenztechnik.de\/wp-content\/uploads\/2018\/01\/personenfuehrungsanlage-kaufen-bei-pcs-768x288.jpg 768w\" sizes=\"(max-width: 850px) 100vw, 850px\" \/><br \/>\n<button class=\"bbtn popmake-12226\">Demander une offre &amp;#x9B ;<\/button><\/div>\n<p><a href=\"#sennheiser\">Guide de visite Sennheiser<\/a>, <a href=\"#beyerdynamic\">Beyerdynamic UNITE<\/a>, <a href=\"#audioropa\">Audioropa Xepton<\/a> ou <a href=\"#mipro\">Mipro MTG<\/a>Achetez chez PCS des syst\u00e8mes de guidage maniables de tr\u00e8s haut niveau technique. En tant que revendeur officiel de diff\u00e9rents fabricants de renom, nous vous proposons des conseils comp\u00e9tents et un traitement des commandes aux meilleures conditions. Si vous souhaitez acheter un syst\u00e8me de guidage de personnes ou si vous \u00eates int\u00e9ress\u00e9 par un syst\u00e8me de tourguide, n'h\u00e9sitez pas \u00e0 nous contacter. Nous vous ferons volontiers parvenir une offre sans engagement \u2013 et ce, bien entendu, dans toute l'Allemagne !<\/p>\n<p>[spacer size=\"10\u2033]<\/p>\n<p><img decoding=\"async\" src=\"https:\/\/konferenztechnik.de\/wp-content\/uploads\/2019\/09\/Sennheiser-logo.png\" alt=\"Logo Sennheiser\" width=\"231\" height=\"39\" class=\"alignleft size-full wp-image-15046\" id=\"sennheiser\" title=\"\"><\/p>\n<hr style=\"background-color:#999999; margin-bottom:30px;\">\n<h2>Sennheiser Tourguide 2020 D<\/h2>\n<p><a href=\"https:\/\/konferenztechnik.de\/fr\/sennheiser-tourguide-acheter\/\"><br \/>\n<img decoding=\"async\" width=\"850\" height=\"388\" src=\"https:\/\/konferenztechnik.de\/wp-content\/uploads\/2018\/01\/sennheiser-tourguide-kaufen-set.jpg\" alt=\"Acheter un kit Sennheiser Tourguide\" class=\"alignnone size-full wp-image-12216\" title=\"\" srcset=\"https:\/\/konferenztechnik.de\/wp-content\/uploads\/2018\/01\/sennheiser-tourguide-kaufen-set.jpg 850w, https:\/\/konferenztechnik.de\/wp-content\/uploads\/2018\/01\/sennheiser-tourguide-kaufen-set-300x137.jpg 300w, https:\/\/konferenztechnik.de\/wp-content\/uploads\/2018\/01\/sennheiser-tourguide-kaufen-set-768x351.jpg 768w\" sizes=\"(max-width: 850px) 100vw, 850px\" \/><\/a><\/p>\n<p>Le syst\u00e8me num\u00e9rique Sennheiser 2020-D Tourguide combine une utilisation simple avec des fonctions professionnelles : Le syst\u00e8me de guidage Sennheiser peut \u00eatre utilis\u00e9 sans complication lors de visites guid\u00e9es de visiteurs, de conf\u00e9rences ou comme aide auditive. Les r\u00e9cepteurs st\u00e9thoscopiques HDE-2020 r\u00e9unissent le casque et le r\u00e9cepteur en un seul appareil. L'avantage ici est qu'il n'y a pas de c\u00e2ble vers les \u00e9couteurs, ce qui facilite la distribution\/le retrait des r\u00e9cepteurs de visite. Ce r\u00e9cepteur st\u00e9thoscopique est donc \u00e9galement un bon choix lorsque le port du casque est obligatoire pendant une visite guid\u00e9e. Les r\u00e9cepteurs s'allument d'ailleurs automatiquement lorsqu'on les met sur la t\u00eate \u2013 et s'\u00e9teignent \u00e9galement s'ils restent longtemps inutilis\u00e9s.<\/p>\n<div>\n<div style=\"float:left; text-align:left; font-size:0.8em; width:70%;\">\nLe Sennheiser Tourguide 2020 D est un classique des installations de guidage et, avec sa forme particuli\u00e8re, il attire l'attention des esth\u00e8tes dans les mus\u00e9es et les galeries.<\/div>\n<div style=\"float:left; text-align:right; width:30%;\">\n<p>[button link=\"#popmake-12226\u2033 target=\"self\" color=\"#a62055\u2033 class=\"bbtn\" text=\"light\"]Demander un devis[\/button][clear]<br \/>\n<a class=\"weiter\" href=\"https:\/\/konferenztechnik.de\/fr\/sennheiser-tourguide-acheter\/\"><span class=\"text-kleiner\">&amp;#x9B ; Plus d'informations<\/span><\/a><\/p>\n<\/div>\n<\/div>\n<p>[clear]<\/p>\n<hr style=\"background-color:#999999; margin-bottom:30px;\">\n<h2>Sennheiser Tourguide 1039<\/h2>\n<p><img loading=\"lazy\" decoding=\"async\" width=\"850\" height=\"388\" src=\"https:\/\/konferenztechnik.de\/wp-content\/uploads\/2019\/09\/sennheiser-tourguide-1039-kaufen-bei-pcs.jpg\" alt=\"Acheter un Sennheiser Tourguide 1039 chez PCS\" class=\"alignleft size-full wp-image-15021\" title=\"\" srcset=\"https:\/\/konferenztechnik.de\/wp-content\/uploads\/2019\/09\/sennheiser-tourguide-1039-kaufen-bei-pcs.jpg 850w, https:\/\/konferenztechnik.de\/wp-content\/uploads\/2019\/09\/sennheiser-tourguide-1039-kaufen-bei-pcs-300x137.jpg 300w, https:\/\/konferenztechnik.de\/wp-content\/uploads\/2019\/09\/sennheiser-tourguide-1039-kaufen-bei-pcs-768x351.jpg 768w\" sizes=\"(max-width: 850px) 100vw, 850px\" \/><\/p>\n<p>Le Tourguide System 1039 de Sennheiser fonctionne dans la gamme de fr\u00e9quences UHF disponible dans le monde entier. Des presets de fr\u00e9quences aident \u00e0 configurer facilement le syst\u00e8me. Gr\u00e2ce \u00e0 la possibilit\u00e9 de transmettre jusqu'\u00e0 32 canaux simultan\u00e9ment, le Tourguide 1039 est \u00e9galement adapt\u00e9 aux grandes manifestations avec des interpr\u00e8tes suimultan\u00e9s. Les r\u00e9cepteurs EK 1039 sont extr\u00eamement robustes et transmettent une qualit\u00e9 audio optimale. Une prise jack de 3,5 mm disponible dans le commerce permet de brancher aussi bien des \u00e9couteurs que des boucles d'induction utilis\u00e9es pour l'assistance auditive.<\/p>\n<div>\n<div style=\"float:left; text-align:left; font-size:0.8em; width:70%;\">\nS\u00e9curit\u00e9 de transmission, construction robuste et gestion simple des fr\u00e9quences caract\u00e9risent le Sennheiser Tourguide 1039.<\/div>\n<div style=\"float:left; text-align:right; width:30%;\">\n<p>[button link=\"#popmake-12226\u2033 target=\"self\" color=\"#a62055\u2033 class=\"bbtn\" text=\"light\"]Demander un devis[\/button][clear]<\/p>\n<\/div>\n<\/div>\n<p>[clear]<\/p>\n<p>[spacer size=\"35\u2033]<br \/>\n<img loading=\"lazy\" decoding=\"async\" src=\"https:\/\/konferenztechnik.de\/wp-content\/uploads\/2019\/09\/beyerdynamic-logo-1-300x78.png\" alt=\"\" width=\"300\" height=\"78\" class=\"alignleft size-medium wp-image-15031\" id=\"beyerdynamic\" title=\"\" srcset=\"https:\/\/konferenztechnik.de\/wp-content\/uploads\/2019\/09\/beyerdynamic-logo-1-300x78.png 300w, https:\/\/konferenztechnik.de\/wp-content\/uploads\/2019\/09\/beyerdynamic-logo-1-768x198.png 768w, https:\/\/konferenztechnik.de\/wp-content\/uploads\/2019\/09\/beyerdynamic-logo-1.png 774w\" sizes=\"(max-width: 300px) 100vw, 300px\" \/><\/p>\n<hr style=\"background-color:#999999; margin-bottom:30px;\">\n<h2>Beyerdynamic UNITE<\/h2>\n<p><a href=\"https:\/\/konferenztechnik.de\/fr\/beyerdynamic-unite-systeme-de-guidage-numerique\/\"><br \/>\n<img loading=\"lazy\" decoding=\"async\" width=\"850\" height=\"388\" src=\"https:\/\/konferenztechnik.de\/wp-content\/uploads\/2019\/09\/Beyerdynamic-UNITE-kaufen-bei-PCS.jpg\" alt=\"Acheter Beyerdynamic UNITE chez PCS\" class=\"alignleft size-full wp-image-15018\" title=\"\" srcset=\"https:\/\/konferenztechnik.de\/wp-content\/uploads\/2019\/09\/Beyerdynamic-UNITE-kaufen-bei-PCS.jpg 850w, https:\/\/konferenztechnik.de\/wp-content\/uploads\/2019\/09\/Beyerdynamic-UNITE-kaufen-bei-PCS-300x137.jpg 300w, https:\/\/konferenztechnik.de\/wp-content\/uploads\/2019\/09\/Beyerdynamic-UNITE-kaufen-bei-PCS-768x351.jpg 768w\" sizes=\"(max-width: 850px) 100vw, 850px\" \/><\/a><\/p>\n<p>Le syst\u00e8me de conf\u00e9rence sans fil UNITE de Beyerdynamic est extr\u00eamement flexible et convient aussi bien comme syst\u00e8me de guidage de personnes, syst\u00e8me de conf\u00e9rence ou pour des \u00e9v\u00e9nements Silent PA. UNITE utilise la norme DECT pour la transmission. DECT peut \u00eatre utilis\u00e9 sans autorisation ni frais. L'installation recherche automatiquement les fr\u00e9quences radio libres et r\u00e8gle toujours le meilleur canal de transmission. UNITE peut transmettre et recevoir jusqu'\u00e0 32 canaux en m\u00eame temps. De plus, trois orateurs peuvent parler simultan\u00e9ment. De plus, le syst\u00e8me offre un canal de retour pour les questions des spectateurs.<\/p>\n<div>\n<div style=\"float:left; text-align:left; font-size:0.8em; width:70%;\">\nTransmission bidirectionnelle Beyerdynamic UNITE, jusqu'\u00e0 32 groupes simultan\u00e9ment, meilleure qualit\u00e9 audio et de transmission dans le standard radio moderne DECT.<\/div>\n<div style=\"float:left; text-align:right; width:30%;\">\n<p>[button link=\"#popmake-12226\u2033 target=\"self\" color=\"#a62055\u2033 class=\"bbtn\" text=\"light\"]Demander un devis[\/button][clear]<br \/>\n<a class=\"weiter\" href=\"https:\/\/konferenztechnik.de\/fr\/beyerdynamic-unite-systeme-de-guidage-numerique\/\"><span class=\"text-kleiner\">&amp;#x9B ; Plus d'informations<\/span><\/a><\/p>\n<\/div>\n<\/div>\n<p>[clear]<\/p>\n<hr style=\"background-color:#999999; margin-bottom:30px;\">\n<h2>Beyerdynamic Synexis (fin de s\u00e9rie)<\/h2>\n<p><a href=\"https:\/\/konferenztechnik.de\/fr\/acheter-beyerdynamic-synexis\/\"><br \/>\n<img loading=\"lazy\" decoding=\"async\" width=\"850\" height=\"388\" src=\"https:\/\/konferenztechnik.de\/wp-content\/uploads\/2018\/01\/beyerdynamic-synexis-kaufen-set.jpg\" alt=\"Beyerdynamic Synexis acheter set\" class=\"alignnone size-full wp-image-12217\" title=\"\" srcset=\"https:\/\/konferenztechnik.de\/wp-content\/uploads\/2018\/01\/beyerdynamic-synexis-kaufen-set.jpg 850w, https:\/\/konferenztechnik.de\/wp-content\/uploads\/2018\/01\/beyerdynamic-synexis-kaufen-set-300x137.jpg 300w, https:\/\/konferenztechnik.de\/wp-content\/uploads\/2018\/01\/beyerdynamic-synexis-kaufen-set-768x351.jpg 768w\" sizes=\"(max-width: 850px) 100vw, 850px\" \/><\/a><\/p>\n<p>Le Synexis de Beyerdynamic est id\u00e9al pour les visites guid\u00e9es et les conf\u00e9rences, il peut \u00eatre utilis\u00e9 pour des applications d'interpr\u00e9tation multilingue et est \u00e9galement appr\u00e9ci\u00e9 pour l'amplification auditive. Le r\u00e9cepteur peut \u00eatre fix\u00e9 \u00e0 un v\u00eatement \u00e0 l'aide d'un clip ceinture amovible ou \u00eatre port\u00e9 autour du cou \u00e0 l'aide d'un cordon. Le r\u00e9cepteur est aliment\u00e9 par deux accumulateurs NiMH ou par des piles AA 1,5 V. Gr\u00e2ce aux contacts de charge int\u00e9gr\u00e9s, les piles peuvent rester dans le r\u00e9cepteur pendant le processus de charge. Le syst\u00e8me Synexis est un mod\u00e8le en fin de vie, mais les stocks restants et les pi\u00e8ces de rechange sont encore disponibles.<\/p>\n<p>[callout add_button=\"no\" button_url=\"\" button_color=\"#a62055\u2033]<\/p>\n<p>Veuillez noter que Beyerdynamic n'a plus d\u00e9velopp\u00e9 le syst\u00e8me Synexis et l'a retir\u00e9 de son offre. Vous pouvez vous procurer les stocks restants chez nous, jusqu'\u00e0 \u00e9puisement des stocks. Le successeur du Synexis est le syst\u00e8me UNITE. Si vous avez des questions, n'h\u00e9sitez pas \u00e0 nous contacter.<\/p>\n<p>Les prestations de garantie et les ordres de service encore en cours conservent toutefois leur validit\u00e9 pendant la p\u00e9riode indiqu\u00e9e.<\/p>\n<p>[\/callout]<\/p>\n<div>\n<div style=\"float:left; text-align:left; font-size:0.8em; width:70%;\">\nLe syst\u00e8me Beyerdynamic Synexis est un syst\u00e8me polyvalent \u2013 de plus grande qualit\u00e9, sans aucune concession sur la note B. Le syst\u00e8me est tr\u00e8s simple et intuitif \u00e0 utiliser.<\/div>\n<div style=\"float:left; text-align:right; width:30%;\">\n<p>[button link=\"#popmake-12226\u2033 target=\"self\" color=\"#a62055\u2033 class=\"bbtn\" text=\"light\"]Demander un devis[\/button][clear]<br \/>\n<a class=\"weiter\" href=\"https:\/\/konferenztechnik.de\/fr\/acheter-beyerdynamic-synexis\/\"><span class=\"text-kleiner\">&amp;#x9B ; Plus d'informations<\/span><\/a><\/p>\n<\/div>\n<\/div>\n<p>[clear]<br \/>\n[spacer size=\"35\u2033]<\/p>\n<p><img loading=\"lazy\" decoding=\"async\" src=\"https:\/\/konferenztechnik.de\/wp-content\/uploads\/2019\/09\/Audioropa-logo.png\" alt=\"\" width=\"197\" height=\"50\" class=\"alignleft size-full wp-image-15033\" id=\"audioropa\" title=\"\"><\/p>\n<hr style=\"background-color:#999999; margin-bottom:30px;\">\n<h2>Audioropa Xepton<\/h2>\n<p><img loading=\"lazy\" decoding=\"async\" width=\"850\" height=\"338\" src=\"https:\/\/konferenztechnik.de\/wp-content\/uploads\/2019\/08\/Audioropa-Xepton-Tourguidesystem-1.jpg\" alt=\"Syst\u00e8me de guide de visite Audioropa Xepton\" class=\"alignleft size-full wp-image-15012\" title=\"\" srcset=\"https:\/\/konferenztechnik.de\/wp-content\/uploads\/2019\/08\/Audioropa-Xepton-Tourguidesystem-1.jpg 850w, https:\/\/konferenztechnik.de\/wp-content\/uploads\/2019\/08\/Audioropa-Xepton-Tourguidesystem-1-300x119.jpg 300w, https:\/\/konferenztechnik.de\/wp-content\/uploads\/2019\/08\/Audioropa-Xepton-Tourguidesystem-1-768x305.jpg 768w\" sizes=\"(max-width: 850px) 100vw, 850px\" \/><\/p>\n<p>Avec le Xepton, Audioropa a lanc\u00e9 sur le march\u00e9 un syst\u00e8me de tour-guide et de communication bas\u00e9 sur la radio, qui allie parfaitement flexibilit\u00e9 et rentabilit\u00e9. Le Xepton est construit de mani\u00e8re robuste et s'adapte ainsi parfaitement \u00e0 une utilisation quotidienne \"on the road\" lors de visites guid\u00e9es de villes ou d'usines, dans des mus\u00e9es ou des conf\u00e9rences. Le Xepton peut \u00eatre \u00e9quip\u00e9 en option de boucles magn\u00e9tiques afin de transmettre des signaux audio par induction pour les malentendants et les porteurs d'implants cochl\u00e9aires. Selon le mod\u00e8le, Xepton offre en outre un canal de retour, de sorte que les questions du public peuvent \u00eatre pos\u00e9es \u00e0 tout moment et en toute simplicit\u00e9.<\/p>\n<div>\n<div style=\"float:left; text-align:left; font-size:0.8em; width:70%;\">\nLe Xepton d'Audioropa est robuste, flexible et offre des voies de retour pour les questions des spectateurs.<\/div>\n<div style=\"float:left; text-align:right; width:30%;\">\n<p>[button link=\"#popmake-12226\u2033 target=\"self\" color=\"#a62055\u2033 class=\"bbtn\" text=\"light\"]Demander un devis[\/button][clear]<\/p>\n<\/div>\n<\/div>\n<p>[clear]<br \/>\n[spacer size=\"35\u2033]<\/p>\n<p><img loading=\"lazy\" decoding=\"async\" src=\"https:\/\/konferenztechnik.de\/wp-content\/uploads\/2019\/09\/mipro-logo-1.png\" alt=\"\" width=\"180\" height=\"70\" class=\"alignleft size-full wp-image-15037\" id=\"mipro\" title=\"\"><\/p>\n<hr style=\"background-color:#999999; margin-bottom:30px;\">\n<h2>Mipro MTG 100<\/h2>\n<p><a href =\"https:\/\/konferenztechnik.de\/fr\/acheter-un-systeme-de-guidage-mipro\/\"><br \/>\n<img loading=\"lazy\" decoding=\"async\" width=\"850\" height=\"388\" src=\"https:\/\/konferenztechnik.de\/wp-content\/uploads\/2018\/01\/mipro-mtg-kaufen-set.jpg\" alt=\"Mipro MTG acheter un kit\" class=\"alignnone size-full wp-image-12218\" title=\"\" srcset=\"https:\/\/konferenztechnik.de\/wp-content\/uploads\/2018\/01\/mipro-mtg-kaufen-set.jpg 850w, https:\/\/konferenztechnik.de\/wp-content\/uploads\/2018\/01\/mipro-mtg-kaufen-set-300x137.jpg 300w, https:\/\/konferenztechnik.de\/wp-content\/uploads\/2018\/01\/mipro-mtg-kaufen-set-768x351.jpg 768w\" sizes=\"(max-width: 850px) 100vw, 850px\" \/><\/a><\/p>\n<p>Mipro est peut-\u00eatre encore un secret pour beaucoup. Il s'agit du plus grand fabricant de microphones sans fil professionnels de Ta\u00efwan. Le syst\u00e8me de guidage offre une tr\u00e8s bonne qualit\u00e9 sonore et une transmission s\u00fbre et stable. Seize canaux sont disponibles. Jusqu'\u00e0 4 transmissions s\u00e9par\u00e9es sont possibles par \u00e9v\u00e9nement. Les batteries lithium-polym\u00e8re int\u00e9gr\u00e9es offrent jusqu'\u00e0 14 heures d'autonomie.<\/p>\n<div>\n<div style=\"float:left; text-align:left; font-size:0.8em; width:70%;\">\nDe haute qualit\u00e9, stable, compact. Le syst\u00e8me le plus petit et le plus l\u00e9ger du march\u00e9.<\/div>\n<div style=\"float:left; text-align:right; width:30%;\">\n<p>[button link=\"#popmake-12226\u2033 target=\"self\" color=\"#a62055\u2033 class=\"bbtn\" text=\"light\"]Demander un devis[\/button][clear]<br \/>\n<a class=\"weiter\" href=\"https:\/\/konferenztechnik.de\/fr\/acheter-un-systeme-de-guidage-mipro\/\"><span class=\"text-kleiner\">&amp;#x9B ; Plus d'informations<\/span><\/a><\/p>\n<\/div>\n<\/div>\n<p>[clear]<\/p>\n<hr style=\"background-color:#999999; margin-bottom:30px;\">\n<h2>Accessoires pour syst\u00e8mes de guidage de personnes<\/h2>\n<p>Nous proposons \u00e9galement un grand choix d'accessoires pour les installations pr\u00e9sent\u00e9es ici. En font partie<\/p>\n<p>[list icon=\"moon-checkmark\" color=\"#a62055\u2033]Mallette de chargement\/transport[\/list]<br \/>\n[list icon=\"moon-checkmark\" color=\"#a62055\u2033]Pendentif pour microphone[\/list]<br \/>\n[list icon=\"moon-checkmark\" color=\"#a62055\u2033]Elingues \u00e0 induction[\/list]<br \/>\n[list icon=\"moon-checkmark\" color=\"#a62055\u2033]Pi\u00e8ces d\u00e9tach\u00e9es, batteries[\/list]<br \/>\n[list icon=\"moon-checkmark\" color=\"#a62055\u2033]Fabrications sp\u00e9ciales[\/list]<br \/>\n[spacer size=\"20\u2033]<\/p>\n<p><img loading=\"lazy\" decoding=\"async\" width=\"850\" height=\"850\" src=\"https:\/\/konferenztechnik.de\/wp-content\/uploads\/2019\/09\/personenfuehrungsanlagen-zubehoer.jpg\" alt=\"Accessoires pour syst\u00e8mes de guidage de personnes chez PCS\" class=\"alignleft size-full wp-image-15049\" title=\"\" srcset=\"https:\/\/konferenztechnik.de\/wp-content\/uploads\/2019\/09\/personenfuehrungsanlagen-zubehoer.jpg 850w, https:\/\/konferenztechnik.de\/wp-content\/uploads\/2019\/09\/personenfuehrungsanlagen-zubehoer-300x300.jpg 300w, https:\/\/konferenztechnik.de\/wp-content\/uploads\/2019\/09\/personenfuehrungsanlagen-zubehoer-150x150.jpg 150w, https:\/\/konferenztechnik.de\/wp-content\/uploads\/2019\/09\/personenfuehrungsanlagen-zubehoer-768x768.jpg 768w\" sizes=\"(max-width: 850px) 100vw, 850px\" \/><\/p>\n<p>[spacer size=\"20\u2033]<\/p>\n<div>\n<div style=\"float:left; text-align:left; font-size:0.8em; width:70%;\">\nCoffrets de charge, boucles d'induction, \u00e9couteurs \u00e0 une oreille, batteries de rechange ou porte-microphones. Chez nous, vous trouverez tous les accessoires pour votre syst\u00e8me de guidage de personnes.<\/div>\n<div style=\"float:left; text-align:right; width:30%;\">\n<p>[button link=\"#popmake-12226\u2033 target=\"self\" color=\"#a62055\u2033 class=\"bbtn\" text=\"light\"]Demander un devis[\/button][clear]<\/p>\n<\/div>\n<\/div>\n<p>[clear]<\/p>\n<hr style=\"background-color:#999999; margin-bottom:30px;\">\n<p>[spacer size=\"35\u2033]<\/p>\n<div class=\"callouthoch\">\n[callout add_button=\"no\" button_text=\"Learn More\" button_url=\"#\" button_color=\"#a62055\u2033]<br \/>\nPCS Distribution<br \/>\n[v_icon color=\"#a62055\u2033 size=\"20px\" target=\"_blank\" name=\"moon-phone-2\u2033] +49 211 737798 20<br \/>\n[\/callout]<\/div>\n<div class=\"callouthoch\">\n[callout add_button=\"no\" button_text=\"Learn More\" button_url=\"#\" button_color=\"#a62055\u2033]<br \/>\nCourrier \u00e9lectronique<br \/>\n[v_icon color=\"#a62055\u2033 size=\"20px\" target=\"_blank\" name=\"moon-envelop-2\u2033] <a href=\"mailto:vertrieb@konferenztechnik.de\" onclick=\"ga('send', 'event', 'Email-Klick', 'F\u00fchrungsanlagen kaufen Vertrieb');\"> vertrieb@konferenztechnik.de<\/a><br \/>\n[\/callout]<\/div>\n<p>[spacer size=\"10\u2033]<\/p>\n<div class=\"weiterlinks\" style=\"background-color:#ffffff;\">\n<h1>Liens compl\u00e9mentaires<\/h1>\n<ul>\n      [list icon=\"moon-arrow-right-2\u2033 color=\"#a62055\u2033]<a title=\"Encadrement d&#039;\u00e9v\u00e9nements multilingues\" href=\"\/fr\/gestion-devenements-multilingues\/\">Encadrement d'\u00e9v\u00e9nements multilingues<\/a>[\/list]<br \/>\n[list icon=\"moon-arrow-right-2\u2033 color=\"#a62055\u2033]<a title=\"R\u00e9f\u00e9rences\" href=\"\/fr\/a-propos-de-nous-2\/liste-de-reference-evenement\/\">R\u00e9f\u00e9rences location, \u00e9v\u00e9nements<\/a>[\/list]<br \/>\n[list icon=\"moon-arrow-right-2\u2033 color=\"#a62055\u2033]<a title=\"Formation et service pour les interpr\u00e8tes\" href=\"\/fr\/formation-et-service-pour-les-interpretes\/\">Formation et service pour les interpr\u00e8tes<\/a>[\/list]<br \/>\n[list icon=\"moon-arrow-right-2\u2033 color=\"#a62055\u2033]<a title=\"10 bonnes raisons de choisir PCS\" href=\"\/fr\/a-propos-de-nous-2\/10-bonnes-raisons-pour-les-pc\/\">10 bonnes raisons de choisir PCS<\/a>[\/list]<br \/>\n[list icon=\"moon-arrow-right-2\u2033 color=\"#a62055\u2033]<a title=\"PCS : Aper\u00e7u de toutes les prestations\" href=\"\/fr\/services\/\">PCS : Aper\u00e7u de tous les services<\/a>[\/list]<\/ul>\n<\/div>\n<p>[spacer size=\"20\u2033]<\/p>","protected":false},"excerpt":{"rendered":"<p>Acheter un syst\u00e8me de guidage de personnes : Syst\u00e8mes de guides professionnels et accessoires Demandez une offre &amp;#x9B ; Sennheiser Tourguide, Beyerdynamic UNITE, Audioropa Xepton ou Mipro MTG : achetez chez PCS des syst\u00e8mes de guides maniables du plus haut niveau technique. En tant que revendeur officiel de diff\u00e9rents fabricants renomm\u00e9s, nous vous proposons des conseils comp\u00e9tents et un traitement des commandes aux meilleures conditions. Si vous souhaitez acheter un syst\u00e8me de guidage de personnes ou si vous [...]<\/p>","protected":false},"author":1,"featured_media":45482,"parent":0,"menu_order":0,"comment_status":"closed","ping_status":"closed","template":"","meta":{"_acf_changed":false,"footnotes":""},"class_list":["post-12182","page","type-page","status-publish","has-post-thumbnail","hentry"],"acf":[],"_links":{"self":[{"href":"https:\/\/konferenztechnik.de\/fr\/wp-json\/wp\/v2\/pages\/12182","targetHints":{"allow":["GET"]}}],"collection":[{"href":"https:\/\/konferenztechnik.de\/fr\/wp-json\/wp\/v2\/pages"}],"about":[{"href":"https:\/\/konferenztechnik.de\/fr\/wp-json\/wp\/v2\/types\/page"}],"author":[{"embeddable":true,"href":"https:\/\/konferenztechnik.de\/fr\/wp-json\/wp\/v2\/users\/1"}],"replies":[{"embeddable":true,"href":"https:\/\/konferenztechnik.de\/fr\/wp-json\/wp\/v2\/comments?post=12182"}],"version-history":[{"count":0,"href":"https:\/\/konferenztechnik.de\/fr\/wp-json\/wp\/v2\/pages\/12182\/revisions"}],"wp:featuredmedia":[{"embeddable":true,"href":"https:\/\/konferenztechnik.de\/fr\/wp-json\/wp\/v2\/media\/45482"}],"wp:attachment":[{"href":"https:\/\/konferenztechnik.de\/fr\/wp-json\/wp\/v2\/media?parent=12182"}],"curies":[{"name":"wp","href":"https:\/\/api.w.org\/{rel}","templated":true}]}}