{"id":1221,"date":"2013-08-23T10:31:53","date_gmt":"2013-08-23T08:31:53","guid":{"rendered":"https:\/\/pcs-miete.de\/?page_id=1221"},"modified":"2023-07-05T14:30:41","modified_gmt":"2023-07-05T12:30:41","slug":"supports-pour-ecrans-et-beamers","status":"publish","type":"page","link":"https:\/\/konferenztechnik.de\/fr\/distribution-de-materiel-de-conference-et-de-medias-audiovisuels\/technique-video-2\/supports-pour-ecrans-et-beamers\/","title":{"rendered":"Supports pour \u00e9crans et projecteurs"},"content":{"rendered":"<h1>Supports pour \u00e9crans et projecteurs<\/h1>\n<p>Dans notre assortiment, vous trouverez des supports pour les applications les plus diverses : Qu'il s'agisse d'une tablette (par ex. iPad), d'un projecteur d'affichage ou d'un mur vid\u00e9o, pos\u00e9 sur le sol, suspendu au plafond ou fix\u00e9 au mur.<\/p>\n<p>Laissez-vous s\u00e9duire par notre s\u00e9lection de supports et n'h\u00e9sitez pas \u00e0 nous contacter si vous avez besoin d'aide pour faire votre choix. Nous proposons \u00e9galement des solutions sp\u00e9ciales et des fabrications sur mesure. Parlez-en \u00e0 notre \u00e9quipe de service. Nous nous r\u00e9jouissons de votre appel.<\/p>\n<h4>Supports muraux<\/h4>\n<p><a href=\"\/fr\/distribution-de-materiel-de-conference-et-de-medias-audiovisuels\/technique-video-2\/supports-pour-ecrans-et-beamers\/supports-muraux\/\"><img fetchpriority=\"high\" decoding=\"async\" width=\"288\" height=\"198\" class=\"alignleft size-full wp-image-1356\" src=\"https:\/\/konferenztechnik.de\/wp-content\/uploads\/2013\/08\/01-wandhalterungen-fuer-projektoren.jpg\" alt=\"Supports muraux pour projecteurs\" title=\"\"><\/a><\/p>\n<p>Supports pour \u00e9crans, projecteurs, tablettes, cam\u00e9ras ou murs d'images<\/p>\n<p><a class=\"weiter\" href=\"\/fr\/distribution-de-materiel-de-conference-et-de-medias-audiovisuels\/technique-video-2\/supports-pour-ecrans-et-beamers\/supports-muraux\/\">\u203a Plus<\/a><\/p>\n<h4>Support au sol<\/h4>\n<p><a href=\"\/fr\/distribution-de-materiel-de-conference-et-de-medias-audiovisuels\/technique-video-2\/supports-pour-ecrans-et-beamers\/support-au-sol\/\"><img decoding=\"async\" width=\"288\" height=\"198\" class=\"alignleft size-full wp-image-1359\" src=\"https:\/\/konferenztechnik.de\/wp-content\/uploads\/2013\/08\/04-bodenstaender-fuer-projektoren.jpg\" alt=\"Supports au sol pour projecteurs\" title=\"\"><\/a><\/p>\n<p>Supports au sol pour projecteurs et \u00e9crans, supports au sol bas pour moniteurs de pr\u00e9visualisation, supports au sol enti\u00e8rement d\u00e9montables,plaques d'adaptation et de rangement<\/p>\n<p><a class=\"weiter\" href=\"\/fr\/distribution-de-materiel-de-conference-et-de-medias-audiovisuels\/technique-video-2\/supports-pour-ecrans-et-beamers\/support-au-sol\/\">\u203a Plus<\/a><\/p>\n<h4>Supports de plafond<\/h4>\n<p><a href=\"\/fr\/distribution-de-materiel-de-conference-et-de-medias-audiovisuels\/technique-video-2\/supports-pour-ecrans-et-beamers\/supports-de-plafond\/\"><img decoding=\"async\" width=\"288\" height=\"198\" class=\"alignleft size-full wp-image-1357\" src=\"https:\/\/konferenztechnik.de\/wp-content\/uploads\/2013\/08\/02-deckenhalterungen-fuer-projektoren.jpg\" alt=\"Supports plafond pour projecteurs\" title=\"\"><\/a><\/p>\n<p>Supports de diff\u00e9rentes longueurs, supports rotatifs, kits miroirs, supports de serrage pour poutrelles en acier<\/p>\n<p><a class=\"weiter\" href=\"\/fr\/distribution-de-materiel-de-conference-et-de-medias-audiovisuels\/technique-video-2\/supports-pour-ecrans-et-beamers\/supports-de-plafond\/\">\u203a Plus<\/a><\/p>\n<h4>Supports de traverses<\/h4>\n<p><a href=\"\/fr\/distribution-de-materiel-de-conference-et-de-medias-audiovisuels\/technique-video-2\/supports-pour-ecrans-et-beamers\/supports-de-traverses\/\"><img loading=\"lazy\" decoding=\"async\" width=\"288\" height=\"198\" class=\"alignleft size-full wp-image-1358\" src=\"https:\/\/konferenztechnik.de\/wp-content\/uploads\/2013\/08\/03-trusshalterungen-fuer-projektoren.jpg\" alt=\"Supports de truss pour projecteurs\" title=\"\"><\/a><\/p>\n<p>Supports de truss pour \u00e9crans et projecteurs, supports avec dispositifs pour un r\u00e9glage fin facile, stack-frames (bo\u00eetiers de protection), supports pour un montage tr\u00e8s rapide pour les loueurs de mat\u00e9riel.<\/p>\n<p><a class=\"weiter\" title=\"Formation d&#039;automne pour les interpr\u00e8tes\" href=\"\/fr\/distribution-de-materiel-de-conference-et-de-medias-audiovisuels\/technique-video-2\/supports-pour-ecrans-et-beamers\/supports-de-traverses\/\">\u203a Plus<\/a><\/p>\n<h4>Mobilier de conf\u00e9rence<\/h4>\n<p><a href=\"\/fr\/distribution-de-materiel-de-conference-et-de-medias-audiovisuels\/technique-video-2\/supports-pour-ecrans-et-beamers\/mobilier-de-conference\/\"><img loading=\"lazy\" decoding=\"async\" width=\"288\" height=\"191\" class=\"alignleft size-full wp-image-4381\" src=\"https:\/\/konferenztechnik.de\/wp-content\/uploads\/2013\/08\/konferenzmoebel.jpg\" alt=\"Mobilier de conf\u00e9rence\" title=\"\"><\/a><\/p>\n<p>Armoires pour installations de vid\u00e9oconf\u00e9rence, tableaux blancs ou \u00e9crans, supports pour vid\u00e9oprojecteurs, solutions mobiles sur roulettes<\/p>\n<p><a class=\"weiter\" title=\"Formation d&#039;automne pour les interpr\u00e8tes\" href=\"\/fr\/distribution-de-materiel-de-conference-et-de-medias-audiovisuels\/technique-video-2\/supports-pour-ecrans-et-beamers\/mobilier-de-conference\/\">\u203a Plus<\/a><\/p>\n<h4>Supports sp\u00e9ciaux<\/h4>\n<p><a href=\"\/fr\/distribution-de-materiel-de-conference-et-de-medias-audiovisuels\/technique-video-2\/supports-pour-ecrans-et-beamers\/supports-speciaux\/\"><img loading=\"lazy\" decoding=\"async\" width=\"288\" height=\"191\" class=\"alignleft size-full wp-image-4484\" src=\"https:\/\/konferenztechnik.de\/wp-content\/uploads\/2013\/08\/pcs-spezialanwendungen.jpg\" alt=\"Supports pour \u00e9crans et projecteurs : Supports sp\u00e9ciaux\" title=\"\"><\/a><\/p>\n<p>Supports pour tablettes (p. ex. iPad) pour murs et sols, supports pour murs vid\u00e9o (videowalls), stack-frames, Tip &amp; Touch Stands (supports de table pour \u00e9crans tactiles)<\/p>\n<p><a class=\"weiter\" title=\"Supports sp\u00e9ciaux\" href=\"\/fr\/distribution-de-materiel-de-conference-et-de-medias-audiovisuels\/technique-video-2\/supports-pour-ecrans-et-beamers\/supports-speciaux\/\">\u203a Plus<\/a><\/p>","protected":false},"excerpt":{"rendered":"<p>Halterungen f\u00fcr Displays und Projektoren In unserem Sortiment finden Sie Halterungen f\u00fcr die unterschiedlichsten Anwendungsgebiete: Ob Tablet (z. B. iPad), Display Projektor oder Videowall, auf den Boden gestellt, von der Decke h\u00e4ngend oder and der Wand befestigt. Lassen Sie sich von unserer Auswahl an Halterungen \u00fcberzeugen und kontaktieren Sie uns einfach, wenn Sie Unterst\u00fctzung bei [&hellip;]<\/p>","protected":false},"author":1,"featured_media":45482,"parent":1138,"menu_order":228,"comment_status":"closed","ping_status":"open","template":"","meta":{"_acf_changed":false,"footnotes":""},"class_list":["post-1221","page","type-page","status-publish","has-post-thumbnail","hentry"],"acf":[],"_links":{"self":[{"href":"https:\/\/konferenztechnik.de\/fr\/wp-json\/wp\/v2\/pages\/1221","targetHints":{"allow":["GET"]}}],"collection":[{"href":"https:\/\/konferenztechnik.de\/fr\/wp-json\/wp\/v2\/pages"}],"about":[{"href":"https:\/\/konferenztechnik.de\/fr\/wp-json\/wp\/v2\/types\/page"}],"author":[{"embeddable":true,"href":"https:\/\/konferenztechnik.de\/fr\/wp-json\/wp\/v2\/users\/1"}],"replies":[{"embeddable":true,"href":"https:\/\/konferenztechnik.de\/fr\/wp-json\/wp\/v2\/comments?post=1221"}],"version-history":[{"count":0,"href":"https:\/\/konferenztechnik.de\/fr\/wp-json\/wp\/v2\/pages\/1221\/revisions"}],"up":[{"embeddable":true,"href":"https:\/\/konferenztechnik.de\/fr\/wp-json\/wp\/v2\/pages\/1138"}],"wp:featuredmedia":[{"embeddable":true,"href":"https:\/\/konferenztechnik.de\/fr\/wp-json\/wp\/v2\/media\/45482"}],"wp:attachment":[{"href":"https:\/\/konferenztechnik.de\/fr\/wp-json\/wp\/v2\/media?parent=1221"}],"curies":[{"name":"wp","href":"https:\/\/api.w.org\/{rel}","templated":true}]}}