{"id":12352,"date":"2018-02-06T10:01:08","date_gmt":"2018-02-06T09:01:08","guid":{"rendered":"https:\/\/www.konferenztechnik.de\/?page_id=12352"},"modified":"2018-02-06T10:01:08","modified_gmt":"2018-02-06T09:01:08","slug":"bosch-dicentis-idesk","status":"publish","type":"page","link":"https:\/\/konferenztechnik.de\/fr\/bosch-dicentis-idesk\/","title":{"rendered":"Bosch Dicentis IDESK"},"content":{"rendered":"<h1>Bosch Dicentis IDESK \u2013 Solutions d'interpr\u00e9tation<\/h1>\n<div class=\"call-action-slider-img\">\n<p><img decoding=\"async\" src=\"https:\/\/konferenztechnik.de\/wp-content\/uploads\/2018\/02\/bosch-dicentis-dolmetschpult-i-desk.jpg\" alt=\"Pupitre d&#039;interpr\u00e9tation IDESK de Bosch Dicentis en cabine\" class=\"alignleft size-full wp-image-12412\" title=\"\"><\/p>\n<p><button class=\"bbtn popmake-12386\">Demander une offre &amp;#x9B ;<\/button>\n<\/div>\n<p>Le pupitre d'interpr\u00e9tation DICENTIS (I-DESK) est le nouveau pupitre d'interpr\u00e9tation de la soci\u00e9t\u00e9 Bosch. Il fait partie de la gamme de produits Dicentis de Bosch et l'\u00e9largit pour devenir le syst\u00e8me Dicentis Interpreter-Solution.<br \/>\nAvec le pupitre d'interpr\u00e9tation DICENTIS (I-DESK), Bosch r\u00e9agit aux exigences du march\u00e9 en mati\u00e8re de technique d'interpr\u00e9tation qui ont \u00e9volu\u00e9 ces derni\u00e8res ann\u00e9es. Il s'agit notamment de la prise en charge de jusqu'\u00e0 100 langues (ce qui est particuli\u00e8rement important au niveau de l'UE), du respect des normes ISO pour la technique d'interpr\u00e9tation et des exigences techniques lors de l'installation et de l'int\u00e9gration du syst\u00e8me (<a href=\"https:\/\/de.wikipedia.org\/wiki\/Dante_(Netzwerkprotokoll)\" target=\"_blank\" rel=\"noopener noreferrer\">Mot-cl\u00e9 : DANTE<\/a>). La commercialisation du syst\u00e8me d'interpr\u00e9tation Dicentis d\u00e9butera \u00e0 l'\u00e9t\u00e9 2018. Nous avons d\u00e9j\u00e0 rassembl\u00e9 pour vous les principales fonctions et composantes du syst\u00e8me.<\/p>\n<h2>Points forts du pupitre d'interpr\u00e9tation DICENTIS (I-DESK)<\/h2>\n<p>[column size=\"1-4\u2033 last=\"1\u2033]<img fetchpriority=\"high\" decoding=\"async\" width=\"850\" height=\"680\" src=\"https:\/\/konferenztechnik.de\/wp-content\/uploads\/2018\/01\/bosch-dicentis-i-desk-2.jpg\" alt=\"Bosch Dicentis DCNM-IDESK avant\" class=\"alignleft size-full wp-image-12425\" title=\"\" srcset=\"https:\/\/konferenztechnik.de\/wp-content\/uploads\/2018\/01\/bosch-dicentis-i-desk-2.jpg 850w, https:\/\/konferenztechnik.de\/wp-content\/uploads\/2018\/01\/bosch-dicentis-i-desk-2-300x240.jpg 300w, https:\/\/konferenztechnik.de\/wp-content\/uploads\/2018\/01\/bosch-dicentis-i-desk-2-768x614.jpg 768w\" sizes=\"(max-width: 850px) 100vw, 850px\" \/>[\/column]<br \/>\n[column size=\"1-4\u2033 last=\"1\u2033]<img decoding=\"async\" width=\"850\" height=\"680\" src=\"https:\/\/konferenztechnik.de\/wp-content\/uploads\/2018\/01\/digitales-dolmetschpult-bosch-dicentis-b-1.jpg\" alt=\"Pupitre d&#039;interpr\u00e9tation num\u00e9rique Bosch Dicentis Details\" class=\"alignleft size-full wp-image-12427\" title=\"\" srcset=\"https:\/\/konferenztechnik.de\/wp-content\/uploads\/2018\/01\/digitales-dolmetschpult-bosch-dicentis-b-1.jpg 850w, https:\/\/konferenztechnik.de\/wp-content\/uploads\/2018\/01\/digitales-dolmetschpult-bosch-dicentis-b-1-300x240.jpg 300w, https:\/\/konferenztechnik.de\/wp-content\/uploads\/2018\/01\/digitales-dolmetschpult-bosch-dicentis-b-1-768x614.jpg 768w\" sizes=\"(max-width: 850px) 100vw, 850px\" \/>[\/column]<br \/>\n[column size=\"1-4\u2033 last=\"1\u2033]<img decoding=\"async\" width=\"850\" height=\"654\" src=\"https:\/\/konferenztechnik.de\/wp-content\/uploads\/2018\/01\/i-desk-detail.jpg\" alt=\"Dicentis IDESK Vue d\u00e9taill\u00e9e\" class=\"alignleft size-full wp-image-12363\" title=\"\" srcset=\"https:\/\/konferenztechnik.de\/wp-content\/uploads\/2018\/01\/i-desk-detail.jpg 850w, https:\/\/konferenztechnik.de\/wp-content\/uploads\/2018\/01\/i-desk-detail-300x231.jpg 300w, https:\/\/konferenztechnik.de\/wp-content\/uploads\/2018\/01\/i-desk-detail-768x591.jpg 768w\" sizes=\"(max-width: 850px) 100vw, 850px\" \/>[\/column]<\/p>\n<p>[list icon=\"moon-checkmark\" color=\"#a62055\u2033]Prend en charge jusqu'\u00e0 100 langues[\/list]<br \/>\n[list icon=\"moon-checkmark\" color=\"#a62055\u2033]\u00c9cran TFT 7 pouces 800 * 480[\/list]<br \/>\n[list icon=\"moon-checkmark\" color=\"#a62055\u2033]Sortie vid\u00e9o HDMI pour les pr\u00e9sentations ou les vid\u00e9os (DCNM-IDESKVID seulement)[\/list]<br \/>\n[list icon=\"moon-checkmark\" color=\"#a62055\u2033]Sept relais vocaux en entr\u00e9e et trois langues en sortie[\/list]<br \/>\n[list icon=\"moon-checkmark\" color=\"#a62055\u2033]Lecteur NFC int\u00e9gr\u00e9 pour r\u00e9cup\u00e9rer les param\u00e8tres personnels[\/list]<br \/>\n[list icon=\"moon-checkmark\" color=\"#a62055\u2033]Trois sorties casque (deux sur le c\u00f4t\u00e9 et une sur le bas)[\/list]<br \/>\n[list icon=\"moon-checkmark\" color=\"#a62055\u2033]Microphone enfichable[\/list]<br \/>\n[list icon=\"moon-checkmark\" color=\"#a62055\u2033]Protection auditive avec \u00e9couteurs et casques pr\u00e9d\u00e9finis[\/list]<\/p>\n<p>[spacer size=\"20\u2033]<\/p>\n<h2>Variantes de mod\u00e8les Dicentis IDESK et IDESKVID<\/h2>\n<p><img loading=\"lazy\" decoding=\"async\" width=\"850\" height=\"414\" src=\"https:\/\/konferenztechnik.de\/wp-content\/uploads\/2018\/01\/bosch-dicentis-interpreting-i-desk-2.jpg\" alt=\"Bosch Dicentis Interpreting DCNM-IDESKVID\" class=\"alignleft size-full wp-image-12423\" title=\"\" srcset=\"https:\/\/konferenztechnik.de\/wp-content\/uploads\/2018\/01\/bosch-dicentis-interpreting-i-desk-2.jpg 850w, https:\/\/konferenztechnik.de\/wp-content\/uploads\/2018\/01\/bosch-dicentis-interpreting-i-desk-2-300x146.jpg 300w, https:\/\/konferenztechnik.de\/wp-content\/uploads\/2018\/01\/bosch-dicentis-interpreting-i-desk-2-768x374.jpg 768w\" sizes=\"(max-width: 850px) 100vw, 850px\" \/> <\/p>\n<p>Le pupitre d'interpr\u00e9tation de Bosch sera disponible en deux variantes de mod\u00e8les : DICENTIS (I-DESK) et DICENTIS (IDESKVID). Le I-DESK VID (= vid\u00e9o) dispose en plus d'une sortie vid\u00e9o HDMI. Il est ainsi possible de raccorder un \u00e9cran au pupitre d'interpr\u00e9tation. Les pr\u00e9sentations, les vid\u00e9os ou la transmission d'images peuvent alors \u00eatre transmises directement aux interpr\u00e8tes sur l'\u00e9cran. Le c\u00e2ble d'alimentation est un c\u00e2ble CAT standard.<\/p>\n<p>[spacer size=\"20\u2033]<\/p>\n<h2>Autres appareils DICENTIS INTERPRETING Solution<\/h2>\n<p>[spacer size=\"20\u2033]<br \/>\n<img loading=\"lazy\" decoding=\"async\" width=\"850\" height=\"287\" src=\"https:\/\/konferenztechnik.de\/wp-content\/uploads\/2018\/01\/audio-powering-switch-windows-server.jpg\" alt=\"Bosch Dicentis Audio Powering Switch (APS) et serveur Windows\" class=\"size-full wp-image-12376\" title=\"\" srcset=\"https:\/\/konferenztechnik.de\/wp-content\/uploads\/2018\/01\/audio-powering-switch-windows-server.jpg 850w, https:\/\/konferenztechnik.de\/wp-content\/uploads\/2018\/01\/audio-powering-switch-windows-server-300x101.jpg 300w, https:\/\/konferenztechnik.de\/wp-content\/uploads\/2018\/01\/audio-powering-switch-windows-server-768x259.jpg 768w\" sizes=\"(max-width: 850px) 100vw, 850px\" \/><br \/>\n[spacer size=\"20\u2033]<\/p>\n<h3>Bosch ServerOS avec PC<\/h3>\n<p>Le logiciel ServerOS, propre \u00e0 Bosch, est destin\u00e9 \u00e0 acheminer les signaux, \u00e0 g\u00e9rer les appareils connect\u00e9s, \u00e0 les commander et \u00e0 traiter les donn\u00e9es qui en r\u00e9sultent. Il constitue le c\u0153ur de la solution d'interpr\u00e9tation Dicentis. Bosch propose un serveur Windows au format rack, sur lequel est pr\u00e9install\u00e9 et configur\u00e9 Bosch ServerOS.\n<\/p>\n<p>[spacer size=\"20\u2033]<\/p>\n<h3>Bosch Dicentis Audio Powering Switch (APS2)<\/h3>\n<p>L'Audio Powering Switch (APS2) est \u00e9galement responsable du routage des signaux audio dans le syst\u00e8me Dicentis. Il fait \u00e9galement office de bloc d'alimentation et fournit la tension n\u00e9cessaire \u00e0 tous les appareils int\u00e9gr\u00e9s au syst\u00e8me Dicentis. Les 4 connecteurs XLR (2 in, 2 out) permettent d'injecter des signaux audio externes ou d'envoyer le son vers des sources externes. <\/p>\n<p>[spacer size=\"20\u2033]<\/p>\n<h2>Modules logiciels DICENTIS<\/h2>\n<p>[spacer size=\"20\u2033]<br \/>\n<img loading=\"lazy\" decoding=\"async\" width=\"1032\" height=\"740\" src=\"https:\/\/konferenztechnik.de\/wp-content\/uploads\/2018\/01\/pult-workflow.jpg\" alt=\"Flux de signaux et structure du syst\u00e8me Bosch Dicentis\" class=\"alignleft size-full wp-image-12421\" title=\"\" srcset=\"https:\/\/konferenztechnik.de\/wp-content\/uploads\/2018\/01\/pult-workflow.jpg 1032w, https:\/\/konferenztechnik.de\/wp-content\/uploads\/2018\/01\/pult-workflow-300x215.jpg 300w, https:\/\/konferenztechnik.de\/wp-content\/uploads\/2018\/01\/pult-workflow-1024x734.jpg 1024w, https:\/\/konferenztechnik.de\/wp-content\/uploads\/2018\/01\/pult-workflow-768x551.jpg 768w\" sizes=\"(max-width: 1032px) 100vw, 1032px\" \/><br \/>\n[spacer size=\"10\u2033]<\/p>\n<p>Gr\u00e2ce \u00e0 des modules logiciels disponibles s\u00e9par\u00e9ment, le syst\u00e8me Dicentis peut \u00eatre command\u00e9 et configur\u00e9 \u00e0 partir d'un ordinateur et int\u00e9gr\u00e9 dans des syst\u00e8mes DANTE.<\/p>\n<h3>Licence logicielle serveur syst\u00e8me DICENTIS (DCNM-LSYS)<\/h3>\n<p>Prend en charge le bureau de l'interpr\u00e9teur DICENTIS et est utile pour l'installation et la configuration.<br \/>\n[spacer size=\"20\u2033]<\/p>\n<h3>Licence d'interpr\u00e8te simultan\u00e9 DICENTIS (DCNM-LIN)<\/h3>\n<p>Ajoute des fonctions de pr\u00e9paration et de gestion pour l'interpr\u00e9tation simultan\u00e9e dans l'application Bosch Meeting :<\/p>\n<p>Configuration : configuration du syst\u00e8me, de la cabine et du bureau de l'interpr\u00e8te<br \/>\nPr\u00e9paration : d\u00e9finir le nombre de langues n\u00e9cessaires lors d'une r\u00e9union<br \/>\nGestion : contr\u00f4le \u00e0 distance des pupitres d'interpr\u00e9tation<\/p>\n<p>[spacer size=\"20\u2033]<\/p>\n<h3>Licence logicielle Dante DICENTIS (DCNM-LSDANTE)<\/h3>\n<p>Ce module permet d'alimenter directement un syst\u00e8me DANTE avec des canaux simultan\u00e9s provenant de l'IDESK de Dicentis.<br \/>\n[spacer size=\"20\u2033]<\/p>\n<h2>Quand le syst\u00e8me IDESK DICENTIS et le syst\u00e8me d'interpr\u00e9tation de Bosch seront-ils disponibles ?<\/h2>\n<p>[spacer size=\"20\u2033]<\/p>\n<div class=\"call-action-slider-img\">\n<p><img loading=\"lazy\" decoding=\"async\" width=\"850\" height=\"373\" src=\"https:\/\/konferenztechnik.de\/wp-content\/uploads\/2018\/02\/bosch-dicentis-all-products.jpg\" alt=\"Bosch Dicentis DCNM-IDESKVID et tous ses produits\" class=\"alignleft size-full wp-image-12354\" title=\"\"><br \/>\n<button class=\"bbtn popmake-12386\">Demander une offre &amp;#x9B ;<\/button>\n<\/div>\n<p>[list icon=\"moon-checkmark\" color=\"#a62055\u2033]Pr\u00e9sentation du produit : Salon ISE 2018 (f\u00e9vrier 2018)[\/list]<br \/>\n[list icon=\"moon-checkmark\" color=\"#a62055\u2033]D\u00e9but des ventes pr\u00e9vu : \u00e9t\u00e9 2018[\/list]<br \/>\n[list icon=\"moon-checkmark\" color=\"#a62055\u2033]Int\u00e9gration finale de toutes les fonctionnalit\u00e9s : T2 2019[\/list]<\/p>\n<p>[spacer size=\"20\u2033]<\/p>\n<h2>Liens et informations compl\u00e9mentaires<\/h2>\n<ul>\n<li><a href=\"https:\/\/konferenztechnik.de\/fr\/bosch-dicentis-idesk-rapport-dessai\/\">Rapport de test sur le Dicentis IDESK de PCS<\/a><\/li>\n<li><a href=\"https:\/\/konferenztechnik.de\/fr\/bosch-dicentis\/\">Bosch Dicentis \u2013 Impressions de l'ISE 2018<\/a><\/li>\n<li><a href=\"https:\/\/konferenztechnik.de\/fr\/pcs-est-un-partenaire-autorise-de-bosch\/\">PCS est un revendeur agr\u00e9\u00e9 Bosch<\/a><\/li>\n<li><a href=\"https:\/\/konferenztechnik.de\/fr\/distribution-de-materiel-de-conference-et-de-medias-audiovisuels\/installations-dinterpretation\/\">Informations sur le mat\u00e9riel d'interpr\u00e9tation<\/a>\n<\/ul>","protected":false},"excerpt":{"rendered":"<p>Bosch Dicentis IDESK \u2013 Interpreter Solutions Angebot anfordern &#x9B; Das DICENTIS Dolmetschpult (I-DESK) ist das neue Dolmetscherpult der Firma Bosch. Es ist Teil der Bosch Dicentis-Produktfamilie und erweitert diese zum Dicentis-Interpreter-Solution-System. Mit dem DICENTIS Dolmetschpult (I-DESK) reagiert Bosch auf die sich in den letzten Jahren ge\u00e4nderten Markt-Anforderungen f\u00fcr Dolmetschertechnik. Dazu geh\u00f6rt die Unterst\u00fctzung von bis [&hellip;]<\/p>","protected":false},"author":1,"featured_media":45482,"parent":0,"menu_order":0,"comment_status":"closed","ping_status":"closed","template":"page-right-sidebar.php","meta":{"_acf_changed":false,"footnotes":""},"class_list":["post-12352","page","type-page","status-publish","has-post-thumbnail","hentry"],"acf":[],"_links":{"self":[{"href":"https:\/\/konferenztechnik.de\/fr\/wp-json\/wp\/v2\/pages\/12352","targetHints":{"allow":["GET"]}}],"collection":[{"href":"https:\/\/konferenztechnik.de\/fr\/wp-json\/wp\/v2\/pages"}],"about":[{"href":"https:\/\/konferenztechnik.de\/fr\/wp-json\/wp\/v2\/types\/page"}],"author":[{"embeddable":true,"href":"https:\/\/konferenztechnik.de\/fr\/wp-json\/wp\/v2\/users\/1"}],"replies":[{"embeddable":true,"href":"https:\/\/konferenztechnik.de\/fr\/wp-json\/wp\/v2\/comments?post=12352"}],"version-history":[{"count":0,"href":"https:\/\/konferenztechnik.de\/fr\/wp-json\/wp\/v2\/pages\/12352\/revisions"}],"wp:featuredmedia":[{"embeddable":true,"href":"https:\/\/konferenztechnik.de\/fr\/wp-json\/wp\/v2\/media\/45482"}],"wp:attachment":[{"href":"https:\/\/konferenztechnik.de\/fr\/wp-json\/wp\/v2\/media?parent=12352"}],"curies":[{"name":"wp","href":"https:\/\/api.w.org\/{rel}","templated":true}]}}