{"id":1242,"date":"2013-08-23T11:24:29","date_gmt":"2013-08-23T09:24:29","guid":{"rendered":"https:\/\/pcs-miete.de\/?page_id=1242"},"modified":"2023-07-05T10:53:31","modified_gmt":"2023-07-05T08:53:31","slug":"equipements-et-cameras-de-videoconference","status":"publish","type":"page","link":"https:\/\/konferenztechnik.de\/fr\/distribution-de-materiel-de-conference-et-de-medias-audiovisuels\/technique-video-2\/equipements-et-cameras-de-videoconference\/","title":{"rendered":"Installations de vid\u00e9oconf\u00e9rence et cam\u00e9ras"},"content":{"rendered":"<div data-elementor-type=\"wp-page\" data-elementor-id=\"1242\" class=\"elementor elementor-1242\" data-elementor-post-type=\"page\">\n\t\t\t\t\t\t<section data-particle_enable=\"false\" data-particle-mobile-disabled=\"false\" class=\"elementor-section elementor-top-section elementor-element elementor-element-46c728b7 elementor-section-boxed elementor-section-height-default elementor-section-height-default\" data-id=\"46c728b7\" data-element_type=\"section\">\n\t\t\t\t\t\t<div class=\"elementor-container elementor-column-gap-default\">\n\t\t\t\t\t<div class=\"elementor-column elementor-col-100 elementor-top-column elementor-element elementor-element-11c45f1c\" data-id=\"11c45f1c\" data-element_type=\"column\">\n\t\t\t<div class=\"elementor-widget-wrap elementor-element-populated\">\n\t\t\t\t\t\t<div class=\"elementor-element elementor-element-11a61641 elementor-widget elementor-widget-text-editor\" data-id=\"11a61641\" data-element_type=\"widget\" data-widget_type=\"text-editor.default\">\n\t\t\t\t<div class=\"elementor-widget-container\">\n\t\t\t\t\t\t\t\t\t<h1>Installations de vid\u00e9oconf\u00e9rence et cam\u00e9ras<\/h1>\nLes syst\u00e8mes de vid\u00e9oconf\u00e9rence connaissent actuellement un v\u00e9ritable essor. Pour les r\u00e9unions et les petites conf\u00e9rences de toutes sortes, ils permettent d'\u00e9conomiser d'\u00e9normes frais de d\u00e9placement. L'achat d'un tel syst\u00e8me est particuli\u00e8rement int\u00e9ressant pour les r\u00e9unions r\u00e9guli\u00e8res de collaborateurs d'entreprises ayant plusieurs succursales en Suisse et \u00e0 l'\u00e9tranger. Une autre utilisation typique est celle des cabinets d'avocats qui peuvent organiser des r\u00e9unions r\u00e9guli\u00e8res avec leurs clients sans devoir passer leur temps pr\u00e9cieux dans l'avion ou le train. En m\u00eame temps, cela permet de pr\u00e9server consid\u00e9rablement l'environnement. De plus, alors qu'il fallait autrefois d\u00e9bourser des sommes \u00e0 six chiffres pour un syst\u00e8me de vid\u00e9oconf\u00e9rence, ces syst\u00e8mes sont devenus de plus en plus abordables.\n<h2>Syst\u00e8me de vid\u00e9oconf\u00e9rence Sony PCS-XG80<\/h2>\n<a href=\"https:\/\/konferenztechnik.de\/wp-content\/uploads\/2013\/09\/Sony_Videokonferenzanlage_PCS-XG80_gross.jpg\"><img fetchpriority=\"high\" decoding=\"async\" width=\"800\" height=\"627\" class=\"alignleft size-full wp-image-2641\" src=\"https:\/\/konferenztechnik.de\/wp-content\/uploads\/2013\/09\/Sony_Videokonferenzanlage_PCS-XG80_gross.jpg\" alt=\"Sony_installation de vid\u00e9oconf\u00e9rence_PCS-XG80_grand\" title=\"\" srcset=\"https:\/\/konferenztechnik.de\/wp-content\/uploads\/2013\/09\/Sony_Videokonferenzanlage_PCS-XG80_gross.jpg 800w, https:\/\/konferenztechnik.de\/wp-content\/uploads\/2013\/09\/Sony_Videokonferenzanlage_PCS-XG80_gross-300x235.jpg 300w, https:\/\/konferenztechnik.de\/wp-content\/uploads\/2013\/09\/Sony_Videokonferenzanlage_PCS-XG80_gross-768x602.jpg 768w\" sizes=\"(max-width: 800px) 100vw, 800px\" \/><\/a>\n\nLe syst\u00e8me de visioconf\u00e9rence Sony fournit des images HD de premi\u00e8re qualit\u00e9 et tr\u00e8s nettes avec une r\u00e9solution de 1080i, ainsi qu'une excellente qualit\u00e9 sonore pour une communication claire. L'installation de vid\u00e9oconf\u00e9rence est raccord\u00e9e soit \u00e0 des lignes t\u00e9l\u00e9phoniques RNIS, soit (ce qui est d\u00e9sormais courant) au r\u00e9seau informatique de l'entreprise (avec une adresse IP propre). Cela permet une transmission rapide et s\u00fbre (car crypt\u00e9e) sur Internet. La mise en place est simple et l'utilisation facile. Nous vous aidons volontiers, vous et vos administrateurs, \u00e0 int\u00e9grer l'installation dans votre r\u00e9seau local (LAN).\t\t\t\t\t\t\t\t<\/div>\n\t\t\t\t<\/div>\n\t\t\t\t\t<\/div>\n\t\t<\/div>\n\t\t\t\t\t<\/div>\n\t\t<\/section>\n\t\t\t\t<\/div>","protected":false},"excerpt":{"rendered":"<p>Syst\u00e8mes de visioconf\u00e9rence et cam\u00e9ras Les syst\u00e8mes de visioconf\u00e9rence connaissent actuellement un v\u00e9ritable boom. Ils permettent de r\u00e9aliser d'\u00e9normes \u00e9conomies sur les frais de d\u00e9placement pour les r\u00e9unions et les petites conf\u00e9rences de toute nature. Leur acquisition est particuli\u00e8rement int\u00e9ressante pour les r\u00e9unions r\u00e9guli\u00e8res du personnel des entreprises ayant plusieurs succursales en Allemagne et \u00e0 l'\u00e9tranger. Une autre utilisation typique est celle des cabinets d'avocats, qui peuvent ainsi organiser des r\u00e9unions r\u00e9guli\u00e8res avec leurs clients sans [...]<\/p>","protected":false},"author":1,"featured_media":45482,"parent":1138,"menu_order":223,"comment_status":"closed","ping_status":"open","template":"","meta":{"_acf_changed":false,"footnotes":""},"class_list":["post-1242","page","type-page","status-publish","has-post-thumbnail","hentry"],"acf":[],"_links":{"self":[{"href":"https:\/\/konferenztechnik.de\/fr\/wp-json\/wp\/v2\/pages\/1242","targetHints":{"allow":["GET"]}}],"collection":[{"href":"https:\/\/konferenztechnik.de\/fr\/wp-json\/wp\/v2\/pages"}],"about":[{"href":"https:\/\/konferenztechnik.de\/fr\/wp-json\/wp\/v2\/types\/page"}],"author":[{"embeddable":true,"href":"https:\/\/konferenztechnik.de\/fr\/wp-json\/wp\/v2\/users\/1"}],"replies":[{"embeddable":true,"href":"https:\/\/konferenztechnik.de\/fr\/wp-json\/wp\/v2\/comments?post=1242"}],"version-history":[{"count":0,"href":"https:\/\/konferenztechnik.de\/fr\/wp-json\/wp\/v2\/pages\/1242\/revisions"}],"up":[{"embeddable":true,"href":"https:\/\/konferenztechnik.de\/fr\/wp-json\/wp\/v2\/pages\/1138"}],"wp:featuredmedia":[{"embeddable":true,"href":"https:\/\/konferenztechnik.de\/fr\/wp-json\/wp\/v2\/media\/45482"}],"wp:attachment":[{"href":"https:\/\/konferenztechnik.de\/fr\/wp-json\/wp\/v2\/media?parent=1242"}],"curies":[{"name":"wp","href":"https:\/\/api.w.org\/{rel}","templated":true}]}}