{"id":12456,"date":"2018-02-06T10:01:05","date_gmt":"2018-02-06T09:01:05","guid":{"rendered":"https:\/\/www.konferenztechnik.de\/?page_id=12456"},"modified":"2023-09-01T13:14:59","modified_gmt":"2023-09-01T11:14:59","slug":"systeme-de-communication-beyerdynamic-unite","status":"publish","type":"page","link":"https:\/\/konferenztechnik.de\/fr\/systeme-de-communication-beyerdynamic-unite\/","title":{"rendered":"Syst\u00e8me de communication Beyerdynamic UNITE"},"content":{"rendered":"<h1>Beyerdynamic UNITE \u2013 syst\u00e8me de communication num\u00e9rique sans fil<\/h1>\n<p><img fetchpriority=\"high\" decoding=\"async\" width=\"850\" height=\"618\" src=\"https:\/\/konferenztechnik.de\/wp-content\/uploads\/2018\/02\/bayerdynamic-unite-fuehrungsanlage.jpg\" alt=\"Syst\u00e8me de guidage Beyerdynamic UNITE\" class=\"alignleft size-full wp-image-12467\" title=\"\" srcset=\"https:\/\/konferenztechnik.de\/wp-content\/uploads\/2018\/02\/bayerdynamic-unite-fuehrungsanlage.jpg 850w, https:\/\/konferenztechnik.de\/wp-content\/uploads\/2018\/02\/bayerdynamic-unite-fuehrungsanlage-300x218.jpg 300w, https:\/\/konferenztechnik.de\/wp-content\/uploads\/2018\/02\/bayerdynamic-unite-fuehrungsanlage-768x558.jpg 768w\" sizes=\"(max-width: 850px) 100vw, 850px\" \/><\/p>\n<p>Beyerdynamic a pr\u00e9sent\u00e9 son nouveau syst\u00e8me de communication UNITE lors du salon ISE 2018 \u00e0 Amsterdam. L'UNITE de Beyerdynamic est un syst\u00e8me moderne de visite guid\u00e9e. Gr\u00e2ce \u00e0 la nouvelle fonction \"Multi-Way-Communication\", il est possible d'entamer un dialogue avec les auditeurs. Les participants peuvent poser des questions directement via leur r\u00e9cepteur, de mani\u00e8re audible pour tous. Dans le syst\u00e8me, jusqu'\u00e0 trois personnes peuvent parler en parall\u00e8le. Il est donc d\u00e9sormais possible d'int\u00e9grer d'autres guides touristiques ou des interpr\u00e8tes chuchotant dans la communication.<\/p>\n<h2>Points forts du syst\u00e8me UNITE<\/h2>\n<div id=\"newscontainer\">\n<div class=\"newskasten\">\n<img decoding=\"async\" width=\"83\" height=\"83\" src=\"https:\/\/konferenztechnik.de\/wp-content\/uploads\/2018\/02\/Schnittstellen-fuer-Toneinspielungen.png\" alt=\"5 interfaces pour les enregistrements sonores\" class=\"size-full wp-image-12474\" title=\"\"><br \/>\n[clear]<br \/>\n5 interfaces pour les enregistrements sonores<\/div>\n<div class=\"newskasten\">\n<img decoding=\"async\" width=\"83\" height=\"83\" src=\"https:\/\/konferenztechnik.de\/wp-content\/uploads\/2018\/02\/Automatic-Level-Control.png\" alt=\"Contr\u00f4le automatique du niveau\" class=\"alignleft size-full wp-image-12463\" title=\"\"><br \/>\n[clear]<br \/>\nAuto-LevelControl &amp; Noise-Canceling (contr\u00f4le automatique du niveau de bruit)<\/div>\n<div class=\"newskasten\">\n<img loading=\"lazy\" decoding=\"async\" width=\"83\" height=\"83\" src=\"https:\/\/konferenztechnik.de\/wp-content\/uploads\/2018\/02\/gleichzeitig-sprechen.png\" alt=\"Trois peuvent parler en m\u00eame temps\" class=\"size-full wp-image-12471\" title=\"\"><br \/>\n[clear]<br \/>\nJusqu'\u00e0 trois locuteurs en m\u00eame temps<\/div>\n<div class=\"newskasten\">\n<img loading=\"lazy\" decoding=\"async\" width=\"83\" height=\"83\" src=\"https:\/\/konferenztechnik.de\/wp-content\/uploads\/2018\/02\/biderektionale-uebertragung-1.png\" alt=\"Communication bidirectionnelle\" class=\"alignleft size-full wp-image-12477\" title=\"\"><br \/>\n[clear]<br \/>\nCommunication bidirectionnelle<\/div>\n<div class=\"newskasten\">\n<img loading=\"lazy\" decoding=\"async\" width=\"83\" height=\"83\" src=\"https:\/\/konferenztechnik.de\/wp-content\/uploads\/2018\/02\/dect.png\" alt=\"Norme DECT UNITE de Beyerdynamic\" class=\"alignleft size-full wp-image-12470\" title=\"\"><br \/>\n[clear]<br \/>\nNorme DECT<\/div>\n<div class=\"newskasten\">\n<img loading=\"lazy\" decoding=\"async\" src=\"https:\/\/konferenztechnik.de\/wp-content\/uploads\/2018\/02\/32-Gruppen-Gleichzeitig.png\" alt=\"32 groupes ou canaux en parall\u00e8le\" width=\"83\" height=\"83\" class=\"alignleft size-full wp-image-12460\" title=\"\"><br \/>\n[clear]<br \/>\nJusqu'\u00e0 32 groupes (canaux) en parall\u00e8le<\/div>\n<\/div>\n<p>[clear]<\/p>\n<h2>Des interfaces modernes<\/h2>\n<p>Le syst\u00e8me UNITE de Beyerdynamic dispose d'interfaces modernes. Il s'agit notamment d'une prise jack, d'un port USB et d'une interface Bluetooth. Il est ainsi possible d'importer facilement des signaux audio (musique, son original, jeux audio) ou de coupler des appareils Bluetooth tels que des casques avec le syst\u00e8me UNITE.<\/p>\n<h2>Haute intelligibilit\u00e9 de la parole et qualit\u00e9 sonore<\/h2>\n<p>Le processeur audio de l'UNITE num\u00e9rique optimise automatiquement l'intelligibilit\u00e9 de la parole. Gr\u00e2ce \u00e0 l'Automatic-Level-Control, l'orateur est toujours reproduit avec un volume parfait. Et ce, m\u00eame s'il parle \u00e0 voix basse ou si la distance par rapport au microphone est plus grande. Le Noise-Cancelling aide \u00e0 maintenir l'intelligibilit\u00e9 de la parole \u00e0 un niveau \u00e9lev\u00e9, m\u00eame dans des situations difficiles (comme par exemple lors de visites d'usine ou de salons dans des halls bruyants).<\/p>\n<h2>DECT, une technique de transmission \u00e0 l'\u00e9preuve du temps<\/h2>\n<p>UNITE fonctionne selon la norme DECT. Les appareils peuvent \u00eatre utilis\u00e9s sans autorisation ni frais de licence suppl\u00e9mentaires. Le syst\u00e8me se charge automatiquement de la gestion des fr\u00e9quences, de sorte que l'utilisateur ne doit s'occuper de rien. Avec l'UNITE de Beyerdynamic, il est possible de transmettre simultan\u00e9ment jusqu'\u00e0 32 groupes (donc canaux). La norme DECT offre en outre une tr\u00e8s grande port\u00e9e.<\/p>\n<h2>Beyerdynamic UNITE \u2013 Appareils et accessoires<\/h2>\n<p>Le syst\u00e8me UNITE sera disponible dans diff\u00e9rentes versions et avec diff\u00e9rents accessoires. Il s'agit notamment d'\u00e9metteurs de poche, d'\u00e9metteurs \u00e0 main, de r\u00e9cepteurs avec fonction talkback, de mallettes de chargement et m\u00eame de boucles d'induction.<br \/>\n[clear]<br \/>\n[spacer size=\"20\u2033]<br \/>\n[column size=\"1-4\u2033 last=\"1\u2033]<\/p>\n<figure id=\"attachment_12466\" aria-describedby=\"caption-attachment-12466\" style=\"width: 850px\" class=\"wp-caption alignleft\"><img loading=\"lazy\" decoding=\"async\" src=\"https:\/\/konferenztechnik.de\/wp-content\/uploads\/2018\/02\/bayerdynamic-unite-empfaenger-sender.jpg\" alt=\"\" width=\"850\" height=\"680\" class=\"size-full wp-image-12466\" title=\"\" srcset=\"https:\/\/konferenztechnik.de\/wp-content\/uploads\/2018\/02\/bayerdynamic-unite-empfaenger-sender.jpg 850w, https:\/\/konferenztechnik.de\/wp-content\/uploads\/2018\/02\/bayerdynamic-unite-empfaenger-sender-300x240.jpg 300w, https:\/\/konferenztechnik.de\/wp-content\/uploads\/2018\/02\/bayerdynamic-unite-empfaenger-sender-768x614.jpg 768w\" sizes=\"(max-width: 850px) 100vw, 850px\" \/><figcaption id=\"caption-attachment-12466\" class=\"wp-caption-text\">UNITE TH | Emetteur \u00e0 main &amp; Unite RP-T | R\u00e9cepteur de poche avec fonction talkback<\/figcaption><\/figure>\n<p>[\/column]<br \/>\n[column size=\"1-4\u2033 last=\"1\u2033]<\/p>\n<figure id=\"attachment_12486\" aria-describedby=\"caption-attachment-12486\" style=\"width: 850px\" class=\"wp-caption alignleft\"><img loading=\"lazy\" decoding=\"async\" src=\"https:\/\/konferenztechnik.de\/wp-content\/uploads\/2018\/02\/bayerdynamic-unite-ladekoffer-b.jpg\" alt=\"beyerdynamic-unite-chargeur-b\" width=\"850\" height=\"680\" class=\"size-full wp-image-12486\" title=\"\" srcset=\"https:\/\/konferenztechnik.de\/wp-content\/uploads\/2018\/02\/bayerdynamic-unite-ladekoffer-b.jpg 850w, https:\/\/konferenztechnik.de\/wp-content\/uploads\/2018\/02\/bayerdynamic-unite-ladekoffer-b-300x240.jpg 300w, https:\/\/konferenztechnik.de\/wp-content\/uploads\/2018\/02\/bayerdynamic-unite-ladekoffer-b-768x614.jpg 768w\" sizes=\"(max-width: 850px) 100vw, 850px\" \/><figcaption id=\"caption-attachment-12486\" class=\"wp-caption-text\">UNITE CC-24P | Mallette de transport et de chargement, diff\u00e9rentes variantes et tailles disponibles<\/figcaption><\/figure>\n<p>[\/column]<\/p>\n<h2>Domaines d'application Beyerdynamic UNITE<\/h2>\n<p>[list icon=\"moon-checkmark\" color=\"#a62055\u2033] Syst\u00e8me de guide touristique[\/list]<br \/>\n[list icon=\"moon-checkmark\" color=\"#a62055\u2033] Visites d'usines[\/list]<br \/>\n[list icon=\"moon-checkmark\" color=\"#a62055\u2033] Visites guid\u00e9es en groupe[\/list]<br \/>\n[list icon=\"moon-checkmark\" color=\"#a62055\u2033] Interpr\u00e9tation chuchot\u00e9e[\/list]<br \/>\n[list icon=\"moon-checkmark\" color=\"#a62055\u2033] Visites guid\u00e9es[\/list]<br \/>\n[list icon=\"moon-checkmark\" color=\"#a62055\u2033] Instructions de mise en sc\u00e8ne[\/list]<br \/>\n[list icon=\"moon-checkmark\" color=\"#a62055\u2033] Pr\u00e9sentations[\/list]<\/p>\n<p>[spacer size=\"20\u2033]<\/p>\n<h2>Acheter Beyerdynamic UNITE \u2013 Disponibilit\u00e9<\/h2>\n<p>Le syst\u00e8me UNITE a \u00e9t\u00e9 pr\u00e9sent\u00e9 \u00e0 l'ISE 2018 en f\u00e9vrier de cette ann\u00e9e et se trouve encore dans sa derni\u00e8re phase de test. D\u00e8s que le syst\u00e8me sera disponible, nous en reparlerons ici.<\/p>\n<p><a href=\"https:\/\/konferenztechnik.de\/fr\/beyerdynamic-unite-systeme-de-guidage-numerique\/\">Beyerdynamic UNITE \u2013 caract\u00e9ristiques techniques<\/a><br \/>\n<a href=\"https:\/\/konferenztechnik.de\/fr\/beyerdynamic-unite-systeme-de-guidage-des-visiteurs\/\">Beyerdynamic UNITE \u2013 impressions de l'ISE<\/a><br \/>\n<a href=\"\/fr\/acheter-un-systeme-de-transport-de-personnes\/\">Aper\u00e7u des installations de guidage des personnes<\/a><\/p>","protected":false},"excerpt":{"rendered":"<p>Beyerdynamic UNITE \u2013 syst\u00e8me de communication num\u00e9rique sans fil Beyerdynamic a pr\u00e9sent\u00e9 son nouveau syst\u00e8me de communication UNITE lors du salon ISE 2018 \u00e0 Amsterdam. L'UNITE de Beyerdynamic est un syst\u00e8me moderne de guidage des visiteurs. Gr\u00e2ce \u00e0 la nouvelle fonction \"Multi-Way-Communication\", il est possible d'entamer un dialogue avec les auditeurs. Les participants peuvent poser des questions directement via leur r\u00e9cepteur, de mani\u00e8re audible pour tous. Dans le [...]<\/p>","protected":false},"author":1,"featured_media":45482,"parent":0,"menu_order":0,"comment_status":"closed","ping_status":"closed","template":"","meta":{"_acf_changed":false,"footnotes":""},"class_list":["post-12456","page","type-page","status-publish","has-post-thumbnail","hentry"],"acf":[],"_links":{"self":[{"href":"https:\/\/konferenztechnik.de\/fr\/wp-json\/wp\/v2\/pages\/12456","targetHints":{"allow":["GET"]}}],"collection":[{"href":"https:\/\/konferenztechnik.de\/fr\/wp-json\/wp\/v2\/pages"}],"about":[{"href":"https:\/\/konferenztechnik.de\/fr\/wp-json\/wp\/v2\/types\/page"}],"author":[{"embeddable":true,"href":"https:\/\/konferenztechnik.de\/fr\/wp-json\/wp\/v2\/users\/1"}],"replies":[{"embeddable":true,"href":"https:\/\/konferenztechnik.de\/fr\/wp-json\/wp\/v2\/comments?post=12456"}],"version-history":[{"count":0,"href":"https:\/\/konferenztechnik.de\/fr\/wp-json\/wp\/v2\/pages\/12456\/revisions"}],"wp:featuredmedia":[{"embeddable":true,"href":"https:\/\/konferenztechnik.de\/fr\/wp-json\/wp\/v2\/media\/45482"}],"wp:attachment":[{"href":"https:\/\/konferenztechnik.de\/fr\/wp-json\/wp\/v2\/media?parent=12456"}],"curies":[{"name":"wp","href":"https:\/\/api.w.org\/{rel}","templated":true}]}}