{"id":12554,"date":"2018-02-07T10:03:37","date_gmt":"2018-02-07T09:03:37","guid":{"rendered":"https:\/\/www.konferenztechnik.de\/?page_id=12554"},"modified":"2023-09-01T13:14:35","modified_gmt":"2023-09-01T11:14:35","slug":"beyerdynamic-unite-systeme-de-guidage-des-visiteurs","status":"publish","type":"page","link":"https:\/\/konferenztechnik.de\/fr\/beyerdynamic-unite-systeme-de-guidage-des-visiteurs\/","title":{"rendered":"Syst\u00e8me de guidage des visiteurs UNITE de Beyerdynamic"},"content":{"rendered":"<h1>Beyerdynamic UNITE \u2013 impressions de l'ISE<\/h1>\n<p><img fetchpriority=\"high\" decoding=\"async\" src=\"https:\/\/konferenztechnik.de\/wp-content\/uploads\/2018\/02\/beyerdynamic-unite-neuheit.jpg\" alt=\"UNITE TourGuide de Beyerdynamic\" width=\"1200\" height=\"750\" class=\"alignnone size-full wp-image-12559\" title=\"\" srcset=\"https:\/\/konferenztechnik.de\/wp-content\/uploads\/2018\/02\/beyerdynamic-unite-neuheit.jpg 1200w, https:\/\/konferenztechnik.de\/wp-content\/uploads\/2018\/02\/beyerdynamic-unite-neuheit-300x188.jpg 300w, https:\/\/konferenztechnik.de\/wp-content\/uploads\/2018\/02\/beyerdynamic-unite-neuheit-1024x640.jpg 1024w, https:\/\/konferenztechnik.de\/wp-content\/uploads\/2018\/02\/beyerdynamic-unite-neuheit-768x480.jpg 768w\" sizes=\"(max-width: 1200px) 100vw, 1200px\" \/><\/p>\n<h2 >Talk back, talk now \u2013 Dialogue au lieu de monologue \u2013 Multi Way, au lieu de One-Way \u2013 Visite guid\u00e9e 2.0<\/h2>\n<p>Beyerdynamic fait une entr\u00e9e remarqu\u00e9e avec le nouveau syst\u00e8me de guidage UNITE.<br \/>\n[spacer size=\"30\u2033]<br \/>\n<img decoding=\"async\" src=\"https:\/\/konferenztechnik.de\/wp-content\/uploads\/2018\/02\/unite-empfaenger.jpg\" alt=\"R\u00e9cepteur UNITE de Beyerdynamic\" width=\"1200\" height=\"750\" class=\"alignnone size-full wp-image-12561\" title=\"\"><\/p>\n<h2>R\u00e9cepteur de poche UNITE RP-T avec fonction talkback<\/h2>\n<p>Les invit\u00e9s peuvent poser des questions audibles pour tous les invit\u00e9s gr\u00e2ce \u00e0 la fonction talkback. Jusqu'\u00e0 trois participants peuvent communiquer en parall\u00e8le. La visite devient interactive.<br \/>\n[spacer size=\"30\u2033]<br \/>\n<img decoding=\"async\" src=\"https:\/\/konferenztechnik.de\/wp-content\/uploads\/2018\/02\/beyerdynamic-unite-mikrofon.jpg\" alt=\"UNITE microphone de Beyerdynamic\" width=\"1200\" height=\"750\" class=\"alignnone size-full wp-image-12558\" title=\"\" srcset=\"https:\/\/konferenztechnik.de\/wp-content\/uploads\/2018\/02\/beyerdynamic-unite-mikrofon.jpg 1200w, https:\/\/konferenztechnik.de\/wp-content\/uploads\/2018\/02\/beyerdynamic-unite-mikrofon-300x188.jpg 300w, https:\/\/konferenztechnik.de\/wp-content\/uploads\/2018\/02\/beyerdynamic-unite-mikrofon-1024x640.jpg 1024w, https:\/\/konferenztechnik.de\/wp-content\/uploads\/2018\/02\/beyerdynamic-unite-mikrofon-768x480.jpg 768w\" sizes=\"(max-width: 1200px) 100vw, 1200px\" \/><\/p>\n<h2>\u00c9metteur \u00e0 main Unite TH<\/h2>\n<p>Avec une batterie Litium-Ion rempla\u00e7able et une autonomie de plus de 15 heures. Un processeur audio num\u00e9rique int\u00e9gr\u00e9 perfectionne l'intelligibilit\u00e9 de la parole : courbe de fr\u00e9quence optimis\u00e9e, Automatic Level Control (toujours le m\u00eame volume, que le guide parle fort ou non), Noise Cancelling (\u00e9limine activement et efficacement les bruits parasites ind\u00e9sirables).<br \/>\n[spacer size=\"30\u2033]<br \/>\n<img loading=\"lazy\" decoding=\"async\" src=\"https:\/\/konferenztechnik.de\/wp-content\/uploads\/2018\/02\/beyerdynamic-unite-transport-ladekoffer.jpg\" alt=\"Mallette de chargement UNITE pour le transport de Beyerdynamic\" width=\"1200\" height=\"750\" class=\"alignnone size-full wp-image-12560\" title=\"\" srcset=\"https:\/\/konferenztechnik.de\/wp-content\/uploads\/2018\/02\/beyerdynamic-unite-transport-ladekoffer.jpg 1200w, https:\/\/konferenztechnik.de\/wp-content\/uploads\/2018\/02\/beyerdynamic-unite-transport-ladekoffer-300x188.jpg 300w, https:\/\/konferenztechnik.de\/wp-content\/uploads\/2018\/02\/beyerdynamic-unite-transport-ladekoffer-1024x640.jpg 1024w, https:\/\/konferenztechnik.de\/wp-content\/uploads\/2018\/02\/beyerdynamic-unite-transport-ladekoffer-768x480.jpg 768w\" sizes=\"(max-width: 1200px) 100vw, 1200px\" \/><\/p>\n<h2> UNITE CC-24P \u2013 Mallette de transport et de chargement<\/h2>\n<p>Une unit\u00e9 pour 24 r\u00e9cepteurs\/\u00e9metteurs de poche. Avec connexion Ethernet pour les mises \u00e0 jour et l'appairage.<br \/>\n[spacer size=\"30\u2033]<br \/>\n<img loading=\"lazy\" decoding=\"async\" src=\"https:\/\/konferenztechnik.de\/wp-content\/uploads\/2018\/02\/beyerdynamic-unite-cc-24p.jpg\" alt=\"UNITE CC-24p de Beyerdynamic\" width=\"1200\" height=\"750\" class=\"alignnone size-full wp-image-12556\" title=\"\"><\/p>\n<h2> Beyerdynamic UNITE \u2013 traitement<\/h2>\n<p>Moderne, styl\u00e9 et robuste. Le nouveau syst\u00e8me de guidage des visiteurs de Beyerdynamic tient probablement ses promesses \u00e0 tous points de vue. Nous allons bient\u00f4t le tester en d\u00e9tail et nous en sommes d\u00e9j\u00e0 impatients.<br \/>\n[spacer size=\"30\u2033]<\/p>\n<p><a href=\"https:\/\/konferenztechnik.de\/fr\/systeme-de-communication-beyerdynamic-unite\/\">Pr\u00e9sentation de produit : Beyerdynamic UNITE \u2013 syst\u00e8me de communication num\u00e9rique sans fil<\/a><br \/>\n<a href=\"https:\/\/konferenztechnik.de\/fr\/beyerdynamic-unite-systeme-de-guidage-numerique\/\">Beyerdynamic UNITE \u2013 caract\u00e9ristiques techniques<\/a><br \/>\n<a href=\"\/fr\/acheter-un-systeme-de-transport-de-personnes\/\">Aper\u00e7u des installations de guidage des personnes<\/a><\/p>","protected":false},"excerpt":{"rendered":"<p>Beyerdynamic UNITE \u2013 Impressions de l'ISE Talk back, talk now \u2013 Dialogue au lieu de monologue \u2013 Multi Way, au lieu de One-Way \u2013 Visite guid\u00e9e des visiteurs 2.0 Beyerdynamic se distingue avec le nouveau syst\u00e8me de guidage UNITE. [spacer size=\"30\u2033] R\u00e9cepteur de poche UNITE RP-T avec fonction talkback Les invit\u00e9s peuvent poser des questions de mani\u00e8re audible pour tous les visiteurs gr\u00e2ce \u00e0 la fonction talkback. Jusqu'\u00e0 trois participants peuvent \u00eatre [...] en parall\u00e8le.<\/p>","protected":false},"author":1,"featured_media":45482,"parent":0,"menu_order":0,"comment_status":"closed","ping_status":"closed","template":"","meta":{"_acf_changed":false,"footnotes":""},"class_list":["post-12554","page","type-page","status-publish","has-post-thumbnail","hentry"],"acf":[],"_links":{"self":[{"href":"https:\/\/konferenztechnik.de\/fr\/wp-json\/wp\/v2\/pages\/12554","targetHints":{"allow":["GET"]}}],"collection":[{"href":"https:\/\/konferenztechnik.de\/fr\/wp-json\/wp\/v2\/pages"}],"about":[{"href":"https:\/\/konferenztechnik.de\/fr\/wp-json\/wp\/v2\/types\/page"}],"author":[{"embeddable":true,"href":"https:\/\/konferenztechnik.de\/fr\/wp-json\/wp\/v2\/users\/1"}],"replies":[{"embeddable":true,"href":"https:\/\/konferenztechnik.de\/fr\/wp-json\/wp\/v2\/comments?post=12554"}],"version-history":[{"count":0,"href":"https:\/\/konferenztechnik.de\/fr\/wp-json\/wp\/v2\/pages\/12554\/revisions"}],"wp:featuredmedia":[{"embeddable":true,"href":"https:\/\/konferenztechnik.de\/fr\/wp-json\/wp\/v2\/media\/45482"}],"wp:attachment":[{"href":"https:\/\/konferenztechnik.de\/fr\/wp-json\/wp\/v2\/media?parent=12554"}],"curies":[{"name":"wp","href":"https:\/\/api.w.org\/{rel}","templated":true}]}}