{"id":12605,"date":"2018-02-08T09:14:51","date_gmt":"2018-02-08T08:14:51","guid":{"rendered":"https:\/\/www.konferenztechnik.de\/?page_id=12605"},"modified":"2023-09-01T13:14:47","modified_gmt":"2023-09-01T11:14:47","slug":"beyerdynamic-unite-systeme-de-guidage-numerique","status":"publish","type":"page","link":"https:\/\/konferenztechnik.de\/fr\/beyerdynamic-unite-systeme-de-guidage-numerique\/","title":{"rendered":"Beyerdynamic UNITE syst\u00e8me de guidage num\u00e9rique"},"content":{"rendered":"<h1>Beyerdynamic UNITE syst\u00e8me de guidage num\u00e9rique \u2013 donn\u00e9es techniques<\/h1>\n<p><img decoding=\"async\" src=\"https:\/\/konferenztechnik.de\/wp-content\/uploads\/2018\/02\/beyerdynamic-unite-digital-wireless.jpg\" alt=\"Syst\u00e8me de guidage Beyerdynamic UNITE\" class=\"alignleft size-full wp-image-12467\" title=\"\"><\/p>\n<p>[spacer size=\"30\u2033]<\/p>\n<h2>Unite RP-T<\/h2>\n<p><img decoding=\"async\" src=\"https:\/\/konferenztechnik.de\/wp-content\/uploads\/2018\/02\/Unite-RP-T.jpg\" alt=\"Beyerdynamic UNITE RP-T R\u00e9cepteur\" width=\"850\" class=\"alignnone size-full wp-image-12615\" title=\"\"><\/p>\n<p>R\u00e9cepteur de poche avec fonction talkback<br \/>\n[list icon=\"moon-checkmark\" color=\"#a62055\u2033] Batterie au lithium interchangeable[\/list]<br \/>\n[list icon=\"moon-checkmark\" color=\"#a62055\u2033] Plus de 20 heures d'autonomie[\/list]<br \/>\n[list icon=\"moon-checkmark\" color=\"#a62055\u2033] Contacts de charge &amp; possibilit\u00e9 de charge USB[\/list]<br \/>\n[list icon=\"moon-checkmark\" color=\"#a62055\u2033] Casque \/ \u00e9couteurs[\/list]<br \/>\n[list icon=\"moon-checkmark\" color=\"#a62055\u2033] Dragonne de cou \u00e0 induction pour malentendants[\/list]<br \/>\n[list icon=\"moon-checkmark\" color=\"#a62055\u2033] Micro interne[\/list]<br \/>\n[list icon=\"moon-checkmark\" color=\"#a62055\u2033] Talkback[\/list]<\/p>\n<p>[spacer size=\"30\u2033]<\/p>\n<h2>Unite HT<\/h2>\n<p><img decoding=\"async\" src=\"https:\/\/konferenztechnik.de\/wp-content\/uploads\/2018\/02\/Unite-Handsender-TH.jpg\" alt=\"Beyerdynamic UNITE HT \u00e9metteur \u00e0 main\" width=\"850\" class=\"alignnone size-full wp-image-12615\" title=\"\"><\/p>\n<p>\u00c9metteur portable<br \/>\n[list icon=\"moon-checkmark\" color=\"#a62055\u2033] Batterie au lithium interchangeable[\/list]<br \/>\n[list icon=\"moon-checkmark\" color=\"#a62055\u2033] Plus de 15 heures d'autonomie[\/list]<br \/>\n[list icon=\"moon-checkmark\" color=\"#a62055\u2033] Contacts de charge &amp; possibilit\u00e9 de charge USB[\/list]<br \/>\n[list icon=\"moon-checkmark\" color=\"#a62055\u2033] Bluetooth[\/list]<br \/>\n[list icon=\"moon-checkmark\" color=\"#a62055\u2033] Protection anti-roulement et Lenyard[\/list]<\/p>\n<p>Fonctions :<br \/>\n[list icon=\"moon-checkmark\" color=\"#a62055\u2033] Mute\/Power[\/list]<br \/>\n[list icon=\"moon-checkmark\" color=\"#a62055\u2033] Menu\/Set[\/list]<br \/>\n[list icon=\"moon-checkmark\" color=\"#a62055\u2033] Menu\/Channel +\/-[\/list]<\/p>\n<p>[spacer size=\"30\u2033]<\/p>\n<h2>Unite TP<\/h2>\n<p><img decoding=\"async\" src=\"https:\/\/konferenztechnik.de\/wp-content\/uploads\/2018\/02\/Beyerdynamic-Unite-TP-Taschensender.jpg\" alt=\"Beyerdynamic UNITE TP \u00e9metteur de poche\" width=\"850\" class=\"alignnone size-full wp-image-12615\" title=\"\"><\/p>\n<p>\u00c9metteur de poche<br \/>\n[list icon=\"moon-checkmark\" color=\"#a62055\u2033] Batterie au lithium interchangeable[\/list]<br \/>\n[list icon=\"moon-checkmark\" color=\"#a62055\u2033] Plus de 15 heures d'autonomie[\/list]<br \/>\n[list icon=\"moon-checkmark\" color=\"#a62055\u2033] Contacts de charge &amp; possibilit\u00e9 de charge USB[\/list]<br \/>\n[list icon=\"moon-checkmark\" color=\"#a62055\u2033] Connexions microphone, casque (TQG \/mini XLR)[\/list]<br \/>\n[list icon=\"moon-checkmark\" color=\"#a62055\u2033] Micro interne[\/list]<br \/>\n[list icon=\"moon-checkmark\" color=\"#a62055\u2033] Entr\u00e9es audio[\/list]<br \/>\n[list icon=\"moon-checkmark\" color=\"#a62055\u2033] Line-In[\/list]<br \/>\n[list icon=\"moon-checkmark\" color=\"#a62055\u2033] Bluetooth[\/list]<br \/>\n[list icon=\"moon-checkmark\" color=\"#a62055\u2033] USB[\/list]<\/p>\n<p>[spacer size=\"30\u2033]<\/p>\n<h2>Unite RP<\/h2>\n<p><img decoding=\"async\" src=\"https:\/\/konferenztechnik.de\/wp-content\/uploads\/2018\/02\/Beyerdynamic-Unite-RP-Empfaenger.jpg\" alt=\"Beyerdynamic UNITE RP Bodypack R\u00e9cepteur\" width=\"850\" class=\"alignnone size-full wp-image-12615\" title=\"\"><\/p>\n<p>R\u00e9cepteur Bodypack<br \/>\n[list icon=\"moon-checkmark\" color=\"#a62055\u2033] Batterie au lithium interchangeable[\/list]<br \/>\n[list icon=\"moon-checkmark\" color=\"#a62055\u2033] Plus de 20 heures d'autonomie[\/list]<br \/>\n[list icon=\"moon-checkmark\" color=\"#a62055\u2033] Contacts de charge &amp; possibilit\u00e9 de charge USB[\/list]<br \/>\n[list icon=\"moon-checkmark\" color=\"#a62055\u2033] Casque[\/list]<br \/>\n[list icon=\"moon-checkmark\" color=\"#a62055\u2033] Dragonne de cou \u00e0 induction pour malentendants[\/list]<\/p>\n<p>[spacer size=\"30\u2033]<\/p>\n<h2>UNITE CC-24P<\/h2>\n<p><img decoding=\"async\" src=\"https:\/\/konferenztechnik.de\/wp-content\/uploads\/2018\/02\/Unite-CC-24P.jpg\" alt=\"Beyerdynamic UNITE CC-24P Mallette de chargement\" width=\"850\" class=\"alignnone size-full wp-image-12615\" title=\"\"><\/p>\n<p>Mallette de transport et de chargement<br \/>\n[list icon=\"moon-checkmark\" color=\"#a62055\u2033] Mallette de chargement et de transport pour 24 r\u00e9cepteurs[\/list]<br \/>\n[list icon=\"moon-checkmark\" color=\"#a62055\u2033] Prise d'alimentation (IEC)[\/list]<br \/>\n[list icon=\"moon-checkmark\" color=\"#a62055\u2033] Connexion Ethernet (pour les mises \u00e0 jour du firmware, l'appairage)[\/list]<br \/>\n[list icon=\"moon-checkmark\" color=\"#a62055\u2033] Compartiment pour le microphone \u00e0 main[\/list]<br \/>\n[list icon=\"moon-checkmark\" color=\"#a62055\u2033] Portable[\/list]<\/p>\n<p>Fonctions :<br \/>\n[list icon=\"moon-checkmark\" color=\"#a62055\u2033] Bouton d'appairage[\/list]<br \/>\n[list icon=\"moon-checkmark\" color=\"#a62055\u2033] Bouton de r\u00e9initialisation (pour IP)[\/list]<br \/>\n[list icon=\"moon-checkmark\" color=\"#a62055\u2033] R\u00e9initialisation du mot de passe[\/list]<\/p>\n<p>[spacer size=\"30\u2033]<\/p>\n<h2>Aper\u00e7u de toutes les fonctions du syst\u00e8me UNITE<\/h2>\n<div id=\"newscontainer\">\n<div class=\"newskasten\">\n<img decoding=\"async\" width=\"83\" height=\"83\" src=\"https:\/\/konferenztechnik.de\/wp-content\/uploads\/2018\/02\/Schnittstellen-fuer-Toneinspielungen.png\" alt=\"Interfaces pour les enregistrements sonores\" class=\"size-full wp-image-12474\" title=\"\"><br \/>\n[clear]<br \/>\nInterfaces pour les enregistrements sonores<\/div>\n<div class=\"newskasten\">\n<img decoding=\"async\" width=\"83\" height=\"83\" src=\"https:\/\/konferenztechnik.de\/wp-content\/uploads\/2018\/02\/Automatic-Level-Control.png\" alt=\"Auto-LevelControl &amp; Noise-Canceling (contr\u00f4le automatique du niveau de bruit)\" class=\"alignleft size-full wp-image-12463\" title=\"\"><br \/>\n[clear]<br \/>\nAuto-LevelControl &amp; Noise-Canceling (contr\u00f4le automatique du niveau de bruit)<\/div>\n<div class=\"newskasten\">\n<img decoding=\"async\" width=\"83\" height=\"83\" src=\"https:\/\/konferenztechnik.de\/wp-content\/uploads\/2018\/02\/gleichzeitig-sprechen.png\" alt=\"Trois peuvent parler en m\u00eame temps\" class=\"size-full wp-image-12471\" title=\"\"><br \/>\n[clear]<br \/>\nJusqu'\u00e0 trois locuteurs en m\u00eame temps<\/div>\n<div class=\"newskasten\">\n<img loading=\"lazy\" decoding=\"async\" width=\"83\" height=\"83\" src=\"https:\/\/konferenztechnik.de\/wp-content\/uploads\/2018\/02\/biderektionale-uebertragung-1.png\" alt=\"Communication bidirectionnelle\" class=\"alignleft size-full wp-image-12477\" title=\"\"><br \/>\n[clear]<br \/>\nCommunication bidirectionnelle<\/div>\n<div class=\"newskasten\">\n<img loading=\"lazy\" decoding=\"async\" width=\"83\" height=\"83\" src=\"https:\/\/konferenztechnik.de\/wp-content\/uploads\/2018\/02\/dect.png\" alt=\"Norme DECT UNITE de Beyerdynamic\" class=\"alignleft size-full wp-image-12470\" title=\"\"><br \/>\n[clear]<br \/>\nNorme DECT<\/div>\n<div class=\"newskasten\">\n<img loading=\"lazy\" decoding=\"async\" src=\"https:\/\/konferenztechnik.de\/wp-content\/uploads\/2018\/02\/Abhoersicher.png\" alt=\"Antenne de guidage prot\u00e9g\u00e9e contre les \u00e9coutes\" width=\"83\" height=\"83\" class=\"alignleft size-full wp-image-12460\" title=\"\"><br \/>\n[clear]<br \/>\nProtection contre les \u00e9coutes gr\u00e2ce au cryptage AES-256 bits le plus moderne<\/div>\n<div class=\"newskasten\">\n<img decoding=\"async\" src=\"https:\/\/konferenztechnik.de\/wp-content\/uploads\/2018\/02\/Hohe-Reichweite.png\" alt=\"Grande port\u00e9e\" class=\"alignleft size-full wp-image-12477\" title=\"\"><br \/>\n[clear]<br \/>\nGrande port\u00e9e<\/div>\n<div class=\"newskasten\">\n<img decoding=\"async\" src=\"https:\/\/konferenztechnik.de\/wp-content\/uploads\/2018\/02\/AktiveGeraeuschuunterdrueckung.png\" alt=\"R\u00e9duction active du bruit\" class=\"alignleft size-full wp-image-12470\" title=\"\"><br \/>\n[clear]<br \/>\nR\u00e9duction active du bruit<\/div>\n<div class=\"newskasten\">\n<img loading=\"lazy\" decoding=\"async\" src=\"https:\/\/konferenztechnik.de\/wp-content\/uploads\/2018\/02\/AutomatischesFrequenz-undStoerungsmanagement.png\" alt=\"Gestion automatique des fr\u00e9quences et des perturbations\" width=\"83\" height=\"83\" class=\"alignleft size-full wp-image-12460\" title=\"\"><br \/>\n[clear]<br \/>\nR\u00e9glage automatique de la fr\u00e9quence et<br \/>\nGestion des perturbations<\/div>\n<div class=\"newskasten\">\n<img decoding=\"async\" src=\"https:\/\/konferenztechnik.de\/wp-content\/uploads\/2018\/02\/Barrierefreiheit-fuer-Schwerhoerige.png\" alt=\"Accessibilit\u00e9 pour les malentendants\" class=\"alignleft size-full wp-image-12477\" title=\"\"><br \/>\n[clear]<br \/>\nAccessibilit\u00e9<br \/>\npour les malentendants<\/div>\n<div class=\"newskasten\">\n<img decoding=\"async\" src=\"https:\/\/konferenztechnik.de\/wp-content\/uploads\/2018\/02\/Lange-Betriebszeiten.png\" alt=\"Longue dur\u00e9e de fonctionnement\" class=\"alignleft size-full wp-image-12470\" title=\"\"><br \/>\n[clear]<br \/>\nLongue<br \/>\nHeures de fonctionnement<\/div>\n<div class=\"newskasten\">\n<img loading=\"lazy\" decoding=\"async\" src=\"https:\/\/konferenztechnik.de\/wp-content\/uploads\/2018\/02\/32-Gruppen-Gleichzeitig.png\" alt=\"32 groupes en m\u00eame temps\" width=\"83\" height=\"83\" class=\"alignleft size-full wp-image-12460\" title=\"\"><br \/>\n[clear]<br \/>\nJusqu'\u00e0 32 groupes<br \/>\nen m\u00eame temps<\/div>\n<\/div>\n<p>[clear]<\/p>\n<h2>Accessoires<\/h2>\n<p><img decoding=\"async\" src=\"https:\/\/konferenztechnik.de\/wp-content\/uploads\/2018\/02\/DT-287-Unite.jpg\" alt=\"DT 287 UNITE 80 Ohm, casque d&#039;\u00e9coute\" width=\"850\" class=\"alignnone size-full wp-image-12615\" title=\"\"><\/p>\n<p>DT 287 UNITE 80 Ohm, casque d'\u00e9coute<br \/>\nCombin\u00e9 mono-oreille\/\u00e9coute\/parole avec microphone \u00e0 condensateur (cardio\u00efde) et articulation rotative<br \/>\n[spacer size=\"10\u2033]<br \/>\n[list icon=\"moon-checkmark\" color=\"#a62055\u2033] Casque d'\u00e9coute ferm\u00e9[\/list]<br \/>\n[list icon=\"moon-checkmark\" color=\"#a62055\u2033] version sp\u00e9ciale avec microphone \u00e0 alimentation directe[\/list]<br \/>\n[list icon=\"moon-checkmark\" color=\"#a62055\u2033] Connecteur 6 p\u00f4les, ne fonctionne qu'avec K109.25 ou d'autres c\u00e2bles de la s\u00e9rie DT 109[\/list]<br \/>\n[list icon=\"moon-checkmark\" color=\"#a62055\u2033] Coussinets doux et circum-auriculaires, syst\u00e8me de clic pratique pour changer les coussinets[\/list]<\/p>\n<p>[spacer size=\"30\u2033]<\/p>\n<p><img decoding=\"async\" src=\"https:\/\/konferenztechnik.de\/wp-content\/uploads\/2018\/02\/TG-H56.jpg\" alt=\"DT 287 UNITE 80 Ohm, casque d&#039;\u00e9coute\" width=\"850\" class=\"alignnone size-full wp-image-12615\" title=\"\"><br \/>\nTG H56, micro casque \u00e0 condensateur (omnidirectionnel)<br \/>\nManipulation simple, son naturel et ajustement optimal \u2013 c'est ainsi que l'on peut r\u00e9sumer simplement les caract\u00e9ristiques du microphone pour casque TG H56. Que ce soit sur sc\u00e8ne, dans les com\u00e9dies musicales, au th\u00e9\u00e2tre ou pour les pr\u00e9sentateurs, le TG H56 s\u00e9duit par sa sonorit\u00e9 \u00e9quilibr\u00e9e et son apparence discr\u00e8te.<\/p>\n<p>Gr\u00e2ce au c\u00e2ble amovible, au m\u00e9canisme r\u00e9glable dans la nuque et aux tours d'oreille rotatifs, le TG H56 offre une flexibilit\u00e9 maximale et s'adapte \u00e0 presque toutes les formes de t\u00eate, m\u00eame aux enfants. Si l'on ajoute \u00e0 cela la facilit\u00e9 de positionnement due \u00e0 la directivit\u00e9 omnidirectionnelle, le TG H56 est le meilleur casque pour tout le monde.<br \/>\n[spacer size=\"10\u2033]<\/p>\n<p>[list icon=\"moon-checkmark\" color=\"#a62055\u2033] son naturel[\/list]<\/p>\n<p>[list icon=\"moon-checkmark\" color=\"#a62055\u2033] omnidirectionnel[\/list]<\/p>\n<p>[list icon=\"moon-checkmark\" color=\"#a62055\u2033] pas d'effet de proximit\u00e9 d\u00fb \u00e0 la directivit\u00e9 omnidirectionnelle[\/list]<\/p>\n<p>[list icon=\"moon-checkmark\" color=\"#a62055\u2033] petite capsule \u00f8 3mm[\/list]<\/p>\n<p>[list icon=\"moon-checkmark\" color=\"#a62055\u2033] niveau de pression acoustique maximum \u00e9lev\u00e9 (127 dB)[\/list]<\/p>\n<p>[list icon=\"moon-checkmark\" color=\"#a62055\u2033] SNR \u00e9lev\u00e9, faible bruit propre[\/list]<\/p>\n<p>[list icon=\"moon-checkmark\" color=\"#a62055\u2033] M\u00e9canique filigrane[\/list]<\/p>\n<p>[list icon=\"moon-checkmark\" color=\"#a62055\u2033] m\u00e9canisme de nuque r\u00e9glable[\/list]<\/p>\n<p>[list icon=\"moon-checkmark\" color=\"#a62055\u2033] crochet auriculaire pivotant pour positionner la capsule \u00e0 droite ou \u00e0 gauche[\/list]<\/p>\n<p>[list icon=\"moon-checkmark\" color=\"#a62055\u2033] c\u00e2ble d\u00e9tachable[\/list]<\/p>\n<p>[spacer size=\"30\u2033]<\/p>\n<h2>Acheter Beyerdynamic UNITE \u2013 Disponibilit\u00e9<\/h2>\n<p>Le syst\u00e8me UNITE a \u00e9t\u00e9 pr\u00e9sent\u00e9 \u00e0 l'ISE 2018 en f\u00e9vrier de cette ann\u00e9e et se trouve encore dans sa derni\u00e8re phase de test. D\u00e8s que le syst\u00e8me sera disponible, nous en reparlerons ici.<\/p>\n<p><a href=\"https:\/\/konferenztechnik.de\/fr\/beyerdynamic-unite-systeme-de-guidage-des-visiteurs\/\">Beyerdynamic UNITE \u2013 impressions de l'ISE<\/a><\/p>\n<p><a href=\"https:\/\/konferenztechnik.de\/fr\/systeme-de-communication-beyerdynamic-unite\/\">Pr\u00e9sentation du produit : Beyerdynamic UNITE<\/a><br \/>\n<a href=\"\/fr\/acheter-un-systeme-de-transport-de-personnes\/\">Aper\u00e7u des installations de guidage des personnes<\/a><\/p>","protected":false},"excerpt":{"rendered":"<p>Beyerdynamic UNITE syst\u00e8me de guidage num\u00e9rique \u2013 donn\u00e9es techniques [spacer size=\"30\u2033] R\u00e9cepteur de poche Unite RP-T avec fonction talkback [list icon=\"moon-checkmark\" color=\"#a62055\u2033] Batterie lithium-ion interchangeableBatterie rechargeable[\/list] [list icon=\"moon-checkmark\" color=\"#a62055\u2033] Plus de 20 heures d'autonomie[\/list] [list icon=\"moon-checkmark\" color=\"#a62055\u2033] Contacts de recharge &amp; USB-Possibilit\u00e9 de chargement[\/list] [list icon=\"moon-checkmark\" color=\"#a62055\u2033] \u00c9couteurs \/ casque[\/list] [list icon=\"moon-checkmark\" color=\"#a62055\u2033] \u00c9quipement \u00e0 inductionDragonne de cou pour malentendants[\/list] [list icon=\"moon-checkmark\" color=\"#a62055\u2033] Microphone interne[\/list] [list icon=\"moon-checkmark\" color=\"#a62055\u2033] Talkback[\/list] [spacer [...]<\/p>","protected":false},"author":1,"featured_media":45482,"parent":0,"menu_order":0,"comment_status":"closed","ping_status":"closed","template":"","meta":{"_acf_changed":false,"footnotes":""},"class_list":["post-12605","page","type-page","status-publish","has-post-thumbnail","hentry"],"acf":[],"_links":{"self":[{"href":"https:\/\/konferenztechnik.de\/fr\/wp-json\/wp\/v2\/pages\/12605","targetHints":{"allow":["GET"]}}],"collection":[{"href":"https:\/\/konferenztechnik.de\/fr\/wp-json\/wp\/v2\/pages"}],"about":[{"href":"https:\/\/konferenztechnik.de\/fr\/wp-json\/wp\/v2\/types\/page"}],"author":[{"embeddable":true,"href":"https:\/\/konferenztechnik.de\/fr\/wp-json\/wp\/v2\/users\/1"}],"replies":[{"embeddable":true,"href":"https:\/\/konferenztechnik.de\/fr\/wp-json\/wp\/v2\/comments?post=12605"}],"version-history":[{"count":0,"href":"https:\/\/konferenztechnik.de\/fr\/wp-json\/wp\/v2\/pages\/12605\/revisions"}],"wp:featuredmedia":[{"embeddable":true,"href":"https:\/\/konferenztechnik.de\/fr\/wp-json\/wp\/v2\/media\/45482"}],"wp:attachment":[{"href":"https:\/\/konferenztechnik.de\/fr\/wp-json\/wp\/v2\/media?parent=12605"}],"curies":[{"name":"wp","href":"https:\/\/api.w.org\/{rel}","templated":true}]}}