{"id":12682,"date":"2018-02-08T10:37:08","date_gmt":"2018-02-08T09:37:08","guid":{"rendered":"https:\/\/www.konferenztechnik.de\/?page_id=12682"},"modified":"2023-07-05T11:00:32","modified_gmt":"2023-07-05T09:00:32","slug":"shure-microflex-complete-systeme-de-conference","status":"publish","type":"page","link":"https:\/\/konferenztechnik.de\/fr\/shure-microflex-complete-systeme-de-conference\/","title":{"rendered":"Syst\u00e8me de conf\u00e9rence Shure Microflex Complete"},"content":{"rendered":"<h1>Syst\u00e8me de conf\u00e9rence Shure Microflex Complete \u2013 Impressions de l'ISE<\/h1>\n<p><img decoding=\"async\" src=\"https:\/\/konferenztechnik.de\/wp-content\/uploads\/2018\/02\/Shure-Microflex-Complete-Conferencing-System.jpg\" alt=\"Syst\u00e8me de conf\u00e9rence complet Shure Microflex\" width=\"1200\" class=\"alignnone size-full wp-image-12559\" title=\"\"><\/p>\n<h2>Shure pr\u00e9sente le Microflex Complete Conferencing System<\/h2>\n<p>Le nouveau syst\u00e8me de conf\u00e9rence Microflex de Shure est disponible en versions filaire et sans fil.<\/p>\n<p><img fetchpriority=\"high\" decoding=\"async\" src=\"https:\/\/konferenztechnik.de\/wp-content\/uploads\/2018\/02\/Shure-MicroflexComplete-Konferenzanlage.jpg\" alt=\"Syst\u00e8me de conf\u00e9rence Shure Microflex\" width=\"1200\" height=\"750\" class=\"alignnone size-full wp-image-12561\" title=\"\"><\/p>\n<h2>Postes d'interphonie sans fil Shure Microflex Complete<\/h2>\n<p>En arri\u00e8re-plan, on peut voir la station de charge pour les batteries des postes d'interphonie transportables (batteries lithium-ion d'une autonomie de 10 heures) .<\/p>\n<p><img decoding=\"async\" src=\"https:\/\/konferenztechnik.de\/wp-content\/uploads\/2018\/02\/shure-Microflex-Complete-Sprechstelle.jpg\" alt=\"Poste d&#039;interphonie Microflex de Shure\" width=\"1200\" height=\"750\" class=\"alignnone size-full wp-image-12558\" title=\"\"><\/p>\n<h2>Le poste d'interphonie sans fil<\/h2>\n<p>Le design moderne convient probablement \u00e0 toutes les pi\u00e8ces. La finition donne une tr\u00e8s bonne impression. La surface mate et le design sobre nous plaisent beaucoup.<\/p>\n<p><img decoding=\"async\" src=\"https:\/\/konferenztechnik.de\/wp-content\/uploads\/2018\/02\/shure-sprechstelle-detail.jpg\" alt=\"Syst\u00e8me de conf\u00e9rence Microflex Complete\" width=\"1200\" height=\"750\" class=\"alignnone size-full wp-image-12560\" title=\"\"><\/p>\n<h2> Microflex Complete \u00e0 la pointe de la technologie<\/h2>\n<p>Des \u00e9crans tactiles en couleur (pas tous les mod\u00e8les) fournissent des informations sur la r\u00e9union, des \u00e9l\u00e9ments de contr\u00f4le et une possibilit\u00e9 de vote. Un lecteur de carte NFC-ID int\u00e9gr\u00e9 peut identifier les participants.<\/p>\n<p><img loading=\"lazy\" decoding=\"async\" src=\"https:\/\/konferenztechnik.de\/wp-content\/uploads\/2018\/02\/MXCWAPT.jpg\" alt=\"MXCWAPT\" width=\"1200\" height=\"750\" class=\"alignnone size-full wp-image-12556\" title=\"\"><\/p>\n<h2>MXCW-APT \u2013 la centrale de commande intelligente et plus s\u00fbre du syst\u00e8me de conf\u00e9rence num\u00e9rique<\/h2>\n<p>Installation simple et rapide, performances RF s\u00e9curis\u00e9es (2.4GHz\/5GHz Wifi), cryptage audio et donn\u00e9es s\u00e9curis\u00e9 AES-128 bit (MXCW = Microflex Complete Wireless \u2013 APT = Access Point)<\/p>\n<p><img loading=\"lazy\" decoding=\"async\" src=\"https:\/\/konferenztechnik.de\/wp-content\/uploads\/2018\/02\/MXCW-Konferenzanlage.jpg\" alt=\"MXCW - Syst\u00e8me de conf\u00e9rence\" width=\"1200\" height=\"750\" class=\"alignnone size-full wp-image-12556\" title=\"\"><\/p>\n<h2>Logiciel MXCW \u2013 Utilisation et configuration<\/h2>\n<p>Le syst\u00e8me de conf\u00e9rence Shure est contr\u00f4l\u00e9 par une interface utilisateur moderne, bas\u00e9e sur un navigateur, avec diff\u00e9rents r\u00f4les et droits d'acc\u00e8s pour les utilisateurs.<\/p>\n<h2>Liens et informations compl\u00e9mentaires<\/h2>\n<ul>\n<li><a href=\"https:\/\/konferenztechnik.de\/fr\/systeme-de-conference-shure-microflex-complete\/\">Pr\u00e9sentation du produit : Shure Microflex Complete<\/a><\/li>\n<\/ul>","protected":false},"excerpt":{"rendered":"<p>Shure Microflex Complete Konferenzsystem \u2013 Eindr\u00fccke von der ISE Shure pr\u00e4sentiert das Microflex Complete Conferencing System Die neue Shure Konferenzanlage Microflex ist in kabelgebundenen und drahtlosen Varianten verf\u00fcgbar. Drahtlose Sprechstellen Shure Microflex Complete Im Hintergrund ist die Ladestation f\u00fcr die Akkus der transportablen Sprechstellen zu sehen (Lithium-Ionen-Akkus mit bis zu 10 Stunden Betriebsdauer) . Die [&hellip;]<\/p>","protected":false},"author":1,"featured_media":45482,"parent":0,"menu_order":0,"comment_status":"closed","ping_status":"closed","template":"","meta":{"_acf_changed":false,"footnotes":""},"class_list":["post-12682","page","type-page","status-publish","has-post-thumbnail","hentry"],"acf":[],"_links":{"self":[{"href":"https:\/\/konferenztechnik.de\/fr\/wp-json\/wp\/v2\/pages\/12682","targetHints":{"allow":["GET"]}}],"collection":[{"href":"https:\/\/konferenztechnik.de\/fr\/wp-json\/wp\/v2\/pages"}],"about":[{"href":"https:\/\/konferenztechnik.de\/fr\/wp-json\/wp\/v2\/types\/page"}],"author":[{"embeddable":true,"href":"https:\/\/konferenztechnik.de\/fr\/wp-json\/wp\/v2\/users\/1"}],"replies":[{"embeddable":true,"href":"https:\/\/konferenztechnik.de\/fr\/wp-json\/wp\/v2\/comments?post=12682"}],"version-history":[{"count":0,"href":"https:\/\/konferenztechnik.de\/fr\/wp-json\/wp\/v2\/pages\/12682\/revisions"}],"wp:featuredmedia":[{"embeddable":true,"href":"https:\/\/konferenztechnik.de\/fr\/wp-json\/wp\/v2\/media\/45482"}],"wp:attachment":[{"href":"https:\/\/konferenztechnik.de\/fr\/wp-json\/wp\/v2\/media?parent=12682"}],"curies":[{"name":"wp","href":"https:\/\/api.w.org\/{rel}","templated":true}]}}