{"id":1289,"date":"2013-08-23T13:43:12","date_gmt":"2013-08-23T11:43:12","guid":{"rendered":"https:\/\/pcs-miete.de\/?page_id=1289"},"modified":"2023-07-05T14:11:50","modified_gmt":"2023-07-05T12:11:50","slug":"technique-audio-microphones-sonorisation-regie-et-distribution","status":"publish","type":"page","link":"https:\/\/konferenztechnik.de\/fr\/distribution-de-materiel-de-conference-et-de-medias-audiovisuels\/technique-audio-microphones-sonorisation-regie-et-distribution\/","title":{"rendered":"Technique audio : microphones, sonorisation, r\u00e9gie et distribution"},"content":{"rendered":"<h1>Technique audio : microphones, tables de mixage, sonorisation<\/h1>\n<p><a href=\"\/fr\/distribution-de-materiel-de-conference-et-de-medias-audiovisuels\/technique-audio-microphones-sonorisation-regie-et-distribution\/microphones\/\"><img fetchpriority=\"high\" decoding=\"async\" class=\"alignnone size-full wp-image-1208\" alt=\"a1\" src=\"https:\/\/konferenztechnik.de\/wp-content\/uploads\/2013\/08\/a1.jpg\" width=\"288\" height=\"198\" title=\"\"><\/a><a href=\"\/fr\/distribution-de-materiel-de-conference-et-de-medias-audiovisuels\/technique-audio-microphones-sonorisation-regie-et-distribution\/microphones\/\"><br \/>\nMicrophones<\/a><\/p>\n<p><a href=\"\/fr\/distribution-de-materiel-de-conference-et-de-medias-audiovisuels\/technique-audio-microphones-sonorisation-regie-et-distribution\/sonorisation\/\"><img decoding=\"async\" class=\"alignnone size-full wp-image-1208\" alt=\"\u00c9crans et pr\u00e9sentoirs\" src=\"https:\/\/konferenztechnik.de\/wp-content\/uploads\/2013\/08\/a2.jpg\" width=\"288\" height=\"198\" title=\"\"><\/a><a href=\"\/fr\/distribution-de-materiel-de-conference-et-de-medias-audiovisuels\/technique-audio-microphones-sonorisation-regie-et-distribution\/sonorisation\/\"><br \/>\nSonorisation<\/a><\/p>\n<p><a href=\"\/fr\/distribution-de-materiel-de-conference-et-de-medias-audiovisuels\/technique-audio-microphones-sonorisation-regie-et-distribution\/tables-de-mixage\/\"><img decoding=\"async\" class=\"alignnone size-full wp-image-1209\" alt=\"Supports pour vid\u00e9oprojecteurs et projecteurs\" src=\"https:\/\/konferenztechnik.de\/wp-content\/uploads\/2013\/08\/a3.jpg\" width=\"288\" height=\"198\" title=\"\"><\/a><a href=\"\/fr\/distribution-de-materiel-de-conference-et-de-medias-audiovisuels\/technique-audio-microphones-sonorisation-regie-et-distribution\/tables-de-mixage\/\"><br \/>\nTables de mixage<\/a><\/p>\n<p><a href=\"\/fr\/distribution-de-materiel-de-conference-et-de-medias-audiovisuels\/technique-audio-microphones-sonorisation-regie-et-distribution\/dynamiques-et-effets\/\"><img loading=\"lazy\" decoding=\"async\" class=\"alignnone size-full wp-image-1211\" alt=\"Housing pour projecteurs\" src=\"https:\/\/konferenztechnik.de\/wp-content\/uploads\/2013\/08\/a4.jpg\" width=\"288\" height=\"198\" title=\"\"><\/a><a href=\"\/fr\/distribution-de-materiel-de-conference-et-de-medias-audiovisuels\/technique-audio-microphones-sonorisation-regie-et-distribution\/dynamiques-et-effets\/\"><br \/>\nTraitement num\u00e9rique du signal (DSP)<\/a><\/p>\n<p><a href=\"\/fr\/distribution-de-materiel-de-conference-et-de-medias-audiovisuels\/enregistrement\/\"><img loading=\"lazy\" decoding=\"async\" src=\"https:\/\/konferenztechnik.de\/wp-content\/uploads\/2013\/08\/audiotechnik-bei-pcs_marantz-mp3-rekorder.jpg\" alt=\"L&#039;audiotechnique chez PCS - Enregistrement et proc\u00e8s-verbal\" width=\"288\" height=\"198\" class=\"alignleft size-full wp-image-3491\" title=\"\"><br \/>\nEnregistrement et lecture<\/a><\/p>\n<div class=\"boxcontainer\">\n<div class=\"box1-2\">\n<h1>Personne de contact<\/h1>\n<\/div>\n<div class=\"box1-2-order\">\n<h1>Liens compl\u00e9mentaires<\/h1>\n<\/div>\n<div class=\"box1-4\">\n<div class=\"box-head\">Distribution et vente<\/div>\n<\/div>\n<div class=\"box2-4-2\" style=\"order:1;\">\n<div class=\"weiterlinks\">\n<ul>\n<a title=\"Distribution par groupe de produits\" href=\"\/fr\/groupes-de-produits\/\">Distribution par groupe de produits<\/a><br \/>\n<a title=\"Distribution par fabricant\" href=\"\/fr\/fabricant\/\">Distribution par fabricant<\/a><br \/>\n<a title=\"Fabrications sp\u00e9ciales, entretien et r\u00e9parations\" href=\"\/fr\/services\/entretien-et-reparation\/\">Fabrications sp\u00e9ciales, entretien et r\u00e9parations<\/a><br \/>\n<a title=\"10 bonnes raisons de choisir PCS\" href=\"\/fr\/a-propos-de-nous-2\/10-bonnes-raisons-pour-les-pc\/\">10 bonnes raisons de choisir PCS<\/a><br \/>\n<a title=\"R\u00e9f\u00e9rences\" href=\"\/fr\/a-propos-de-nous-2\/liste-de-reference-installation\/\">R\u00e9f\u00e9rences Installation et int\u00e9gration<\/a><br \/>\n<a title=\"PCS : Aper\u00e7u de toutes les prestations\" href=\"\/fr\/services\/\">PCS : Aper\u00e7u de tous les services<\/a><\/ul>\n<\/div>\n<\/div>\n<\/div>","protected":false},"excerpt":{"rendered":"<p>Audiotechnik: Mikrofone, Mischpulte, Beschallung Mikrofone Beschallung Mischpulte Digital Signal Processing (DSP) Aufnahme und Wiedergabe Ansprechpartner Weiterf\u00fchrende Links Vertrieb und Verkauf Vertrieb nach Produktgruppen Vertrieb nach Hersteller Sonderanfertigungen, Wartung und Reparaturen 10 gute Gr\u00fcnde f\u00fcr PCS Referenzen Installation und Integration PCS: Alle Leistungen im \u00dcberblick<\/p>","protected":false},"author":1,"featured_media":45482,"parent":3614,"menu_order":219,"comment_status":"closed","ping_status":"open","template":"","meta":{"_acf_changed":false,"footnotes":""},"class_list":["post-1289","page","type-page","status-publish","has-post-thumbnail","hentry"],"acf":[],"_links":{"self":[{"href":"https:\/\/konferenztechnik.de\/fr\/wp-json\/wp\/v2\/pages\/1289","targetHints":{"allow":["GET"]}}],"collection":[{"href":"https:\/\/konferenztechnik.de\/fr\/wp-json\/wp\/v2\/pages"}],"about":[{"href":"https:\/\/konferenztechnik.de\/fr\/wp-json\/wp\/v2\/types\/page"}],"author":[{"embeddable":true,"href":"https:\/\/konferenztechnik.de\/fr\/wp-json\/wp\/v2\/users\/1"}],"replies":[{"embeddable":true,"href":"https:\/\/konferenztechnik.de\/fr\/wp-json\/wp\/v2\/comments?post=1289"}],"version-history":[{"count":0,"href":"https:\/\/konferenztechnik.de\/fr\/wp-json\/wp\/v2\/pages\/1289\/revisions"}],"up":[{"embeddable":true,"href":"https:\/\/konferenztechnik.de\/fr\/wp-json\/wp\/v2\/pages\/3614"}],"wp:featuredmedia":[{"embeddable":true,"href":"https:\/\/konferenztechnik.de\/fr\/wp-json\/wp\/v2\/media\/45482"}],"wp:attachment":[{"href":"https:\/\/konferenztechnik.de\/fr\/wp-json\/wp\/v2\/media?parent=1289"}],"curies":[{"name":"wp","href":"https:\/\/api.w.org\/{rel}","templated":true}]}}