{"id":13067,"date":"2018-05-03T09:28:17","date_gmt":"2018-05-03T08:28:17","guid":{"rendered":"https:\/\/www.konferenztechnik.de\/?page_id=13067"},"modified":"2023-09-01T13:12:43","modified_gmt":"2023-09-01T11:12:43","slug":"acheter-un-systeme-de-guidage-mipro","status":"publish","type":"page","link":"https:\/\/konferenztechnik.de\/fr\/acheter-un-systeme-de-guidage-mipro\/","title":{"rendered":"Acheter un syst\u00e8me de guidage Mipro"},"content":{"rendered":"<h1>Acheter un syst\u00e8me de guidage Mipro<\/h1>\n<div class=\"call-action-slider-img\">\n<img decoding=\"async\" src=\"https:\/\/konferenztechnik.de\/wp-content\/uploads\/2018\/05\/mipro-tour-guide-kaufen.jpg\" alt=\"Acheter un syst\u00e8me de guidage Mipro\" class=\"alignnone size-full wp-image-12201\" title=\"\"><br \/>\n<button class=\"bbtn popmake-12226\">Demander une offre &amp;#x9B ;<\/button><\/div>\n<h2>R\u00e9cepteur MTG-100R<\/h2>\n<p>[spacer size=\"10\u2033]<\/p>\n<p>Le r\u00e9cepteur le plus petit et le plus l\u00e9ger au monde au format poche de poitrine. Robuste, durable et facile \u00e0 utiliser.<\/p>\n<p>1 : r\u00e9glage du volume (r\u00e9glable sur 20 niveaux)<\/p>\n<p>2 : interrupteur marche\/arr\u00eat (appuyer et maintenir enfonc\u00e9 pendant 2 secondes)<br \/>\nmaintenir pour allumer ou \u00e9teindre)<\/p>\n<p>3 : \u00c9cran LCD (affichage du canal, de l'intensit\u00e9 de la r\u00e9ception,<br \/>\nvolume et \u00e9tat de la batterie)<\/p>\n<p>4 : S\u00e9lecteur de canaux (16 canaux)<\/p>\n<p>5 : capteur infrarouge (pour la d\u00e9tection automatique des canaux).<br \/>\nsynchronisation dans la station de charge)<\/p>\n<p>6 : Contacts de charge (pour la charge automatique)<br \/>\ndes batteries dans la station de charge)<\/p>\n<p>Cryptage num\u00e9rique pour une transmission s\u00e9curis\u00e9e du signal<br \/>\nprot\u00e8ge des auditeurs non autoris\u00e9s.<br \/>\nLa technologie num\u00e9rique True Diversity emp\u00eache<br \/>\ndropouts et augmente la zone d'accueil. Gr\u00e2ce \u00e0<br \/>\nune transmission num\u00e9rique constante, il n'y a pas de<br \/>\ndes att\u00e9nuations de signal dues \u00e0 la distance.<br \/>\nUn son clair comme du cristal et une tr\u00e8s bonne intelligibilit\u00e9 de la parole.<br \/>\nFonction d'arr\u00eat automatique r\u00e9duite<br \/>\nla consommation d'\u00e9lectricit\u00e9 en mode veille et prolonge<br \/>\ndonc le temps total de fonctionnement.<\/p>\n<hr style=\"background-color:#999999; margin-bottom:30px;\">\n<div class=\"call-action-slider-img\">\n<img decoding=\"async\" src=\"https:\/\/konferenztechnik.de\/wp-content\/uploads\/2018\/05\/mipro-personenfuehrungsanlage-kaufen.jpg\" alt=\"Acheter un syst\u00e8me de guidage de personnes Mipro\" class=\"alignnone size-full wp-image-12201\" title=\"\"><\/p>\n<\/div>\n<h2>\u00c9metteur de poche MTG-100T \/ MTG-100Ta<\/h2>\n<p>[spacer size=\"10\u2033]<\/p>\n<p>Ultra compact, ultra l\u00e9ger et au format poche de poitrine, le MTG-100 fournit un son cristallin dans la bande ISM 863-865 MHz sans licence. Jusqu'\u00e0 16 canaux pr\u00e9programm\u00e9s sans interf\u00e9rences peuvent \u00eatre attribu\u00e9s \u00e0 diff\u00e9rents groupes de visiteurs sans qu'ils ne se g\u00eanent entre eux.<\/p>\n<p>MTG100T : avec batterie Li-Ion (45 x 84 x 21 mm, 65g)<\/p>\n<p>MTG100Ta : avec piles AA (45 x 84 x 28 mm, 72g)<\/p>\n<hr style=\"background-color:#999999; margin-bottom:30px;\">\n<div class=\"call-action-slider-img\">\n<img decoding=\"async\" src=\"https:\/\/konferenztechnik.de\/wp-content\/uploads\/2018\/05\/mipro-handsender-MTG-100Ha.jpg\" alt=\"Mipro Microphone \u00e0 main PFA\" class=\"alignnone size-full wp-image-12201\" title=\"\"><\/p>\n<\/div>\n<h2>Emetteur \u00e0 main MTG-100Ha<\/h2>\n<p>[spacer size=\"10\u2033]<\/p>\n<p>Un son clair comme du cristal et une tr\u00e8s bonne intelligibilit\u00e9 de la parole. Robuste, durable et facile \u00e0 utiliser. R\u00e9siste aux interf\u00e9rences Bluetooth, WLAN et aux transmissions radio 2,4 GHz.<\/p>\n<p>1 : \u00e9cran LCD r\u00e9tro-\u00e9clair\u00e9<\/p>\n<p>2 : Compartiment \u00e0 piles<\/p>\n<hr style=\"background-color:#999999; margin-bottom:30px;\">\n<div class=\"call-action-slider-img\">\n<img decoding=\"async\" src=\"https:\/\/konferenztechnik.de\/wp-content\/uploads\/2018\/05\/mipro-sender-pfa.jpg\" alt=\"\u00c9metteur Mipro PFA\" class=\"alignnone size-full wp-image-12201\" title=\"\"><\/p>\n<\/div>\n<h2>Emetteur num\u00e9rique fixe MTS-100<\/h2>\n<p>[spacer size=\"10\u2033]<\/p>\n<p>L'\u00e9metteur fixe MTS-100 peut \u00eatre utilis\u00e9 comme station d'\u00e9mission pour les r\u00e9cepteurs MTG-100R et MTG-100Ra. Une prise combin\u00e9e XLR\/6,35 mm permet de raccorder sans probl\u00e8me des sources audio externes telles qu'un microphone filaire, un lecteur CD\/MP3 ou un m\u00e9langeur audio.<\/p>\n<p>1 : Indicateur de signal audio (indique le niveau d'entr\u00e9e)<br \/>\ndu signal audio)<\/p>\n<p>2 : affichage du signal d'\u00e9mission (indique le niveau du<br \/>\nsignal d'\u00e9mission HF)<\/p>\n<p>3 : Module d'\u00e9mission (modulaire, interchangeable)<br \/>\nmodule d'\u00e9mission avec 16 canaux pr\u00e9programm\u00e9s)<\/p>\n<hr style=\"background-color:#999999; margin-bottom:30px;\">\n<div class=\"call-action-slider-img\">\n<img decoding=\"async\" src=\"https:\/\/konferenztechnik.de\/wp-content\/uploads\/2018\/05\/mipro-ladekoffer.jpg\" alt=\"Mallette de chargement Mipro\" class=\"alignnone size-full wp-image-12201\" title=\"\"><\/p>\n<\/div>\n<h2>Mallette de chargement et de transport MTG-100C-12 \/ MTG-100C-28<\/h2>\n<p>[spacer size=\"10\u2033]<\/p>\n<p>Charge rapide en moins de 4 heures ;<br \/>\nIndication de l'\u00e9tat de charge par LED pour chaque compartiment (rouge : en charge ; vert : charg\u00e9) ;<br \/>\nLa touche ACT\u2122 (Automatic Channel Targeting) assure une synchronisation pr\u00e9cise et rapide des fr\u00e9quences entre l'\u00e9metteur et tous les r\u00e9cepteurs ;<br \/>\nAlimentation interne \u00e0 d\u00e9coupage 100-240V AC.<\/p>\n<p>MTG-100C-12 (pour 12 r\u00e9cepteurs)<\/p>\n<p>MTG-100C-28 (pour 28 r\u00e9cepteurs)<\/p>\n<hr style=\"background-color:#999999; margin-bottom:30px;\">\n<div class=\"call-action-slider-img\">\n<img decoding=\"async\" src=\"https:\/\/konferenztechnik.de\/wp-content\/uploads\/2018\/05\/MTG-100C4-Ladestation.jpg\" alt=\"Station de charge Mipro Installation du syst\u00e8me de guidage des personnes\" class=\"alignnone size-full wp-image-12201\" title=\"\"><\/p>\n<\/div>\n<h2>Station de recharge MTG-100C4<\/h2>\n<p>[spacer size=\"10\u2033]<\/p>\n<p>Station de charge \u00e0 4 compartiments pour \u00e9metteur\/r\u00e9cepteur MTG-100 ;<br \/>\nCharge rapide en moins de 4 heures ;<br \/>\nIndication de l'\u00e9tat de charge par LED pour chaque compartiment (rouge : en charge ; vert : charg\u00e9) ;<br \/>\nConnexion pour bloc d'alimentation 8V\/0,75A DC.<\/p>\n<p>Extensible de mani\u00e8re modulaire, convient pour une installation fixe et un montage en rack (module de 4 unit\u00e9s disponible en tant que MTG-100C-16).<\/p>\n<hr style=\"background-color:#999999; margin-bottom:30px;\">\n<div class=\"call-action-slider-img\">\n<img decoding=\"async\" src=\"https:\/\/konferenztechnik.de\/wp-content\/uploads\/2018\/05\/mipro-mikrofone-kopfhoerer.jpg\" alt=\"Mipro Microphones Casques Accessoires\" class=\"alignnone size-full wp-image-12201\" title=\"\"><\/p>\n<\/div>\n<h2>Microphones, casques, accessoires<\/h2>\n<p>[spacer size=\"10\u2033]<\/p>\n<p>Vaste choix de microphones \u2013, \u00e0 la fois sur fiche et sur tour de cou (omnidirectionnels ou cardio\u00efdes), ainsi que des boucles d'induction, des \u00e9couteurs, des casques st\u00e9r\u00e9o...<\/p>\n<p>Extensible de mani\u00e8re modulaire, convient pour une installation fixe et un montage en rack (module de 4 unit\u00e9s disponible en tant que MTG-100C-16).<\/p>\n<hr style=\"background-color:#999999; margin-bottom:30px;\">\n<div class=\"call-action-slider-img\">\n<img decoding=\"async\" src=\"https:\/\/konferenztechnik.de\/wp-content\/uploads\/2018\/05\/mipro-fuehrungsanlage.jpg\" alt=\"Acheter un syst\u00e8me de guidage Mipro\" class=\"alignnone size-full wp-image-12201\" title=\"\"><br \/>\n<button class=\"bbtn popmake-12226\">Demander une offre &amp;#x9B ;<\/button><\/div>\n<div style=\"background-color:#f2f2f2; width:100%; display:block; margin-bottom:40px;\">\n<div style=\"text-align:center; width:100%; padding:left:10px; padding-top:18px;\"><img decoding=\"async\" src=\"https:\/\/konferenztechnik.de\/wp-content\/uploads\/2018\/05\/bewerten-happy.png\" alt=\"\" width=\"142\" height=\"42\" class=\"aligncenter size-full wp-image-13128\" title=\"\"><\/div>\n<div style=\"text-align:left; padding:10px;\">Il vous va comme un gant ! Profitez de nos conseils. Nous nous ferons un plaisir de d\u00e9terminer avec vous quel syst\u00e8me de guidage correspond le mieux \u00e0 vos besoins et dans quelle configuration.<\/div>\n<\/div>\n<div class=\"callouthoch\">\n[callout add_button=\"no\" button_text=\"Learn More\" button_url=\"#\" button_color=\"#a62055\u2033]<br \/>\nVous pouvez ainsi nous joindre directement par t\u00e9l\u00e9phone :<br \/>\n[v_icon color=\"#a62055\u2033 size=\"20px\" target=\"_blank\" name=\"moon-phone-2\u2033] +49 211 737798 20<br \/>\n[\/callout]<\/div>\n<div class=\"callouthoch\">\n[callout add_button=\"no\" button_text=\"Learn More\" button_url=\"#\" button_color=\"#a62055\u2033]<br \/>\nN'h\u00e9sitez pas \u00e0 envoyer vos demandes par e-mail \u00e0<br \/>\n[v_icon color=\"#a62055\u2033 size=\"20px\" target=\"_blank\" name=\"moon-envelop-2\u2033] <a href=\"mailto:vertrieb@konferenztechnik.de\" onclick=\"ga('send', 'event', 'Email-Klick', 'F\u00fchrungsanlagen kaufen  Vertrieb');\"> vertrieb@konferenztechnik.de<\/a><br \/>\n[\/callout]<\/div>\n<p>[spacer size=\"10\u2033]<\/p>\n<div class=\"weiterlinks\" style=\"background-color:#ffffff;\">\n<h1>Liens compl\u00e9mentaires<\/h1>\n<p>[list icon=\"moon-arrow-right-2\u2033 color=\"#a62055\u2033]<a title=\"Encadrement d&#039;\u00e9v\u00e9nements multilingues\" href=\"\/fr\/acheter-un-systeme-de-transport-de-personnes\/\">Page d'aper\u00e7u des installations de guidage de personnes<\/a>[\/list]<br \/>\n[list icon=\"moon-arrow-right-2\u2033 color=\"#a62055\u2033]<a title=\"Encadrement d&#039;\u00e9v\u00e9nements multilingues\" href=\"\/fr\/systeme-de-communication-beyerdynamic-unite\/\">Bient\u00f4t disponible : Syst\u00e8me de guidage Beyerdynamic Unite<\/a>[\/list]<br \/>\n[list icon=\"moon-arrow-right-2\u2033 color=\"#a62055\u2033]<a title=\"Encadrement d&#039;\u00e9v\u00e9nements multilingues\" href=\"\/fr\/acheter-du-materiel-de-conference\/\">Vente de mat\u00e9riel de conf\u00e9rence<\/a>[\/list]<br \/>\n[list icon=\"moon-arrow-right-2\u2033 color=\"#a62055\u2033]<a title=\"R\u00e9f\u00e9rences\" href=\"\/fr\/installation-et-integration-de-materiel-de-conference-et-de-systemes-media\/\">Installation de la technique de conf\u00e9rence et des m\u00e9dias<\/a>[\/list]<br \/>\n[list icon=\"moon-arrow-right-2\u2033 color=\"#a62055\u2033]<a title=\"Formation et service pour les interpr\u00e8tes\" href=\"\/fr\/formation-et-service-pour-les-interpretes\/\">Formation et service pour les interpr\u00e8tes<\/a>[\/list]<br \/>\n[list icon=\"moon-arrow-right-2\u2033 color=\"#a62055\u2033]<a title=\"10 bonnes raisons de choisir PCS\" href=\"\/fr\/a-propos-de-nous-2\/10-bonnes-raisons-pour-les-pc\/\">10 bonnes raisons de choisir PCS<\/a>[\/list]<br \/>\n[list icon=\"moon-arrow-right-2\u2033 color=\"#a62055\u2033]<a title=\"PCS : Aper\u00e7u de toutes les prestations\" href=\"\/fr\/services\/\">PCS : Aper\u00e7u de tous les services<\/a>[\/list]<\/ul>\n<\/div>\n<\/div>\n<p>[spacer size=\"20\u2033]<\/p>","protected":false},"excerpt":{"rendered":"<p>Mipro Acheter un syst\u00e8me de guidage Demander une offre &amp;#x9B ; R\u00e9cepteur MTG-100R [spacer size=\"10\u2033] Le plus petit et le plus l\u00e9ger r\u00e9cepteur au monde au format poche de poitrine. Robuste, durable et facile \u00e0 utiliser. 1 : R\u00e9glage du volume (r\u00e9glable sur 20 niveaux) 2 : Interrupteur marche\/arr\u00eat (appuyer et maintenir pendant 2 secondes pour allumer ou \u00e9teindre) 3 : \u00c9cran LCD (affichage du canal, de la puissance de r\u00e9ception, du volume et de l'\u00e9tat de la batterie) 4 : S\u00e9lecteur de canal (16 canaux) 5 : [...].<\/p>","protected":false},"author":1,"featured_media":45482,"parent":0,"menu_order":0,"comment_status":"closed","ping_status":"closed","template":"","meta":{"_acf_changed":false,"footnotes":""},"class_list":["post-13067","page","type-page","status-publish","has-post-thumbnail","hentry"],"acf":[],"_links":{"self":[{"href":"https:\/\/konferenztechnik.de\/fr\/wp-json\/wp\/v2\/pages\/13067","targetHints":{"allow":["GET"]}}],"collection":[{"href":"https:\/\/konferenztechnik.de\/fr\/wp-json\/wp\/v2\/pages"}],"about":[{"href":"https:\/\/konferenztechnik.de\/fr\/wp-json\/wp\/v2\/types\/page"}],"author":[{"embeddable":true,"href":"https:\/\/konferenztechnik.de\/fr\/wp-json\/wp\/v2\/users\/1"}],"replies":[{"embeddable":true,"href":"https:\/\/konferenztechnik.de\/fr\/wp-json\/wp\/v2\/comments?post=13067"}],"version-history":[{"count":0,"href":"https:\/\/konferenztechnik.de\/fr\/wp-json\/wp\/v2\/pages\/13067\/revisions"}],"wp:featuredmedia":[{"embeddable":true,"href":"https:\/\/konferenztechnik.de\/fr\/wp-json\/wp\/v2\/media\/45482"}],"wp:attachment":[{"href":"https:\/\/konferenztechnik.de\/fr\/wp-json\/wp\/v2\/media?parent=13067"}],"curies":[{"name":"wp","href":"https:\/\/api.w.org\/{rel}","templated":true}]}}