{"id":13868,"date":"2018-10-03T09:38:46","date_gmt":"2018-10-03T08:38:46","guid":{"rendered":"https:\/\/www.konferenztechnik.de\/?page_id=13868"},"modified":"2023-08-29T14:25:13","modified_gmt":"2023-08-29T12:25:13","slug":"interpretation-booths-rental-germany","status":"publish","type":"page","link":"https:\/\/konferenztechnik.de\/fr\/interpretation-booths-rental-germany\/","title":{"rendered":"Interpr\u00e9tation Booths Rental Germany"},"content":{"rendered":"<h1>Interpr\u00e9tation Booths Rental Germany \u2013 Interpreter and Commentary Booths<\/h1>\n<div class=\"call-action-slider-img\">\n<img decoding=\"async\" src=\"https:\/\/konferenztechnik.de\/wp-content\/uploads\/2016\/10\/simultanevents.jpg\" alt=\"Location de mat\u00e9riel d&#039;interpr\u00e9tation PCS Allemagne\" class=\"alignleft size-full wp-image-9278\" title=\"\"><br \/>\n<button class=\"btn popmake-13980\">Service rapide !<br \/>\nDemande de devis &amp;#x9B ;<\/button><\/div>\n<h2>Location simultan\u00e9e de mat\u00e9riel d'interpr\u00e9tation<\/h2>\n<p>Avec PCS, vous pouvez louer autant de cabines d'interpr\u00e9tation mobiles que n\u00e9cessaire. Nous nous chargeons de la planification, de la logistique de transport, de l'assistance \u00e0 la client\u00e8le ainsi que de l'assemblage, de l'installation et du d\u00e9montage. Vous pouvez louer le stand, mais vous pouvez aussi louer la technologie d'interpr\u00e9tation, l'\u00e9quipement de conf\u00e9rence ou les syst\u00e8mes de sonorisation.<\/p>\n<p>[spacer size=\"20\u2033]<br \/>\n<img decoding=\"async\" src=\"https:\/\/konferenztechnik.de\/wp-content\/uploads\/2017\/05\/dolmetscherkabinen-mieten.jpg\" alt=\"\" title=\"\"><br \/>\n[spacer size=\"20\u2033]<\/p>\n<h2>Les cabines d'interpr\u00e9tation Audipack Silent Series<\/h2>\n<p>Chez PCS, nous louons exclusivement les Audipack Silent Series (Audipack Silent 9300\/9600). Ces cabines sont devenues la norme de facto dans le secteur de l'\u00e9quipement de conf\u00e9rence professionnel dans le monde entier. Ils offrent mobilit\u00e9 et flexibilit\u00e9, une excellente isolation sonore et sont certifi\u00e9s selon les normes ISO (i.e. ISO 4043:2016).<\/p>\n<p>[spacer size=\"20\u2033]<\/p>\n<h2>Les caract\u00e9ristiques des cabines d'interpr\u00e9tation<\/h2>\n<p>[list icon=\"moon-checkmark\" color=\"#a62055\u2033]Certifi\u00e9 ISO[\/list]<br \/>\n[list icon=\"moon-checkmark\" color=\"#a62055\u2033]Isolation acoustique sup\u00e9rieure[\/list]<br \/>\n[list icon=\"moon-checkmark\" color=\"#a62055\u2033]Modulaire et ajustable[\/list]<br \/>\n[list icon=\"moon-checkmark\" color=\"#a62055\u2033]\u00c9quip\u00e9e d'un syst\u00e8me de ventilation \u00e0 air[\/list]<br \/>\n[list icon=\"moon-checkmark\" color=\"#a62055\u2033]Movable[\/list]<br \/>\n[list icon=\"moon-checkmark\" color=\"#a62055\u2033]La norme de l'industrie[\/list]<br \/>\n[spacer size=\"30\u2033]<\/p>\n<p><img decoding=\"async\" src=\"https:\/\/konferenztechnik.de\/wp-content\/uploads\/2016\/10\/dolmetscher-events.jpg\" alt=\"\" title=\"\"><br \/>\n[spacer size=\"10\u2033]<\/p>\n<h2>PCS interpreters booths (Audipack Silent 9300 Series) specifications<\/h2>\n<p>[spacer size=\"10\u2033]<\/p>\n<div class=\"newskasten\">\n<p>[v_icon color=\"#a62055\u2033 size=\"18px\" target=\"_blank\" name=\"moon-bookmark-3\u2033]<strong> certifi\u00e9 ISO<\/strong><\/br><br \/>\nLes bottes Audipack sont certifi\u00e9es selon la norme ISO 4043\/2016 et DIN 56924.<\/p>\n<p>[v_icon color=\"#a62055\u2033 size=\"18px\" target=\"_blank\" name=\"moon-balance\"]<strong> Poids<\/strong><\/br><br \/>\n210 kg<\/p>\n<p>[v_icon color=\"#a62055\u2033 size=\"18px\" target=\"_blank\" name=\"moon-volume-mute-5\u2033]<strong> Excellente protection sonore<\/strong><\/br><br \/>\n24 dB<\/p>\n<p>[v_icon color=\"#a62055\u2033 size=\"18px\" target=\"_blank\" name=\"moon-rulers\"]<strong> Dimensions int\u00e9rieures<\/strong><\/br><br \/>\n160 cm x 160 cm x 200 cm (largeur\/profondeur\/hauteur)<\/p>\n<p>[v_icon color=\"#a62055\u2033 size=\"18px\" target=\"_blank\" name=\"moon-rulers\"]<strong> Dimensions ext\u00e9rieures<\/strong><\/br><br \/>\n168 cm x 168 cm x env. 220 cm (avec ventilateur, largeur\/profondeur\/hauteur)<br \/>\n(Veuillez laisser un espace de 0,5 m pour l'ouverture de la porte \u2013 vers la gauche, la droite ou l'arri\u00e8re)<\/p>\n<\/div>\n<h2>La disposition des cabines d'interpr\u00e9tation PCS<\/h2>\n<figure id=\"attachment_10328\" aria-describedby=\"caption-attachment-10328\" style=\"width: 1200px\" class=\"wp-caption alignleft\"><img decoding=\"async\" src=\"https:\/\/www.konferenztechnik.de\/wp-content\/uploads\/2018\/10\/groundplan-interpreterbooth.svg\" alt=\"ground plan interpreter booth\" class=\"size-full wp-image-10328\" title=\"\"><figcaption id=\"caption-attachment-10328\" class=\"wp-caption-text\">gauche : supports standard pour deux interpr\u00e8tes, droite : supports \u00e9tendus pour 3 interpr\u00e8tes (Audipack Silent Series 9300\/9600)<\/figcaption><\/figure>\n<p>[clear]<br \/>\n[cwa id='location de cabines d'interpr\u00e9tation']<br \/>\n[clear]<\/p>\n<h2>More conference technology and interpreting technology we offer :<\/h2>\n<div id=\"newscontainer\">\n<div class=\"newskasten\"><a href=\"https:\/\/konferenztechnik.de\/fr\/location-de-materiel-de-conference\/installations-dinterpretation\/\">\u00c9quipement d'interpr\u00e9tation<br \/>\n<img fetchpriority=\"high\" decoding=\"async\" width=\"410\" height=\"304\" src=\"https:\/\/konferenztechnik.de\/wp-content\/uploads\/2017\/05\/dolmetscheranlagen-mieten.jpg\" alt=\"Location d&#039;\u00e9quipement d&#039;interpr\u00e9tation - PCS Konferenztechnik Germany\" class=\"alignleft size-full wp-image-10339\" title=\"\" srcset=\"https:\/\/konferenztechnik.de\/wp-content\/uploads\/2017\/05\/dolmetscheranlagen-mieten.jpg 410w, https:\/\/konferenztechnik.de\/wp-content\/uploads\/2017\/05\/dolmetscheranlagen-mieten-300x222.jpg 300w\" sizes=\"(max-width: 410px) 100vw, 410px\" \/><br \/>\n<\/a><br \/>\n[clear]<br \/>\n[list icon=\"moon-checkmark\" color=\"#a62055\u2033]adapt\u00e9 au stand[\/list]<br \/>\n[list icon=\"moon-checkmark\" color=\"#a62055\u2033]syst\u00e8mes de haute technologie[\/list]<br \/>\n[list icon=\"moon-checkmark\" color=\"#a62055\u2033]disponible en grandes quantit\u00e9s[\/list]<\/p>\n<\/div>\n<div class=\"newskasten\"><a href=\"https:\/\/konferenztechnik.de\/fr\/location-de-materiel-de-conference\/installations-de-discussion-3\/\">Microphones de conf\u00e9rence<br \/>\n<img decoding=\"async\" width=\"410\" height=\"304\" src=\"https:\/\/konferenztechnik.de\/wp-content\/uploads\/2017\/05\/drahtlose-sprechstellen-mieten.jpg\" alt=\"rental of wireless delegate units - PCS Konferenztechnik Germany\" class=\"alignleft size-full wp-image-10340\" title=\"\" srcset=\"https:\/\/konferenztechnik.de\/wp-content\/uploads\/2017\/05\/drahtlose-sprechstellen-mieten.jpg 410w, https:\/\/konferenztechnik.de\/wp-content\/uploads\/2017\/05\/drahtlose-sprechstellen-mieten-300x222.jpg 300w\" sizes=\"(max-width: 410px) 100vw, 410px\" \/><\/a><br \/>\n[clear]<br \/>\n[list icon=\"moon-checkmark\" color=\"#a62055\u2033]sans fil[\/list]<br \/>\n[list icon=\"moon-checkmark\" color=\"#a62055\u2033]wired[\/list]<br \/>\n[list icon=\"moon-checkmark\" color=\"#a62055\u2033]num\u00e9rique et s\u00e9curis\u00e9[\/list]<\/p>\n<\/div>\n<div class=\"newskasten\"><a href=\"https:\/\/konferenztechnik.de\/fr\/location-de-materiel-de-conference\/technique-av-microphones-technique-de-sonorisation-beamer\/\">Technologie audio et vid\u00e9o<br \/>\n<img decoding=\"async\" width=\"410\" height=\"304\" src=\"https:\/\/konferenztechnik.de\/wp-content\/uploads\/2017\/05\/audiotechnik-mieten-pcs.jpg\" alt=\"rental of audio equipment - PCS Konferenztechnik\" class=\"alignleft size-full wp-image-10341\" title=\"\" srcset=\"https:\/\/konferenztechnik.de\/wp-content\/uploads\/2017\/05\/audiotechnik-mieten-pcs.jpg 410w, https:\/\/konferenztechnik.de\/wp-content\/uploads\/2017\/05\/audiotechnik-mieten-pcs-300x222.jpg 300w\" sizes=\"(max-width: 410px) 100vw, 410px\" \/><\/a><br \/>\n[clear]<br \/>\n[list icon=\"moon-checkmark\" color=\"#a62055\u2033]projecteurs[\/list]<br \/>\n[list icon=\"moon-checkmark\" color=\"#a62055\u2033]microphones[\/list]<br \/>\n[list icon=\"moon-checkmark\" color=\"#a62055\u2033]Tous les types de PA[\/list]<\/p>\n<\/div>\n<\/div>\n<div class=\"call-action-slider-img\" style=\"padding-top:0px;\">\n<img loading=\"lazy\" decoding=\"async\" width=\"1200\" height=\"450\" src=\"https:\/\/konferenztechnik.de\/wp-content\/uploads\/2016\/10\/specherkabinen-events.jpg\" alt=\"Interpr\u00e9tation Booth Hire - PCS Konferenztechnik Germany\" class=\"alignleft size-full wp-image-8490\" title=\"\" srcset=\"https:\/\/konferenztechnik.de\/wp-content\/uploads\/2016\/10\/specherkabinen-events.jpg 1200w, https:\/\/konferenztechnik.de\/wp-content\/uploads\/2016\/10\/specherkabinen-events-300x113.jpg 300w, https:\/\/konferenztechnik.de\/wp-content\/uploads\/2016\/10\/specherkabinen-events-1024x384.jpg 1024w, https:\/\/konferenztechnik.de\/wp-content\/uploads\/2016\/10\/specherkabinen-events-768x288.jpg 768w\" sizes=\"(max-width: 1200px) 100vw, 1200px\" \/><br \/>\n<button class=\"btn popmake-13980\">Demande<br \/>\na quote &amp;#x9B ;<\/button><\/div>\n<h2>Pourquoi ai-je besoin de cabines d'interpr\u00e9tation ?<\/h2>\n<p>Les tables d'interpr\u00e9tation sont le lieu de travail standard de l'interpr\u00e8te simultan\u00e9. Ces cabines sont g\u00e9n\u00e9ralement utilis\u00e9es lors de conventions, de conf\u00e9rences et d'\u00e9v\u00e9nements multilingues. Comme les interpr\u00e8tes font leur travail dans un stand insonoris\u00e9, ils ne sont pas entendus par quelqu'un \u00e0 l'ext\u00e9rieur du stand. En combinaison avec la technologie d'interpr\u00e9tation appropri\u00e9e, chaque participant \u00e0 une conf\u00e9rence est en mesure d'\u00e9couter les langues fournies par le biais de son r\u00e9cepteur\/casque. Deux interpr\u00e8tes partagent un stand et tournent toutes les 20 \u00e0 30 minutes. Il est toutefois possible d'agrandir les stands pour accueillir trois ou quatre interpr\u00e8tes (comme pour les conf\u00e9rences m\u00e9dicales de haut niveau).<br \/>\n[spacer size=\"10\u2033]<\/p>\n<h2>Combien de cabines me faut-il ?<\/h2>\n<p>Le nombre de stands n\u00e9cessaires d\u00e9pend du nombre de langues \u00e0 interpr\u00e9ter. En moyenne, un stand de moins que le nombre de langues parl\u00e9es \u00e0 la conf\u00e9rence est n\u00e9cessaire. En principe, une langue est parl\u00e9e \u00e0 la conf\u00e9rence et une deuxi\u00e8me est interpr\u00e9t\u00e9e, ce qui signifie qu'un stand est n\u00e9cessaire. Pour chaque langue suppl\u00e9mentaire \u00e0 interpr\u00e9ter, un autre stand doit \u00eatre ajout\u00e9. Un stand est n\u00e9cessaire pour chaque langue lors d'occasions sp\u00e9ciales et pour des sujets scientifiques particuli\u00e8rement complexes. Un interpr\u00e8te professionnel ou un membre de notre personnel peut \u00eatre consult\u00e9 pour des questions et un soutien dans une telle situation.<\/p>\n<p>[spacer size=\"10\u2033]<\/p>\n<h2>Comment louer un stand d'interpr\u00e8te<\/h2>\n<p>Nous fournissons toutes les figures pertinentes pour votre \u00e9v\u00e9nement, id\u00e9alement lorsque nous connaissons le nombre de langues, la taille approximative des salles o\u00f9 l'\u00e9v\u00e9nement doit avoir lieu et le nombre de personnes qui ont besoin d'une traduction. M\u00eame si ces informations ne sont pas facilement disponibles, nous pouvons toujours vous envoyer une offre avec diff\u00e9rentes options \u00e0 votre disposition.<\/p>\n<p>[spacer size=\"10\u2033]<\/p>\n<h2>Nous nous occupons de la planification, du transport, de l'assistance \u00e0 la client\u00e8le, du montage et du d\u00e9montage des stands ainsi que de la surveillance de tous les \u00e9quipements lou\u00e9s pendant votre \u00e9v\u00e9nement.<\/h2>\n<p>Si cela est sp\u00e9cifi\u00e9, nous nous chargerons volontiers du transport des bateaux jusqu'au lieu de l'\u00e9v\u00e9nement ainsi que de leur montage par notre personnel qualifi\u00e9. Cela comprend \u00e9galement l'assistance de nos techniciens en ce qui concerne l'\u00e9quipement, les aspects techniques et tout besoin que les interpr\u00e8tes pourraient avoir pendant l'\u00e9v\u00e9nement, si cela est souhait\u00e9. Une fois l'\u00e9v\u00e9nement termin\u00e9, nous nous chargeons du d\u00e9montage et de l'enl\u00e8vement des bateaux ainsi que de tout l'\u00e9quipement n\u00e9cessaire.<\/p>\n<p>Si vous souhaitez louer des bateaux d'interpr\u00e9tation \u00e0 PCS GmbH, vous pouvez obtenir tout l'\u00e9quipement n\u00e9cessaire aupr\u00e8s de nous.<\/p>\n<div class=\"call-action-slider-img\" style=\"padding-top:13px;\">\n<img decoding=\"async\" src=\"https:\/\/konferenztechnik.de\/wp-content\/uploads\/2016\/10\/events-fullservice.jpg\" alt=\"event full service rental PCS Germany\" class=\"alignleft size-full wp-image-8490\" title=\"\"><br \/>\n<button class=\"btn popmake-13980\">Demande<br \/>\na quote &amp;#x9B ;<\/button><\/div>\n<h2>PCS Conference Service : quatre sites en Allemagne<\/h2>\n<p><img decoding=\"async\" src=\"https:\/\/konferenztechnik.de\/wp-content\/uploads\/2018\/09\/conference-service-germany-1.gif\" alt=\"\" title=\"\"><\/p>\n<p>Avec quatre sites d'affaires \u00e0 travers l'Allemagne, nous vous fournissons une logistique sans faille et une technologie de conf\u00e9rence de haute qualit\u00e9 qui est adaptable et fiable pour utiliser \u2013 d'un microphone unique \u00e0 un \u00e9quipement d'interpr\u00e9tation simultan\u00e9e pour jusqu'\u00e0 32 langues.<\/p>\n<p>[spacer size=\"20\u2033]<\/p>\n<h2>Contact<\/h2>\n<p>[column size=\"1-4\u2033 last=\"1\u2033]<\/p>\n<div class=\"box1-4\">\n<div class=\"box-head\">Nord et Ouest<\/div>\n<p><img loading=\"lazy\" decoding=\"async\" width=\"800\" height=\"533\" src=\"https:\/\/konferenztechnik.de\/wp-content\/uploads\/2013\/09\/monika_van_den_boogaard_pcs-gmbh.jpg\" alt=\"Monika van den Boogaard PCS GmbH Allemagne\" class=\"alignleft size-full wp-image-2312\" title=\"\" srcset=\"https:\/\/konferenztechnik.de\/wp-content\/uploads\/2013\/09\/monika_van_den_boogaard_pcs-gmbh.jpg 800w, https:\/\/konferenztechnik.de\/wp-content\/uploads\/2013\/09\/monika_van_den_boogaard_pcs-gmbh-300x200.jpg 300w, https:\/\/konferenztechnik.de\/wp-content\/uploads\/2013\/09\/monika_van_den_boogaard_pcs-gmbh-768x512.jpg 768w\" sizes=\"(max-width: 800px) 100vw, 800px\" \/><br \/>\nMonika van den Boogaard<br \/>\nLocation de support de projet<br \/>\nT\u00e9l. +49 211 737798 10<br \/>\n<span class=\"volleansicht\"><a href=\"mailto:vandenboogaard@konferenztechnik.de\" onclick=\"ga('send', 'event', 'Email-Klick', 'Kontakt Boogaard');\">Courrier \u00e9lectronique <\/a><br \/>\n<\/span><br \/>\n<span class=\"mobileansicht\"><a href=\"mailto:vandenboogaard@konferenztechnik.de\" onclick=\"ga('send', 'event', 'Email-Klick', 'Kontakt Boogaard');\">Courrier \u00e9lectronique <\/a><br \/>\n<\/span><\/div>\n<p>[\/column]<br \/>\n[column size=\"1-4\u2033 last=\"1\u2033]<\/p>\n<div class=\"box1-4\">\n<div class=\"box-head\">Est<\/div>\n<p><img loading=\"lazy\" decoding=\"async\" width=\"2316\" height=\"1543\" src=\"https:\/\/konferenztechnik.de\/wp-content\/uploads\/2017\/05\/sebastian-meyer-pcs-gmbh.jpg\" alt=\"Sebastian Meyer PCS GmbH Allemagne - Disposition\" class=\"alignleft size-full wp-image-10048\" title=\"\" srcset=\"https:\/\/konferenztechnik.de\/wp-content\/uploads\/2017\/05\/sebastian-meyer-pcs-gmbh.jpg 2316w, https:\/\/konferenztechnik.de\/wp-content\/uploads\/2017\/05\/sebastian-meyer-pcs-gmbh-300x200.jpg 300w, https:\/\/konferenztechnik.de\/wp-content\/uploads\/2017\/05\/sebastian-meyer-pcs-gmbh-1024x682.jpg 1024w, https:\/\/konferenztechnik.de\/wp-content\/uploads\/2017\/05\/sebastian-meyer-pcs-gmbh-768x512.jpg 768w, https:\/\/konferenztechnik.de\/wp-content\/uploads\/2017\/05\/sebastian-meyer-pcs-gmbh-1536x1023.jpg 1536w, https:\/\/konferenztechnik.de\/wp-content\/uploads\/2017\/05\/sebastian-meyer-pcs-gmbh-2048x1364.jpg 2048w\" sizes=\"(max-width: 2316px) 100vw, 2316px\" \/><br \/>\nS\u00e9bastien Meyer<br \/>\nLocation de support de projet<br \/>\nT\u00e9l. +49 30 6959690 15<br \/>\n<span class=\"volleansicht\"><a href=\"mailto:meyer@konferenztechnik.de\" onclick=\"ga('send', 'event', 'Email-Klick', 'Kontakt Meyer');\">Courrier \u00e9lectronique <\/a><br \/>\n<\/span><br \/>\n<span class=\"mobileansicht\"><a href=\"mailto:meyer@konferenztechnik.de\" onclick=\"ga('send', 'event', 'Email-Klick', 'Kontakt Meyer');\">Courrier \u00e9lectronique <\/a><br \/>\n<\/span><\/div>\n<p>[\/column]<\/p>\n<p>[column size=\"1-4\u2033 last=\"1\u2033]<br \/>\n[\/column]<\/p>\n<p>[column size=\"1-4\u2033 last=\"1\u2033]<\/p>\n<div class=\"box1-4\">\n<div class=\"box-head\">South<\/div>\n<p><img loading=\"lazy\" decoding=\"async\" width=\"800\" height=\"533\" src=\"https:\/\/konferenztechnik.de\/wp-content\/uploads\/2013\/09\/sebastian_gegusch_pcs-gmbh.jpg\" alt=\"Sebastian Gegusch - PCS GmbH Germany - Planification de projet\" class=\"alignleft size-full wp-image-3153\" title=\"\" srcset=\"https:\/\/konferenztechnik.de\/wp-content\/uploads\/2013\/09\/sebastian_gegusch_pcs-gmbh.jpg 800w, https:\/\/konferenztechnik.de\/wp-content\/uploads\/2013\/09\/sebastian_gegusch_pcs-gmbh-300x200.jpg 300w, https:\/\/konferenztechnik.de\/wp-content\/uploads\/2013\/09\/sebastian_gegusch_pcs-gmbh-768x512.jpg 768w\" sizes=\"(max-width: 800px) 100vw, 800px\" \/>S\u00e9bastien Gegusch<br \/>\nGestion de projet<br \/>\nT\u00e9l. +49 89 21553290<br \/>\n<span class=\"volleansicht\"><a href=\"mailto:gegusch@konferenztechnik.de\" onclick=\"ga('send', 'event', 'Email-Klick', 'Kontakt Gegusch');\">Courrier \u00e9lectronique <\/a><br \/>\n<\/span> <span class=\"mobileansicht\"><a href=\"mailto:gegusch@konferenztechnik.de\" onclick=\"ga('send', 'event', 'Email-Klick', 'Kontakt Gegusch');\">Courrier \u00e9lectronique <\/a><br \/>\n<\/span><\/div>\n<p>[\/column]<\/p>\n<p>[column size=\"1-4\u2033 last=\"1\u2033]<\/p>\n<p>[\/column]<\/p>","protected":false},"excerpt":{"rendered":"<p>Interpretation Booths Rental Germany \u2013 Interpreter and Commentary Booths Fast service! Request a quote &#x9B; Simultaneous Interpretation Equipment Rental With PCS you can rent as many mobile interpreter booths as necessary. We take care of the planning, transportation logistics, customer support as well as assembly, installation and dismantling. You can lease the booth but may [&hellip;]<\/p>","protected":false},"author":1,"featured_media":45482,"parent":0,"menu_order":0,"comment_status":"closed","ping_status":"closed","template":"","meta":{"_acf_changed":false,"footnotes":""},"class_list":["post-13868","page","type-page","status-publish","has-post-thumbnail","hentry"],"acf":[],"_links":{"self":[{"href":"https:\/\/konferenztechnik.de\/fr\/wp-json\/wp\/v2\/pages\/13868","targetHints":{"allow":["GET"]}}],"collection":[{"href":"https:\/\/konferenztechnik.de\/fr\/wp-json\/wp\/v2\/pages"}],"about":[{"href":"https:\/\/konferenztechnik.de\/fr\/wp-json\/wp\/v2\/types\/page"}],"author":[{"embeddable":true,"href":"https:\/\/konferenztechnik.de\/fr\/wp-json\/wp\/v2\/users\/1"}],"replies":[{"embeddable":true,"href":"https:\/\/konferenztechnik.de\/fr\/wp-json\/wp\/v2\/comments?post=13868"}],"version-history":[{"count":0,"href":"https:\/\/konferenztechnik.de\/fr\/wp-json\/wp\/v2\/pages\/13868\/revisions"}],"wp:featuredmedia":[{"embeddable":true,"href":"https:\/\/konferenztechnik.de\/fr\/wp-json\/wp\/v2\/media\/45482"}],"wp:attachment":[{"href":"https:\/\/konferenztechnik.de\/fr\/wp-json\/wp\/v2\/media?parent=13868"}],"curies":[{"name":"wp","href":"https:\/\/api.w.org\/{rel}","templated":true}]}}