{"id":141,"date":"2013-06-25T11:07:51","date_gmt":"2013-06-25T09:07:51","guid":{"rendered":"https:\/\/pcs-miete.de\/?page_id=141"},"modified":"2023-09-01T13:22:07","modified_gmt":"2023-09-01T11:22:07","slug":"a-propos-de-nous","status":"publish","type":"page","link":"https:\/\/konferenztechnik.de\/fr\/a-propos-de-nous\/","title":{"rendered":"\u00c0 propos de nous"},"content":{"rendered":"<h1>\u00c0 propos de nous<\/h1>\n<p>[rev_slider ueberuns]<br \/>\n[spacer size=\"20\u2033]<\/p>\n<p>[column size=\"1-4\u2033 last=\"1\u2033]<\/p>\n<p>PCS soutient les conf\u00e9rences et les r\u00e9unions dans le monde entier depuis 1995. Nous sommes votre partenaire pour la location, la vente et le service d'\u00e9quipement d'interpr\u00e9tation et de technologie de conf\u00e9rence. Nous travaillons avec les interpr\u00e8tes les plus renomm\u00e9s pour vous fournir des traductions \u2013 fiables et de qualit\u00e9, quel que soit le d\u00e9fi que repr\u00e9sente le sujet. D\u00e8s le d\u00e9but, nous avons profit\u00e9 de l'atmosph\u00e8re particuli\u00e8re qui r\u00e8gne lors de toutes les conf\u00e9rences et nous nous sommes engag\u00e9s \u00e0 soutenir nos clients, en mettant \u00e0 chaque fois \u00e0 profit nos nombreuses ann\u00e9es d'exp\u00e9rience. En 2006, PCS a commenc\u00e9 \u00e0 proposer des installations fixes et \u00e0 vendre du mat\u00e9riel d'interpr\u00e9tation, des syst\u00e8mes de discussion et des technologies de conf\u00e9rence et de m\u00e9dias.<\/p>\n<p>[\/column]<\/p>\n<p>[column size=\"1-4\u2033 last=\"1\u2033]<\/p>\n<p>Notre \u00e9quipe est principalement compos\u00e9e d'experts permanents issus des diff\u00e9rents secteurs de l'audio et du visuel : ing\u00e9nieurs, experts en technologie \u00e9v\u00e9nementielle, \u00e9lectriciens qualifi\u00e9s, programmeurs et techniciens \u00e9v\u00e9nementiels. Nous pouvons \u00e9galement te fournir une planification fiable, des solutions professionnelles et un travail ex\u00e9cut\u00e9 avec pr\u00e9cision. Avec des installations d'atelier \u00e9tendues et une \u00e9quipe de maintenance bien form\u00e9e, nous vous fournissons une assistance permanente. Nous cherchons constamment \u00e0 offrir la meilleure satisfaction possible \u00e0 nos clients. L'\u00e9galit\u00e9 de partenariat entre nous et nos clients, fournisseurs et employ\u00e9s garantit la r\u00e9ussite de votre projet et constitue la base strat\u00e9gique de notre succ\u00e8s \u00e0 long terme.<\/p>\n<p>[\/column]<\/p>\n<p><img decoding=\"async\" src=\"https:\/\/konferenztechnik.de\/wp-content\/uploads\/2018\/01\/poster-pcs.png\" alt=\"pcs-poster\" class=\"alignnone size-full wp-image-8180\" title=\"\"><\/p>","protected":false},"excerpt":{"rendered":"<p>About Us [rev_slider ueberuns] [spacer size=\"20\u2033] [column size=\"1-2\u2033 last=\"0\u2033] PCS soutient les conf\u00e9rences et les r\u00e9unions dans le monde entier depuis 1995. Nous sommes votre partenaire pour la location, la vente et le service d'\u00e9quipement d'interpr\u00e9tation et de technologie de conf\u00e9rence. Nous travaillons avec les interpr\u00e8tes les plus renomm\u00e9s pour vous fournir des traductions \u2013 fiables et de qualit\u00e9, quel que soit le d\u00e9fi [...].<\/p>","protected":false},"author":1,"featured_media":45482,"parent":0,"menu_order":256,"comment_status":"closed","ping_status":"open","template":"","meta":{"_acf_changed":false,"footnotes":""},"class_list":["post-141","page","type-page","status-publish","has-post-thumbnail","hentry"],"acf":[],"_links":{"self":[{"href":"https:\/\/konferenztechnik.de\/fr\/wp-json\/wp\/v2\/pages\/141","targetHints":{"allow":["GET"]}}],"collection":[{"href":"https:\/\/konferenztechnik.de\/fr\/wp-json\/wp\/v2\/pages"}],"about":[{"href":"https:\/\/konferenztechnik.de\/fr\/wp-json\/wp\/v2\/types\/page"}],"author":[{"embeddable":true,"href":"https:\/\/konferenztechnik.de\/fr\/wp-json\/wp\/v2\/users\/1"}],"replies":[{"embeddable":true,"href":"https:\/\/konferenztechnik.de\/fr\/wp-json\/wp\/v2\/comments?post=141"}],"version-history":[{"count":0,"href":"https:\/\/konferenztechnik.de\/fr\/wp-json\/wp\/v2\/pages\/141\/revisions"}],"wp:featuredmedia":[{"embeddable":true,"href":"https:\/\/konferenztechnik.de\/fr\/wp-json\/wp\/v2\/media\/45482"}],"wp:attachment":[{"href":"https:\/\/konferenztechnik.de\/fr\/wp-json\/wp\/v2\/media?parent=141"}],"curies":[{"name":"wp","href":"https:\/\/api.w.org\/{rel}","templated":true}]}}