{"id":1565,"date":"2013-08-30T15:12:58","date_gmt":"2013-08-30T13:12:58","guid":{"rendered":"https:\/\/konferenztechnik.de\/?page_id=1565"},"modified":"2013-08-30T15:12:58","modified_gmt":"2013-08-30T13:12:58","slug":"liste-de-reference-installation","status":"publish","type":"page","link":"https:\/\/konferenztechnik.de\/fr\/a-propos-de-nous-2\/liste-de-reference-installation\/","title":{"rendered":"Liste de r\u00e9f\u00e9rences installation"},"content":{"rendered":"<h1>Liste de r\u00e9f\u00e9rences installation<\/h1>\n<ul>\n<li>1. FC Union Berlin e.V.<\/li>\n<li>Adolf W\u00fcrth GmbH &amp; Co. KG Si\u00e8ge du groupe K\u00fcnzelsau<\/li>\n<li>Answers GmbH \u2013 Berlin<\/li>\n<li>August Storck KG Berlin<\/li>\n<li>A\u00dcW Allg\u00e4uer \u00dcberlandwerk GmbH Kempten<\/li>\n<li>Ardex GmbH \u2013 Witten<\/li>\n<li>Cath\u00e9drale de Berlin<\/li>\n<li>\u00c9cole sup\u00e9rieure technique Beuth de Berlin<\/li>\n<li>Ambassade des \u00c9tats-Unis \u00e0 Berlin<\/li>\n<li>Minist\u00e8re f\u00e9d\u00e9ral du Travail et des Affaires sociales Berlin<\/li>\n<li>Conseil f\u00e9d\u00e9ral Berlin<\/li>\n<li>CBC Cologne Broadcasting Center GmbH Cologne<\/li>\n<li>Centre de congr\u00e8s CCH de Hambourg<\/li>\n<li>CCD Congress Center D\u00fcsseldorf Messe D\u00fcsseldorf<\/li>\n<li>DEGES Deutsche Einheit Fernstrassenplanungs- und -bau GmbH Berlin<\/li>\n<li>Deutsche Apotheker- und \u00c4rztebank Si\u00e8ge principal D\u00fcsseldorf<\/li>\n<li>Deutsche Bank AG Si\u00e8ge social Francfort\/Main<\/li>\n<li>Deutschlandradio Berlin<\/li>\n<li>Ecolab Allemagne Monheim<\/li>\n<li>Acad\u00e9mie europ\u00e9enne de Berlin<\/li>\n<li>Fondation Fritz Thyssen \u2013 Institut historique allemand de Moscou<\/li>\n<li>Fondation Fritz Thyssen \u2013 Maison de la Fondation Fritz Thyssen \u2013 Cologne<\/li>\n<li>GEA Refrigeration Germany GmbH \u2013 Berlin<\/li>\n<li>Commune de Burbach<\/li>\n<li>Commune de Dossenheim<\/li>\n<li>Fondation Gerda Henkel D\u00fcsseldorf<\/li>\n<li>GSK Stockmann &amp; Kollegen Cabinet d'avocats Site de Berlin<\/li>\n<li>Hostel Cologne \u2013 Cologne<\/li>\n<li>Institut ib\u00e9ro-am\u00e9ricain de Berlin<\/li>\n<li>Istituto Italiano di Cultura (Institut culturel italien) Berlin<\/li>\n<li>KfW-Bank site de Berlin<\/li>\n<li>Komatsu Mining Germany GmbH D\u00fcsseldorf<\/li>\n<li>Caisse d'\u00e9pargne du district de Heilbronn<\/li>\n<li>Office r\u00e9gional de la sant\u00e9 et des affaires sociales de Berlin (LAGeSo)<\/li>\n<li>Arrondissement d'Oder-Spree<\/li>\n<li>Arrondissement de Stendal<\/li>\n<li>MAN Truck &amp; Bus Deutschland GmbH Berlin<\/li>\n<li>Mus\u00e9e de la communication de Berlin<\/li>\n<li>Mus\u00e9e Kunstpalast D\u00fcsseldorf<\/li>\n<li>Normfest GmbH Velbert<\/li>\n<li>Mairie d'Alt Landsberg Brandebourg<\/li>\n<li>Mairie de Falkensee Falkensee<\/li>\n<li>Rauch M\u00f6belwerke GmbH Freudenberg<\/li>\n<li>Salle Robert Schumann D\u00fcsseldorf<\/li>\n<li>Secr\u00e9tariat de la Conf\u00e9rence des ministres de la culture Berlin<\/li>\n<li>Administration du S\u00e9nat pour le travail, l'int\u00e9gration et les femmes Berlin<\/li>\n<li>Administration du S\u00e9nat pour l'\u00e9conomie, la technologie et la recherche Berlin<\/li>\n<li>Ville de Mettmann<\/li>\n<li>Vodafone Services Group GmbH \u2013 Ratingen<\/li>\n<li>Weiss-Druck GmbH &amp; Co. KG \u2013 Monschau<\/li>\n<li>WILO AG Dortmund<\/li>\n<li>ZDF Mayence<\/li>\n<\/ul>","protected":false},"excerpt":{"rendered":"<p>R\u00e9f\u00e9rences Installation et vente 1. FC Union Berlin e.V. Adolf W\u00fcrth GmbH &amp; Co. KG Si\u00e8ge du groupe K\u00fcnzelsau Answers GmbH \u2013 Berlin August Storck KG Berlin A\u00dcW Allg\u00e4uer \u00dcberlandwerk GmbH Kempten Ardex GmbH \u2013 Witten Berliner Dom Berlin Beuth Hochschule f\u00fcr Technik Berlin Ambassade des \u00c9tats-Unis Berlin Minist\u00e8re f\u00e9d\u00e9ral du travail et des affaires sociales Berlin Bundesrat [...]<\/p>","protected":false},"author":1,"featured_media":45482,"parent":12,"menu_order":185,"comment_status":"closed","ping_status":"open","template":"page-right-sidebar.php","meta":{"_acf_changed":false,"footnotes":""},"class_list":["post-1565","page","type-page","status-publish","has-post-thumbnail","hentry"],"acf":[],"_links":{"self":[{"href":"https:\/\/konferenztechnik.de\/fr\/wp-json\/wp\/v2\/pages\/1565","targetHints":{"allow":["GET"]}}],"collection":[{"href":"https:\/\/konferenztechnik.de\/fr\/wp-json\/wp\/v2\/pages"}],"about":[{"href":"https:\/\/konferenztechnik.de\/fr\/wp-json\/wp\/v2\/types\/page"}],"author":[{"embeddable":true,"href":"https:\/\/konferenztechnik.de\/fr\/wp-json\/wp\/v2\/users\/1"}],"replies":[{"embeddable":true,"href":"https:\/\/konferenztechnik.de\/fr\/wp-json\/wp\/v2\/comments?post=1565"}],"version-history":[{"count":0,"href":"https:\/\/konferenztechnik.de\/fr\/wp-json\/wp\/v2\/pages\/1565\/revisions"}],"up":[{"embeddable":true,"href":"https:\/\/konferenztechnik.de\/fr\/wp-json\/wp\/v2\/pages\/12"}],"wp:featuredmedia":[{"embeddable":true,"href":"https:\/\/konferenztechnik.de\/fr\/wp-json\/wp\/v2\/media\/45482"}],"wp:attachment":[{"href":"https:\/\/konferenztechnik.de\/fr\/wp-json\/wp\/v2\/media?parent=1565"}],"curies":[{"name":"wp","href":"https:\/\/api.w.org\/{rel}","templated":true}]}}