{"id":15875,"date":"2020-03-04T15:27:31","date_gmt":"2020-03-04T14:27:31","guid":{"rendered":"https:\/\/www.konferenztechnik.de\/?page_id=15875"},"modified":"2020-03-04T15:27:31","modified_gmt":"2020-03-04T14:27:31","slug":"location-de-materiel-de-streaming","status":"publish","type":"page","link":"https:\/\/konferenztechnik.de\/fr\/location-de-materiel-de-streaming\/","title":{"rendered":"Louer une technique de streaming"},"content":{"rendered":"<h1>Location de mat\u00e9riel de streaming \u2013 Streaming d'\u00e9v\u00e9nements, de conf\u00e9rences et de r\u00e9unions<\/h1>\n<h2>Mettre en r\u00e9seau les collaborateurs, les clients, les d\u00e9partements et les filiales de l'entreprise dans le monde entier et renforcer la communication gr\u00e2ce au streaming<\/h2>\n<div class=\"call-action-slider-img\">\n<img fetchpriority=\"high\" decoding=\"async\" width=\"940\" height=\"411\" src=\"https:\/\/konferenztechnik.de\/wp-content\/uploads\/2013\/09\/b061.jpg\" alt=\"Louer une technique de streaming\" class=\"alignleft size-full wp-image-3201\" title=\"\" srcset=\"https:\/\/konferenztechnik.de\/wp-content\/uploads\/2013\/09\/b061.jpg 940w, https:\/\/konferenztechnik.de\/wp-content\/uploads\/2013\/09\/b061-300x131.jpg 300w, https:\/\/konferenztechnik.de\/wp-content\/uploads\/2013\/09\/b061-768x336.jpg 768w\" sizes=\"(max-width: 940px) 100vw, 940px\" \/><br \/>\n<button class=\"btn btn-nopic popmake-14167\">Obtenez un devis maintenant &amp;#x9B ;<\/button>\n<\/div>\n<p>Louer la technique de streaming chez PCS : nous diffusons votre \u00e9v\u00e9nement sur le web : diffuser en direct sur Internet des conf\u00e9rences, des r\u00e9unions, des rencontres et des \u00e9v\u00e9nements et les rendre accessibles plus tard. Faites participer en toute simplicit\u00e9 des participants internationaux, des collaborateurs d'autres filiales ou un large public \u00e0 vos \u00e9v\u00e9nements.<\/p>\n<h2><strong>Streaming audio<\/strong><\/h2>\n<div class=\"call-action-slider-img\">\n<img decoding=\"async\" src=\"https:\/\/konferenztechnik.de\/wp-content\/uploads\/2013\/06\/06-ueber-uns-technikerplatz.jpg\" alt=\"Techniciens sur le lieu de travail.\" width=\"940\" height=\"420\" class=\"size-full wp-image-233\" title=\"\" srcset=\"https:\/\/konferenztechnik.de\/wp-content\/uploads\/2013\/06\/06-ueber-uns-technikerplatz.jpg 940w, https:\/\/konferenztechnik.de\/wp-content\/uploads\/2013\/06\/06-ueber-uns-technikerplatz-300x134.jpg 300w, https:\/\/konferenztechnik.de\/wp-content\/uploads\/2013\/06\/06-ueber-uns-technikerplatz-768x343.jpg 768w\" sizes=\"(max-width: 940px) 100vw, 940px\" \/><br \/>\n<button class=\"btn btn-nopic popmake-14167\">Demandez les prix maintenant &amp;#x9B ;<\/button>\n<\/div>\n<p>Mettez un flux audio \u00e0 la disposition de vos auditeurs. Ils peuvent suivre votre \u00e9v\u00e9nement en direct ou en diff\u00e9r\u00e9.<\/p>\n<h2><strong>Streaming vid\u00e9o<\/strong><\/h2>\n<div class=\"call-action-slider-img\">\n<img decoding=\"async\" src=\"https:\/\/konferenztechnik.de\/wp-content\/uploads\/2013\/09\/b02.jpg\" alt=\"Louer la technique de streaming chez PCS\" width=\"940\" height=\"411\" class=\"alignleft size-full wp-image-3151\" title=\"\" srcset=\"https:\/\/konferenztechnik.de\/wp-content\/uploads\/2013\/09\/b02.jpg 940w, https:\/\/konferenztechnik.de\/wp-content\/uploads\/2013\/09\/b02-300x131.jpg 300w, https:\/\/konferenztechnik.de\/wp-content\/uploads\/2013\/09\/b02-768x336.jpg 768w\" sizes=\"(max-width: 940px) 100vw, 940px\" \/><br \/>\n<button class=\"btn btn-nopic popmake-14167\">Consulter l'offre maintenant &amp;#x9B ;<\/button>\n<\/div>\n<p>En plus du son, l'image est \u00e9galement transmise. Il est possible de r\u00e9aliser des transmissions simples avec seulement quelques positions de cam\u00e9ra ou des productions plus \u00e9labor\u00e9es avec une r\u00e9gie d'images propre et des cameramen et mixeurs vid\u00e9o. Si vous cherchez plus d'informations sur les vid\u00e9oconf\u00e9rences, vous les trouverez ici : <a href=\"https:\/\/konferenztechnik.de\/fr\/visioconference\/\">Location de mat\u00e9riel de vid\u00e9oconf\u00e9rence<\/a>.<\/p>\n<h2><strong>Interpr\u00e9tation \u00e0 distance<\/strong><\/h2>\n<div class=\"call-action-slider-img\">\n<img loading=\"lazy\" decoding=\"async\" src=\"https:\/\/konferenztechnik.de\/wp-content\/uploads\/2013\/06\/11-simultanevent-konferenztechnik.jpg\" alt=\"Encadrement d&#039;\u00e9v\u00e9nements simultan\u00e9s, de conf\u00e9rences et de manifestations.\" width=\"940\" height=\"420\" class=\"size-full wp-image-266\" title=\"\" srcset=\"https:\/\/konferenztechnik.de\/wp-content\/uploads\/2013\/06\/11-simultanevent-konferenztechnik.jpg 940w, https:\/\/konferenztechnik.de\/wp-content\/uploads\/2013\/06\/11-simultanevent-konferenztechnik-300x134.jpg 300w, https:\/\/konferenztechnik.de\/wp-content\/uploads\/2013\/06\/11-simultanevent-konferenztechnik-768x343.jpg 768w\" sizes=\"(max-width: 940px) 100vw, 940px\" \/><br \/>\n<button class=\"btn btn-nopic popmake-14167\">Obtenez un devis maintenant &amp;#x9B ;<\/button>\n<\/div>\n<p>Nous proposons l'interpr\u00e9tation \u00e0 distance dans toute l'Allemagne \u00e0 partir de toutes les filiales PCS. Si n\u00e9cessaire, utilisez nos HUB centraux d'interpr\u00e9tation \u00e0 distance.<\/p>\n<p>Dans le cas de l'interpr\u00e9tation \u00e0 distance (RSI), les interpr\u00e8tes travaillent ind\u00e9pendamment du lieu de l'\u00e9v\u00e9nement. Leur poste de travail peut se trouver dans la salle voisine, dans une autre partie du b\u00e2timent ou dans un tout autre endroit. C'est ce qu'on appelle l'interpr\u00e9tation \u00e0 distance. Nous convertissons les signaux audio et vid\u00e9o n\u00e9cessaires en signaux num\u00e9riques et les transmettons en streaming par r\u00e9seau, soit via le r\u00e9seau domestique du b\u00e2timent, soit via Internet, \u00e0 l'endroit de votre choix, puis nous les renvoyons. L'id\u00e9al est de travailler \u00e0 partir de studios d'interpr\u00e9tation (hubs d'interpr\u00e9tation).<\/p>\n<p><a href=\"https:\/\/konferenztechnik.de\/fr\/interpretation-a-distance\/\">Plus d'informations<\/a><\/p>\n<h2><strong>Studio distant \/ HUB d'interpr\u00e9tation distant<\/strong><\/h2>\n<p>Nous proposons d\u00e8s \u00e0 pr\u00e9sent des studios d'interpr\u00e9tation dans toutes les filiales PCS. Utilisez nos Remot HUBs \u00e0 Berlin, Munich ou D\u00fcsseldorf pour faire interpr\u00e9ter simultan\u00e9ment votre \u00e9v\u00e9nement \u00e0 l'\u00e9chelle nationale ou internationale. Nous pouvons \u00e9galement installer nos HUB temporaires tout pr\u00e8s de chez vous ou dans le meilleur endroit pour les interpr\u00e8tes*.<\/p>\n<p><a href=\"https:\/\/konferenztechnik.de\/fr\/interpretation-a-distance\/\">Plus d'informations<\/a><\/p>\n<p>Si vous souhaitez utiliser l'interpr\u00e9tation \u00e0 distance, il doit y avoir un poste de travail pour les interpr\u00e8tes* ind\u00e9pendant du lieu de l'\u00e9v\u00e9nement. Celui-ci peut \u00eatre install\u00e9 soit dans une salle voisine ou dans une autre partie du b\u00e2timent, soit \u00e0 l'ext\u00e9rieur. Si n\u00e9cessaire, nous mettons en place un hub d'interpr\u00e9tation externe, mobile et temporaire \u2013 \u00e9galement appel\u00e9 \"studio d'interpr\u00e9tation\". La taille et l'\u00e9tendue de ce studio sont adapt\u00e9es en fonction des besoins.<\/p>\n<p>Il est important que le lieu de travail des interpr\u00e8tes* r\u00e9ponde aux normes de qualit\u00e9 n\u00e9cessaires \u00e0 l'interpr\u00e9tation simultan\u00e9e. Les mots cl\u00e9s sont : Acoustique de la salle, qualit\u00e9 des flux audio et vid\u00e9o et de la technique d'interpr\u00e9tation. Ces normes sont r\u00e9gies par les normes ISO, auxquelles nous nous r\u00e9f\u00e9rons pour l'am\u00e9nagement du poste de travail. Si vous avez des id\u00e9es plus pr\u00e9cises, nous pouvons \u00e9galement am\u00e9nager les HUBs\/Studios selon vos souhaits.<\/p>\n<h2><strong>T\u00e9l\u00e9conf\u00e9rence<\/strong><\/h2>\n<div class=\"call-action-slider-img\">\n<img loading=\"lazy\" decoding=\"async\" width=\"1024\" height=\"385\" src=\"https:\/\/konferenztechnik.de\/wp-content\/uploads\/2017\/02\/sennheiserteamconnectwireless-1024x385.jpg\" alt=\"\" class=\"alignleft size-large wp-image-9113\" title=\"\" srcset=\"https:\/\/konferenztechnik.de\/wp-content\/uploads\/2017\/02\/sennheiserteamconnectwireless-1024x385.jpg 1024w, https:\/\/konferenztechnik.de\/wp-content\/uploads\/2017\/02\/sennheiserteamconnectwireless-300x113.jpg 300w, https:\/\/konferenztechnik.de\/wp-content\/uploads\/2017\/02\/sennheiserteamconnectwireless-768x288.jpg 768w, https:\/\/konferenztechnik.de\/wp-content\/uploads\/2017\/02\/sennheiserteamconnectwireless.jpg 1201w\" sizes=\"(max-width: 1024px) 100vw, 1024px\" \/><br \/>\n<button class=\"btn btn-nopic popmake-14167\">Demandez une offre maintenant &amp;#x9B ;<\/button>\n<\/div>\n<p>Dans le cas de la t\u00e9l\u00e9conf\u00e9rence, soit le signal sonore est \u00e9galement diffus\u00e9 en streaming sur Internet et ainsi mis \u00e0 la disposition du correspondant, soit la transmission a lieu via la ligne t\u00e9l\u00e9phonique. Nous travaillons avec des hybrides t\u00e9l\u00e9phoniques num\u00e9riques performants (ou analogiques si n\u00e9cessaire) ou d'autres syst\u00e8mes bas\u00e9s sur le web.<\/p>\n<p>[spacer size=\"20\u2033]<br \/>\n[clear]<\/p>\n<div class=\"boxcontainer\">\n<div class=\"box1-4\">\n<div class=\"box-head\">Streaming et RSI<\/div>\n<p><img loading=\"lazy\" decoding=\"async\" width=\"800\" height=\"533\" src=\"https:\/\/konferenztechnik.de\/wp-content\/uploads\/2013\/09\/christian_becker_pcs-gmbh.jpg\" alt=\"christian_becker_pcs-gmbh\" class=\"alignleft size-full wp-image-2293\" title=\"\" srcset=\"https:\/\/konferenztechnik.de\/wp-content\/uploads\/2013\/09\/christian_becker_pcs-gmbh.jpg 800w, https:\/\/konferenztechnik.de\/wp-content\/uploads\/2013\/09\/christian_becker_pcs-gmbh-300x200.jpg 300w, https:\/\/konferenztechnik.de\/wp-content\/uploads\/2013\/09\/christian_becker_pcs-gmbh-768x512.jpg 768w\" sizes=\"(max-width: 800px) 100vw, 800px\" \/><br \/>\nChristian Becker<br \/>\nResponsable du secteur location<br \/>\nT\u00e9l. +49 211 737798 17<br \/>\n<span class=\"volleansicht\">Courrier \u00e9lectronique <a href=\"mailto:becker@konferenztechnik.de\" onclick=\"ga('send', 'event', 'Email-Klick', 'Kontakt Becker');\">\u00e9crire<\/a><br \/><\/span><br \/>\n<span class=\"mobileansicht\">Courrier \u00e9lectronique <a href=\"mailto:becker@konferenztechnik.de\" onclick=\"ga('send', 'event', 'Email-Klick', 'Kontakt Becker');\">\u00e9crire<\/a><br \/><\/span>\n<\/div>\n<\/div>","protected":false},"excerpt":{"rendered":"<p>Louer de la technique de streaming \u2013 Streaming d'\u00e9v\u00e9nements, de conf\u00e9rences et de r\u00e9unions Mettre en r\u00e9seau les collaborateurs, les clients, les d\u00e9partements et les filiales de l'entreprise dans le monde entier et renforcer la communication gr\u00e2ce au streaming Demandez maintenant un devis &amp;#x9B ; Louer de la technique de streaming chez PCS : Nous diffusons votre \u00e9v\u00e9nement sur le r\u00e9seau : diffuser en direct sur Internet des conf\u00e9rences, des congr\u00e8s, des r\u00e9unions et des \u00e9v\u00e9nements et les rendre accessibles plus tard. Permettez \u00e0 des participants internationaux de [...]<\/p>","protected":false},"author":1,"featured_media":45482,"parent":0,"menu_order":0,"comment_status":"closed","ping_status":"closed","template":"page-right-sidebar.php","meta":{"_acf_changed":false,"footnotes":""},"class_list":["post-15875","page","type-page","status-publish","has-post-thumbnail","hentry"],"acf":[],"_links":{"self":[{"href":"https:\/\/konferenztechnik.de\/fr\/wp-json\/wp\/v2\/pages\/15875","targetHints":{"allow":["GET"]}}],"collection":[{"href":"https:\/\/konferenztechnik.de\/fr\/wp-json\/wp\/v2\/pages"}],"about":[{"href":"https:\/\/konferenztechnik.de\/fr\/wp-json\/wp\/v2\/types\/page"}],"author":[{"embeddable":true,"href":"https:\/\/konferenztechnik.de\/fr\/wp-json\/wp\/v2\/users\/1"}],"replies":[{"embeddable":true,"href":"https:\/\/konferenztechnik.de\/fr\/wp-json\/wp\/v2\/comments?post=15875"}],"version-history":[{"count":0,"href":"https:\/\/konferenztechnik.de\/fr\/wp-json\/wp\/v2\/pages\/15875\/revisions"}],"wp:featuredmedia":[{"embeddable":true,"href":"https:\/\/konferenztechnik.de\/fr\/wp-json\/wp\/v2\/media\/45482"}],"wp:attachment":[{"href":"https:\/\/konferenztechnik.de\/fr\/wp-json\/wp\/v2\/media?parent=15875"}],"curies":[{"name":"wp","href":"https:\/\/api.w.org\/{rel}","templated":true}]}}